{"id":448,"date":"2020-01-13T10:22:09","date_gmt":"2020-01-13T09:22:09","guid":{"rendered":"http:\/\/t-multi.promoservicebeta.com\/?page_id=448"},"modified":"2024-07-13T12:39:44","modified_gmt":"2024-07-13T10:39:44","slug":"perche-noi","status":"publish","type":"page","link":"https:\/\/www.amarosvedese.it\/it\/perche-noi\/","title":{"rendered":"Perch\u00e8 noi"},"content":{"rendered":"<div class=\"wpb-content-wrapper\"><p>[vc_row css_animation=&#8221;&#8221; row_type=&#8221;row&#8221; use_row_as_full_screen_section=&#8221;no&#8221; type=&#8221;full_width&#8221; angled_section=&#8221;no&#8221; text_align=&#8221;left&#8221; background_image_as_pattern=&#8221;without_pattern&#8221;][vc_column][vc_empty_space height=&#8221;52px&#8221;][\/vc_column][\/vc_row][vc_row css_animation=&#8221;&#8221; row_type=&#8221;row&#8221; use_row_as_full_screen_section=&#8221;no&#8221; type=&#8221;grid&#8221; angled_section=&#8221;no&#8221; text_align=&#8221;left&#8221; background_image_as_pattern=&#8221;without_pattern&#8221; z_index=&#8221;&#8221;][vc_column width=&#8221;2\/3&#8243; offset=&#8221;vc_col-lg-offset-0 vc_col-lg-8 vc_col-xs-offset-1 vc_col-xs-10&#8243;][vc_column_text]<\/p>\n<h2>Le attivit\u00e0<\/h2>\n<p>[\/vc_column_text][vc_empty_space height=&#8221;20px&#8221;][vc_column_text]<\/p>\n<div class=\"wpb_text_column wpb_content_element \">\n<div class=\"wpb_wrapper\">\n<ul>\n<li class=\"li1\"><span class=\"s2\">Solo personale composto da <strong>Erboristi diplomati e Farmacisti laureati;<\/strong><\/span><\/li>\n<li class=\"li1\"><span class=\"s2\">Disponibilit\u00e0 di oltre 200 <strong>piante officinali sfuse;<\/strong><\/span><\/li>\n<li class=\"li1\"><span class=\"s2\">Laboratorio\u00a0<strong>erboristico<\/strong>, <strong>alimentare<\/strong> e <strong>liquorificio<\/strong>;<\/span><\/li>\n<li class=\"li1\"><span class=\"s2\"><strong>Attivit\u00e0 storica<\/strong> a Oderzo (TV) in Calle del Toresin 4;<\/span><\/li>\n<li class=\"li1\"><span class=\"s2\">Esperienza maturata in oltre 39 anni di attivit\u00e0 di erboristeria;<\/span><\/li>\n<li class=\"li1\"><span class=\"s2\">Divulgazione delle tematiche di <strong>erboristeria<\/strong>\u00a0e <strong>medicina naturale;<\/strong><\/span><\/li>\n<li><span class=\"s2\">Distribuzione prodotti <strong>Dr.Giorgini<\/strong> dal 1985;<\/span><\/li>\n<li class=\"li1\"><span class=\"s2\">Consulenze per l\u2019utilizzo delle erbe officinali e dei loro preparati e della<strong> Floriterapia<\/strong><\/span><\/li>\n<li>Articoli della <strong>Medicina Tradizionale Cinese (MTC)<\/strong><\/li>\n<li class=\"li1\"><span class=\"s2\"><strong>Consulenze olistiche e naturopatiche<\/strong> su appuntamento con collaborazione del Dr. Fabio Ambrosi<\/span><\/li>\n<\/ul>\n<\/div>\n<\/div>\n<div class=\"vc_empty_space\"><\/div>\n<p>[\/vc_column_text][vc_empty_space][\/vc_column][vc_column width=&#8221;1\/3&#8243; offset=&#8221;vc_col-lg-offset-0 vc_col-xs-offset-1 vc_col-xs-11&#8243;][vc_single_image image=&#8221;393&#8243; img_size=&#8221;600&#215;600&#8243; alignment=&#8221;center&#8221; qode_css_animation=&#8221;&#8221;][\/vc_column][\/vc_row][vc_row css_animation=&#8221;&#8221; row_type=&#8221;row&#8221; use_row_as_full_screen_section=&#8221;no&#8221; type=&#8221;full_width&#8221; angled_section=&#8221;no&#8221; text_align=&#8221;left&#8221; background_image_as_pattern=&#8221;without_pattern&#8221;][vc_column][vc_empty_space][\/vc_column][\/vc_row][vc_row css_animation=&#8221;&#8221; row_type=&#8221;row&#8221; use_row_as_full_screen_section=&#8221;no&#8221; type=&#8221;grid&#8221; angled_section=&#8221;no&#8221; text_align=&#8221;center&#8221; background_image_as_pattern=&#8221;without_pattern&#8221; z_index=&#8221;&#8221; css=&#8221;.vc_custom_1574763998060{background-color: #ffffff !important;}&#8221; padding_top=&#8221;20&#8243;][vc_column][vc_row_inner row_type=&#8221;row&#8221; type=&#8221;full_width&#8221; text_align=&#8221;left&#8221; css_animation=&#8221;&#8221; padding_top=&#8221;70&#8243; padding_bottom=&#8221;50&#8243; el_class=&#8221;perch\u00e8-section&#8221;][vc_column_inner width=&#8221;1\/6&#8243;][vc_single_image image=&#8221;63&#8243; img_size=&#8221;large&#8221; alignment=&#8221;center&#8221; qode_css_animation=&#8221;&#8221;][vc_empty_space height=&#8221;10px&#8221;][vc_column_text]<\/p>\n<p style=\"text-align: center;\">Qualit\u00e0 certificata<\/p>\n<p>[\/vc_column_text][vc_empty_space height=&#8221;30px&#8221;][\/vc_column_inner][vc_column_inner width=&#8221;1\/6&#8243;][vc_single_image image=&#8221;65&#8243; img_size=&#8221;large&#8221; alignment=&#8221;center&#8221; qode_css_animation=&#8221;&#8221;][vc_empty_space height=&#8221;10px&#8221;][vc_column_text]<\/p>\n<p style=\"text-align: center;\">Personale attestato<br \/>\na tua disposizione<\/p>\n<p>[\/vc_column_text][vc_empty_space height=&#8221;30px&#8221;][\/vc_column_inner][vc_column_inner width=&#8221;1\/6&#8243;][vc_single_image image=&#8221;71&#8243; img_size=&#8221;large&#8221; alignment=&#8221;center&#8221; qode_css_animation=&#8221;&#8221;][vc_empty_space height=&#8221;10px&#8221;][vc_column_text]<\/p>\n<p style=\"text-align: center;\">Laboratorio erboristico,<br \/>\nalimentare e liquorificio<\/p>\n<p>[\/vc_column_text][vc_empty_space height=&#8221;30px&#8221;][\/vc_column_inner][vc_column_inner width=&#8221;1\/6&#8243;][vc_single_image image=&#8221;69&#8243; img_size=&#8221;large&#8221; alignment=&#8221;center&#8221; qode_css_animation=&#8221;&#8221;][vc_empty_space height=&#8221;10px&#8221;][vc_column_text]<\/p>\n<p style=\"text-align: center;\">Bellezza<br \/>\nNaturale<\/p>\n<p>[\/vc_column_text][vc_empty_space height=&#8221;30px&#8221;][\/vc_column_inner][vc_column_inner width=&#8221;1\/6&#8243;][vc_single_image image=&#8221;73&#8243; img_size=&#8221;large&#8221; alignment=&#8221;center&#8221; qode_css_animation=&#8221;&#8221;][vc_empty_space height=&#8221;10px&#8221;][vc_column_text]<\/p>\n<p style=\"text-align: center;\">Erboristeria Demetra<br \/>\ndal 1985<\/p>\n<p>[\/vc_column_text][vc_empty_space height=&#8221;30px&#8221;][\/vc_column_inner][vc_column_inner width=&#8221;1\/6&#8243;][vc_single_image image=&#8221;75&#8243; img_size=&#8221;large&#8221; alignment=&#8221;center&#8221; qode_css_animation=&#8221;&#8221;][vc_empty_space height=&#8221;10px&#8221;][vc_column_text]<\/p>\n<p style=\"text-align: center;\">Consulenza<br \/>\ndiretta<\/p>\n<p>[\/vc_column_text][vc_empty_space height=&#8221;30px&#8221;][\/vc_column_inner][\/vc_row_inner][\/vc_column][\/vc_row][vc_row css_animation=&#8221;&#8221; row_type=&#8221;row&#8221; use_row_as_full_screen_section=&#8221;no&#8221; type=&#8221;full_width&#8221; angled_section=&#8221;no&#8221; text_align=&#8221;left&#8221; background_image_as_pattern=&#8221;without_pattern&#8221;][vc_column][vc_empty_space height=&#8221;52px&#8221;][\/vc_column][\/vc_row]<\/p>\n<\/div>","protected":false},"excerpt":{"rendered":"<p>[vc_row css_animation=&#8221;&#8221; row_type=&#8221;row&#8221; use_row_as_full_screen_section=&#8221;no&#8221; type=&#8221;full_width&#8221; angled_section=&#8221;no&#8221; text_align=&#8221;left&#8221; background_image_as_pattern=&#8221;without_pattern&#8221;][vc_column][vc_empty_space height=&#8221;52px&#8221;][\/vc_column][\/vc_row][vc_row css_animation=&#8221;&#8221; row_type=&#8221;row&#8221; use_row_as_full_screen_section=&#8221;no&#8221; type=&#8221;grid&#8221; angled_section=&#8221;no&#8221; text_align=&#8221;left&#8221; background_image_as_pattern=&#8221;without_pattern&#8221; z_index=&#8221;&#8221;][vc_column width=&#8221;2\/3&#8243; offset=&#8221;vc_col-lg-offset-0 vc_col-lg-8 vc_col-xs-offset-1 vc_col-xs-10&#8243;][vc_column_text] Le attivit\u00e0 [\/vc_column_text][vc_empty_space height=&#8221;20px&#8221;][vc_column_text] Solo personale composto da Erboristi diplomati e Farmacisti laureati; Disponibilit\u00e0 di oltre 200 piante officinali sfuse; Laboratorio\u00a0erboristico, alimentare e&#8230;<\/p>\n","protected":false},"author":1,"featured_media":0,"parent":0,"menu_order":0,"comment_status":"closed","ping_status":"closed","template":"","meta":{"_acf_changed":false,"footnotes":""},"class_list":["post-448","page","type-page","status-publish","hentry"],"acf":[],"yoast_head":"<!-- This site is optimized with the Yoast SEO plugin v24.9 - https:\/\/yoast.com\/wordpress\/plugins\/seo\/ -->\n<title>Perch\u00e8 noi - Amaro Svedese - di Erboristeria Demetra<\/title>\n<meta name=\"description\" content=\"Il nostro impegno \u00e8 preparare, divulgare, consigliare fin dal 1985. Con la qualit\u00e0 certificata e il personale preparato a tua disposizione da sempre.\" \/>\n<meta name=\"robots\" content=\"index, follow, max-snippet:-1, max-image-preview:large, max-video-preview:-1\" \/>\n<link rel=\"canonical\" href=\"https:\/\/www.amarosvedese.it\/it\/perche-noi\/\" \/>\n<meta property=\"og:locale\" content=\"it_IT\" \/>\n<meta property=\"og:type\" content=\"article\" \/>\n<meta property=\"og:title\" content=\"Perch\u00e8 noi - Amaro Svedese - di Erboristeria Demetra\" \/>\n<meta property=\"og:description\" content=\"Il nostro impegno \u00e8 preparare, divulgare, consigliare fin dal 1985. Con la qualit\u00e0 certificata e il personale preparato a tua disposizione da sempre.\" \/>\n<meta property=\"og:url\" content=\"https:\/\/www.amarosvedese.it\/it\/perche-noi\/\" \/>\n<meta property=\"og:site_name\" content=\"Amaro Svedese\" \/>\n<meta property=\"article:modified_time\" content=\"2024-07-13T10:39:44+00:00\" \/>\n<meta name=\"twitter:card\" content=\"summary_large_image\" \/>\n<meta name=\"twitter:label1\" content=\"Tempo di lettura stimato\" \/>\n\t<meta name=\"twitter:data1\" content=\"2 minuti\" \/>\n<script type=\"application\/ld+json\" class=\"yoast-schema-graph\">{\"@context\":\"https:\/\/schema.org\",\"@graph\":[{\"@type\":\"WebPage\",\"@id\":\"https:\/\/www.amarosvedese.it\/it\/perche-noi\/\",\"url\":\"https:\/\/www.amarosvedese.it\/it\/perche-noi\/\",\"name\":\"Perch\u00e8 noi - Amaro Svedese - di Erboristeria Demetra\",\"isPartOf\":{\"@id\":\"https:\/\/www.amarosvedese.it\/it\/#website\"},\"datePublished\":\"2020-01-13T09:22:09+00:00\",\"dateModified\":\"2024-07-13T10:39:44+00:00\",\"description\":\"Il nostro impegno \u00e8 preparare, divulgare, consigliare fin dal 1985. Con la qualit\u00e0 certificata e il personale preparato a tua disposizione da sempre.\",\"breadcrumb\":{\"@id\":\"https:\/\/www.amarosvedese.it\/it\/perche-noi\/#breadcrumb\"},\"inLanguage\":\"it-IT\",\"potentialAction\":[{\"@type\":\"ReadAction\",\"target\":[\"https:\/\/www.amarosvedese.it\/it\/perche-noi\/\"]}]},{\"@type\":\"BreadcrumbList\",\"@id\":\"https:\/\/www.amarosvedese.it\/it\/perche-noi\/#breadcrumb\",\"itemListElement\":[{\"@type\":\"ListItem\",\"position\":1,\"name\":\"Home\",\"item\":\"https:\/\/www.amarosvedese.it\/it\/\"},{\"@type\":\"ListItem\",\"position\":2,\"name\":\"Perch\u00e8 noi\"}]},{\"@type\":\"WebSite\",\"@id\":\"https:\/\/www.amarosvedese.it\/it\/#website\",\"url\":\"https:\/\/www.amarosvedese.it\/it\/\",\"name\":\"Amaro Svedese\",\"description\":\"di Erboristeria Demetra\",\"potentialAction\":[{\"@type\":\"SearchAction\",\"target\":{\"@type\":\"EntryPoint\",\"urlTemplate\":\"https:\/\/www.amarosvedese.it\/it\/?s={search_term_string}\"},\"query-input\":{\"@type\":\"PropertyValueSpecification\",\"valueRequired\":true,\"valueName\":\"search_term_string\"}}],\"inLanguage\":\"it-IT\"}]}<\/script>\n<!-- \/ Yoast SEO plugin. -->","yoast_head_json":{"title":"Perch\u00e8 noi - Amaro Svedese - di Erboristeria Demetra","description":"Il nostro impegno \u00e8 preparare, divulgare, consigliare fin dal 1985. Con la qualit\u00e0 certificata e il personale preparato a tua disposizione da sempre.","robots":{"index":"index","follow":"follow","max-snippet":"max-snippet:-1","max-image-preview":"max-image-preview:large","max-video-preview":"max-video-preview:-1"},"canonical":"https:\/\/www.amarosvedese.it\/it\/perche-noi\/","og_locale":"it_IT","og_type":"article","og_title":"Perch\u00e8 noi - Amaro Svedese - di Erboristeria Demetra","og_description":"Il nostro impegno \u00e8 preparare, divulgare, consigliare fin dal 1985. Con la qualit\u00e0 certificata e il personale preparato a tua disposizione da sempre.","og_url":"https:\/\/www.amarosvedese.it\/it\/perche-noi\/","og_site_name":"Amaro Svedese","article_modified_time":"2024-07-13T10:39:44+00:00","twitter_card":"summary_large_image","twitter_misc":{"Tempo di lettura stimato":"2 minuti"},"schema":{"@context":"https:\/\/schema.org","@graph":[{"@type":"WebPage","@id":"https:\/\/www.amarosvedese.it\/it\/perche-noi\/","url":"https:\/\/www.amarosvedese.it\/it\/perche-noi\/","name":"Perch\u00e8 noi - Amaro Svedese - di Erboristeria Demetra","isPartOf":{"@id":"https:\/\/www.amarosvedese.it\/it\/#website"},"datePublished":"2020-01-13T09:22:09+00:00","dateModified":"2024-07-13T10:39:44+00:00","description":"Il nostro impegno \u00e8 preparare, divulgare, consigliare fin dal 1985. Con la qualit\u00e0 certificata e il personale preparato a tua disposizione da sempre.","breadcrumb":{"@id":"https:\/\/www.amarosvedese.it\/it\/perche-noi\/#breadcrumb"},"inLanguage":"it-IT","potentialAction":[{"@type":"ReadAction","target":["https:\/\/www.amarosvedese.it\/it\/perche-noi\/"]}]},{"@type":"BreadcrumbList","@id":"https:\/\/www.amarosvedese.it\/it\/perche-noi\/#breadcrumb","itemListElement":[{"@type":"ListItem","position":1,"name":"Home","item":"https:\/\/www.amarosvedese.it\/it\/"},{"@type":"ListItem","position":2,"name":"Perch\u00e8 noi"}]},{"@type":"WebSite","@id":"https:\/\/www.amarosvedese.it\/it\/#website","url":"https:\/\/www.amarosvedese.it\/it\/","name":"Amaro Svedese","description":"di Erboristeria Demetra","potentialAction":[{"@type":"SearchAction","target":{"@type":"EntryPoint","urlTemplate":"https:\/\/www.amarosvedese.it\/it\/?s={search_term_string}"},"query-input":{"@type":"PropertyValueSpecification","valueRequired":true,"valueName":"search_term_string"}}],"inLanguage":"it-IT"}]}},"_links":{"self":[{"href":"https:\/\/www.amarosvedese.it\/it\/wp-json\/wp\/v2\/pages\/448","targetHints":{"allow":["GET"]}}],"collection":[{"href":"https:\/\/www.amarosvedese.it\/it\/wp-json\/wp\/v2\/pages"}],"about":[{"href":"https:\/\/www.amarosvedese.it\/it\/wp-json\/wp\/v2\/types\/page"}],"author":[{"embeddable":true,"href":"https:\/\/www.amarosvedese.it\/it\/wp-json\/wp\/v2\/users\/1"}],"replies":[{"embeddable":true,"href":"https:\/\/www.amarosvedese.it\/it\/wp-json\/wp\/v2\/comments?post=448"}],"version-history":[{"count":4,"href":"https:\/\/www.amarosvedese.it\/it\/wp-json\/wp\/v2\/pages\/448\/revisions"}],"predecessor-version":[{"id":3957,"href":"https:\/\/www.amarosvedese.it\/it\/wp-json\/wp\/v2\/pages\/448\/revisions\/3957"}],"wp:attachment":[{"href":"https:\/\/www.amarosvedese.it\/it\/wp-json\/wp\/v2\/media?parent=448"}],"curies":[{"name":"wp","href":"https:\/\/api.w.org\/{rel}","templated":true}]}}