{"id":2945,"date":"2011-04-09T10:52:46","date_gmt":"2011-04-09T08:52:46","guid":{"rendered":"https:\/\/www.amarosvedese.it\/prodotto\/pomata-eudermica-calendula-bio-in-tubo-50-ml\/"},"modified":"2025-05-12T09:31:20","modified_gmt":"2025-05-12T07:31:20","slug":"pomata-eudermica-calendula-bio-in-tubo-50-ml","status":"publish","type":"product","link":"https:\/\/www.amarosvedese.it\/it\/prodotto\/pomata-eudermica-calendula-bio-in-tubo-50-ml\/","title":{"rendered":"Pomata Eudermica Calendula BIO in Tubo 50 ml"},"content":{"rendered":"<h3 class=\"font-size-14 font-weight-bold primary text-uppercase mb-4\">Pronto intervento a protezione della pelle<\/h3>\n<p><strong>Calendula Pomata Eudermica Bio<\/strong> \u00e8 una pomata ad alto potere lenitivo a base di Oleolito di Calendula bio, olio di Girasole bio, burro di Karit\u00e8 bio, gel di succo di Aloe bio, Bisabololo e con un particolare olio di Mandorle dolci bio titolato in \u00df-sitosterolo. La Pomata Eudermica Bio Calendula \u00e8 indicata per un effetto calmante su pelle arrossata.<\/p>\n<p>Le Mandorle utilizzate nelle Pomate Eudermiche Bio provengono da Agricoltura biologica del Parco dell\u2019Alta Murgia in Puglia e sono raccolte manualmente. L\u2019olio di Mandorle Dolci bio viene attivato con un processo enzimatico che libera acidi grassi mono e di-gliceridi, rendendolo di pi\u00f9 facile assorbimento e potenziandone l\u2019attivit\u00e0 antiossidante.<\/p>\n<p><strong>QUANDO USARLA:<\/strong> Utile in caso di pelle arrossata, irritata ed eritematosa, di scottature e di ispessimenti cutanei (gomiti, ginocchia, talloni).<br \/>\n<strong>COME USARLA:<\/strong> Stendere con delicatezza il prodotto sull\u2019area da trattare massaggiando lievemente fino a completo assorbimento. L\u2019applicazione pu\u00f2 essere ripetuta pi\u00f9 volte al giorno secondo necessit\u00e0.<br \/>\n<strong>COSA CONTIENE:<\/strong> Olio di Mandorle dolci, Oleolito di Calendula, Gel di Aloe foglie, Amamelide Idrolato, Bisabololo.<\/p>\n<p>Cosmetico Naturale e Biologico certificato da Ecocert GreenLife secondo il disciplinare Ecocert disponibile su <a href=\"https:\/\/cosmetics.ecocert.com\" target=\"_blank\" rel=\"noopener noreferrer\">cosmetics.ecocert.com<\/a><br \/>\n99% del totale degli ingredienti sono di origine naturale<br \/>\n15% del totale degli ingredienti sono prodotti da agricoltura biologica<\/p>\n","protected":false},"excerpt":{"rendered":"<p>Pronto intervento a protezione della pelle Calendula Pomata Eudermica Bio \u00e8 una pomata ad alto potere lenitivo a base di Oleolito di Calendula bio, olio di Girasole bio, burro di Karit\u00e8 bio, gel di succo di Aloe bio, Bisabololo e con un particolare olio di&#8230;<\/p>\n","protected":false},"featured_media":2943,"comment_status":"closed","ping_status":"closed","template":"","meta":{"_acf_changed":false},"product_brand":[],"product_cat":[522],"product_tag":[182,55,157,158,159],"giftcard-category":[],"class_list":{"0":"post-2945","1":"product","2":"type-product","3":"status-publish","4":"has-post-thumbnail","6":"product_cat-capelli-e-pelle","7":"product_tag-bio-2","8":"product_tag-calendula","9":"product_tag-eudermica","10":"product_tag-pomata","11":"product_tag-tubo","12":"pa_linea-soliven","13":"pa_marca-biosline","14":"pa_tipologia-crema","16":"first","17":"instock","18":"sale","19":"taxable","20":"shipping-taxable","21":"purchasable","22":"product-type-simple"},"acf":[],"yoast_head":"<!-- This site is optimized with the Yoast SEO plugin v24.9 - https:\/\/yoast.com\/wordpress\/plugins\/seo\/ -->\n<title>Pomata Eudermica Calendula BIO in Tubo 50 ml - Amaro Svedese<\/title>\n<meta name=\"description\" content=\"pomata ad alto potere lenitivo a base di Oleolito di Calendula bio, olio di Girasole bio, burro di Karit\u00e8 bio, gel di succo di Aloe bio, Bisabololo\" \/>\n<meta name=\"robots\" content=\"index, follow, max-snippet:-1, max-image-preview:large, max-video-preview:-1\" \/>\n<link rel=\"canonical\" href=\"https:\/\/www.amarosvedese.it\/it\/prodotto\/pomata-eudermica-calendula-bio-in-tubo-50-ml\/\" \/>\n<meta property=\"og:locale\" content=\"it_IT\" \/>\n<meta property=\"og:type\" content=\"article\" \/>\n<meta property=\"og:title\" content=\"Pomata Eudermica Calendula BIO in Tubo 50 ml - Amaro Svedese\" \/>\n<meta property=\"og:description\" content=\"pomata ad alto potere lenitivo a base di Oleolito di Calendula bio, olio di Girasole bio, burro di Karit\u00e8 bio, gel di succo di Aloe bio, Bisabololo\" \/>\n<meta property=\"og:url\" content=\"https:\/\/www.amarosvedese.it\/it\/prodotto\/pomata-eudermica-calendula-bio-in-tubo-50-ml\/\" \/>\n<meta property=\"og:site_name\" content=\"Amaro Svedese\" \/>\n<meta property=\"article:modified_time\" content=\"2025-05-12T07:31:20+00:00\" \/>\n<meta property=\"og:image\" content=\"https:\/\/www.amarosvedese.it\/wp-content\/uploads\/sites\/3\/2022\/03\/PomataCalendula.jpg\" \/>\n\t<meta property=\"og:image:width\" content=\"1200\" \/>\n\t<meta property=\"og:image:height\" content=\"1200\" \/>\n\t<meta property=\"og:image:type\" content=\"image\/jpeg\" \/>\n<meta name=\"twitter:card\" content=\"summary_large_image\" \/>\n<meta name=\"twitter:label1\" content=\"Tempo di lettura stimato\" \/>\n\t<meta name=\"twitter:data1\" content=\"1 minuto\" \/>\n<script type=\"application\/ld+json\" class=\"yoast-schema-graph\">{\"@context\":\"https:\/\/schema.org\",\"@graph\":[{\"@type\":\"WebPage\",\"@id\":\"https:\/\/www.amarosvedese.it\/it\/prodotto\/pomata-eudermica-calendula-bio-in-tubo-50-ml\/\",\"url\":\"https:\/\/www.amarosvedese.it\/it\/prodotto\/pomata-eudermica-calendula-bio-in-tubo-50-ml\/\",\"name\":\"Pomata Eudermica Calendula BIO in Tubo 50 ml - Amaro Svedese\",\"isPartOf\":{\"@id\":\"https:\/\/www.amarosvedese.it\/it\/#website\"},\"primaryImageOfPage\":{\"@id\":\"https:\/\/www.amarosvedese.it\/it\/prodotto\/pomata-eudermica-calendula-bio-in-tubo-50-ml\/#primaryimage\"},\"image\":{\"@id\":\"https:\/\/www.amarosvedese.it\/it\/prodotto\/pomata-eudermica-calendula-bio-in-tubo-50-ml\/#primaryimage\"},\"thumbnailUrl\":\"https:\/\/www.amarosvedese.it\/wp-content\/uploads\/sites\/3\/2022\/03\/PomataCalendula.jpg\",\"datePublished\":\"2011-04-09T08:52:46+00:00\",\"dateModified\":\"2025-05-12T07:31:20+00:00\",\"description\":\"pomata ad alto potere lenitivo a base di Oleolito di Calendula bio, olio di Girasole bio, burro di Karit\u00e8 bio, gel di succo di Aloe bio, Bisabololo\",\"breadcrumb\":{\"@id\":\"https:\/\/www.amarosvedese.it\/it\/prodotto\/pomata-eudermica-calendula-bio-in-tubo-50-ml\/#breadcrumb\"},\"inLanguage\":\"it-IT\",\"potentialAction\":[{\"@type\":\"ReadAction\",\"target\":[\"https:\/\/www.amarosvedese.it\/it\/prodotto\/pomata-eudermica-calendula-bio-in-tubo-50-ml\/\"]}]},{\"@type\":\"ImageObject\",\"inLanguage\":\"it-IT\",\"@id\":\"https:\/\/www.amarosvedese.it\/it\/prodotto\/pomata-eudermica-calendula-bio-in-tubo-50-ml\/#primaryimage\",\"url\":\"https:\/\/www.amarosvedese.it\/wp-content\/uploads\/sites\/3\/2022\/03\/PomataCalendula.jpg\",\"contentUrl\":\"https:\/\/www.amarosvedese.it\/wp-content\/uploads\/sites\/3\/2022\/03\/PomataCalendula.jpg\",\"width\":1200,\"height\":1200,\"caption\":\"APIXefferv 003\"},{\"@type\":\"BreadcrumbList\",\"@id\":\"https:\/\/www.amarosvedese.it\/it\/prodotto\/pomata-eudermica-calendula-bio-in-tubo-50-ml\/#breadcrumb\",\"itemListElement\":[{\"@type\":\"ListItem\",\"position\":1,\"name\":\"Home\",\"item\":\"https:\/\/www.amarosvedese.it\/it\/\"},{\"@type\":\"ListItem\",\"position\":2,\"name\":\"Prodotti\",\"item\":\"https:\/\/www.amarosvedese.it\/it\/shop\/\"},{\"@type\":\"ListItem\",\"position\":3,\"name\":\"Pomata Eudermica Calendula BIO in Tubo 50 ml\"}]},{\"@type\":\"WebSite\",\"@id\":\"https:\/\/www.amarosvedese.it\/it\/#website\",\"url\":\"https:\/\/www.amarosvedese.it\/it\/\",\"name\":\"Amaro Svedese\",\"description\":\"di Erboristeria Demetra\",\"potentialAction\":[{\"@type\":\"SearchAction\",\"target\":{\"@type\":\"EntryPoint\",\"urlTemplate\":\"https:\/\/www.amarosvedese.it\/it\/?s={search_term_string}\"},\"query-input\":{\"@type\":\"PropertyValueSpecification\",\"valueRequired\":true,\"valueName\":\"search_term_string\"}}],\"inLanguage\":\"it-IT\"}]}<\/script>\n<!-- \/ Yoast SEO plugin. -->","yoast_head_json":{"title":"Pomata Eudermica Calendula BIO in Tubo 50 ml - Amaro Svedese","description":"pomata ad alto potere lenitivo a base di Oleolito di Calendula bio, olio di Girasole bio, burro di Karit\u00e8 bio, gel di succo di Aloe bio, Bisabololo","robots":{"index":"index","follow":"follow","max-snippet":"max-snippet:-1","max-image-preview":"max-image-preview:large","max-video-preview":"max-video-preview:-1"},"canonical":"https:\/\/www.amarosvedese.it\/it\/prodotto\/pomata-eudermica-calendula-bio-in-tubo-50-ml\/","og_locale":"it_IT","og_type":"article","og_title":"Pomata Eudermica Calendula BIO in Tubo 50 ml - Amaro Svedese","og_description":"pomata ad alto potere lenitivo a base di Oleolito di Calendula bio, olio di Girasole bio, burro di Karit\u00e8 bio, gel di succo di Aloe bio, Bisabololo","og_url":"https:\/\/www.amarosvedese.it\/it\/prodotto\/pomata-eudermica-calendula-bio-in-tubo-50-ml\/","og_site_name":"Amaro Svedese","article_modified_time":"2025-05-12T07:31:20+00:00","og_image":[{"width":1200,"height":1200,"url":"https:\/\/www.amarosvedese.it\/wp-content\/uploads\/sites\/3\/2022\/03\/PomataCalendula.jpg","type":"image\/jpeg"}],"twitter_card":"summary_large_image","twitter_misc":{"Tempo di lettura stimato":"1 minuto"},"schema":{"@context":"https:\/\/schema.org","@graph":[{"@type":"WebPage","@id":"https:\/\/www.amarosvedese.it\/it\/prodotto\/pomata-eudermica-calendula-bio-in-tubo-50-ml\/","url":"https:\/\/www.amarosvedese.it\/it\/prodotto\/pomata-eudermica-calendula-bio-in-tubo-50-ml\/","name":"Pomata Eudermica Calendula BIO in Tubo 50 ml - Amaro Svedese","isPartOf":{"@id":"https:\/\/www.amarosvedese.it\/it\/#website"},"primaryImageOfPage":{"@id":"https:\/\/www.amarosvedese.it\/it\/prodotto\/pomata-eudermica-calendula-bio-in-tubo-50-ml\/#primaryimage"},"image":{"@id":"https:\/\/www.amarosvedese.it\/it\/prodotto\/pomata-eudermica-calendula-bio-in-tubo-50-ml\/#primaryimage"},"thumbnailUrl":"https:\/\/www.amarosvedese.it\/wp-content\/uploads\/sites\/3\/2022\/03\/PomataCalendula.jpg","datePublished":"2011-04-09T08:52:46+00:00","dateModified":"2025-05-12T07:31:20+00:00","description":"pomata ad alto potere lenitivo a base di Oleolito di Calendula bio, olio di Girasole bio, burro di Karit\u00e8 bio, gel di succo di Aloe bio, Bisabololo","breadcrumb":{"@id":"https:\/\/www.amarosvedese.it\/it\/prodotto\/pomata-eudermica-calendula-bio-in-tubo-50-ml\/#breadcrumb"},"inLanguage":"it-IT","potentialAction":[{"@type":"ReadAction","target":["https:\/\/www.amarosvedese.it\/it\/prodotto\/pomata-eudermica-calendula-bio-in-tubo-50-ml\/"]}]},{"@type":"ImageObject","inLanguage":"it-IT","@id":"https:\/\/www.amarosvedese.it\/it\/prodotto\/pomata-eudermica-calendula-bio-in-tubo-50-ml\/#primaryimage","url":"https:\/\/www.amarosvedese.it\/wp-content\/uploads\/sites\/3\/2022\/03\/PomataCalendula.jpg","contentUrl":"https:\/\/www.amarosvedese.it\/wp-content\/uploads\/sites\/3\/2022\/03\/PomataCalendula.jpg","width":1200,"height":1200,"caption":"APIXefferv 003"},{"@type":"BreadcrumbList","@id":"https:\/\/www.amarosvedese.it\/it\/prodotto\/pomata-eudermica-calendula-bio-in-tubo-50-ml\/#breadcrumb","itemListElement":[{"@type":"ListItem","position":1,"name":"Home","item":"https:\/\/www.amarosvedese.it\/it\/"},{"@type":"ListItem","position":2,"name":"Prodotti","item":"https:\/\/www.amarosvedese.it\/it\/shop\/"},{"@type":"ListItem","position":3,"name":"Pomata Eudermica Calendula BIO in Tubo 50 ml"}]},{"@type":"WebSite","@id":"https:\/\/www.amarosvedese.it\/it\/#website","url":"https:\/\/www.amarosvedese.it\/it\/","name":"Amaro Svedese","description":"di Erboristeria Demetra","potentialAction":[{"@type":"SearchAction","target":{"@type":"EntryPoint","urlTemplate":"https:\/\/www.amarosvedese.it\/it\/?s={search_term_string}"},"query-input":{"@type":"PropertyValueSpecification","valueRequired":true,"valueName":"search_term_string"}}],"inLanguage":"it-IT"}]}},"_links":{"self":[{"href":"https:\/\/www.amarosvedese.it\/it\/wp-json\/wp\/v2\/product\/2945","targetHints":{"allow":["GET"]}}],"collection":[{"href":"https:\/\/www.amarosvedese.it\/it\/wp-json\/wp\/v2\/product"}],"about":[{"href":"https:\/\/www.amarosvedese.it\/it\/wp-json\/wp\/v2\/types\/product"}],"replies":[{"embeddable":true,"href":"https:\/\/www.amarosvedese.it\/it\/wp-json\/wp\/v2\/comments?post=2945"}],"wp:featuredmedia":[{"embeddable":true,"href":"https:\/\/www.amarosvedese.it\/it\/wp-json\/wp\/v2\/media\/2943"}],"wp:attachment":[{"href":"https:\/\/www.amarosvedese.it\/it\/wp-json\/wp\/v2\/media?parent=2945"}],"wp:term":[{"taxonomy":"product_brand","embeddable":true,"href":"https:\/\/www.amarosvedese.it\/it\/wp-json\/wp\/v2\/product_brand?post=2945"},{"taxonomy":"product_cat","embeddable":true,"href":"https:\/\/www.amarosvedese.it\/it\/wp-json\/wp\/v2\/product_cat?post=2945"},{"taxonomy":"product_tag","embeddable":true,"href":"https:\/\/www.amarosvedese.it\/it\/wp-json\/wp\/v2\/product_tag?post=2945"},{"taxonomy":"giftcard-category","embeddable":true,"href":"https:\/\/www.amarosvedese.it\/it\/wp-json\/wp\/v2\/giftcard-category?post=2945"}],"curies":[{"name":"wp","href":"https:\/\/api.w.org\/{rel}","templated":true}]}}