{"id":3157,"date":"2008-05-09T12:45:04","date_gmt":"2008-05-09T10:45:04","guid":{"rendered":"https:\/\/www.amarosvedese.it\/prodotto\/agar-agar-puro-addensante-in-polvere-per-uso-alimentare\/"},"modified":"2025-05-12T09:31:33","modified_gmt":"2025-05-12T07:31:33","slug":"polvere-pura-di-agar-agar-addensante-naturale-per-uso-alimentare","status":"publish","type":"product","link":"https:\/\/www.amarosvedese.it\/it\/prodotto\/polvere-pura-di-agar-agar-addensante-naturale-per-uso-alimentare\/","title":{"rendered":"Polvere Pura di Agar Agar Addensante Naturale per Uso Alimentare"},"content":{"rendered":"<p><strong>Polvere Pura di Agar Agar (Gelidium species) Addensante Naturale per Uso Alimentare<\/strong><\/p>\n<p>La polvere pura di Agar Agar, ottenuta da specie di Gelidium, \u00e8 un addensante alimentare naturale dalla lunga tradizione in cucina.<\/p>\n<p>Grazie alle sue eccezionali propriet\u00e0 gelificanti, questa polvere \u00e8 ideale per la preparazione di dessert, gelati, marmellate e altre specialit\u00e0 dolci e salate, contribuendo a conferire una consistenza omogenea e stabile ai preparati.<\/p>\n<p>La lavorazione attenta e il rispetto dei metodi tradizionali garantiscono un prodotto di elevata qualit\u00e0, privo di additivi artificiali, in grado di esaltare la genuinit\u00e0 delle ricette.<\/p>\n<p>Perfetta per chi cerca un ingrediente naturale e versatile, la polvere di Agar Agar si propone come un valido alleato per creare piatti raffinati e in armonia con la tradizione culinaria.<\/p>\n","protected":false},"excerpt":{"rendered":"<p>Polvere Pura di Agar Agar (Gelidium species) Addensante Naturale per Uso Alimentare La polvere pura di Agar Agar, ottenuta da specie di Gelidium, \u00e8 un addensante alimentare naturale dalla lunga tradizione in cucina. Grazie alle sue eccezionali propriet\u00e0 gelificanti, questa polvere \u00e8 ideale per la&#8230;<\/p>\n","protected":false},"featured_media":655,"comment_status":"closed","ping_status":"closed","template":"","meta":{"_acf_changed":false},"product_brand":[],"product_cat":[59],"product_tag":[184,185,186,162,103,187],"giftcard-category":[],"class_list":{"0":"post-3157","1":"product","2":"type-product","3":"status-publish","4":"has-post-thumbnail","6":"product_cat-erbe-a","7":"product_tag-agar","8":"product_tag-amansi","9":"product_tag-gelidium","10":"product_tag-gr-2","11":"product_tag-polvere","12":"product_tag-sp","14":"first","15":"instock","16":"sale","17":"taxable","18":"shipping-taxable","19":"purchasable","20":"product-type-variable","21":"has-default-attributes"},"acf":[],"yoast_head":"<!-- This site is optimized with the Yoast SEO plugin v24.9 - https:\/\/yoast.com\/wordpress\/plugins\/seo\/ -->\n<title>Polvere Pura di Agar Agar Addensante Naturale per Uso Alimentare - Amaro Svedese<\/title>\n<meta name=\"description\" content=\"Polvere pura di Agar Agar (Gelidium species)\" \/>\n<meta name=\"robots\" content=\"index, follow, max-snippet:-1, max-image-preview:large, max-video-preview:-1\" \/>\n<link rel=\"canonical\" href=\"https:\/\/www.amarosvedese.it\/it\/prodotto\/polvere-pura-di-agar-agar-addensante-naturale-per-uso-alimentare\/\" \/>\n<meta property=\"og:locale\" content=\"it_IT\" \/>\n<meta property=\"og:type\" content=\"article\" \/>\n<meta property=\"og:title\" content=\"Polvere Pura di Agar Agar Addensante Naturale per Uso Alimentare - Amaro Svedese\" \/>\n<meta property=\"og:description\" content=\"Polvere pura di Agar Agar (Gelidium species)\" \/>\n<meta property=\"og:url\" content=\"https:\/\/www.amarosvedese.it\/it\/prodotto\/polvere-pura-di-agar-agar-addensante-naturale-per-uso-alimentare\/\" \/>\n<meta property=\"og:site_name\" content=\"Amaro Svedese\" \/>\n<meta property=\"article:modified_time\" content=\"2025-05-12T07:31:33+00:00\" \/>\n<meta property=\"og:image\" content=\"https:\/\/www.amarosvedese.it\/wp-content\/uploads\/sites\/3\/2020\/01\/products-00001716.jpg\" \/>\n\t<meta property=\"og:image:width\" content=\"350\" \/>\n\t<meta property=\"og:image:height\" content=\"458\" \/>\n\t<meta property=\"og:image:type\" content=\"image\/jpeg\" \/>\n<meta name=\"twitter:card\" content=\"summary_large_image\" \/>\n<meta name=\"twitter:label1\" content=\"Tempo di lettura stimato\" \/>\n\t<meta name=\"twitter:data1\" content=\"1 minuto\" \/>\n<script type=\"application\/ld+json\" class=\"yoast-schema-graph\">{\"@context\":\"https:\/\/schema.org\",\"@graph\":[{\"@type\":\"WebPage\",\"@id\":\"https:\/\/www.amarosvedese.it\/it\/prodotto\/polvere-pura-di-agar-agar-addensante-naturale-per-uso-alimentare\/\",\"url\":\"https:\/\/www.amarosvedese.it\/it\/prodotto\/polvere-pura-di-agar-agar-addensante-naturale-per-uso-alimentare\/\",\"name\":\"Polvere Pura di Agar Agar Addensante Naturale per Uso Alimentare - Amaro Svedese\",\"isPartOf\":{\"@id\":\"https:\/\/www.amarosvedese.it\/it\/#website\"},\"primaryImageOfPage\":{\"@id\":\"https:\/\/www.amarosvedese.it\/it\/prodotto\/polvere-pura-di-agar-agar-addensante-naturale-per-uso-alimentare\/#primaryimage\"},\"image\":{\"@id\":\"https:\/\/www.amarosvedese.it\/it\/prodotto\/polvere-pura-di-agar-agar-addensante-naturale-per-uso-alimentare\/#primaryimage\"},\"thumbnailUrl\":\"https:\/\/www.amarosvedese.it\/wp-content\/uploads\/sites\/3\/2020\/01\/products-00001716.jpg\",\"datePublished\":\"2008-05-09T10:45:04+00:00\",\"dateModified\":\"2025-05-12T07:31:33+00:00\",\"description\":\"Polvere pura di Agar Agar (Gelidium species)\",\"breadcrumb\":{\"@id\":\"https:\/\/www.amarosvedese.it\/it\/prodotto\/polvere-pura-di-agar-agar-addensante-naturale-per-uso-alimentare\/#breadcrumb\"},\"inLanguage\":\"it-IT\",\"potentialAction\":[{\"@type\":\"ReadAction\",\"target\":[\"https:\/\/www.amarosvedese.it\/it\/prodotto\/polvere-pura-di-agar-agar-addensante-naturale-per-uso-alimentare\/\"]}]},{\"@type\":\"ImageObject\",\"inLanguage\":\"it-IT\",\"@id\":\"https:\/\/www.amarosvedese.it\/it\/prodotto\/polvere-pura-di-agar-agar-addensante-naturale-per-uso-alimentare\/#primaryimage\",\"url\":\"https:\/\/www.amarosvedese.it\/wp-content\/uploads\/sites\/3\/2020\/01\/products-00001716.jpg\",\"contentUrl\":\"https:\/\/www.amarosvedese.it\/wp-content\/uploads\/sites\/3\/2020\/01\/products-00001716.jpg\",\"width\":350,\"height\":458,\"caption\":\"FRASSINO FOGLIE TT ( FRAXINUS EXCELSIOR)\"},{\"@type\":\"BreadcrumbList\",\"@id\":\"https:\/\/www.amarosvedese.it\/it\/prodotto\/polvere-pura-di-agar-agar-addensante-naturale-per-uso-alimentare\/#breadcrumb\",\"itemListElement\":[{\"@type\":\"ListItem\",\"position\":1,\"name\":\"Home\",\"item\":\"https:\/\/www.amarosvedese.it\/it\/\"},{\"@type\":\"ListItem\",\"position\":2,\"name\":\"Prodotti\",\"item\":\"https:\/\/www.amarosvedese.it\/it\/shop\/\"},{\"@type\":\"ListItem\",\"position\":3,\"name\":\"Polvere Pura di Agar Agar Addensante Naturale per Uso Alimentare\"}]},{\"@type\":\"WebSite\",\"@id\":\"https:\/\/www.amarosvedese.it\/it\/#website\",\"url\":\"https:\/\/www.amarosvedese.it\/it\/\",\"name\":\"Amaro Svedese\",\"description\":\"di Erboristeria Demetra\",\"potentialAction\":[{\"@type\":\"SearchAction\",\"target\":{\"@type\":\"EntryPoint\",\"urlTemplate\":\"https:\/\/www.amarosvedese.it\/it\/?s={search_term_string}\"},\"query-input\":{\"@type\":\"PropertyValueSpecification\",\"valueRequired\":true,\"valueName\":\"search_term_string\"}}],\"inLanguage\":\"it-IT\"}]}<\/script>\n<!-- \/ Yoast SEO plugin. -->","yoast_head_json":{"title":"Polvere Pura di Agar Agar Addensante Naturale per Uso Alimentare - Amaro Svedese","description":"Polvere pura di Agar Agar (Gelidium species)","robots":{"index":"index","follow":"follow","max-snippet":"max-snippet:-1","max-image-preview":"max-image-preview:large","max-video-preview":"max-video-preview:-1"},"canonical":"https:\/\/www.amarosvedese.it\/it\/prodotto\/polvere-pura-di-agar-agar-addensante-naturale-per-uso-alimentare\/","og_locale":"it_IT","og_type":"article","og_title":"Polvere Pura di Agar Agar Addensante Naturale per Uso Alimentare - Amaro Svedese","og_description":"Polvere pura di Agar Agar (Gelidium species)","og_url":"https:\/\/www.amarosvedese.it\/it\/prodotto\/polvere-pura-di-agar-agar-addensante-naturale-per-uso-alimentare\/","og_site_name":"Amaro Svedese","article_modified_time":"2025-05-12T07:31:33+00:00","og_image":[{"width":350,"height":458,"url":"https:\/\/www.amarosvedese.it\/wp-content\/uploads\/sites\/3\/2020\/01\/products-00001716.jpg","type":"image\/jpeg"}],"twitter_card":"summary_large_image","twitter_misc":{"Tempo di lettura stimato":"1 minuto"},"schema":{"@context":"https:\/\/schema.org","@graph":[{"@type":"WebPage","@id":"https:\/\/www.amarosvedese.it\/it\/prodotto\/polvere-pura-di-agar-agar-addensante-naturale-per-uso-alimentare\/","url":"https:\/\/www.amarosvedese.it\/it\/prodotto\/polvere-pura-di-agar-agar-addensante-naturale-per-uso-alimentare\/","name":"Polvere Pura di Agar Agar Addensante Naturale per Uso Alimentare - Amaro Svedese","isPartOf":{"@id":"https:\/\/www.amarosvedese.it\/it\/#website"},"primaryImageOfPage":{"@id":"https:\/\/www.amarosvedese.it\/it\/prodotto\/polvere-pura-di-agar-agar-addensante-naturale-per-uso-alimentare\/#primaryimage"},"image":{"@id":"https:\/\/www.amarosvedese.it\/it\/prodotto\/polvere-pura-di-agar-agar-addensante-naturale-per-uso-alimentare\/#primaryimage"},"thumbnailUrl":"https:\/\/www.amarosvedese.it\/wp-content\/uploads\/sites\/3\/2020\/01\/products-00001716.jpg","datePublished":"2008-05-09T10:45:04+00:00","dateModified":"2025-05-12T07:31:33+00:00","description":"Polvere pura di Agar Agar (Gelidium species)","breadcrumb":{"@id":"https:\/\/www.amarosvedese.it\/it\/prodotto\/polvere-pura-di-agar-agar-addensante-naturale-per-uso-alimentare\/#breadcrumb"},"inLanguage":"it-IT","potentialAction":[{"@type":"ReadAction","target":["https:\/\/www.amarosvedese.it\/it\/prodotto\/polvere-pura-di-agar-agar-addensante-naturale-per-uso-alimentare\/"]}]},{"@type":"ImageObject","inLanguage":"it-IT","@id":"https:\/\/www.amarosvedese.it\/it\/prodotto\/polvere-pura-di-agar-agar-addensante-naturale-per-uso-alimentare\/#primaryimage","url":"https:\/\/www.amarosvedese.it\/wp-content\/uploads\/sites\/3\/2020\/01\/products-00001716.jpg","contentUrl":"https:\/\/www.amarosvedese.it\/wp-content\/uploads\/sites\/3\/2020\/01\/products-00001716.jpg","width":350,"height":458,"caption":"FRASSINO FOGLIE TT ( FRAXINUS EXCELSIOR)"},{"@type":"BreadcrumbList","@id":"https:\/\/www.amarosvedese.it\/it\/prodotto\/polvere-pura-di-agar-agar-addensante-naturale-per-uso-alimentare\/#breadcrumb","itemListElement":[{"@type":"ListItem","position":1,"name":"Home","item":"https:\/\/www.amarosvedese.it\/it\/"},{"@type":"ListItem","position":2,"name":"Prodotti","item":"https:\/\/www.amarosvedese.it\/it\/shop\/"},{"@type":"ListItem","position":3,"name":"Polvere Pura di Agar Agar Addensante Naturale per Uso Alimentare"}]},{"@type":"WebSite","@id":"https:\/\/www.amarosvedese.it\/it\/#website","url":"https:\/\/www.amarosvedese.it\/it\/","name":"Amaro Svedese","description":"di Erboristeria Demetra","potentialAction":[{"@type":"SearchAction","target":{"@type":"EntryPoint","urlTemplate":"https:\/\/www.amarosvedese.it\/it\/?s={search_term_string}"},"query-input":{"@type":"PropertyValueSpecification","valueRequired":true,"valueName":"search_term_string"}}],"inLanguage":"it-IT"}]}},"_links":{"self":[{"href":"https:\/\/www.amarosvedese.it\/it\/wp-json\/wp\/v2\/product\/3157","targetHints":{"allow":["GET"]}}],"collection":[{"href":"https:\/\/www.amarosvedese.it\/it\/wp-json\/wp\/v2\/product"}],"about":[{"href":"https:\/\/www.amarosvedese.it\/it\/wp-json\/wp\/v2\/types\/product"}],"replies":[{"embeddable":true,"href":"https:\/\/www.amarosvedese.it\/it\/wp-json\/wp\/v2\/comments?post=3157"}],"wp:featuredmedia":[{"embeddable":true,"href":"https:\/\/www.amarosvedese.it\/it\/wp-json\/wp\/v2\/media\/655"}],"wp:attachment":[{"href":"https:\/\/www.amarosvedese.it\/it\/wp-json\/wp\/v2\/media?parent=3157"}],"wp:term":[{"taxonomy":"product_brand","embeddable":true,"href":"https:\/\/www.amarosvedese.it\/it\/wp-json\/wp\/v2\/product_brand?post=3157"},{"taxonomy":"product_cat","embeddable":true,"href":"https:\/\/www.amarosvedese.it\/it\/wp-json\/wp\/v2\/product_cat?post=3157"},{"taxonomy":"product_tag","embeddable":true,"href":"https:\/\/www.amarosvedese.it\/it\/wp-json\/wp\/v2\/product_tag?post=3157"},{"taxonomy":"giftcard-category","embeddable":true,"href":"https:\/\/www.amarosvedese.it\/it\/wp-json\/wp\/v2\/giftcard-category?post=3157"}],"curies":[{"name":"wp","href":"https:\/\/api.w.org\/{rel}","templated":true}]}}