{"id":3191,"date":"2018-11-29T20:45:43","date_gmt":"2018-11-29T19:45:43","guid":{"rendered":"https:\/\/www.amarosvedese.it\/prodotto\/angelica-cinese-radice-taglio-tisana-angelica-sinensis\/"},"modified":"2025-05-12T09:31:19","modified_gmt":"2025-05-12T07:31:19","slug":"angelica-cinese-angelica-sinensis-o-dong-quai-radice-in-taglio-tisana","status":"publish","type":"product","link":"https:\/\/www.amarosvedese.it\/it\/prodotto\/angelica-cinese-angelica-sinensis-o-dong-quai-radice-in-taglio-tisana\/","title":{"rendered":"Angelica Cinese (Angelica sinensis) o Dong Quai Radice in Taglio Tisana"},"content":{"rendered":"<div class=\"flex max-w-full flex-col flex-grow\">\n<div class=\"min-h-8 text-message flex w-full flex-col items-end gap-2 whitespace-normal break-words text-start [.text-message+&amp;]:mt-5\" dir=\"auto\" data-message-author-role=\"assistant\" data-message-id=\"c3a8a742-4fec-41cb-bbd3-21b1d78640d8\" data-message-model-slug=\"gpt-4o-mini\">\n<div class=\"flex w-full flex-col gap-1 empty:hidden first:pt-[3px]\">\n<div class=\"markdown prose w-full break-words dark:prose-invert light\">\n<p><strong>Radice in Taglio Tisana di Angelica Cinese (Angelica sinensis) \u2013 Dong Quai<\/strong><\/p>\n<p>La radice di Angelica Cinese, conosciuta anche come Dong Quai, \u00e8 una pianta dalle antiche tradizioni terapeutiche, apprezzata soprattutto nella medicina orientale.<\/p>\n<p>Utilizzata nella preparazione di tisane, \u00e8 famosa per le sue propriet\u00e0 toniche, emmenagoghe e riequilibranti.<\/p>\n<p>Dong Quai \u00e8 considerata un rimedio naturale per il benessere femminile, poich\u00e9 aiuta a sostenere la regolarit\u00e0 del ciclo mestruale e il bilanciamento ormonale.<\/p>\n<p>\u00c8 anche apprezzata per le sue qualit\u00e0 stimolanti e rinvigorenti, che favoriscono l\u2019energia e la vitalit\u00e0.<\/p>\n<p>Lavorata in taglio tisana, la radice di Angelica Cinese conserva tutte le sue propriet\u00e0 naturali, offrendo un infuso dal gusto delicato e benefico, ideale per chi cerca un supporto naturale per il proprio benessere quotidiano.<\/p>\n<\/div>\n<\/div>\n<\/div>\n<\/div>\n","protected":false},"excerpt":{"rendered":"<p>Radice in Taglio Tisana di Angelica Cinese (Angelica sinensis) \u2013 Dong Quai La radice di Angelica Cinese, conosciuta anche come Dong Quai, \u00e8 una pianta dalle antiche tradizioni terapeutiche, apprezzata soprattutto nella medicina orientale. Utilizzata nella preparazione di tisane, \u00e8 famosa per le sue propriet\u00e0&#8230;<\/p>\n","protected":false},"featured_media":655,"comment_status":"closed","ping_status":"closed","template":"","meta":{"_acf_changed":false},"product_brand":[],"product_cat":[59],"product_tag":[207,208,94,162,64,65,209],"giftcard-category":[],"class_list":{"0":"post-3191","1":"product","2":"type-product","3":"status-publish","4":"has-post-thumbnail","6":"product_cat-erbe-a","7":"product_tag-angelica-2","8":"product_tag-boemia-2","9":"product_tag-cinese","10":"product_tag-gr-2","11":"product_tag-officinals","12":"product_tag-radice","13":"product_tag-sinensis","15":"first","16":"instock","17":"sale","18":"taxable","19":"shipping-taxable","20":"purchasable","21":"product-type-variable","22":"has-default-attributes"},"acf":[],"yoast_head":"<!-- This site is optimized with the Yoast SEO plugin v24.9 - https:\/\/yoast.com\/wordpress\/plugins\/seo\/ -->\n<title>Angelica Cinese (Angelica sinensis) o Dong Quai Radice in Taglio Tisana - Amaro Svedese<\/title>\n<meta name=\"description\" content=\"L\u2019angelica cinese contrasta i disturbi del ciclo mestruale e della menopausa\" \/>\n<meta name=\"robots\" content=\"index, follow, max-snippet:-1, max-image-preview:large, max-video-preview:-1\" \/>\n<link rel=\"canonical\" href=\"https:\/\/www.amarosvedese.it\/it\/prodotto\/angelica-cinese-angelica-sinensis-o-dong-quai-radice-in-taglio-tisana\/\" \/>\n<meta property=\"og:locale\" content=\"it_IT\" \/>\n<meta property=\"og:type\" content=\"article\" \/>\n<meta property=\"og:title\" content=\"Angelica Cinese (Angelica sinensis) o Dong Quai Radice in Taglio Tisana - Amaro Svedese\" \/>\n<meta property=\"og:description\" content=\"L\u2019angelica cinese contrasta i disturbi del ciclo mestruale e della menopausa\" \/>\n<meta property=\"og:url\" content=\"https:\/\/www.amarosvedese.it\/it\/prodotto\/angelica-cinese-angelica-sinensis-o-dong-quai-radice-in-taglio-tisana\/\" \/>\n<meta property=\"og:site_name\" content=\"Amaro Svedese\" \/>\n<meta property=\"article:modified_time\" content=\"2025-05-12T07:31:19+00:00\" \/>\n<meta property=\"og:image\" content=\"https:\/\/www.amarosvedese.it\/wp-content\/uploads\/sites\/3\/2020\/01\/products-00001716.jpg\" \/>\n\t<meta property=\"og:image:width\" content=\"350\" \/>\n\t<meta property=\"og:image:height\" content=\"458\" \/>\n\t<meta property=\"og:image:type\" content=\"image\/jpeg\" \/>\n<meta name=\"twitter:card\" content=\"summary_large_image\" \/>\n<meta name=\"twitter:label1\" content=\"Tempo di lettura stimato\" \/>\n\t<meta name=\"twitter:data1\" content=\"1 minuto\" \/>\n<script type=\"application\/ld+json\" class=\"yoast-schema-graph\">{\"@context\":\"https:\/\/schema.org\",\"@graph\":[{\"@type\":\"WebPage\",\"@id\":\"https:\/\/www.amarosvedese.it\/it\/prodotto\/angelica-cinese-angelica-sinensis-o-dong-quai-radice-in-taglio-tisana\/\",\"url\":\"https:\/\/www.amarosvedese.it\/it\/prodotto\/angelica-cinese-angelica-sinensis-o-dong-quai-radice-in-taglio-tisana\/\",\"name\":\"Angelica Cinese (Angelica sinensis) o Dong Quai Radice in Taglio Tisana - Amaro Svedese\",\"isPartOf\":{\"@id\":\"https:\/\/www.amarosvedese.it\/it\/#website\"},\"primaryImageOfPage\":{\"@id\":\"https:\/\/www.amarosvedese.it\/it\/prodotto\/angelica-cinese-angelica-sinensis-o-dong-quai-radice-in-taglio-tisana\/#primaryimage\"},\"image\":{\"@id\":\"https:\/\/www.amarosvedese.it\/it\/prodotto\/angelica-cinese-angelica-sinensis-o-dong-quai-radice-in-taglio-tisana\/#primaryimage\"},\"thumbnailUrl\":\"https:\/\/www.amarosvedese.it\/wp-content\/uploads\/sites\/3\/2020\/01\/products-00001716.jpg\",\"datePublished\":\"2018-11-29T19:45:43+00:00\",\"dateModified\":\"2025-05-12T07:31:19+00:00\",\"description\":\"L\u2019angelica cinese contrasta i disturbi del ciclo mestruale e della menopausa\",\"breadcrumb\":{\"@id\":\"https:\/\/www.amarosvedese.it\/it\/prodotto\/angelica-cinese-angelica-sinensis-o-dong-quai-radice-in-taglio-tisana\/#breadcrumb\"},\"inLanguage\":\"it-IT\",\"potentialAction\":[{\"@type\":\"ReadAction\",\"target\":[\"https:\/\/www.amarosvedese.it\/it\/prodotto\/angelica-cinese-angelica-sinensis-o-dong-quai-radice-in-taglio-tisana\/\"]}]},{\"@type\":\"ImageObject\",\"inLanguage\":\"it-IT\",\"@id\":\"https:\/\/www.amarosvedese.it\/it\/prodotto\/angelica-cinese-angelica-sinensis-o-dong-quai-radice-in-taglio-tisana\/#primaryimage\",\"url\":\"https:\/\/www.amarosvedese.it\/wp-content\/uploads\/sites\/3\/2020\/01\/products-00001716.jpg\",\"contentUrl\":\"https:\/\/www.amarosvedese.it\/wp-content\/uploads\/sites\/3\/2020\/01\/products-00001716.jpg\",\"width\":350,\"height\":458,\"caption\":\"FRASSINO FOGLIE TT ( FRAXINUS EXCELSIOR)\"},{\"@type\":\"BreadcrumbList\",\"@id\":\"https:\/\/www.amarosvedese.it\/it\/prodotto\/angelica-cinese-angelica-sinensis-o-dong-quai-radice-in-taglio-tisana\/#breadcrumb\",\"itemListElement\":[{\"@type\":\"ListItem\",\"position\":1,\"name\":\"Home\",\"item\":\"https:\/\/www.amarosvedese.it\/it\/\"},{\"@type\":\"ListItem\",\"position\":2,\"name\":\"Prodotti\",\"item\":\"https:\/\/www.amarosvedese.it\/it\/shop\/\"},{\"@type\":\"ListItem\",\"position\":3,\"name\":\"Angelica Cinese (Angelica sinensis) o Dong Quai Radice in Taglio Tisana\"}]},{\"@type\":\"WebSite\",\"@id\":\"https:\/\/www.amarosvedese.it\/it\/#website\",\"url\":\"https:\/\/www.amarosvedese.it\/it\/\",\"name\":\"Amaro Svedese\",\"description\":\"di Erboristeria Demetra\",\"potentialAction\":[{\"@type\":\"SearchAction\",\"target\":{\"@type\":\"EntryPoint\",\"urlTemplate\":\"https:\/\/www.amarosvedese.it\/it\/?s={search_term_string}\"},\"query-input\":{\"@type\":\"PropertyValueSpecification\",\"valueRequired\":true,\"valueName\":\"search_term_string\"}}],\"inLanguage\":\"it-IT\"}]}<\/script>\n<!-- \/ Yoast SEO plugin. -->","yoast_head_json":{"title":"Angelica Cinese (Angelica sinensis) o Dong Quai Radice in Taglio Tisana - Amaro Svedese","description":"L\u2019angelica cinese contrasta i disturbi del ciclo mestruale e della menopausa","robots":{"index":"index","follow":"follow","max-snippet":"max-snippet:-1","max-image-preview":"max-image-preview:large","max-video-preview":"max-video-preview:-1"},"canonical":"https:\/\/www.amarosvedese.it\/it\/prodotto\/angelica-cinese-angelica-sinensis-o-dong-quai-radice-in-taglio-tisana\/","og_locale":"it_IT","og_type":"article","og_title":"Angelica Cinese (Angelica sinensis) o Dong Quai Radice in Taglio Tisana - Amaro Svedese","og_description":"L\u2019angelica cinese contrasta i disturbi del ciclo mestruale e della menopausa","og_url":"https:\/\/www.amarosvedese.it\/it\/prodotto\/angelica-cinese-angelica-sinensis-o-dong-quai-radice-in-taglio-tisana\/","og_site_name":"Amaro Svedese","article_modified_time":"2025-05-12T07:31:19+00:00","og_image":[{"width":350,"height":458,"url":"https:\/\/www.amarosvedese.it\/wp-content\/uploads\/sites\/3\/2020\/01\/products-00001716.jpg","type":"image\/jpeg"}],"twitter_card":"summary_large_image","twitter_misc":{"Tempo di lettura stimato":"1 minuto"},"schema":{"@context":"https:\/\/schema.org","@graph":[{"@type":"WebPage","@id":"https:\/\/www.amarosvedese.it\/it\/prodotto\/angelica-cinese-angelica-sinensis-o-dong-quai-radice-in-taglio-tisana\/","url":"https:\/\/www.amarosvedese.it\/it\/prodotto\/angelica-cinese-angelica-sinensis-o-dong-quai-radice-in-taglio-tisana\/","name":"Angelica Cinese (Angelica sinensis) o Dong Quai Radice in Taglio Tisana - Amaro Svedese","isPartOf":{"@id":"https:\/\/www.amarosvedese.it\/it\/#website"},"primaryImageOfPage":{"@id":"https:\/\/www.amarosvedese.it\/it\/prodotto\/angelica-cinese-angelica-sinensis-o-dong-quai-radice-in-taglio-tisana\/#primaryimage"},"image":{"@id":"https:\/\/www.amarosvedese.it\/it\/prodotto\/angelica-cinese-angelica-sinensis-o-dong-quai-radice-in-taglio-tisana\/#primaryimage"},"thumbnailUrl":"https:\/\/www.amarosvedese.it\/wp-content\/uploads\/sites\/3\/2020\/01\/products-00001716.jpg","datePublished":"2018-11-29T19:45:43+00:00","dateModified":"2025-05-12T07:31:19+00:00","description":"L\u2019angelica cinese contrasta i disturbi del ciclo mestruale e della menopausa","breadcrumb":{"@id":"https:\/\/www.amarosvedese.it\/it\/prodotto\/angelica-cinese-angelica-sinensis-o-dong-quai-radice-in-taglio-tisana\/#breadcrumb"},"inLanguage":"it-IT","potentialAction":[{"@type":"ReadAction","target":["https:\/\/www.amarosvedese.it\/it\/prodotto\/angelica-cinese-angelica-sinensis-o-dong-quai-radice-in-taglio-tisana\/"]}]},{"@type":"ImageObject","inLanguage":"it-IT","@id":"https:\/\/www.amarosvedese.it\/it\/prodotto\/angelica-cinese-angelica-sinensis-o-dong-quai-radice-in-taglio-tisana\/#primaryimage","url":"https:\/\/www.amarosvedese.it\/wp-content\/uploads\/sites\/3\/2020\/01\/products-00001716.jpg","contentUrl":"https:\/\/www.amarosvedese.it\/wp-content\/uploads\/sites\/3\/2020\/01\/products-00001716.jpg","width":350,"height":458,"caption":"FRASSINO FOGLIE TT ( FRAXINUS EXCELSIOR)"},{"@type":"BreadcrumbList","@id":"https:\/\/www.amarosvedese.it\/it\/prodotto\/angelica-cinese-angelica-sinensis-o-dong-quai-radice-in-taglio-tisana\/#breadcrumb","itemListElement":[{"@type":"ListItem","position":1,"name":"Home","item":"https:\/\/www.amarosvedese.it\/it\/"},{"@type":"ListItem","position":2,"name":"Prodotti","item":"https:\/\/www.amarosvedese.it\/it\/shop\/"},{"@type":"ListItem","position":3,"name":"Angelica Cinese (Angelica sinensis) o Dong Quai Radice in Taglio Tisana"}]},{"@type":"WebSite","@id":"https:\/\/www.amarosvedese.it\/it\/#website","url":"https:\/\/www.amarosvedese.it\/it\/","name":"Amaro Svedese","description":"di Erboristeria Demetra","potentialAction":[{"@type":"SearchAction","target":{"@type":"EntryPoint","urlTemplate":"https:\/\/www.amarosvedese.it\/it\/?s={search_term_string}"},"query-input":{"@type":"PropertyValueSpecification","valueRequired":true,"valueName":"search_term_string"}}],"inLanguage":"it-IT"}]}},"_links":{"self":[{"href":"https:\/\/www.amarosvedese.it\/it\/wp-json\/wp\/v2\/product\/3191","targetHints":{"allow":["GET"]}}],"collection":[{"href":"https:\/\/www.amarosvedese.it\/it\/wp-json\/wp\/v2\/product"}],"about":[{"href":"https:\/\/www.amarosvedese.it\/it\/wp-json\/wp\/v2\/types\/product"}],"replies":[{"embeddable":true,"href":"https:\/\/www.amarosvedese.it\/it\/wp-json\/wp\/v2\/comments?post=3191"}],"wp:featuredmedia":[{"embeddable":true,"href":"https:\/\/www.amarosvedese.it\/it\/wp-json\/wp\/v2\/media\/655"}],"wp:attachment":[{"href":"https:\/\/www.amarosvedese.it\/it\/wp-json\/wp\/v2\/media?parent=3191"}],"wp:term":[{"taxonomy":"product_brand","embeddable":true,"href":"https:\/\/www.amarosvedese.it\/it\/wp-json\/wp\/v2\/product_brand?post=3191"},{"taxonomy":"product_cat","embeddable":true,"href":"https:\/\/www.amarosvedese.it\/it\/wp-json\/wp\/v2\/product_cat?post=3191"},{"taxonomy":"product_tag","embeddable":true,"href":"https:\/\/www.amarosvedese.it\/it\/wp-json\/wp\/v2\/product_tag?post=3191"},{"taxonomy":"giftcard-category","embeddable":true,"href":"https:\/\/www.amarosvedese.it\/it\/wp-json\/wp\/v2\/giftcard-category?post=3191"}],"curies":[{"name":"wp","href":"https:\/\/api.w.org\/{rel}","templated":true}]}}