{"id":3267,"date":"2008-05-09T12:45:04","date_gmt":"2008-05-09T10:45:04","guid":{"rendered":"https:\/\/www.amarosvedese.it\/prodotto\/biancospino-foglie-e-fiori-biologico-crataegus-monogyna\/"},"modified":"2025-05-12T09:31:32","modified_gmt":"2025-05-12T07:31:32","slug":"biancospino-foglie-e-fiori-biologico-in-taglio-tisana-crataegus-monogyna","status":"publish","type":"product","link":"https:\/\/www.amarosvedese.it\/it\/prodotto\/biancospino-foglie-e-fiori-biologico-in-taglio-tisana-crataegus-monogyna\/","title":{"rendered":"Biancospino foglie e fiori Biologico in taglio tisana (Crataegus monogyna)"},"content":{"rendered":"<p><strong>Fiori e Foglie Biologici in Taglio Tisana di Biancospino (Crataegus monogyna Jacq.) \u2013 Famiglia Rosacee<\/strong><\/p>\n<p>I fiori e le foglie di Biancospino, provenienti dalla pianta Crataegus monogyna Jacq., sono raccolti biologicamente e utilizzati da secoli nella medicina naturale per le loro propriet\u00e0 rilassanti \u00a0e cardioprotettive.<\/p>\n<p>Conosciuto anche come Spino Bianco o Pappa di Volpe, questo rimedio \u00e8 apprezzato per il suo effetto benefico sul sistema cardiovascolare, aiutando a mantenere il cuore sano e la circolazione in equilibrio.<\/p>\n<p>Le sue propriet\u00e0 calmanti lo rendono utile anche per alleviare ansia e stress, favorendo il rilassamento e la serenit\u00e0. Il Biancospino \u00e8 perfetto per chi cerca un rimedio naturale e delicato per supportare il benessere generale.<\/p>\n<p>Lavorato in taglio tisana, il Biancospino conserva le sue qualit\u00e0 fresche e vitali, offrendo un infuso dal sapore morbido e armonioso, ideale per chi desidera prendersi cura del proprio cuore e della propria tranquillit\u00e0.<\/p>\n","protected":false},"excerpt":{"rendered":"<p>Fiori e Foglie Biologici in Taglio Tisana di Biancospino (Crataegus monogyna Jacq.) \u2013 Famiglia Rosacee I fiori e le foglie di Biancospino, provenienti dalla pianta Crataegus monogyna Jacq., sono raccolti biologicamente e utilizzati da secoli nella medicina naturale per le loro propriet\u00e0 rilassanti \u00a0e cardioprotettive&#8230;.<\/p>\n","protected":false},"featured_media":655,"comment_status":"closed","ping_status":"closed","template":"","meta":{"_acf_changed":false},"product_brand":[],"product_cat":[249],"product_tag":[260,261,75,198,162,262],"giftcard-category":[],"class_list":{"0":"post-3267","1":"product","2":"type-product","3":"status-publish","4":"has-post-thumbnail","6":"product_cat-erbe-b","7":"product_tag-biancospino","8":"product_tag-crataegus","9":"product_tag-fiori","10":"product_tag-foglie-2","11":"product_tag-gr-2","12":"product_tag-monogyna","14":"first","15":"instock","16":"sale","17":"taxable","18":"shipping-taxable","19":"purchasable","20":"product-type-variable","21":"has-default-attributes"},"acf":[],"yoast_head":"<!-- This site is optimized with the Yoast SEO plugin v24.9 - https:\/\/yoast.com\/wordpress\/plugins\/seo\/ -->\n<title>Biancospino foglie e fiori Biologico in taglio tisana (Crataegus monogyna) - Amaro Svedese<\/title>\n<meta name=\"description\" content=\"Biancospino foglie e fiori biologici in taglio tisana (Crataegus monogyna Jacq.)\" \/>\n<meta name=\"robots\" content=\"index, follow, max-snippet:-1, max-image-preview:large, max-video-preview:-1\" \/>\n<link rel=\"canonical\" href=\"https:\/\/www.amarosvedese.it\/it\/prodotto\/biancospino-foglie-e-fiori-biologico-in-taglio-tisana-crataegus-monogyna\/\" \/>\n<meta property=\"og:locale\" content=\"it_IT\" \/>\n<meta property=\"og:type\" content=\"article\" \/>\n<meta property=\"og:title\" content=\"Biancospino foglie e fiori Biologico in taglio tisana (Crataegus monogyna) - Amaro Svedese\" \/>\n<meta property=\"og:description\" content=\"Biancospino foglie e fiori biologici in taglio tisana (Crataegus monogyna Jacq.)\" \/>\n<meta property=\"og:url\" content=\"https:\/\/www.amarosvedese.it\/it\/prodotto\/biancospino-foglie-e-fiori-biologico-in-taglio-tisana-crataegus-monogyna\/\" \/>\n<meta property=\"og:site_name\" content=\"Amaro Svedese\" \/>\n<meta property=\"article:modified_time\" content=\"2025-05-12T07:31:32+00:00\" \/>\n<meta property=\"og:image\" content=\"https:\/\/www.amarosvedese.it\/wp-content\/uploads\/sites\/3\/2020\/01\/products-00001716.jpg\" \/>\n\t<meta property=\"og:image:width\" content=\"350\" \/>\n\t<meta property=\"og:image:height\" content=\"458\" \/>\n\t<meta property=\"og:image:type\" content=\"image\/jpeg\" \/>\n<meta name=\"twitter:card\" content=\"summary_large_image\" \/>\n<meta name=\"twitter:label1\" content=\"Tempo di lettura stimato\" \/>\n\t<meta name=\"twitter:data1\" content=\"1 minuto\" \/>\n<script type=\"application\/ld+json\" class=\"yoast-schema-graph\">{\"@context\":\"https:\/\/schema.org\",\"@graph\":[{\"@type\":\"WebPage\",\"@id\":\"https:\/\/www.amarosvedese.it\/it\/prodotto\/biancospino-foglie-e-fiori-biologico-in-taglio-tisana-crataegus-monogyna\/\",\"url\":\"https:\/\/www.amarosvedese.it\/it\/prodotto\/biancospino-foglie-e-fiori-biologico-in-taglio-tisana-crataegus-monogyna\/\",\"name\":\"Biancospino foglie e fiori Biologico in taglio tisana (Crataegus monogyna) - Amaro Svedese\",\"isPartOf\":{\"@id\":\"https:\/\/www.amarosvedese.it\/it\/#website\"},\"primaryImageOfPage\":{\"@id\":\"https:\/\/www.amarosvedese.it\/it\/prodotto\/biancospino-foglie-e-fiori-biologico-in-taglio-tisana-crataegus-monogyna\/#primaryimage\"},\"image\":{\"@id\":\"https:\/\/www.amarosvedese.it\/it\/prodotto\/biancospino-foglie-e-fiori-biologico-in-taglio-tisana-crataegus-monogyna\/#primaryimage\"},\"thumbnailUrl\":\"https:\/\/www.amarosvedese.it\/wp-content\/uploads\/sites\/3\/2020\/01\/products-00001716.jpg\",\"datePublished\":\"2008-05-09T10:45:04+00:00\",\"dateModified\":\"2025-05-12T07:31:32+00:00\",\"description\":\"Biancospino foglie e fiori biologici in taglio tisana (Crataegus monogyna Jacq.)\",\"breadcrumb\":{\"@id\":\"https:\/\/www.amarosvedese.it\/it\/prodotto\/biancospino-foglie-e-fiori-biologico-in-taglio-tisana-crataegus-monogyna\/#breadcrumb\"},\"inLanguage\":\"it-IT\",\"potentialAction\":[{\"@type\":\"ReadAction\",\"target\":[\"https:\/\/www.amarosvedese.it\/it\/prodotto\/biancospino-foglie-e-fiori-biologico-in-taglio-tisana-crataegus-monogyna\/\"]}]},{\"@type\":\"ImageObject\",\"inLanguage\":\"it-IT\",\"@id\":\"https:\/\/www.amarosvedese.it\/it\/prodotto\/biancospino-foglie-e-fiori-biologico-in-taglio-tisana-crataegus-monogyna\/#primaryimage\",\"url\":\"https:\/\/www.amarosvedese.it\/wp-content\/uploads\/sites\/3\/2020\/01\/products-00001716.jpg\",\"contentUrl\":\"https:\/\/www.amarosvedese.it\/wp-content\/uploads\/sites\/3\/2020\/01\/products-00001716.jpg\",\"width\":350,\"height\":458,\"caption\":\"FRASSINO FOGLIE TT ( FRAXINUS EXCELSIOR)\"},{\"@type\":\"BreadcrumbList\",\"@id\":\"https:\/\/www.amarosvedese.it\/it\/prodotto\/biancospino-foglie-e-fiori-biologico-in-taglio-tisana-crataegus-monogyna\/#breadcrumb\",\"itemListElement\":[{\"@type\":\"ListItem\",\"position\":1,\"name\":\"Home\",\"item\":\"https:\/\/www.amarosvedese.it\/it\/\"},{\"@type\":\"ListItem\",\"position\":2,\"name\":\"Prodotti\",\"item\":\"https:\/\/www.amarosvedese.it\/it\/shop\/\"},{\"@type\":\"ListItem\",\"position\":3,\"name\":\"Biancospino foglie e fiori Biologico in taglio tisana (Crataegus monogyna)\"}]},{\"@type\":\"WebSite\",\"@id\":\"https:\/\/www.amarosvedese.it\/it\/#website\",\"url\":\"https:\/\/www.amarosvedese.it\/it\/\",\"name\":\"Amaro Svedese\",\"description\":\"di Erboristeria Demetra\",\"potentialAction\":[{\"@type\":\"SearchAction\",\"target\":{\"@type\":\"EntryPoint\",\"urlTemplate\":\"https:\/\/www.amarosvedese.it\/it\/?s={search_term_string}\"},\"query-input\":{\"@type\":\"PropertyValueSpecification\",\"valueRequired\":true,\"valueName\":\"search_term_string\"}}],\"inLanguage\":\"it-IT\"}]}<\/script>\n<!-- \/ Yoast SEO plugin. -->","yoast_head_json":{"title":"Biancospino foglie e fiori Biologico in taglio tisana (Crataegus monogyna) - Amaro Svedese","description":"Biancospino foglie e fiori biologici in taglio tisana (Crataegus monogyna Jacq.)","robots":{"index":"index","follow":"follow","max-snippet":"max-snippet:-1","max-image-preview":"max-image-preview:large","max-video-preview":"max-video-preview:-1"},"canonical":"https:\/\/www.amarosvedese.it\/it\/prodotto\/biancospino-foglie-e-fiori-biologico-in-taglio-tisana-crataegus-monogyna\/","og_locale":"it_IT","og_type":"article","og_title":"Biancospino foglie e fiori Biologico in taglio tisana (Crataegus monogyna) - Amaro Svedese","og_description":"Biancospino foglie e fiori biologici in taglio tisana (Crataegus monogyna Jacq.)","og_url":"https:\/\/www.amarosvedese.it\/it\/prodotto\/biancospino-foglie-e-fiori-biologico-in-taglio-tisana-crataegus-monogyna\/","og_site_name":"Amaro Svedese","article_modified_time":"2025-05-12T07:31:32+00:00","og_image":[{"width":350,"height":458,"url":"https:\/\/www.amarosvedese.it\/wp-content\/uploads\/sites\/3\/2020\/01\/products-00001716.jpg","type":"image\/jpeg"}],"twitter_card":"summary_large_image","twitter_misc":{"Tempo di lettura stimato":"1 minuto"},"schema":{"@context":"https:\/\/schema.org","@graph":[{"@type":"WebPage","@id":"https:\/\/www.amarosvedese.it\/it\/prodotto\/biancospino-foglie-e-fiori-biologico-in-taglio-tisana-crataegus-monogyna\/","url":"https:\/\/www.amarosvedese.it\/it\/prodotto\/biancospino-foglie-e-fiori-biologico-in-taglio-tisana-crataegus-monogyna\/","name":"Biancospino foglie e fiori Biologico in taglio tisana (Crataegus monogyna) - Amaro Svedese","isPartOf":{"@id":"https:\/\/www.amarosvedese.it\/it\/#website"},"primaryImageOfPage":{"@id":"https:\/\/www.amarosvedese.it\/it\/prodotto\/biancospino-foglie-e-fiori-biologico-in-taglio-tisana-crataegus-monogyna\/#primaryimage"},"image":{"@id":"https:\/\/www.amarosvedese.it\/it\/prodotto\/biancospino-foglie-e-fiori-biologico-in-taglio-tisana-crataegus-monogyna\/#primaryimage"},"thumbnailUrl":"https:\/\/www.amarosvedese.it\/wp-content\/uploads\/sites\/3\/2020\/01\/products-00001716.jpg","datePublished":"2008-05-09T10:45:04+00:00","dateModified":"2025-05-12T07:31:32+00:00","description":"Biancospino foglie e fiori biologici in taglio tisana (Crataegus monogyna Jacq.)","breadcrumb":{"@id":"https:\/\/www.amarosvedese.it\/it\/prodotto\/biancospino-foglie-e-fiori-biologico-in-taglio-tisana-crataegus-monogyna\/#breadcrumb"},"inLanguage":"it-IT","potentialAction":[{"@type":"ReadAction","target":["https:\/\/www.amarosvedese.it\/it\/prodotto\/biancospino-foglie-e-fiori-biologico-in-taglio-tisana-crataegus-monogyna\/"]}]},{"@type":"ImageObject","inLanguage":"it-IT","@id":"https:\/\/www.amarosvedese.it\/it\/prodotto\/biancospino-foglie-e-fiori-biologico-in-taglio-tisana-crataegus-monogyna\/#primaryimage","url":"https:\/\/www.amarosvedese.it\/wp-content\/uploads\/sites\/3\/2020\/01\/products-00001716.jpg","contentUrl":"https:\/\/www.amarosvedese.it\/wp-content\/uploads\/sites\/3\/2020\/01\/products-00001716.jpg","width":350,"height":458,"caption":"FRASSINO FOGLIE TT ( FRAXINUS EXCELSIOR)"},{"@type":"BreadcrumbList","@id":"https:\/\/www.amarosvedese.it\/it\/prodotto\/biancospino-foglie-e-fiori-biologico-in-taglio-tisana-crataegus-monogyna\/#breadcrumb","itemListElement":[{"@type":"ListItem","position":1,"name":"Home","item":"https:\/\/www.amarosvedese.it\/it\/"},{"@type":"ListItem","position":2,"name":"Prodotti","item":"https:\/\/www.amarosvedese.it\/it\/shop\/"},{"@type":"ListItem","position":3,"name":"Biancospino foglie e fiori Biologico in taglio tisana (Crataegus monogyna)"}]},{"@type":"WebSite","@id":"https:\/\/www.amarosvedese.it\/it\/#website","url":"https:\/\/www.amarosvedese.it\/it\/","name":"Amaro Svedese","description":"di Erboristeria Demetra","potentialAction":[{"@type":"SearchAction","target":{"@type":"EntryPoint","urlTemplate":"https:\/\/www.amarosvedese.it\/it\/?s={search_term_string}"},"query-input":{"@type":"PropertyValueSpecification","valueRequired":true,"valueName":"search_term_string"}}],"inLanguage":"it-IT"}]}},"_links":{"self":[{"href":"https:\/\/www.amarosvedese.it\/it\/wp-json\/wp\/v2\/product\/3267","targetHints":{"allow":["GET"]}}],"collection":[{"href":"https:\/\/www.amarosvedese.it\/it\/wp-json\/wp\/v2\/product"}],"about":[{"href":"https:\/\/www.amarosvedese.it\/it\/wp-json\/wp\/v2\/types\/product"}],"replies":[{"embeddable":true,"href":"https:\/\/www.amarosvedese.it\/it\/wp-json\/wp\/v2\/comments?post=3267"}],"wp:featuredmedia":[{"embeddable":true,"href":"https:\/\/www.amarosvedese.it\/it\/wp-json\/wp\/v2\/media\/655"}],"wp:attachment":[{"href":"https:\/\/www.amarosvedese.it\/it\/wp-json\/wp\/v2\/media?parent=3267"}],"wp:term":[{"taxonomy":"product_brand","embeddable":true,"href":"https:\/\/www.amarosvedese.it\/it\/wp-json\/wp\/v2\/product_brand?post=3267"},{"taxonomy":"product_cat","embeddable":true,"href":"https:\/\/www.amarosvedese.it\/it\/wp-json\/wp\/v2\/product_cat?post=3267"},{"taxonomy":"product_tag","embeddable":true,"href":"https:\/\/www.amarosvedese.it\/it\/wp-json\/wp\/v2\/product_tag?post=3267"},{"taxonomy":"giftcard-category","embeddable":true,"href":"https:\/\/www.amarosvedese.it\/it\/wp-json\/wp\/v2\/giftcard-category?post=3267"}],"curies":[{"name":"wp","href":"https:\/\/api.w.org\/{rel}","templated":true}]}}