{"id":3292,"date":"2021-02-26T12:21:27","date_gmt":"2021-02-26T11:21:27","guid":{"rendered":"https:\/\/www.amarosvedese.it\/prodotto\/echinacea-biologica-sommita-fiorite-taglio-tisana-echinacea-purpurea-100grammi\/"},"modified":"2025-05-12T09:31:17","modified_gmt":"2025-05-12T07:31:17","slug":"echinacea-biologica-sommita-fiorite-taglio-tisana-echinacea-purpurea","status":"publish","type":"product","link":"https:\/\/www.amarosvedese.it\/it\/prodotto\/echinacea-biologica-sommita-fiorite-taglio-tisana-echinacea-purpurea\/","title":{"rendered":"Echinacea Biologica sommita&#8217; fiorite taglio tisana (Echinacea purpurea)"},"content":{"rendered":"<p><strong>Echinacea Biologica sommita&#8217; fiorite taglio tisana (Echinacea purpurea)<\/strong><\/p>\n<p>Le sommit\u00e0 fiorite di Echinacea purpurea, coltivate biologicamente, sono rinomate per le loro propriet\u00e0 immunostimolanti e protettive.<\/p>\n<p>Questa pianta \u00e8 tradizionalmente utilizzata per rafforzare le difese naturali dell\u2019organismo e favorire il benessere delle vie respiratorie, soprattutto nei periodi di cambi di stagione.<\/p>\n<p>L\u2019infuso ottenuto dalle sommit\u00e0 fiorite di Echinacea ha un sapore erbaceo e delicato, ideale per chi desidera un rimedio naturale per sostenere il sistema immunitario in modo dolce ed efficace.<\/p>\n<p>Lavorata in taglio tisana, questa Echinacea biologica conserva tutte le sue propriet\u00e0 benefiche, offrendo un prodotto puro e di alta qualit\u00e0, perfetto per l\u2019uso quotidiano.<\/p>\n","protected":false},"excerpt":{"rendered":"<p>Echinacea Biologica sommita&#8217; fiorite taglio tisana (Echinacea purpurea) Le sommit\u00e0 fiorite di Echinacea purpurea, coltivate biologicamente, sono rinomate per le loro propriet\u00e0 immunostimolanti e protettive. Questa pianta \u00e8 tradizionalmente utilizzata per rafforzare le difese naturali dell\u2019organismo e favorire il benessere delle vie respiratorie, soprattutto nei&#8230;<\/p>\n","protected":false},"featured_media":655,"comment_status":"closed","ping_status":"closed","template":"","meta":{"_acf_changed":false},"product_brand":[],"product_cat":[276],"product_tag":[182,277,198,278,162,279],"giftcard-category":[],"class_list":{"0":"post-3292","1":"product","2":"type-product","3":"status-publish","4":"has-post-thumbnail","6":"product_cat-erbe-d-e-f","7":"product_tag-bio-2","8":"product_tag-eucaliptus","9":"product_tag-foglie-2","10":"product_tag-globulus","11":"product_tag-gr-2","12":"product_tag-non-categorizzato-4","14":"first","15":"instock","16":"sale","17":"taxable","18":"shipping-taxable","19":"purchasable","20":"product-type-variable","21":"has-default-attributes"},"acf":[],"yoast_head":"<!-- This site is optimized with the Yoast SEO plugin v24.9 - https:\/\/yoast.com\/wordpress\/plugins\/seo\/ -->\n<title>Echinacea Biologica sommita&#039; fiorite taglio tisana (Echinacea purpurea) - Amaro Svedese<\/title>\n<meta name=\"description\" content=\"Echinacea Biologica sommita&#039; fiorite taglio tisana (Echinacea purpurea) 100grammi Amaro Svedese\" \/>\n<meta name=\"robots\" content=\"index, follow, max-snippet:-1, max-image-preview:large, max-video-preview:-1\" \/>\n<link rel=\"canonical\" href=\"https:\/\/www.amarosvedese.it\/it\/prodotto\/echinacea-biologica-sommita-fiorite-taglio-tisana-echinacea-purpurea\/\" \/>\n<meta property=\"og:locale\" content=\"it_IT\" \/>\n<meta property=\"og:type\" content=\"article\" \/>\n<meta property=\"og:title\" content=\"Echinacea Biologica sommita&#039; fiorite taglio tisana (Echinacea purpurea) - Amaro Svedese\" \/>\n<meta property=\"og:description\" content=\"Echinacea Biologica sommita&#039; fiorite taglio tisana (Echinacea purpurea) 100grammi Amaro Svedese\" \/>\n<meta property=\"og:url\" content=\"https:\/\/www.amarosvedese.it\/it\/prodotto\/echinacea-biologica-sommita-fiorite-taglio-tisana-echinacea-purpurea\/\" \/>\n<meta property=\"og:site_name\" content=\"Amaro Svedese\" \/>\n<meta property=\"article:modified_time\" content=\"2025-05-12T07:31:17+00:00\" \/>\n<meta property=\"og:image\" content=\"https:\/\/www.amarosvedese.it\/wp-content\/uploads\/sites\/3\/2020\/01\/products-00001716.jpg\" \/>\n\t<meta property=\"og:image:width\" content=\"350\" \/>\n\t<meta property=\"og:image:height\" content=\"458\" \/>\n\t<meta property=\"og:image:type\" content=\"image\/jpeg\" \/>\n<meta name=\"twitter:card\" content=\"summary_large_image\" \/>\n<meta name=\"twitter:label1\" content=\"Tempo di lettura stimato\" \/>\n\t<meta name=\"twitter:data1\" content=\"1 minuto\" \/>\n<script type=\"application\/ld+json\" class=\"yoast-schema-graph\">{\"@context\":\"https:\/\/schema.org\",\"@graph\":[{\"@type\":\"WebPage\",\"@id\":\"https:\/\/www.amarosvedese.it\/it\/prodotto\/echinacea-biologica-sommita-fiorite-taglio-tisana-echinacea-purpurea\/\",\"url\":\"https:\/\/www.amarosvedese.it\/it\/prodotto\/echinacea-biologica-sommita-fiorite-taglio-tisana-echinacea-purpurea\/\",\"name\":\"Echinacea Biologica sommita' fiorite taglio tisana (Echinacea purpurea) - Amaro Svedese\",\"isPartOf\":{\"@id\":\"https:\/\/www.amarosvedese.it\/it\/#website\"},\"primaryImageOfPage\":{\"@id\":\"https:\/\/www.amarosvedese.it\/it\/prodotto\/echinacea-biologica-sommita-fiorite-taglio-tisana-echinacea-purpurea\/#primaryimage\"},\"image\":{\"@id\":\"https:\/\/www.amarosvedese.it\/it\/prodotto\/echinacea-biologica-sommita-fiorite-taglio-tisana-echinacea-purpurea\/#primaryimage\"},\"thumbnailUrl\":\"https:\/\/www.amarosvedese.it\/wp-content\/uploads\/sites\/3\/2020\/01\/products-00001716.jpg\",\"datePublished\":\"2021-02-26T11:21:27+00:00\",\"dateModified\":\"2025-05-12T07:31:17+00:00\",\"description\":\"Echinacea Biologica sommita' fiorite taglio tisana (Echinacea purpurea) 100grammi Amaro Svedese\",\"breadcrumb\":{\"@id\":\"https:\/\/www.amarosvedese.it\/it\/prodotto\/echinacea-biologica-sommita-fiorite-taglio-tisana-echinacea-purpurea\/#breadcrumb\"},\"inLanguage\":\"it-IT\",\"potentialAction\":[{\"@type\":\"ReadAction\",\"target\":[\"https:\/\/www.amarosvedese.it\/it\/prodotto\/echinacea-biologica-sommita-fiorite-taglio-tisana-echinacea-purpurea\/\"]}]},{\"@type\":\"ImageObject\",\"inLanguage\":\"it-IT\",\"@id\":\"https:\/\/www.amarosvedese.it\/it\/prodotto\/echinacea-biologica-sommita-fiorite-taglio-tisana-echinacea-purpurea\/#primaryimage\",\"url\":\"https:\/\/www.amarosvedese.it\/wp-content\/uploads\/sites\/3\/2020\/01\/products-00001716.jpg\",\"contentUrl\":\"https:\/\/www.amarosvedese.it\/wp-content\/uploads\/sites\/3\/2020\/01\/products-00001716.jpg\",\"width\":350,\"height\":458,\"caption\":\"FRASSINO FOGLIE TT ( FRAXINUS EXCELSIOR)\"},{\"@type\":\"BreadcrumbList\",\"@id\":\"https:\/\/www.amarosvedese.it\/it\/prodotto\/echinacea-biologica-sommita-fiorite-taglio-tisana-echinacea-purpurea\/#breadcrumb\",\"itemListElement\":[{\"@type\":\"ListItem\",\"position\":1,\"name\":\"Home\",\"item\":\"https:\/\/www.amarosvedese.it\/it\/\"},{\"@type\":\"ListItem\",\"position\":2,\"name\":\"Prodotti\",\"item\":\"https:\/\/www.amarosvedese.it\/it\/shop\/\"},{\"@type\":\"ListItem\",\"position\":3,\"name\":\"Echinacea Biologica sommita&#8217; fiorite taglio tisana (Echinacea purpurea)\"}]},{\"@type\":\"WebSite\",\"@id\":\"https:\/\/www.amarosvedese.it\/it\/#website\",\"url\":\"https:\/\/www.amarosvedese.it\/it\/\",\"name\":\"Amaro Svedese\",\"description\":\"di Erboristeria Demetra\",\"potentialAction\":[{\"@type\":\"SearchAction\",\"target\":{\"@type\":\"EntryPoint\",\"urlTemplate\":\"https:\/\/www.amarosvedese.it\/it\/?s={search_term_string}\"},\"query-input\":{\"@type\":\"PropertyValueSpecification\",\"valueRequired\":true,\"valueName\":\"search_term_string\"}}],\"inLanguage\":\"it-IT\"}]}<\/script>\n<!-- \/ Yoast SEO plugin. -->","yoast_head_json":{"title":"Echinacea Biologica sommita' fiorite taglio tisana (Echinacea purpurea) - Amaro Svedese","description":"Echinacea Biologica sommita' fiorite taglio tisana (Echinacea purpurea) 100grammi Amaro Svedese","robots":{"index":"index","follow":"follow","max-snippet":"max-snippet:-1","max-image-preview":"max-image-preview:large","max-video-preview":"max-video-preview:-1"},"canonical":"https:\/\/www.amarosvedese.it\/it\/prodotto\/echinacea-biologica-sommita-fiorite-taglio-tisana-echinacea-purpurea\/","og_locale":"it_IT","og_type":"article","og_title":"Echinacea Biologica sommita' fiorite taglio tisana (Echinacea purpurea) - Amaro Svedese","og_description":"Echinacea Biologica sommita' fiorite taglio tisana (Echinacea purpurea) 100grammi Amaro Svedese","og_url":"https:\/\/www.amarosvedese.it\/it\/prodotto\/echinacea-biologica-sommita-fiorite-taglio-tisana-echinacea-purpurea\/","og_site_name":"Amaro Svedese","article_modified_time":"2025-05-12T07:31:17+00:00","og_image":[{"width":350,"height":458,"url":"https:\/\/www.amarosvedese.it\/wp-content\/uploads\/sites\/3\/2020\/01\/products-00001716.jpg","type":"image\/jpeg"}],"twitter_card":"summary_large_image","twitter_misc":{"Tempo di lettura stimato":"1 minuto"},"schema":{"@context":"https:\/\/schema.org","@graph":[{"@type":"WebPage","@id":"https:\/\/www.amarosvedese.it\/it\/prodotto\/echinacea-biologica-sommita-fiorite-taglio-tisana-echinacea-purpurea\/","url":"https:\/\/www.amarosvedese.it\/it\/prodotto\/echinacea-biologica-sommita-fiorite-taglio-tisana-echinacea-purpurea\/","name":"Echinacea Biologica sommita' fiorite taglio tisana (Echinacea purpurea) - Amaro Svedese","isPartOf":{"@id":"https:\/\/www.amarosvedese.it\/it\/#website"},"primaryImageOfPage":{"@id":"https:\/\/www.amarosvedese.it\/it\/prodotto\/echinacea-biologica-sommita-fiorite-taglio-tisana-echinacea-purpurea\/#primaryimage"},"image":{"@id":"https:\/\/www.amarosvedese.it\/it\/prodotto\/echinacea-biologica-sommita-fiorite-taglio-tisana-echinacea-purpurea\/#primaryimage"},"thumbnailUrl":"https:\/\/www.amarosvedese.it\/wp-content\/uploads\/sites\/3\/2020\/01\/products-00001716.jpg","datePublished":"2021-02-26T11:21:27+00:00","dateModified":"2025-05-12T07:31:17+00:00","description":"Echinacea Biologica sommita' fiorite taglio tisana (Echinacea purpurea) 100grammi Amaro Svedese","breadcrumb":{"@id":"https:\/\/www.amarosvedese.it\/it\/prodotto\/echinacea-biologica-sommita-fiorite-taglio-tisana-echinacea-purpurea\/#breadcrumb"},"inLanguage":"it-IT","potentialAction":[{"@type":"ReadAction","target":["https:\/\/www.amarosvedese.it\/it\/prodotto\/echinacea-biologica-sommita-fiorite-taglio-tisana-echinacea-purpurea\/"]}]},{"@type":"ImageObject","inLanguage":"it-IT","@id":"https:\/\/www.amarosvedese.it\/it\/prodotto\/echinacea-biologica-sommita-fiorite-taglio-tisana-echinacea-purpurea\/#primaryimage","url":"https:\/\/www.amarosvedese.it\/wp-content\/uploads\/sites\/3\/2020\/01\/products-00001716.jpg","contentUrl":"https:\/\/www.amarosvedese.it\/wp-content\/uploads\/sites\/3\/2020\/01\/products-00001716.jpg","width":350,"height":458,"caption":"FRASSINO FOGLIE TT ( FRAXINUS EXCELSIOR)"},{"@type":"BreadcrumbList","@id":"https:\/\/www.amarosvedese.it\/it\/prodotto\/echinacea-biologica-sommita-fiorite-taglio-tisana-echinacea-purpurea\/#breadcrumb","itemListElement":[{"@type":"ListItem","position":1,"name":"Home","item":"https:\/\/www.amarosvedese.it\/it\/"},{"@type":"ListItem","position":2,"name":"Prodotti","item":"https:\/\/www.amarosvedese.it\/it\/shop\/"},{"@type":"ListItem","position":3,"name":"Echinacea Biologica sommita&#8217; fiorite taglio tisana (Echinacea purpurea)"}]},{"@type":"WebSite","@id":"https:\/\/www.amarosvedese.it\/it\/#website","url":"https:\/\/www.amarosvedese.it\/it\/","name":"Amaro Svedese","description":"di Erboristeria Demetra","potentialAction":[{"@type":"SearchAction","target":{"@type":"EntryPoint","urlTemplate":"https:\/\/www.amarosvedese.it\/it\/?s={search_term_string}"},"query-input":{"@type":"PropertyValueSpecification","valueRequired":true,"valueName":"search_term_string"}}],"inLanguage":"it-IT"}]}},"_links":{"self":[{"href":"https:\/\/www.amarosvedese.it\/it\/wp-json\/wp\/v2\/product\/3292","targetHints":{"allow":["GET"]}}],"collection":[{"href":"https:\/\/www.amarosvedese.it\/it\/wp-json\/wp\/v2\/product"}],"about":[{"href":"https:\/\/www.amarosvedese.it\/it\/wp-json\/wp\/v2\/types\/product"}],"replies":[{"embeddable":true,"href":"https:\/\/www.amarosvedese.it\/it\/wp-json\/wp\/v2\/comments?post=3292"}],"wp:featuredmedia":[{"embeddable":true,"href":"https:\/\/www.amarosvedese.it\/it\/wp-json\/wp\/v2\/media\/655"}],"wp:attachment":[{"href":"https:\/\/www.amarosvedese.it\/it\/wp-json\/wp\/v2\/media?parent=3292"}],"wp:term":[{"taxonomy":"product_brand","embeddable":true,"href":"https:\/\/www.amarosvedese.it\/it\/wp-json\/wp\/v2\/product_brand?post=3292"},{"taxonomy":"product_cat","embeddable":true,"href":"https:\/\/www.amarosvedese.it\/it\/wp-json\/wp\/v2\/product_cat?post=3292"},{"taxonomy":"product_tag","embeddable":true,"href":"https:\/\/www.amarosvedese.it\/it\/wp-json\/wp\/v2\/product_tag?post=3292"},{"taxonomy":"giftcard-category","embeddable":true,"href":"https:\/\/www.amarosvedese.it\/it\/wp-json\/wp\/v2\/giftcard-category?post=3292"}],"curies":[{"name":"wp","href":"https:\/\/api.w.org\/{rel}","templated":true}]}}