{"id":3317,"date":"2008-05-09T12:45:07","date_gmt":"2008-05-09T10:45:07","guid":{"rendered":"https:\/\/www.amarosvedese.it\/prodotto\/fumaria-sommita-tt-fumaria-officinalis-100-gr\/"},"modified":"2025-05-12T09:31:30","modified_gmt":"2025-05-12T07:31:30","slug":"fumaria-fumaria-officinalis-parte-aerea-in-taglio-tisana-chiamata-anche-fumosterno","status":"publish","type":"product","link":"https:\/\/www.amarosvedese.it\/it\/prodotto\/fumaria-fumaria-officinalis-parte-aerea-in-taglio-tisana-chiamata-anche-fumosterno\/","title":{"rendered":"Fumaria (Fumaria officinalis) Parte aerea in taglio tisana chiamata anche Fumosterno"},"content":{"rendered":"<p><strong>Parte aerea in taglio tisana di Fumaria (Fumaria officinalis) chiamata anche Fumosterno<\/strong><\/p>\n<p>La Fumaria (Fumaria officinalis), conosciuta anche come Fumosterno, \u00e8 una pianta tradizionalmente utilizzata per le sue propriet\u00e0 depurative e drenanti.<\/p>\n<p>Nota per il suo supporto alla funzionalit\u00e0 epatica e biliare, \u00e8 impiegata per favorire l\u2019eliminazione delle tossine e il benessere della pelle.<\/p>\n<p>L\u2019infuso di Fumaria ha un gusto leggermente amarognolo ed erbaceo, caratteristico delle erbe depurative, ed \u00e8 ideale per chi desidera un rimedio naturale per riequilibrare l\u2019organismo.<\/p>\n<p>Lavorata in taglio tisana, la Fumaria conserva intatte tutte le sue propriet\u00e0 benefiche, offrendo un prodotto naturale e di alta qualit\u00e0 per il benessere quotidiano.<\/p>\n","protected":false},"excerpt":{"rendered":"<p>Parte aerea in taglio tisana di Fumaria (Fumaria officinalis) chiamata anche Fumosterno La Fumaria (Fumaria officinalis), conosciuta anche come Fumosterno, \u00e8 una pianta tradizionalmente utilizzata per le sue propriet\u00e0 depurative e drenanti. Nota per il suo supporto alla funzionalit\u00e0 epatica e biliare, \u00e8 impiegata per&#8230;<\/p>\n","protected":false},"featured_media":655,"comment_status":"closed","ping_status":"closed","template":"","meta":{"_acf_changed":false},"product_brand":[],"product_cat":[276],"product_tag":[302,162,170,190,191],"giftcard-category":[],"class_list":{"0":"post-3317","1":"product","2":"type-product","3":"status-publish","4":"has-post-thumbnail","6":"product_cat-erbe-d-e-f","7":"product_tag-fumaria","8":"product_tag-gr-2","9":"product_tag-officinalis","10":"product_tag-sommita","11":"product_tag-sommita-38","12":"pa_tipologia-erbe-sfuse","14":"first","15":"instock","16":"sale","17":"taxable","18":"shipping-taxable","19":"purchasable","20":"product-type-variable","21":"has-default-attributes"},"acf":[],"yoast_head":"<!-- This site is optimized with the Yoast SEO plugin v24.9 - https:\/\/yoast.com\/wordpress\/plugins\/seo\/ -->\n<title>FUMARIA SOMMITA&#039; TT (FUMARIA OFFICINALIS - 100 gr.<\/title>\n<meta name=\"robots\" content=\"index, follow, max-snippet:-1, max-image-preview:large, max-video-preview:-1\" \/>\n<link rel=\"canonical\" href=\"https:\/\/www.amarosvedese.it\/it\/prodotto\/fumaria-fumaria-officinalis-parte-aerea-in-taglio-tisana-chiamata-anche-fumosterno\/\" \/>\n<meta property=\"og:locale\" content=\"it_IT\" \/>\n<meta property=\"og:type\" content=\"article\" \/>\n<meta property=\"og:title\" content=\"FUMARIA SOMMITA&#039; TT (FUMARIA OFFICINALIS - 100 gr.\" \/>\n<meta property=\"og:description\" content=\"Parte aerea in taglio tisana di Fumaria (Fumaria officinalis) chiamata anche Fumosterno La Fumaria (Fumaria officinalis), conosciuta anche come Fumosterno, \u00e8 una pianta tradizionalmente utilizzata per le sue propriet\u00e0 depurative e drenanti. Nota per il suo supporto alla funzionalit\u00e0 epatica e biliare, \u00e8 impiegata per...\" \/>\n<meta property=\"og:url\" content=\"https:\/\/www.amarosvedese.it\/it\/prodotto\/fumaria-fumaria-officinalis-parte-aerea-in-taglio-tisana-chiamata-anche-fumosterno\/\" \/>\n<meta property=\"og:site_name\" content=\"Amaro Svedese\" \/>\n<meta property=\"article:modified_time\" content=\"2025-05-12T07:31:30+00:00\" \/>\n<meta property=\"og:image\" content=\"https:\/\/www.amarosvedese.it\/wp-content\/uploads\/sites\/3\/2020\/01\/products-00001716.jpg\" \/>\n\t<meta property=\"og:image:width\" content=\"350\" \/>\n\t<meta property=\"og:image:height\" content=\"458\" \/>\n\t<meta property=\"og:image:type\" content=\"image\/jpeg\" \/>\n<meta name=\"twitter:card\" content=\"summary_large_image\" \/>\n<meta name=\"twitter:label1\" content=\"Tempo di lettura stimato\" \/>\n\t<meta name=\"twitter:data1\" content=\"1 minuto\" \/>\n<script type=\"application\/ld+json\" class=\"yoast-schema-graph\">{\"@context\":\"https:\/\/schema.org\",\"@graph\":[{\"@type\":\"WebPage\",\"@id\":\"https:\/\/www.amarosvedese.it\/it\/prodotto\/fumaria-fumaria-officinalis-parte-aerea-in-taglio-tisana-chiamata-anche-fumosterno\/\",\"url\":\"https:\/\/www.amarosvedese.it\/it\/prodotto\/fumaria-fumaria-officinalis-parte-aerea-in-taglio-tisana-chiamata-anche-fumosterno\/\",\"name\":\"FUMARIA SOMMITA' TT (FUMARIA OFFICINALIS - 100 gr.\",\"isPartOf\":{\"@id\":\"https:\/\/www.amarosvedese.it\/it\/#website\"},\"primaryImageOfPage\":{\"@id\":\"https:\/\/www.amarosvedese.it\/it\/prodotto\/fumaria-fumaria-officinalis-parte-aerea-in-taglio-tisana-chiamata-anche-fumosterno\/#primaryimage\"},\"image\":{\"@id\":\"https:\/\/www.amarosvedese.it\/it\/prodotto\/fumaria-fumaria-officinalis-parte-aerea-in-taglio-tisana-chiamata-anche-fumosterno\/#primaryimage\"},\"thumbnailUrl\":\"https:\/\/www.amarosvedese.it\/wp-content\/uploads\/sites\/3\/2020\/01\/products-00001716.jpg\",\"datePublished\":\"2008-05-09T10:45:07+00:00\",\"dateModified\":\"2025-05-12T07:31:30+00:00\",\"breadcrumb\":{\"@id\":\"https:\/\/www.amarosvedese.it\/it\/prodotto\/fumaria-fumaria-officinalis-parte-aerea-in-taglio-tisana-chiamata-anche-fumosterno\/#breadcrumb\"},\"inLanguage\":\"it-IT\",\"potentialAction\":[{\"@type\":\"ReadAction\",\"target\":[\"https:\/\/www.amarosvedese.it\/it\/prodotto\/fumaria-fumaria-officinalis-parte-aerea-in-taglio-tisana-chiamata-anche-fumosterno\/\"]}]},{\"@type\":\"ImageObject\",\"inLanguage\":\"it-IT\",\"@id\":\"https:\/\/www.amarosvedese.it\/it\/prodotto\/fumaria-fumaria-officinalis-parte-aerea-in-taglio-tisana-chiamata-anche-fumosterno\/#primaryimage\",\"url\":\"https:\/\/www.amarosvedese.it\/wp-content\/uploads\/sites\/3\/2020\/01\/products-00001716.jpg\",\"contentUrl\":\"https:\/\/www.amarosvedese.it\/wp-content\/uploads\/sites\/3\/2020\/01\/products-00001716.jpg\",\"width\":350,\"height\":458,\"caption\":\"FRASSINO FOGLIE TT ( FRAXINUS EXCELSIOR)\"},{\"@type\":\"BreadcrumbList\",\"@id\":\"https:\/\/www.amarosvedese.it\/it\/prodotto\/fumaria-fumaria-officinalis-parte-aerea-in-taglio-tisana-chiamata-anche-fumosterno\/#breadcrumb\",\"itemListElement\":[{\"@type\":\"ListItem\",\"position\":1,\"name\":\"Home\",\"item\":\"https:\/\/www.amarosvedese.it\/it\/\"},{\"@type\":\"ListItem\",\"position\":2,\"name\":\"Prodotti\",\"item\":\"https:\/\/www.amarosvedese.it\/it\/shop\/\"},{\"@type\":\"ListItem\",\"position\":3,\"name\":\"Fumaria (Fumaria officinalis) Parte aerea in taglio tisana chiamata anche Fumosterno\"}]},{\"@type\":\"WebSite\",\"@id\":\"https:\/\/www.amarosvedese.it\/it\/#website\",\"url\":\"https:\/\/www.amarosvedese.it\/it\/\",\"name\":\"Amaro Svedese\",\"description\":\"di Erboristeria Demetra\",\"potentialAction\":[{\"@type\":\"SearchAction\",\"target\":{\"@type\":\"EntryPoint\",\"urlTemplate\":\"https:\/\/www.amarosvedese.it\/it\/?s={search_term_string}\"},\"query-input\":{\"@type\":\"PropertyValueSpecification\",\"valueRequired\":true,\"valueName\":\"search_term_string\"}}],\"inLanguage\":\"it-IT\"}]}<\/script>\n<!-- \/ Yoast SEO plugin. -->","yoast_head_json":{"title":"FUMARIA SOMMITA' TT (FUMARIA OFFICINALIS - 100 gr.","robots":{"index":"index","follow":"follow","max-snippet":"max-snippet:-1","max-image-preview":"max-image-preview:large","max-video-preview":"max-video-preview:-1"},"canonical":"https:\/\/www.amarosvedese.it\/it\/prodotto\/fumaria-fumaria-officinalis-parte-aerea-in-taglio-tisana-chiamata-anche-fumosterno\/","og_locale":"it_IT","og_type":"article","og_title":"FUMARIA SOMMITA' TT (FUMARIA OFFICINALIS - 100 gr.","og_description":"Parte aerea in taglio tisana di Fumaria (Fumaria officinalis) chiamata anche Fumosterno La Fumaria (Fumaria officinalis), conosciuta anche come Fumosterno, \u00e8 una pianta tradizionalmente utilizzata per le sue propriet\u00e0 depurative e drenanti. Nota per il suo supporto alla funzionalit\u00e0 epatica e biliare, \u00e8 impiegata per...","og_url":"https:\/\/www.amarosvedese.it\/it\/prodotto\/fumaria-fumaria-officinalis-parte-aerea-in-taglio-tisana-chiamata-anche-fumosterno\/","og_site_name":"Amaro Svedese","article_modified_time":"2025-05-12T07:31:30+00:00","og_image":[{"width":350,"height":458,"url":"https:\/\/www.amarosvedese.it\/wp-content\/uploads\/sites\/3\/2020\/01\/products-00001716.jpg","type":"image\/jpeg"}],"twitter_card":"summary_large_image","twitter_misc":{"Tempo di lettura stimato":"1 minuto"},"schema":{"@context":"https:\/\/schema.org","@graph":[{"@type":"WebPage","@id":"https:\/\/www.amarosvedese.it\/it\/prodotto\/fumaria-fumaria-officinalis-parte-aerea-in-taglio-tisana-chiamata-anche-fumosterno\/","url":"https:\/\/www.amarosvedese.it\/it\/prodotto\/fumaria-fumaria-officinalis-parte-aerea-in-taglio-tisana-chiamata-anche-fumosterno\/","name":"FUMARIA SOMMITA' TT (FUMARIA OFFICINALIS - 100 gr.","isPartOf":{"@id":"https:\/\/www.amarosvedese.it\/it\/#website"},"primaryImageOfPage":{"@id":"https:\/\/www.amarosvedese.it\/it\/prodotto\/fumaria-fumaria-officinalis-parte-aerea-in-taglio-tisana-chiamata-anche-fumosterno\/#primaryimage"},"image":{"@id":"https:\/\/www.amarosvedese.it\/it\/prodotto\/fumaria-fumaria-officinalis-parte-aerea-in-taglio-tisana-chiamata-anche-fumosterno\/#primaryimage"},"thumbnailUrl":"https:\/\/www.amarosvedese.it\/wp-content\/uploads\/sites\/3\/2020\/01\/products-00001716.jpg","datePublished":"2008-05-09T10:45:07+00:00","dateModified":"2025-05-12T07:31:30+00:00","breadcrumb":{"@id":"https:\/\/www.amarosvedese.it\/it\/prodotto\/fumaria-fumaria-officinalis-parte-aerea-in-taglio-tisana-chiamata-anche-fumosterno\/#breadcrumb"},"inLanguage":"it-IT","potentialAction":[{"@type":"ReadAction","target":["https:\/\/www.amarosvedese.it\/it\/prodotto\/fumaria-fumaria-officinalis-parte-aerea-in-taglio-tisana-chiamata-anche-fumosterno\/"]}]},{"@type":"ImageObject","inLanguage":"it-IT","@id":"https:\/\/www.amarosvedese.it\/it\/prodotto\/fumaria-fumaria-officinalis-parte-aerea-in-taglio-tisana-chiamata-anche-fumosterno\/#primaryimage","url":"https:\/\/www.amarosvedese.it\/wp-content\/uploads\/sites\/3\/2020\/01\/products-00001716.jpg","contentUrl":"https:\/\/www.amarosvedese.it\/wp-content\/uploads\/sites\/3\/2020\/01\/products-00001716.jpg","width":350,"height":458,"caption":"FRASSINO FOGLIE TT ( FRAXINUS EXCELSIOR)"},{"@type":"BreadcrumbList","@id":"https:\/\/www.amarosvedese.it\/it\/prodotto\/fumaria-fumaria-officinalis-parte-aerea-in-taglio-tisana-chiamata-anche-fumosterno\/#breadcrumb","itemListElement":[{"@type":"ListItem","position":1,"name":"Home","item":"https:\/\/www.amarosvedese.it\/it\/"},{"@type":"ListItem","position":2,"name":"Prodotti","item":"https:\/\/www.amarosvedese.it\/it\/shop\/"},{"@type":"ListItem","position":3,"name":"Fumaria (Fumaria officinalis) Parte aerea in taglio tisana chiamata anche Fumosterno"}]},{"@type":"WebSite","@id":"https:\/\/www.amarosvedese.it\/it\/#website","url":"https:\/\/www.amarosvedese.it\/it\/","name":"Amaro Svedese","description":"di Erboristeria Demetra","potentialAction":[{"@type":"SearchAction","target":{"@type":"EntryPoint","urlTemplate":"https:\/\/www.amarosvedese.it\/it\/?s={search_term_string}"},"query-input":{"@type":"PropertyValueSpecification","valueRequired":true,"valueName":"search_term_string"}}],"inLanguage":"it-IT"}]}},"_links":{"self":[{"href":"https:\/\/www.amarosvedese.it\/it\/wp-json\/wp\/v2\/product\/3317","targetHints":{"allow":["GET"]}}],"collection":[{"href":"https:\/\/www.amarosvedese.it\/it\/wp-json\/wp\/v2\/product"}],"about":[{"href":"https:\/\/www.amarosvedese.it\/it\/wp-json\/wp\/v2\/types\/product"}],"replies":[{"embeddable":true,"href":"https:\/\/www.amarosvedese.it\/it\/wp-json\/wp\/v2\/comments?post=3317"}],"wp:featuredmedia":[{"embeddable":true,"href":"https:\/\/www.amarosvedese.it\/it\/wp-json\/wp\/v2\/media\/655"}],"wp:attachment":[{"href":"https:\/\/www.amarosvedese.it\/it\/wp-json\/wp\/v2\/media?parent=3317"}],"wp:term":[{"taxonomy":"product_brand","embeddable":true,"href":"https:\/\/www.amarosvedese.it\/it\/wp-json\/wp\/v2\/product_brand?post=3317"},{"taxonomy":"product_cat","embeddable":true,"href":"https:\/\/www.amarosvedese.it\/it\/wp-json\/wp\/v2\/product_cat?post=3317"},{"taxonomy":"product_tag","embeddable":true,"href":"https:\/\/www.amarosvedese.it\/it\/wp-json\/wp\/v2\/product_tag?post=3317"},{"taxonomy":"giftcard-category","embeddable":true,"href":"https:\/\/www.amarosvedese.it\/it\/wp-json\/wp\/v2\/giftcard-category?post=3317"}],"curies":[{"name":"wp","href":"https:\/\/api.w.org\/{rel}","templated":true}]}}