{"id":3334,"date":"2022-09-02T13:56:20","date_gmt":"2022-09-02T11:56:20","guid":{"rendered":"https:\/\/www.amarosvedese.it\/prodotto\/liquirizia-composta-senza-zucchero-polvere-100-gr-per-lintestino-pigro\/"},"modified":"2025-05-12T09:31:17","modified_gmt":"2025-05-12T07:31:17","slug":"liquirizia-composta-senza-zucchero-polvere-per-lintestino-pigro","status":"publish","type":"product","link":"https:\/\/www.amarosvedese.it\/it\/prodotto\/liquirizia-composta-senza-zucchero-polvere-per-lintestino-pigro\/","title":{"rendered":"Liquirizia Composta Senza Zucchero in Polvere. Rimedio Tradizionale per l\u2019Intestino Pigro"},"content":{"rendered":"<p><strong>Liquirizia Composta Senza Zucchero in Polvere \u2013 Rimedio Tradizionale per l\u2019Intestino Pigro<\/strong><\/p>\n<p>La Liquirizia Composta Senza Zucchero \u00e8 una miscela erboristica ispirata alla tradizione, ideale per favorire la regolarit\u00e0 intestinale in modo naturale.<\/p>\n<p>Grazie alla combinazione di piante dalle note propriet\u00e0 digestive e lassative, offre un supporto delicato ed efficace per chi soffre di intestino pigro.<\/p>\n<p><strong>Composizione<\/strong><\/p>\n<p><strong>Senna Tinnevelly<\/strong> (foglie in polvere): azione stimolante sul transito intestinale.<br \/>\n<strong>Liquirizia<\/strong> (radice in polvere): supporta la digestione e dona un gusto gradevole.<br \/>\n<strong>Anice verde<\/strong> (frutti in polvere): favorisce l\u2019eliminazione dei gas intestinali.<br \/>\n<strong>Finocchio<\/strong> (frutti in polvere): aiuta la digestione e il benessere gastrointestinale.<br \/>\n<strong>Zolfo<\/strong> (in polvere): tradizionalmente utilizzato per il suo effetto depurativo.<\/p>\n<p><strong>Modo d\u2019uso:<\/strong><\/p>\n<p>Si consiglia di assumere 1 cucchiaino di polvere sciolto in un po\u2019 di liquido, preferibilmente acqua, la sera prima di coricarsi.<\/p>\n<p>La dose pu\u00f2 essere personalizzata in base all\u2019effetto desiderato e alle proprie necessit\u00e0.<\/p>\n<p><strong>Senza zuccheri aggiunti,<\/strong> questa miscela \u00e8 un alleato naturale per favorire il benessere intestinale in modo dolce e rispettoso dell\u2019organismo.<\/p>\n","protected":false},"excerpt":{"rendered":"<p>Liquirizia Composta Senza Zucchero in Polvere \u2013 Rimedio Tradizionale per l\u2019Intestino Pigro La Liquirizia Composta Senza Zucchero \u00e8 una miscela erboristica ispirata alla tradizione, ideale per favorire la regolarit\u00e0 intestinale in modo naturale. Grazie alla combinazione di piante dalle note propriet\u00e0 digestive e lassative, offre&#8230;<\/p>\n","protected":false},"featured_media":655,"comment_status":"closed","ping_status":"closed","template":"","meta":{"_acf_changed":false},"product_brand":[],"product_cat":[322],"product_tag":[325,162,326,103],"giftcard-category":[],"class_list":{"0":"post-3334","1":"product","2":"type-product","3":"status-publish","4":"has-post-thumbnail","6":"product_cat-erbe-g-i-k-l","7":"product_tag-composta","8":"product_tag-gr-2","9":"product_tag-liquirizia","10":"product_tag-polvere","11":"pa_tipologia-erbe-sfuse","13":"first","14":"instock","15":"sale","16":"taxable","17":"shipping-taxable","18":"purchasable","19":"product-type-variable","20":"has-default-attributes"},"acf":[],"yoast_head":"<!-- This site is optimized with the Yoast SEO plugin v24.9 - https:\/\/yoast.com\/wordpress\/plugins\/seo\/ -->\n<title>Liquirizia Composta Senza Zucchero in Polvere. Rimedio Tradizionale per l\u2019Intestino Pigro - Amaro Svedese<\/title>\n<meta name=\"description\" content=\"Gradevole rimedio, dalla facile assunzione, della tradizione erboristica per l&#039;intestino pigro. Si assume di solito la sera prima di coricarsi.\" \/>\n<meta name=\"robots\" content=\"index, follow, max-snippet:-1, max-image-preview:large, max-video-preview:-1\" \/>\n<link rel=\"canonical\" href=\"https:\/\/www.amarosvedese.it\/it\/prodotto\/liquirizia-composta-senza-zucchero-polvere-per-lintestino-pigro\/\" \/>\n<meta property=\"og:locale\" content=\"it_IT\" \/>\n<meta property=\"og:type\" content=\"article\" \/>\n<meta property=\"og:title\" content=\"Liquirizia Composta Senza Zucchero in Polvere. Rimedio Tradizionale per l\u2019Intestino Pigro - Amaro Svedese\" \/>\n<meta property=\"og:description\" content=\"Gradevole rimedio, dalla facile assunzione, della tradizione erboristica per l&#039;intestino pigro. Si assume di solito la sera prima di coricarsi.\" \/>\n<meta property=\"og:url\" content=\"https:\/\/www.amarosvedese.it\/it\/prodotto\/liquirizia-composta-senza-zucchero-polvere-per-lintestino-pigro\/\" \/>\n<meta property=\"og:site_name\" content=\"Amaro Svedese\" \/>\n<meta property=\"article:modified_time\" content=\"2025-05-12T07:31:17+00:00\" \/>\n<meta property=\"og:image\" content=\"https:\/\/www.amarosvedese.it\/wp-content\/uploads\/sites\/3\/2020\/01\/products-00001716.jpg\" \/>\n\t<meta property=\"og:image:width\" content=\"350\" \/>\n\t<meta property=\"og:image:height\" content=\"458\" \/>\n\t<meta property=\"og:image:type\" content=\"image\/jpeg\" \/>\n<meta name=\"twitter:card\" content=\"summary_large_image\" \/>\n<meta name=\"twitter:label1\" content=\"Tempo di lettura stimato\" \/>\n\t<meta name=\"twitter:data1\" content=\"1 minuto\" \/>\n<script type=\"application\/ld+json\" class=\"yoast-schema-graph\">{\"@context\":\"https:\/\/schema.org\",\"@graph\":[{\"@type\":\"WebPage\",\"@id\":\"https:\/\/www.amarosvedese.it\/it\/prodotto\/liquirizia-composta-senza-zucchero-polvere-per-lintestino-pigro\/\",\"url\":\"https:\/\/www.amarosvedese.it\/it\/prodotto\/liquirizia-composta-senza-zucchero-polvere-per-lintestino-pigro\/\",\"name\":\"Liquirizia Composta Senza Zucchero in Polvere. Rimedio Tradizionale per l\u2019Intestino Pigro - Amaro Svedese\",\"isPartOf\":{\"@id\":\"https:\/\/www.amarosvedese.it\/it\/#website\"},\"primaryImageOfPage\":{\"@id\":\"https:\/\/www.amarosvedese.it\/it\/prodotto\/liquirizia-composta-senza-zucchero-polvere-per-lintestino-pigro\/#primaryimage\"},\"image\":{\"@id\":\"https:\/\/www.amarosvedese.it\/it\/prodotto\/liquirizia-composta-senza-zucchero-polvere-per-lintestino-pigro\/#primaryimage\"},\"thumbnailUrl\":\"https:\/\/www.amarosvedese.it\/wp-content\/uploads\/sites\/3\/2020\/01\/products-00001716.jpg\",\"datePublished\":\"2022-09-02T11:56:20+00:00\",\"dateModified\":\"2025-05-12T07:31:17+00:00\",\"description\":\"Gradevole rimedio, dalla facile assunzione, della tradizione erboristica per l'intestino pigro. Si assume di solito la sera prima di coricarsi.\",\"breadcrumb\":{\"@id\":\"https:\/\/www.amarosvedese.it\/it\/prodotto\/liquirizia-composta-senza-zucchero-polvere-per-lintestino-pigro\/#breadcrumb\"},\"inLanguage\":\"it-IT\",\"potentialAction\":[{\"@type\":\"ReadAction\",\"target\":[\"https:\/\/www.amarosvedese.it\/it\/prodotto\/liquirizia-composta-senza-zucchero-polvere-per-lintestino-pigro\/\"]}]},{\"@type\":\"ImageObject\",\"inLanguage\":\"it-IT\",\"@id\":\"https:\/\/www.amarosvedese.it\/it\/prodotto\/liquirizia-composta-senza-zucchero-polvere-per-lintestino-pigro\/#primaryimage\",\"url\":\"https:\/\/www.amarosvedese.it\/wp-content\/uploads\/sites\/3\/2020\/01\/products-00001716.jpg\",\"contentUrl\":\"https:\/\/www.amarosvedese.it\/wp-content\/uploads\/sites\/3\/2020\/01\/products-00001716.jpg\",\"width\":350,\"height\":458,\"caption\":\"FRASSINO FOGLIE TT ( FRAXINUS EXCELSIOR)\"},{\"@type\":\"BreadcrumbList\",\"@id\":\"https:\/\/www.amarosvedese.it\/it\/prodotto\/liquirizia-composta-senza-zucchero-polvere-per-lintestino-pigro\/#breadcrumb\",\"itemListElement\":[{\"@type\":\"ListItem\",\"position\":1,\"name\":\"Home\",\"item\":\"https:\/\/www.amarosvedese.it\/it\/\"},{\"@type\":\"ListItem\",\"position\":2,\"name\":\"Prodotti\",\"item\":\"https:\/\/www.amarosvedese.it\/it\/shop\/\"},{\"@type\":\"ListItem\",\"position\":3,\"name\":\"Liquirizia Composta Senza Zucchero in Polvere. Rimedio Tradizionale per l\u2019Intestino Pigro\"}]},{\"@type\":\"WebSite\",\"@id\":\"https:\/\/www.amarosvedese.it\/it\/#website\",\"url\":\"https:\/\/www.amarosvedese.it\/it\/\",\"name\":\"Amaro Svedese\",\"description\":\"di Erboristeria Demetra\",\"potentialAction\":[{\"@type\":\"SearchAction\",\"target\":{\"@type\":\"EntryPoint\",\"urlTemplate\":\"https:\/\/www.amarosvedese.it\/it\/?s={search_term_string}\"},\"query-input\":{\"@type\":\"PropertyValueSpecification\",\"valueRequired\":true,\"valueName\":\"search_term_string\"}}],\"inLanguage\":\"it-IT\"}]}<\/script>\n<!-- \/ Yoast SEO plugin. -->","yoast_head_json":{"title":"Liquirizia Composta Senza Zucchero in Polvere. Rimedio Tradizionale per l\u2019Intestino Pigro - Amaro Svedese","description":"Gradevole rimedio, dalla facile assunzione, della tradizione erboristica per l'intestino pigro. Si assume di solito la sera prima di coricarsi.","robots":{"index":"index","follow":"follow","max-snippet":"max-snippet:-1","max-image-preview":"max-image-preview:large","max-video-preview":"max-video-preview:-1"},"canonical":"https:\/\/www.amarosvedese.it\/it\/prodotto\/liquirizia-composta-senza-zucchero-polvere-per-lintestino-pigro\/","og_locale":"it_IT","og_type":"article","og_title":"Liquirizia Composta Senza Zucchero in Polvere. Rimedio Tradizionale per l\u2019Intestino Pigro - Amaro Svedese","og_description":"Gradevole rimedio, dalla facile assunzione, della tradizione erboristica per l'intestino pigro. Si assume di solito la sera prima di coricarsi.","og_url":"https:\/\/www.amarosvedese.it\/it\/prodotto\/liquirizia-composta-senza-zucchero-polvere-per-lintestino-pigro\/","og_site_name":"Amaro Svedese","article_modified_time":"2025-05-12T07:31:17+00:00","og_image":[{"width":350,"height":458,"url":"https:\/\/www.amarosvedese.it\/wp-content\/uploads\/sites\/3\/2020\/01\/products-00001716.jpg","type":"image\/jpeg"}],"twitter_card":"summary_large_image","twitter_misc":{"Tempo di lettura stimato":"1 minuto"},"schema":{"@context":"https:\/\/schema.org","@graph":[{"@type":"WebPage","@id":"https:\/\/www.amarosvedese.it\/it\/prodotto\/liquirizia-composta-senza-zucchero-polvere-per-lintestino-pigro\/","url":"https:\/\/www.amarosvedese.it\/it\/prodotto\/liquirizia-composta-senza-zucchero-polvere-per-lintestino-pigro\/","name":"Liquirizia Composta Senza Zucchero in Polvere. Rimedio Tradizionale per l\u2019Intestino Pigro - Amaro Svedese","isPartOf":{"@id":"https:\/\/www.amarosvedese.it\/it\/#website"},"primaryImageOfPage":{"@id":"https:\/\/www.amarosvedese.it\/it\/prodotto\/liquirizia-composta-senza-zucchero-polvere-per-lintestino-pigro\/#primaryimage"},"image":{"@id":"https:\/\/www.amarosvedese.it\/it\/prodotto\/liquirizia-composta-senza-zucchero-polvere-per-lintestino-pigro\/#primaryimage"},"thumbnailUrl":"https:\/\/www.amarosvedese.it\/wp-content\/uploads\/sites\/3\/2020\/01\/products-00001716.jpg","datePublished":"2022-09-02T11:56:20+00:00","dateModified":"2025-05-12T07:31:17+00:00","description":"Gradevole rimedio, dalla facile assunzione, della tradizione erboristica per l'intestino pigro. Si assume di solito la sera prima di coricarsi.","breadcrumb":{"@id":"https:\/\/www.amarosvedese.it\/it\/prodotto\/liquirizia-composta-senza-zucchero-polvere-per-lintestino-pigro\/#breadcrumb"},"inLanguage":"it-IT","potentialAction":[{"@type":"ReadAction","target":["https:\/\/www.amarosvedese.it\/it\/prodotto\/liquirizia-composta-senza-zucchero-polvere-per-lintestino-pigro\/"]}]},{"@type":"ImageObject","inLanguage":"it-IT","@id":"https:\/\/www.amarosvedese.it\/it\/prodotto\/liquirizia-composta-senza-zucchero-polvere-per-lintestino-pigro\/#primaryimage","url":"https:\/\/www.amarosvedese.it\/wp-content\/uploads\/sites\/3\/2020\/01\/products-00001716.jpg","contentUrl":"https:\/\/www.amarosvedese.it\/wp-content\/uploads\/sites\/3\/2020\/01\/products-00001716.jpg","width":350,"height":458,"caption":"FRASSINO FOGLIE TT ( FRAXINUS EXCELSIOR)"},{"@type":"BreadcrumbList","@id":"https:\/\/www.amarosvedese.it\/it\/prodotto\/liquirizia-composta-senza-zucchero-polvere-per-lintestino-pigro\/#breadcrumb","itemListElement":[{"@type":"ListItem","position":1,"name":"Home","item":"https:\/\/www.amarosvedese.it\/it\/"},{"@type":"ListItem","position":2,"name":"Prodotti","item":"https:\/\/www.amarosvedese.it\/it\/shop\/"},{"@type":"ListItem","position":3,"name":"Liquirizia Composta Senza Zucchero in Polvere. Rimedio Tradizionale per l\u2019Intestino Pigro"}]},{"@type":"WebSite","@id":"https:\/\/www.amarosvedese.it\/it\/#website","url":"https:\/\/www.amarosvedese.it\/it\/","name":"Amaro Svedese","description":"di Erboristeria Demetra","potentialAction":[{"@type":"SearchAction","target":{"@type":"EntryPoint","urlTemplate":"https:\/\/www.amarosvedese.it\/it\/?s={search_term_string}"},"query-input":{"@type":"PropertyValueSpecification","valueRequired":true,"valueName":"search_term_string"}}],"inLanguage":"it-IT"}]}},"_links":{"self":[{"href":"https:\/\/www.amarosvedese.it\/it\/wp-json\/wp\/v2\/product\/3334","targetHints":{"allow":["GET"]}}],"collection":[{"href":"https:\/\/www.amarosvedese.it\/it\/wp-json\/wp\/v2\/product"}],"about":[{"href":"https:\/\/www.amarosvedese.it\/it\/wp-json\/wp\/v2\/types\/product"}],"replies":[{"embeddable":true,"href":"https:\/\/www.amarosvedese.it\/it\/wp-json\/wp\/v2\/comments?post=3334"}],"wp:featuredmedia":[{"embeddable":true,"href":"https:\/\/www.amarosvedese.it\/it\/wp-json\/wp\/v2\/media\/655"}],"wp:attachment":[{"href":"https:\/\/www.amarosvedese.it\/it\/wp-json\/wp\/v2\/media?parent=3334"}],"wp:term":[{"taxonomy":"product_brand","embeddable":true,"href":"https:\/\/www.amarosvedese.it\/it\/wp-json\/wp\/v2\/product_brand?post=3334"},{"taxonomy":"product_cat","embeddable":true,"href":"https:\/\/www.amarosvedese.it\/it\/wp-json\/wp\/v2\/product_cat?post=3334"},{"taxonomy":"product_tag","embeddable":true,"href":"https:\/\/www.amarosvedese.it\/it\/wp-json\/wp\/v2\/product_tag?post=3334"},{"taxonomy":"giftcard-category","embeddable":true,"href":"https:\/\/www.amarosvedese.it\/it\/wp-json\/wp\/v2\/giftcard-category?post=3334"}],"curies":[{"name":"wp","href":"https:\/\/api.w.org\/{rel}","templated":true}]}}