{"id":3338,"date":"2018-06-13T12:59:02","date_gmt":"2018-06-13T10:59:02","guid":{"rendered":"https:\/\/www.amarosvedese.it\/prodotto\/galium-aparine-galium-aparine-100-gr\/"},"modified":"2025-05-12T09:31:19","modified_gmt":"2025-05-12T07:31:19","slug":"galium-aparine-sommita-taglio-tisana","status":"publish","type":"product","link":"https:\/\/www.amarosvedese.it\/it\/prodotto\/galium-aparine-sommita-taglio-tisana\/","title":{"rendered":"Galium aparine sommit\u00e0 taglio tisana"},"content":{"rendered":"<p><strong>Sommit\u00e0 di Galium Aparine in Taglio Tisana (Galium aparine)<\/strong><\/p>\n<p>Il Galium Aparine, noto anche come &#8220;Erba Attaccamani&#8221; o &#8220;Erba Grattalingua&#8221;, \u00e8 una pianta appartenente alla famiglia delle Rubiaceae, tradizionalmente utilizzata per le sue propriet\u00e0 depurative e drenanti.<\/p>\n<p>L\u2019infuso di Galium Aparine \u00e8 apprezzato per il supporto al benessere del sistema linfatico e per favorire l\u2019eliminazione delle tossine. Viene spesso impiegato nelle pratiche erboristiche per la sua azione delicata sul fegato e sui reni.<\/p>\n<p>Le sommit\u00e0 di Galium Aparine in taglio tisana mantengono intatte le propriet\u00e0 benefiche della pianta, offrendo un prodotto naturale e di alta qualit\u00e0 per la preparazione di infusi dalle note erbacee e rinfrescanti.<\/p>\n","protected":false},"excerpt":{"rendered":"<p>Sommit\u00e0 di Galium Aparine in Taglio Tisana (Galium aparine) Il Galium Aparine, noto anche come &#8220;Erba Attaccamani&#8221; o &#8220;Erba Grattalingua&#8221;, \u00e8 una pianta appartenente alla famiglia delle Rubiaceae, tradizionalmente utilizzata per le sue propriet\u00e0 depurative e drenanti. L\u2019infuso di Galium Aparine \u00e8 apprezzato per il&#8230;<\/p>\n","protected":false},"featured_media":3335,"comment_status":"closed","ping_status":"closed","template":"","meta":{"_acf_changed":false},"product_brand":[],"product_cat":[322],"product_tag":[334,329,330,331,335,332,162],"giftcard-category":[],"class_list":{"0":"post-3338","1":"product","2":"type-product","3":"status-publish","4":"has-post-thumbnail","6":"product_cat-erbe-g-i-k-l","7":"product_tag-aparine","8":"product_tag-caryophyllata","9":"product_tag-chiodi","10":"product_tag-eugenia","11":"product_tag-galium","12":"product_tag-garofano","13":"product_tag-gr-2","14":"pa_tipologia-erbe-sfuse","16":"first","17":"instock","18":"sale","19":"taxable","20":"shipping-taxable","21":"purchasable","22":"product-type-variable","23":"has-default-attributes"},"acf":[],"yoast_head":"<!-- This site is optimized with the Yoast SEO plugin v24.9 - https:\/\/yoast.com\/wordpress\/plugins\/seo\/ -->\n<title>GALIUM APARINE (GALIUM APARINE) - 100 gr.<\/title>\n<meta name=\"robots\" content=\"index, follow, max-snippet:-1, max-image-preview:large, max-video-preview:-1\" \/>\n<link rel=\"canonical\" href=\"https:\/\/www.amarosvedese.it\/it\/prodotto\/galium-aparine-sommita-taglio-tisana\/\" \/>\n<meta property=\"og:locale\" content=\"it_IT\" \/>\n<meta property=\"og:type\" content=\"article\" \/>\n<meta property=\"og:title\" content=\"GALIUM APARINE (GALIUM APARINE) - 100 gr.\" \/>\n<meta property=\"og:description\" content=\"Sommit\u00e0 di Galium Aparine in Taglio Tisana (Galium aparine) Il Galium Aparine, noto anche come &#8220;Erba Attaccamani&#8221; o &#8220;Erba Grattalingua&#8221;, \u00e8 una pianta appartenente alla famiglia delle Rubiaceae, tradizionalmente utilizzata per le sue propriet\u00e0 depurative e drenanti. L\u2019infuso di Galium Aparine \u00e8 apprezzato per il...\" \/>\n<meta property=\"og:url\" content=\"https:\/\/www.amarosvedese.it\/it\/prodotto\/galium-aparine-sommita-taglio-tisana\/\" \/>\n<meta property=\"og:site_name\" content=\"Amaro Svedese\" \/>\n<meta property=\"article:modified_time\" content=\"2025-05-12T07:31:19+00:00\" \/>\n<meta property=\"og:image\" content=\"https:\/\/www.amarosvedese.it\/wp-content\/uploads\/sites\/3\/2023\/10\/products-00001716-4.jpg\" \/>\n\t<meta property=\"og:image:width\" content=\"350\" \/>\n\t<meta property=\"og:image:height\" content=\"458\" \/>\n\t<meta property=\"og:image:type\" content=\"image\/jpeg\" \/>\n<meta name=\"twitter:card\" content=\"summary_large_image\" \/>\n<meta name=\"twitter:label1\" content=\"Tempo di lettura stimato\" \/>\n\t<meta name=\"twitter:data1\" content=\"1 minuto\" \/>\n<script type=\"application\/ld+json\" class=\"yoast-schema-graph\">{\"@context\":\"https:\/\/schema.org\",\"@graph\":[{\"@type\":\"WebPage\",\"@id\":\"https:\/\/www.amarosvedese.it\/it\/prodotto\/galium-aparine-sommita-taglio-tisana\/\",\"url\":\"https:\/\/www.amarosvedese.it\/it\/prodotto\/galium-aparine-sommita-taglio-tisana\/\",\"name\":\"GALIUM APARINE (GALIUM APARINE) - 100 gr.\",\"isPartOf\":{\"@id\":\"https:\/\/www.amarosvedese.it\/it\/#website\"},\"primaryImageOfPage\":{\"@id\":\"https:\/\/www.amarosvedese.it\/it\/prodotto\/galium-aparine-sommita-taglio-tisana\/#primaryimage\"},\"image\":{\"@id\":\"https:\/\/www.amarosvedese.it\/it\/prodotto\/galium-aparine-sommita-taglio-tisana\/#primaryimage\"},\"thumbnailUrl\":\"https:\/\/www.amarosvedese.it\/wp-content\/uploads\/sites\/3\/2023\/10\/products-00001716-4.jpg\",\"datePublished\":\"2018-06-13T10:59:02+00:00\",\"dateModified\":\"2025-05-12T07:31:19+00:00\",\"breadcrumb\":{\"@id\":\"https:\/\/www.amarosvedese.it\/it\/prodotto\/galium-aparine-sommita-taglio-tisana\/#breadcrumb\"},\"inLanguage\":\"it-IT\",\"potentialAction\":[{\"@type\":\"ReadAction\",\"target\":[\"https:\/\/www.amarosvedese.it\/it\/prodotto\/galium-aparine-sommita-taglio-tisana\/\"]}]},{\"@type\":\"ImageObject\",\"inLanguage\":\"it-IT\",\"@id\":\"https:\/\/www.amarosvedese.it\/it\/prodotto\/galium-aparine-sommita-taglio-tisana\/#primaryimage\",\"url\":\"https:\/\/www.amarosvedese.it\/wp-content\/uploads\/sites\/3\/2023\/10\/products-00001716-4.jpg\",\"contentUrl\":\"https:\/\/www.amarosvedese.it\/wp-content\/uploads\/sites\/3\/2023\/10\/products-00001716-4.jpg\",\"width\":350,\"height\":458,\"caption\":\"CICORIA RADICE TT ( CICHORIUM INTYBUS) - 100 gr.\"},{\"@type\":\"BreadcrumbList\",\"@id\":\"https:\/\/www.amarosvedese.it\/it\/prodotto\/galium-aparine-sommita-taglio-tisana\/#breadcrumb\",\"itemListElement\":[{\"@type\":\"ListItem\",\"position\":1,\"name\":\"Home\",\"item\":\"https:\/\/www.amarosvedese.it\/it\/\"},{\"@type\":\"ListItem\",\"position\":2,\"name\":\"Prodotti\",\"item\":\"https:\/\/www.amarosvedese.it\/it\/shop\/\"},{\"@type\":\"ListItem\",\"position\":3,\"name\":\"Galium aparine sommit\u00e0 taglio tisana\"}]},{\"@type\":\"WebSite\",\"@id\":\"https:\/\/www.amarosvedese.it\/it\/#website\",\"url\":\"https:\/\/www.amarosvedese.it\/it\/\",\"name\":\"Amaro Svedese\",\"description\":\"di Erboristeria Demetra\",\"potentialAction\":[{\"@type\":\"SearchAction\",\"target\":{\"@type\":\"EntryPoint\",\"urlTemplate\":\"https:\/\/www.amarosvedese.it\/it\/?s={search_term_string}\"},\"query-input\":{\"@type\":\"PropertyValueSpecification\",\"valueRequired\":true,\"valueName\":\"search_term_string\"}}],\"inLanguage\":\"it-IT\"}]}<\/script>\n<!-- \/ Yoast SEO plugin. -->","yoast_head_json":{"title":"GALIUM APARINE (GALIUM APARINE) - 100 gr.","robots":{"index":"index","follow":"follow","max-snippet":"max-snippet:-1","max-image-preview":"max-image-preview:large","max-video-preview":"max-video-preview:-1"},"canonical":"https:\/\/www.amarosvedese.it\/it\/prodotto\/galium-aparine-sommita-taglio-tisana\/","og_locale":"it_IT","og_type":"article","og_title":"GALIUM APARINE (GALIUM APARINE) - 100 gr.","og_description":"Sommit\u00e0 di Galium Aparine in Taglio Tisana (Galium aparine) Il Galium Aparine, noto anche come &#8220;Erba Attaccamani&#8221; o &#8220;Erba Grattalingua&#8221;, \u00e8 una pianta appartenente alla famiglia delle Rubiaceae, tradizionalmente utilizzata per le sue propriet\u00e0 depurative e drenanti. L\u2019infuso di Galium Aparine \u00e8 apprezzato per il...","og_url":"https:\/\/www.amarosvedese.it\/it\/prodotto\/galium-aparine-sommita-taglio-tisana\/","og_site_name":"Amaro Svedese","article_modified_time":"2025-05-12T07:31:19+00:00","og_image":[{"width":350,"height":458,"url":"https:\/\/www.amarosvedese.it\/wp-content\/uploads\/sites\/3\/2023\/10\/products-00001716-4.jpg","type":"image\/jpeg"}],"twitter_card":"summary_large_image","twitter_misc":{"Tempo di lettura stimato":"1 minuto"},"schema":{"@context":"https:\/\/schema.org","@graph":[{"@type":"WebPage","@id":"https:\/\/www.amarosvedese.it\/it\/prodotto\/galium-aparine-sommita-taglio-tisana\/","url":"https:\/\/www.amarosvedese.it\/it\/prodotto\/galium-aparine-sommita-taglio-tisana\/","name":"GALIUM APARINE (GALIUM APARINE) - 100 gr.","isPartOf":{"@id":"https:\/\/www.amarosvedese.it\/it\/#website"},"primaryImageOfPage":{"@id":"https:\/\/www.amarosvedese.it\/it\/prodotto\/galium-aparine-sommita-taglio-tisana\/#primaryimage"},"image":{"@id":"https:\/\/www.amarosvedese.it\/it\/prodotto\/galium-aparine-sommita-taglio-tisana\/#primaryimage"},"thumbnailUrl":"https:\/\/www.amarosvedese.it\/wp-content\/uploads\/sites\/3\/2023\/10\/products-00001716-4.jpg","datePublished":"2018-06-13T10:59:02+00:00","dateModified":"2025-05-12T07:31:19+00:00","breadcrumb":{"@id":"https:\/\/www.amarosvedese.it\/it\/prodotto\/galium-aparine-sommita-taglio-tisana\/#breadcrumb"},"inLanguage":"it-IT","potentialAction":[{"@type":"ReadAction","target":["https:\/\/www.amarosvedese.it\/it\/prodotto\/galium-aparine-sommita-taglio-tisana\/"]}]},{"@type":"ImageObject","inLanguage":"it-IT","@id":"https:\/\/www.amarosvedese.it\/it\/prodotto\/galium-aparine-sommita-taglio-tisana\/#primaryimage","url":"https:\/\/www.amarosvedese.it\/wp-content\/uploads\/sites\/3\/2023\/10\/products-00001716-4.jpg","contentUrl":"https:\/\/www.amarosvedese.it\/wp-content\/uploads\/sites\/3\/2023\/10\/products-00001716-4.jpg","width":350,"height":458,"caption":"CICORIA RADICE TT ( CICHORIUM INTYBUS) - 100 gr."},{"@type":"BreadcrumbList","@id":"https:\/\/www.amarosvedese.it\/it\/prodotto\/galium-aparine-sommita-taglio-tisana\/#breadcrumb","itemListElement":[{"@type":"ListItem","position":1,"name":"Home","item":"https:\/\/www.amarosvedese.it\/it\/"},{"@type":"ListItem","position":2,"name":"Prodotti","item":"https:\/\/www.amarosvedese.it\/it\/shop\/"},{"@type":"ListItem","position":3,"name":"Galium aparine sommit\u00e0 taglio tisana"}]},{"@type":"WebSite","@id":"https:\/\/www.amarosvedese.it\/it\/#website","url":"https:\/\/www.amarosvedese.it\/it\/","name":"Amaro Svedese","description":"di Erboristeria Demetra","potentialAction":[{"@type":"SearchAction","target":{"@type":"EntryPoint","urlTemplate":"https:\/\/www.amarosvedese.it\/it\/?s={search_term_string}"},"query-input":{"@type":"PropertyValueSpecification","valueRequired":true,"valueName":"search_term_string"}}],"inLanguage":"it-IT"}]}},"_links":{"self":[{"href":"https:\/\/www.amarosvedese.it\/it\/wp-json\/wp\/v2\/product\/3338","targetHints":{"allow":["GET"]}}],"collection":[{"href":"https:\/\/www.amarosvedese.it\/it\/wp-json\/wp\/v2\/product"}],"about":[{"href":"https:\/\/www.amarosvedese.it\/it\/wp-json\/wp\/v2\/types\/product"}],"replies":[{"embeddable":true,"href":"https:\/\/www.amarosvedese.it\/it\/wp-json\/wp\/v2\/comments?post=3338"}],"wp:featuredmedia":[{"embeddable":true,"href":"https:\/\/www.amarosvedese.it\/it\/wp-json\/wp\/v2\/media\/3335"}],"wp:attachment":[{"href":"https:\/\/www.amarosvedese.it\/it\/wp-json\/wp\/v2\/media?parent=3338"}],"wp:term":[{"taxonomy":"product_brand","embeddable":true,"href":"https:\/\/www.amarosvedese.it\/it\/wp-json\/wp\/v2\/product_brand?post=3338"},{"taxonomy":"product_cat","embeddable":true,"href":"https:\/\/www.amarosvedese.it\/it\/wp-json\/wp\/v2\/product_cat?post=3338"},{"taxonomy":"product_tag","embeddable":true,"href":"https:\/\/www.amarosvedese.it\/it\/wp-json\/wp\/v2\/product_tag?post=3338"},{"taxonomy":"giftcard-category","embeddable":true,"href":"https:\/\/www.amarosvedese.it\/it\/wp-json\/wp\/v2\/giftcard-category?post=3338"}],"curies":[{"name":"wp","href":"https:\/\/api.w.org\/{rel}","templated":true}]}}