{"id":3343,"date":"2008-05-09T12:45:10","date_gmt":"2008-05-09T10:45:10","guid":{"rendered":"https:\/\/www.amarosvedese.it\/prodotto\/iperico-sommita-tt-bio-hypericum-perforatum-100-gr\/"},"modified":"2025-05-12T09:31:29","modified_gmt":"2025-05-12T07:31:29","slug":"iperico-sommita-biologico-taglio-tisana-hypericum-perforatum","status":"publish","type":"product","link":"https:\/\/www.amarosvedese.it\/it\/prodotto\/iperico-sommita-biologico-taglio-tisana-hypericum-perforatum\/","title":{"rendered":"Iperico sommit\u00e0 Biologico taglio tisana (Hypericum perforatum)"},"content":{"rendered":"<p><strong>Parte Aerea di Iperico Biologico in Taglio Tisana (Hypericum perforatum) \u2013 Erba di San Giovanni<\/strong><\/p>\n<p>L\u2019Iperico, noto anche come Erba di San Giovanni, \u00e8 una pianta officinale appartenente alla famiglia delle Hypericaceae, apprezzata per le sue propriet\u00e0 tradizionali.<\/p>\n<p>Le sue sommit\u00e0 fiorite sono utilizzate da secoli in infusi dall\u2019azione rilassante e riequilibrante dell\u2019umore.<\/p>\n<p>Questa versione biologica assicura un prodotto privo di pesticidi e trattamenti chimici, mantenendo intatte tutte le caratteristiche naturali della pianta.<\/p>\n<p><strong>Modalit\u00e0 di preparazione<\/strong><\/p>\n<p>Versare 1 cucchiaio di Iperico in una tazza di acqua bollente, coprire e lasciare in infusione per 10-15 minuti, quindi filtrare.<\/p>\n<p>Se ne consiglia il consumo di 1-2 tazze al giorno, preferibilmente lontano dai pasti.<\/p>\n<p><strong>\u26a0 Avvertenze:<\/strong> L\u2019Iperico pu\u00f2 interagire con alcuni farmaci, tra cui antidepressivi, contraccettivi e anticoagulanti. Consultare un medico prima dell\u2019uso in caso di terapie farmacologiche in corso.<\/p>\n<p>Un infuso naturale dal sapore aromatico, ideale per favorire il benessere emotivo e il rilassamento.<\/p>\n","protected":false},"excerpt":{"rendered":"<p>Parte Aerea di Iperico Biologico in Taglio Tisana (Hypericum perforatum) \u2013 Erba di San Giovanni L\u2019Iperico, noto anche come Erba di San Giovanni, \u00e8 una pianta officinale appartenente alla famiglia delle Hypericaceae, apprezzata per le sue propriet\u00e0 tradizionali. Le sue sommit\u00e0 fiorite sono utilizzate da&#8230;<\/p>\n","protected":false},"featured_media":655,"comment_status":"closed","ping_status":"closed","template":"","meta":{"_acf_changed":false},"product_brand":[],"product_cat":[322],"product_tag":[182,162,354,355,356,357,358,190],"giftcard-category":[],"class_list":{"0":"post-3343","1":"product","2":"type-product","3":"status-publish","4":"has-post-thumbnail","6":"product_cat-erbe-g-i-k-l","7":"product_tag-bio-2","8":"product_tag-gr-2","9":"product_tag-hypericum","10":"product_tag-iperico","11":"product_tag-ipericum","12":"product_tag-perforatu","13":"product_tag-perforatum","14":"product_tag-sommita","15":"pa_tipologia-erbe-sfuse","17":"first","18":"instock","19":"sale","20":"taxable","21":"shipping-taxable","22":"purchasable","23":"product-type-variable","24":"has-default-attributes"},"acf":[],"yoast_head":"<!-- This site is optimized with the Yoast SEO plugin v24.9 - https:\/\/yoast.com\/wordpress\/plugins\/seo\/ -->\n<title>IPERICO SOMMITA&#039; TT BIO ( HYPERICUM PERFORATUM) - 100 gr.<\/title>\n<meta name=\"robots\" content=\"index, follow, max-snippet:-1, max-image-preview:large, max-video-preview:-1\" \/>\n<link rel=\"canonical\" href=\"https:\/\/www.amarosvedese.it\/it\/prodotto\/iperico-sommita-biologico-taglio-tisana-hypericum-perforatum\/\" \/>\n<meta property=\"og:locale\" content=\"it_IT\" \/>\n<meta property=\"og:type\" content=\"article\" \/>\n<meta property=\"og:title\" content=\"IPERICO SOMMITA&#039; TT BIO ( HYPERICUM PERFORATUM) - 100 gr.\" \/>\n<meta property=\"og:description\" content=\"Parte Aerea di Iperico Biologico in Taglio Tisana (Hypericum perforatum) \u2013 Erba di San Giovanni L\u2019Iperico, noto anche come Erba di San Giovanni, \u00e8 una pianta officinale appartenente alla famiglia delle Hypericaceae, apprezzata per le sue propriet\u00e0 tradizionali. Le sue sommit\u00e0 fiorite sono utilizzate da...\" \/>\n<meta property=\"og:url\" content=\"https:\/\/www.amarosvedese.it\/it\/prodotto\/iperico-sommita-biologico-taglio-tisana-hypericum-perforatum\/\" \/>\n<meta property=\"og:site_name\" content=\"Amaro Svedese\" \/>\n<meta property=\"article:modified_time\" content=\"2025-05-12T07:31:29+00:00\" \/>\n<meta property=\"og:image\" content=\"https:\/\/www.amarosvedese.it\/wp-content\/uploads\/sites\/3\/2020\/01\/products-00001716.jpg\" \/>\n\t<meta property=\"og:image:width\" content=\"350\" \/>\n\t<meta property=\"og:image:height\" content=\"458\" \/>\n\t<meta property=\"og:image:type\" content=\"image\/jpeg\" \/>\n<meta name=\"twitter:card\" content=\"summary_large_image\" \/>\n<meta name=\"twitter:label1\" content=\"Tempo di lettura stimato\" \/>\n\t<meta name=\"twitter:data1\" content=\"1 minuto\" \/>\n<script type=\"application\/ld+json\" class=\"yoast-schema-graph\">{\"@context\":\"https:\/\/schema.org\",\"@graph\":[{\"@type\":\"WebPage\",\"@id\":\"https:\/\/www.amarosvedese.it\/it\/prodotto\/iperico-sommita-biologico-taglio-tisana-hypericum-perforatum\/\",\"url\":\"https:\/\/www.amarosvedese.it\/it\/prodotto\/iperico-sommita-biologico-taglio-tisana-hypericum-perforatum\/\",\"name\":\"IPERICO SOMMITA' TT BIO ( HYPERICUM PERFORATUM) - 100 gr.\",\"isPartOf\":{\"@id\":\"https:\/\/www.amarosvedese.it\/it\/#website\"},\"primaryImageOfPage\":{\"@id\":\"https:\/\/www.amarosvedese.it\/it\/prodotto\/iperico-sommita-biologico-taglio-tisana-hypericum-perforatum\/#primaryimage\"},\"image\":{\"@id\":\"https:\/\/www.amarosvedese.it\/it\/prodotto\/iperico-sommita-biologico-taglio-tisana-hypericum-perforatum\/#primaryimage\"},\"thumbnailUrl\":\"https:\/\/www.amarosvedese.it\/wp-content\/uploads\/sites\/3\/2020\/01\/products-00001716.jpg\",\"datePublished\":\"2008-05-09T10:45:10+00:00\",\"dateModified\":\"2025-05-12T07:31:29+00:00\",\"breadcrumb\":{\"@id\":\"https:\/\/www.amarosvedese.it\/it\/prodotto\/iperico-sommita-biologico-taglio-tisana-hypericum-perforatum\/#breadcrumb\"},\"inLanguage\":\"it-IT\",\"potentialAction\":[{\"@type\":\"ReadAction\",\"target\":[\"https:\/\/www.amarosvedese.it\/it\/prodotto\/iperico-sommita-biologico-taglio-tisana-hypericum-perforatum\/\"]}]},{\"@type\":\"ImageObject\",\"inLanguage\":\"it-IT\",\"@id\":\"https:\/\/www.amarosvedese.it\/it\/prodotto\/iperico-sommita-biologico-taglio-tisana-hypericum-perforatum\/#primaryimage\",\"url\":\"https:\/\/www.amarosvedese.it\/wp-content\/uploads\/sites\/3\/2020\/01\/products-00001716.jpg\",\"contentUrl\":\"https:\/\/www.amarosvedese.it\/wp-content\/uploads\/sites\/3\/2020\/01\/products-00001716.jpg\",\"width\":350,\"height\":458,\"caption\":\"FRASSINO FOGLIE TT ( FRAXINUS EXCELSIOR)\"},{\"@type\":\"BreadcrumbList\",\"@id\":\"https:\/\/www.amarosvedese.it\/it\/prodotto\/iperico-sommita-biologico-taglio-tisana-hypericum-perforatum\/#breadcrumb\",\"itemListElement\":[{\"@type\":\"ListItem\",\"position\":1,\"name\":\"Home\",\"item\":\"https:\/\/www.amarosvedese.it\/it\/\"},{\"@type\":\"ListItem\",\"position\":2,\"name\":\"Prodotti\",\"item\":\"https:\/\/www.amarosvedese.it\/it\/shop\/\"},{\"@type\":\"ListItem\",\"position\":3,\"name\":\"Iperico sommit\u00e0 Biologico taglio tisana (Hypericum perforatum)\"}]},{\"@type\":\"WebSite\",\"@id\":\"https:\/\/www.amarosvedese.it\/it\/#website\",\"url\":\"https:\/\/www.amarosvedese.it\/it\/\",\"name\":\"Amaro Svedese\",\"description\":\"di Erboristeria Demetra\",\"potentialAction\":[{\"@type\":\"SearchAction\",\"target\":{\"@type\":\"EntryPoint\",\"urlTemplate\":\"https:\/\/www.amarosvedese.it\/it\/?s={search_term_string}\"},\"query-input\":{\"@type\":\"PropertyValueSpecification\",\"valueRequired\":true,\"valueName\":\"search_term_string\"}}],\"inLanguage\":\"it-IT\"}]}<\/script>\n<!-- \/ Yoast SEO plugin. -->","yoast_head_json":{"title":"IPERICO SOMMITA' TT BIO ( HYPERICUM PERFORATUM) - 100 gr.","robots":{"index":"index","follow":"follow","max-snippet":"max-snippet:-1","max-image-preview":"max-image-preview:large","max-video-preview":"max-video-preview:-1"},"canonical":"https:\/\/www.amarosvedese.it\/it\/prodotto\/iperico-sommita-biologico-taglio-tisana-hypericum-perforatum\/","og_locale":"it_IT","og_type":"article","og_title":"IPERICO SOMMITA' TT BIO ( HYPERICUM PERFORATUM) - 100 gr.","og_description":"Parte Aerea di Iperico Biologico in Taglio Tisana (Hypericum perforatum) \u2013 Erba di San Giovanni L\u2019Iperico, noto anche come Erba di San Giovanni, \u00e8 una pianta officinale appartenente alla famiglia delle Hypericaceae, apprezzata per le sue propriet\u00e0 tradizionali. Le sue sommit\u00e0 fiorite sono utilizzate da...","og_url":"https:\/\/www.amarosvedese.it\/it\/prodotto\/iperico-sommita-biologico-taglio-tisana-hypericum-perforatum\/","og_site_name":"Amaro Svedese","article_modified_time":"2025-05-12T07:31:29+00:00","og_image":[{"width":350,"height":458,"url":"https:\/\/www.amarosvedese.it\/wp-content\/uploads\/sites\/3\/2020\/01\/products-00001716.jpg","type":"image\/jpeg"}],"twitter_card":"summary_large_image","twitter_misc":{"Tempo di lettura stimato":"1 minuto"},"schema":{"@context":"https:\/\/schema.org","@graph":[{"@type":"WebPage","@id":"https:\/\/www.amarosvedese.it\/it\/prodotto\/iperico-sommita-biologico-taglio-tisana-hypericum-perforatum\/","url":"https:\/\/www.amarosvedese.it\/it\/prodotto\/iperico-sommita-biologico-taglio-tisana-hypericum-perforatum\/","name":"IPERICO SOMMITA' TT BIO ( HYPERICUM PERFORATUM) - 100 gr.","isPartOf":{"@id":"https:\/\/www.amarosvedese.it\/it\/#website"},"primaryImageOfPage":{"@id":"https:\/\/www.amarosvedese.it\/it\/prodotto\/iperico-sommita-biologico-taglio-tisana-hypericum-perforatum\/#primaryimage"},"image":{"@id":"https:\/\/www.amarosvedese.it\/it\/prodotto\/iperico-sommita-biologico-taglio-tisana-hypericum-perforatum\/#primaryimage"},"thumbnailUrl":"https:\/\/www.amarosvedese.it\/wp-content\/uploads\/sites\/3\/2020\/01\/products-00001716.jpg","datePublished":"2008-05-09T10:45:10+00:00","dateModified":"2025-05-12T07:31:29+00:00","breadcrumb":{"@id":"https:\/\/www.amarosvedese.it\/it\/prodotto\/iperico-sommita-biologico-taglio-tisana-hypericum-perforatum\/#breadcrumb"},"inLanguage":"it-IT","potentialAction":[{"@type":"ReadAction","target":["https:\/\/www.amarosvedese.it\/it\/prodotto\/iperico-sommita-biologico-taglio-tisana-hypericum-perforatum\/"]}]},{"@type":"ImageObject","inLanguage":"it-IT","@id":"https:\/\/www.amarosvedese.it\/it\/prodotto\/iperico-sommita-biologico-taglio-tisana-hypericum-perforatum\/#primaryimage","url":"https:\/\/www.amarosvedese.it\/wp-content\/uploads\/sites\/3\/2020\/01\/products-00001716.jpg","contentUrl":"https:\/\/www.amarosvedese.it\/wp-content\/uploads\/sites\/3\/2020\/01\/products-00001716.jpg","width":350,"height":458,"caption":"FRASSINO FOGLIE TT ( FRAXINUS EXCELSIOR)"},{"@type":"BreadcrumbList","@id":"https:\/\/www.amarosvedese.it\/it\/prodotto\/iperico-sommita-biologico-taglio-tisana-hypericum-perforatum\/#breadcrumb","itemListElement":[{"@type":"ListItem","position":1,"name":"Home","item":"https:\/\/www.amarosvedese.it\/it\/"},{"@type":"ListItem","position":2,"name":"Prodotti","item":"https:\/\/www.amarosvedese.it\/it\/shop\/"},{"@type":"ListItem","position":3,"name":"Iperico sommit\u00e0 Biologico taglio tisana (Hypericum perforatum)"}]},{"@type":"WebSite","@id":"https:\/\/www.amarosvedese.it\/it\/#website","url":"https:\/\/www.amarosvedese.it\/it\/","name":"Amaro Svedese","description":"di Erboristeria Demetra","potentialAction":[{"@type":"SearchAction","target":{"@type":"EntryPoint","urlTemplate":"https:\/\/www.amarosvedese.it\/it\/?s={search_term_string}"},"query-input":{"@type":"PropertyValueSpecification","valueRequired":true,"valueName":"search_term_string"}}],"inLanguage":"it-IT"}]}},"_links":{"self":[{"href":"https:\/\/www.amarosvedese.it\/it\/wp-json\/wp\/v2\/product\/3343","targetHints":{"allow":["GET"]}}],"collection":[{"href":"https:\/\/www.amarosvedese.it\/it\/wp-json\/wp\/v2\/product"}],"about":[{"href":"https:\/\/www.amarosvedese.it\/it\/wp-json\/wp\/v2\/types\/product"}],"replies":[{"embeddable":true,"href":"https:\/\/www.amarosvedese.it\/it\/wp-json\/wp\/v2\/comments?post=3343"}],"wp:featuredmedia":[{"embeddable":true,"href":"https:\/\/www.amarosvedese.it\/it\/wp-json\/wp\/v2\/media\/655"}],"wp:attachment":[{"href":"https:\/\/www.amarosvedese.it\/it\/wp-json\/wp\/v2\/media?parent=3343"}],"wp:term":[{"taxonomy":"product_brand","embeddable":true,"href":"https:\/\/www.amarosvedese.it\/it\/wp-json\/wp\/v2\/product_brand?post=3343"},{"taxonomy":"product_cat","embeddable":true,"href":"https:\/\/www.amarosvedese.it\/it\/wp-json\/wp\/v2\/product_cat?post=3343"},{"taxonomy":"product_tag","embeddable":true,"href":"https:\/\/www.amarosvedese.it\/it\/wp-json\/wp\/v2\/product_tag?post=3343"},{"taxonomy":"giftcard-category","embeddable":true,"href":"https:\/\/www.amarosvedese.it\/it\/wp-json\/wp\/v2\/giftcard-category?post=3343"}],"curies":[{"name":"wp","href":"https:\/\/api.w.org\/{rel}","templated":true}]}}