{"id":3355,"date":"2008-05-09T10:45:22","date_gmt":"2008-05-09T08:45:22","guid":{"rendered":"https:\/\/www.amarosvedese.it\/prodotto\/karkade-fiori-hibiscus-sabdariffa-100-gr\/"},"modified":"2025-05-12T09:31:35","modified_gmt":"2025-05-12T07:31:35","slug":"karkade-fiori-taglio-tisana-hibiscus-sabdariffa","status":"publish","type":"product","link":"https:\/\/www.amarosvedese.it\/it\/prodotto\/karkade-fiori-taglio-tisana-hibiscus-sabdariffa\/","title":{"rendered":"Ibisco Karkad\u00e8 fiori taglio tisana (Hibiscus sabdariffa)"},"content":{"rendered":"<p><strong>Fiori di Karkad\u00e8 in Taglio Tisana (Hibiscus sabdariffa)<\/strong><\/p>\n<p data-start=\"73\" data-end=\"516\">I <strong data-start=\"94\" data-end=\"114\">fiori di Karkad\u00e8<\/strong> (Hibiscus sabdariffa), noti anche come <strong data-start=\"154\" data-end=\"164\">Ibisco<\/strong>, sono una pianta dalle <strong data-start=\"188\" data-end=\"220\">numerose propriet\u00e0 benefiche<\/strong>, spesso utilizzata in infusi per le sue qualit\u00e0 <strong data-start=\"269\" data-end=\"283\">depurative<\/strong> e <strong data-start=\"286\" data-end=\"301\">tonificanti<\/strong>.<\/p>\n<p data-start=\"73\" data-end=\"516\">Questa pianta dai fiori dal colore rosso intenso \u00e8 apprezzata per le sue <strong data-start=\"376\" data-end=\"399\">virt\u00f9 antiossidanti<\/strong> e per il supporto che offre al <strong data-start=\"431\" data-end=\"458\">sistema cardiovascolare<\/strong>, favorendo la <strong data-start=\"473\" data-end=\"513\">regolarit\u00e0 della pressione sanguigna<\/strong>.<\/p>\n<p data-start=\"518\" data-end=\"884\">I fiori di Karkad\u00e8 sono noti anche per il loro effetto <strong data-start=\"573\" data-end=\"586\">diuretico<\/strong> e <strong data-start=\"589\" data-end=\"598\">detox<\/strong>, che li rende ideali per chi desidera un rimedio naturale per <strong data-start=\"661\" data-end=\"685\">eliminare le tossine<\/strong> e favorire una <strong data-start=\"701\" data-end=\"721\">buona digestione<\/strong>.<\/p>\n<p data-start=\"518\" data-end=\"884\">Inoltre, la tisana di Karkad\u00e8 \u00e8 un ottimo aiuto per chi cerca un <strong data-start=\"788\" data-end=\"810\">rimedio rilassante<\/strong> e <strong data-start=\"813\" data-end=\"827\">dissetante<\/strong>, perfetto da consumare freddo durante la stagione calda.<\/p>\n<p data-start=\"886\" data-end=\"1216\"><strong data-start=\"886\" data-end=\"915\">Modalit\u00e0 di preparazione:<\/strong><br data-start=\"915\" data-end=\"918\" \/>Per preparare la tisana, utilizzare circa <strong data-start=\"960\" data-end=\"996\">1 cucchiaino di fiori di Karkad\u00e8<\/strong> per <strong data-start=\"1001\" data-end=\"1032\">una tazza di acqua bollente<\/strong>, lasciando in infusione per <strong data-start=\"1061\" data-end=\"1076\">5-10 minuti<\/strong> e filtrare. \u00c8 possibile consumare questa tisana sia <strong data-start=\"1129\" data-end=\"1138\">calda<\/strong> che <strong data-start=\"1143\" data-end=\"1153\">fredda<\/strong>, anche con l\u2019aggiunta di miele o limone per un tocco in pi\u00f9.<\/p>\n<p data-start=\"1218\" data-end=\"1320\" data-is-last-node=\"\">Perfetto per chi cerca una <strong data-start=\"1245\" data-end=\"1269\">bevanda rinfrescante<\/strong> e naturale, con molteplici benefici per la salute.<\/p>\n","protected":false},"excerpt":{"rendered":"<p>Fiori di Karkad\u00e8 in Taglio Tisana (Hibiscus sabdariffa) I fiori di Karkad\u00e8 (Hibiscus sabdariffa), noti anche come Ibisco, sono una pianta dalle numerose propriet\u00e0 benefiche, spesso utilizzata in infusi per le sue qualit\u00e0 depurative e tonificanti. Questa pianta dai fiori dal colore rosso intenso \u00e8&#8230;<\/p>\n","protected":false},"featured_media":655,"comment_status":"closed","ping_status":"closed","template":"","meta":{"_acf_changed":false},"product_brand":[],"product_cat":[322,68],"product_tag":[75,162,373,374,375],"giftcard-category":[],"class_list":{"0":"post-3355","1":"product","2":"type-product","3":"status-publish","4":"has-post-thumbnail","6":"product_cat-erbe-g-i-k-l","7":"product_cat-spezie-e-aromi-per-cucina","8":"product_tag-fiori","9":"product_tag-gr-2","10":"product_tag-hibiscus","11":"product_tag-karkade","12":"product_tag-sabdariffa","13":"pa_tipologia-erbe-sfuse","15":"first","16":"instock","17":"sale","18":"taxable","19":"shipping-taxable","20":"purchasable","21":"product-type-variable","22":"has-default-attributes"},"acf":[],"yoast_head":"<!-- This site is optimized with the Yoast SEO plugin v24.9 - https:\/\/yoast.com\/wordpress\/plugins\/seo\/ -->\n<title>KARKADE&#039; FIORI ( HIBISCUS SABDARIFFA) - 100 gr.<\/title>\n<meta name=\"robots\" content=\"index, follow, max-snippet:-1, max-image-preview:large, max-video-preview:-1\" \/>\n<link rel=\"canonical\" href=\"https:\/\/www.amarosvedese.it\/it\/prodotto\/karkade-fiori-taglio-tisana-hibiscus-sabdariffa\/\" \/>\n<meta property=\"og:locale\" content=\"it_IT\" \/>\n<meta property=\"og:type\" content=\"article\" \/>\n<meta property=\"og:title\" content=\"KARKADE&#039; FIORI ( HIBISCUS SABDARIFFA) - 100 gr.\" \/>\n<meta property=\"og:description\" content=\"Fiori di Karkad\u00e8 in Taglio Tisana (Hibiscus sabdariffa) I fiori di Karkad\u00e8 (Hibiscus sabdariffa), noti anche come Ibisco, sono una pianta dalle numerose propriet\u00e0 benefiche, spesso utilizzata in infusi per le sue qualit\u00e0 depurative e tonificanti. Questa pianta dai fiori dal colore rosso intenso \u00e8...\" \/>\n<meta property=\"og:url\" content=\"https:\/\/www.amarosvedese.it\/it\/prodotto\/karkade-fiori-taglio-tisana-hibiscus-sabdariffa\/\" \/>\n<meta property=\"og:site_name\" content=\"Amaro Svedese\" \/>\n<meta property=\"article:modified_time\" content=\"2025-05-12T07:31:35+00:00\" \/>\n<meta property=\"og:image\" content=\"https:\/\/www.amarosvedese.it\/wp-content\/uploads\/sites\/3\/2020\/01\/products-00001716.jpg\" \/>\n\t<meta property=\"og:image:width\" content=\"350\" \/>\n\t<meta property=\"og:image:height\" content=\"458\" \/>\n\t<meta property=\"og:image:type\" content=\"image\/jpeg\" \/>\n<meta name=\"twitter:card\" content=\"summary_large_image\" \/>\n<meta name=\"twitter:label1\" content=\"Tempo di lettura stimato\" \/>\n\t<meta name=\"twitter:data1\" content=\"1 minuto\" \/>\n<script type=\"application\/ld+json\" class=\"yoast-schema-graph\">{\"@context\":\"https:\/\/schema.org\",\"@graph\":[{\"@type\":\"WebPage\",\"@id\":\"https:\/\/www.amarosvedese.it\/it\/prodotto\/karkade-fiori-taglio-tisana-hibiscus-sabdariffa\/\",\"url\":\"https:\/\/www.amarosvedese.it\/it\/prodotto\/karkade-fiori-taglio-tisana-hibiscus-sabdariffa\/\",\"name\":\"KARKADE' FIORI ( HIBISCUS SABDARIFFA) - 100 gr.\",\"isPartOf\":{\"@id\":\"https:\/\/www.amarosvedese.it\/it\/#website\"},\"primaryImageOfPage\":{\"@id\":\"https:\/\/www.amarosvedese.it\/it\/prodotto\/karkade-fiori-taglio-tisana-hibiscus-sabdariffa\/#primaryimage\"},\"image\":{\"@id\":\"https:\/\/www.amarosvedese.it\/it\/prodotto\/karkade-fiori-taglio-tisana-hibiscus-sabdariffa\/#primaryimage\"},\"thumbnailUrl\":\"https:\/\/www.amarosvedese.it\/wp-content\/uploads\/sites\/3\/2020\/01\/products-00001716.jpg\",\"datePublished\":\"2008-05-09T08:45:22+00:00\",\"dateModified\":\"2025-05-12T07:31:35+00:00\",\"breadcrumb\":{\"@id\":\"https:\/\/www.amarosvedese.it\/it\/prodotto\/karkade-fiori-taglio-tisana-hibiscus-sabdariffa\/#breadcrumb\"},\"inLanguage\":\"it-IT\",\"potentialAction\":[{\"@type\":\"ReadAction\",\"target\":[\"https:\/\/www.amarosvedese.it\/it\/prodotto\/karkade-fiori-taglio-tisana-hibiscus-sabdariffa\/\"]}]},{\"@type\":\"ImageObject\",\"inLanguage\":\"it-IT\",\"@id\":\"https:\/\/www.amarosvedese.it\/it\/prodotto\/karkade-fiori-taglio-tisana-hibiscus-sabdariffa\/#primaryimage\",\"url\":\"https:\/\/www.amarosvedese.it\/wp-content\/uploads\/sites\/3\/2020\/01\/products-00001716.jpg\",\"contentUrl\":\"https:\/\/www.amarosvedese.it\/wp-content\/uploads\/sites\/3\/2020\/01\/products-00001716.jpg\",\"width\":350,\"height\":458,\"caption\":\"FRASSINO FOGLIE TT ( FRAXINUS EXCELSIOR)\"},{\"@type\":\"BreadcrumbList\",\"@id\":\"https:\/\/www.amarosvedese.it\/it\/prodotto\/karkade-fiori-taglio-tisana-hibiscus-sabdariffa\/#breadcrumb\",\"itemListElement\":[{\"@type\":\"ListItem\",\"position\":1,\"name\":\"Home\",\"item\":\"https:\/\/www.amarosvedese.it\/it\/\"},{\"@type\":\"ListItem\",\"position\":2,\"name\":\"Prodotti\",\"item\":\"https:\/\/www.amarosvedese.it\/it\/shop\/\"},{\"@type\":\"ListItem\",\"position\":3,\"name\":\"Ibisco Karkad\u00e8 fiori taglio tisana (Hibiscus sabdariffa)\"}]},{\"@type\":\"WebSite\",\"@id\":\"https:\/\/www.amarosvedese.it\/it\/#website\",\"url\":\"https:\/\/www.amarosvedese.it\/it\/\",\"name\":\"Amaro Svedese\",\"description\":\"di Erboristeria Demetra\",\"potentialAction\":[{\"@type\":\"SearchAction\",\"target\":{\"@type\":\"EntryPoint\",\"urlTemplate\":\"https:\/\/www.amarosvedese.it\/it\/?s={search_term_string}\"},\"query-input\":{\"@type\":\"PropertyValueSpecification\",\"valueRequired\":true,\"valueName\":\"search_term_string\"}}],\"inLanguage\":\"it-IT\"}]}<\/script>\n<!-- \/ Yoast SEO plugin. -->","yoast_head_json":{"title":"KARKADE' FIORI ( HIBISCUS SABDARIFFA) - 100 gr.","robots":{"index":"index","follow":"follow","max-snippet":"max-snippet:-1","max-image-preview":"max-image-preview:large","max-video-preview":"max-video-preview:-1"},"canonical":"https:\/\/www.amarosvedese.it\/it\/prodotto\/karkade-fiori-taglio-tisana-hibiscus-sabdariffa\/","og_locale":"it_IT","og_type":"article","og_title":"KARKADE' FIORI ( HIBISCUS SABDARIFFA) - 100 gr.","og_description":"Fiori di Karkad\u00e8 in Taglio Tisana (Hibiscus sabdariffa) I fiori di Karkad\u00e8 (Hibiscus sabdariffa), noti anche come Ibisco, sono una pianta dalle numerose propriet\u00e0 benefiche, spesso utilizzata in infusi per le sue qualit\u00e0 depurative e tonificanti. Questa pianta dai fiori dal colore rosso intenso \u00e8...","og_url":"https:\/\/www.amarosvedese.it\/it\/prodotto\/karkade-fiori-taglio-tisana-hibiscus-sabdariffa\/","og_site_name":"Amaro Svedese","article_modified_time":"2025-05-12T07:31:35+00:00","og_image":[{"width":350,"height":458,"url":"https:\/\/www.amarosvedese.it\/wp-content\/uploads\/sites\/3\/2020\/01\/products-00001716.jpg","type":"image\/jpeg"}],"twitter_card":"summary_large_image","twitter_misc":{"Tempo di lettura stimato":"1 minuto"},"schema":{"@context":"https:\/\/schema.org","@graph":[{"@type":"WebPage","@id":"https:\/\/www.amarosvedese.it\/it\/prodotto\/karkade-fiori-taglio-tisana-hibiscus-sabdariffa\/","url":"https:\/\/www.amarosvedese.it\/it\/prodotto\/karkade-fiori-taglio-tisana-hibiscus-sabdariffa\/","name":"KARKADE' FIORI ( HIBISCUS SABDARIFFA) - 100 gr.","isPartOf":{"@id":"https:\/\/www.amarosvedese.it\/it\/#website"},"primaryImageOfPage":{"@id":"https:\/\/www.amarosvedese.it\/it\/prodotto\/karkade-fiori-taglio-tisana-hibiscus-sabdariffa\/#primaryimage"},"image":{"@id":"https:\/\/www.amarosvedese.it\/it\/prodotto\/karkade-fiori-taglio-tisana-hibiscus-sabdariffa\/#primaryimage"},"thumbnailUrl":"https:\/\/www.amarosvedese.it\/wp-content\/uploads\/sites\/3\/2020\/01\/products-00001716.jpg","datePublished":"2008-05-09T08:45:22+00:00","dateModified":"2025-05-12T07:31:35+00:00","breadcrumb":{"@id":"https:\/\/www.amarosvedese.it\/it\/prodotto\/karkade-fiori-taglio-tisana-hibiscus-sabdariffa\/#breadcrumb"},"inLanguage":"it-IT","potentialAction":[{"@type":"ReadAction","target":["https:\/\/www.amarosvedese.it\/it\/prodotto\/karkade-fiori-taglio-tisana-hibiscus-sabdariffa\/"]}]},{"@type":"ImageObject","inLanguage":"it-IT","@id":"https:\/\/www.amarosvedese.it\/it\/prodotto\/karkade-fiori-taglio-tisana-hibiscus-sabdariffa\/#primaryimage","url":"https:\/\/www.amarosvedese.it\/wp-content\/uploads\/sites\/3\/2020\/01\/products-00001716.jpg","contentUrl":"https:\/\/www.amarosvedese.it\/wp-content\/uploads\/sites\/3\/2020\/01\/products-00001716.jpg","width":350,"height":458,"caption":"FRASSINO FOGLIE TT ( FRAXINUS EXCELSIOR)"},{"@type":"BreadcrumbList","@id":"https:\/\/www.amarosvedese.it\/it\/prodotto\/karkade-fiori-taglio-tisana-hibiscus-sabdariffa\/#breadcrumb","itemListElement":[{"@type":"ListItem","position":1,"name":"Home","item":"https:\/\/www.amarosvedese.it\/it\/"},{"@type":"ListItem","position":2,"name":"Prodotti","item":"https:\/\/www.amarosvedese.it\/it\/shop\/"},{"@type":"ListItem","position":3,"name":"Ibisco Karkad\u00e8 fiori taglio tisana (Hibiscus sabdariffa)"}]},{"@type":"WebSite","@id":"https:\/\/www.amarosvedese.it\/it\/#website","url":"https:\/\/www.amarosvedese.it\/it\/","name":"Amaro Svedese","description":"di Erboristeria Demetra","potentialAction":[{"@type":"SearchAction","target":{"@type":"EntryPoint","urlTemplate":"https:\/\/www.amarosvedese.it\/it\/?s={search_term_string}"},"query-input":{"@type":"PropertyValueSpecification","valueRequired":true,"valueName":"search_term_string"}}],"inLanguage":"it-IT"}]}},"_links":{"self":[{"href":"https:\/\/www.amarosvedese.it\/it\/wp-json\/wp\/v2\/product\/3355","targetHints":{"allow":["GET"]}}],"collection":[{"href":"https:\/\/www.amarosvedese.it\/it\/wp-json\/wp\/v2\/product"}],"about":[{"href":"https:\/\/www.amarosvedese.it\/it\/wp-json\/wp\/v2\/types\/product"}],"replies":[{"embeddable":true,"href":"https:\/\/www.amarosvedese.it\/it\/wp-json\/wp\/v2\/comments?post=3355"}],"wp:featuredmedia":[{"embeddable":true,"href":"https:\/\/www.amarosvedese.it\/it\/wp-json\/wp\/v2\/media\/655"}],"wp:attachment":[{"href":"https:\/\/www.amarosvedese.it\/it\/wp-json\/wp\/v2\/media?parent=3355"}],"wp:term":[{"taxonomy":"product_brand","embeddable":true,"href":"https:\/\/www.amarosvedese.it\/it\/wp-json\/wp\/v2\/product_brand?post=3355"},{"taxonomy":"product_cat","embeddable":true,"href":"https:\/\/www.amarosvedese.it\/it\/wp-json\/wp\/v2\/product_cat?post=3355"},{"taxonomy":"product_tag","embeddable":true,"href":"https:\/\/www.amarosvedese.it\/it\/wp-json\/wp\/v2\/product_tag?post=3355"},{"taxonomy":"giftcard-category","embeddable":true,"href":"https:\/\/www.amarosvedese.it\/it\/wp-json\/wp\/v2\/giftcard-category?post=3355"}],"curies":[{"name":"wp","href":"https:\/\/api.w.org\/{rel}","templated":true}]}}