{"id":3357,"date":"2008-05-09T10:45:22","date_gmt":"2008-05-09T08:45:22","guid":{"rendered":"https:\/\/www.amarosvedese.it\/prodotto\/gramigna-rizoma-tt-agropyron-repens-100-gr\/"},"modified":"2025-05-12T09:31:34","modified_gmt":"2025-05-12T07:31:34","slug":"gramigna-rizoma-taglio-tisana-agropyron-repens","status":"publish","type":"product","link":"https:\/\/www.amarosvedese.it\/it\/prodotto\/gramigna-rizoma-taglio-tisana-agropyron-repens\/","title":{"rendered":"Gramigna rizoma taglio tisana (Agropyron repens)"},"content":{"rendered":"<p><strong>Rizoma in taglio tisana di Gramigna (Agrophyrom repens)<\/strong><\/p>\n<p>Il <strong data-start=\"94\" data-end=\"116\">rizoma di Gramigna<\/strong> (Agropyron repens), comunemente noto come <strong data-start=\"159\" data-end=\"181\">radice di Gramigna<\/strong>, \u00e8 una pianta erbacea con propriet\u00e0 di supporto per il <strong data-start=\"237\" data-end=\"259\">benessere urinario<\/strong>.<\/p>\n<p>Utilizzato da secoli nella medicina popolare, il rizoma di Gramigna \u00e8 noto per le sue virt\u00f9 <strong data-start=\"353\" data-end=\"367\">depurative<\/strong>, <strong data-start=\"369\" data-end=\"383\">diuretiche<\/strong> e <strong data-start=\"386\" data-end=\"408\">anti-infiammatorie<\/strong>.<\/p>\n<p data-start=\"413\" data-end=\"760\">Questa pianta \u00e8 spesso impiegata per favorire l\u2019eliminazione delle tossine e per contrastare disturbi come <strong data-start=\"520\" data-end=\"531\">cistiti<\/strong>, <strong data-start=\"533\" data-end=\"554\">ritenzione idrica<\/strong> e <strong data-start=\"557\" data-end=\"579\">infezioni urinarie<\/strong>.<\/p>\n<p data-start=\"413\" data-end=\"760\">Il rizoma di Gramigna \u00e8 anche un valido alleato in caso di <strong data-start=\"640\" data-end=\"662\">problemi digestivi<\/strong>grazie alla sua capacit\u00e0 di supportare il corretto funzionamento del sistema gastrointestinale.<\/p>\n<p data-start=\"762\" data-end=\"1021\"><strong data-start=\"762\" data-end=\"791\">Modalit\u00e0 di preparazione<\/strong><\/p>\n<p data-start=\"762\" data-end=\"1021\">Per preparare una tisana, utilizzare circa <strong data-start=\"837\" data-end=\"875\">1 cucchiaino di rizoma di Gramigna<\/strong> per una <strong data-start=\"884\" data-end=\"911\">tazza di acqua bollente<\/strong>, lasciare in infusione per <strong data-start=\"939\" data-end=\"954\">5-10 minuti<\/strong> e filtrare.<\/p>\n<p data-start=\"762\" data-end=\"1021\">Si consiglia di bere fino a <strong data-start=\"995\" data-end=\"1018\">2-3 tazze al giorno<\/strong>.<\/p>\n<p data-start=\"1023\" data-end=\"1151\" data-is-last-node=\"\">Un rimedio naturale ideale per chi cerca un aiuto per <strong data-start=\"1077\" data-end=\"1110\">la salute del tratto urinario<\/strong> e per la <strong data-start=\"1120\" data-end=\"1150\">depurazione dell\u2019organismo<\/strong>.<\/p>\n","protected":false},"excerpt":{"rendered":"<p>Rizoma in taglio tisana di Gramigna (Agrophyrom repens) Il rizoma di Gramigna (Agropyron repens), comunemente noto come radice di Gramigna, \u00e8 una pianta erbacea con propriet\u00e0 di supporto per il benessere urinario. Utilizzato da secoli nella medicina popolare, il rizoma di Gramigna \u00e8 noto per&#8230;<\/p>\n","protected":false},"featured_media":3335,"comment_status":"closed","ping_status":"closed","template":"","meta":{"_acf_changed":false},"product_brand":[],"product_cat":[322],"product_tag":[378,162,379,380,175],"giftcard-category":[],"class_list":{"0":"post-3357","1":"product","2":"type-product","3":"status-publish","4":"has-post-thumbnail","6":"product_cat-erbe-g-i-k-l","7":"product_tag-agropyron","8":"product_tag-gr-2","9":"product_tag-gramigna-3","10":"product_tag-repens","11":"product_tag-rizoma","12":"pa_tipologia-erbe-sfuse","14":"first","15":"instock","16":"sale","17":"taxable","18":"shipping-taxable","19":"purchasable","20":"product-type-variable","21":"has-default-attributes"},"acf":[],"yoast_head":"<!-- This site is optimized with the Yoast SEO plugin v24.9 - https:\/\/yoast.com\/wordpress\/plugins\/seo\/ -->\n<title>GRAMIGNA RIZOMA TT ( AGROPYRON REPENS) - 100 gr.<\/title>\n<meta name=\"robots\" content=\"index, follow, max-snippet:-1, max-image-preview:large, max-video-preview:-1\" \/>\n<link rel=\"canonical\" href=\"https:\/\/www.amarosvedese.it\/it\/prodotto\/gramigna-rizoma-taglio-tisana-agropyron-repens\/\" \/>\n<meta property=\"og:locale\" content=\"it_IT\" \/>\n<meta property=\"og:type\" content=\"article\" \/>\n<meta property=\"og:title\" content=\"GRAMIGNA RIZOMA TT ( AGROPYRON REPENS) - 100 gr.\" \/>\n<meta property=\"og:description\" content=\"Rizoma in taglio tisana di Gramigna (Agrophyrom repens) Il rizoma di Gramigna (Agropyron repens), comunemente noto come radice di Gramigna, \u00e8 una pianta erbacea con propriet\u00e0 di supporto per il benessere urinario. Utilizzato da secoli nella medicina popolare, il rizoma di Gramigna \u00e8 noto per...\" \/>\n<meta property=\"og:url\" content=\"https:\/\/www.amarosvedese.it\/it\/prodotto\/gramigna-rizoma-taglio-tisana-agropyron-repens\/\" \/>\n<meta property=\"og:site_name\" content=\"Amaro Svedese\" \/>\n<meta property=\"article:modified_time\" content=\"2025-05-12T07:31:34+00:00\" \/>\n<meta property=\"og:image\" content=\"https:\/\/www.amarosvedese.it\/wp-content\/uploads\/sites\/3\/2023\/10\/products-00001716-4.jpg\" \/>\n\t<meta property=\"og:image:width\" content=\"350\" \/>\n\t<meta property=\"og:image:height\" content=\"458\" \/>\n\t<meta property=\"og:image:type\" content=\"image\/jpeg\" \/>\n<meta name=\"twitter:card\" content=\"summary_large_image\" \/>\n<meta name=\"twitter:label1\" content=\"Tempo di lettura stimato\" \/>\n\t<meta name=\"twitter:data1\" content=\"1 minuto\" \/>\n<script type=\"application\/ld+json\" class=\"yoast-schema-graph\">{\"@context\":\"https:\/\/schema.org\",\"@graph\":[{\"@type\":\"WebPage\",\"@id\":\"https:\/\/www.amarosvedese.it\/it\/prodotto\/gramigna-rizoma-taglio-tisana-agropyron-repens\/\",\"url\":\"https:\/\/www.amarosvedese.it\/it\/prodotto\/gramigna-rizoma-taglio-tisana-agropyron-repens\/\",\"name\":\"GRAMIGNA RIZOMA TT ( AGROPYRON REPENS) - 100 gr.\",\"isPartOf\":{\"@id\":\"https:\/\/www.amarosvedese.it\/it\/#website\"},\"primaryImageOfPage\":{\"@id\":\"https:\/\/www.amarosvedese.it\/it\/prodotto\/gramigna-rizoma-taglio-tisana-agropyron-repens\/#primaryimage\"},\"image\":{\"@id\":\"https:\/\/www.amarosvedese.it\/it\/prodotto\/gramigna-rizoma-taglio-tisana-agropyron-repens\/#primaryimage\"},\"thumbnailUrl\":\"https:\/\/www.amarosvedese.it\/wp-content\/uploads\/sites\/3\/2023\/10\/products-00001716-4.jpg\",\"datePublished\":\"2008-05-09T08:45:22+00:00\",\"dateModified\":\"2025-05-12T07:31:34+00:00\",\"breadcrumb\":{\"@id\":\"https:\/\/www.amarosvedese.it\/it\/prodotto\/gramigna-rizoma-taglio-tisana-agropyron-repens\/#breadcrumb\"},\"inLanguage\":\"it-IT\",\"potentialAction\":[{\"@type\":\"ReadAction\",\"target\":[\"https:\/\/www.amarosvedese.it\/it\/prodotto\/gramigna-rizoma-taglio-tisana-agropyron-repens\/\"]}]},{\"@type\":\"ImageObject\",\"inLanguage\":\"it-IT\",\"@id\":\"https:\/\/www.amarosvedese.it\/it\/prodotto\/gramigna-rizoma-taglio-tisana-agropyron-repens\/#primaryimage\",\"url\":\"https:\/\/www.amarosvedese.it\/wp-content\/uploads\/sites\/3\/2023\/10\/products-00001716-4.jpg\",\"contentUrl\":\"https:\/\/www.amarosvedese.it\/wp-content\/uploads\/sites\/3\/2023\/10\/products-00001716-4.jpg\",\"width\":350,\"height\":458,\"caption\":\"CICORIA RADICE TT ( CICHORIUM INTYBUS) - 100 gr.\"},{\"@type\":\"BreadcrumbList\",\"@id\":\"https:\/\/www.amarosvedese.it\/it\/prodotto\/gramigna-rizoma-taglio-tisana-agropyron-repens\/#breadcrumb\",\"itemListElement\":[{\"@type\":\"ListItem\",\"position\":1,\"name\":\"Home\",\"item\":\"https:\/\/www.amarosvedese.it\/it\/\"},{\"@type\":\"ListItem\",\"position\":2,\"name\":\"Prodotti\",\"item\":\"https:\/\/www.amarosvedese.it\/it\/shop\/\"},{\"@type\":\"ListItem\",\"position\":3,\"name\":\"Gramigna rizoma taglio tisana (Agropyron repens)\"}]},{\"@type\":\"WebSite\",\"@id\":\"https:\/\/www.amarosvedese.it\/it\/#website\",\"url\":\"https:\/\/www.amarosvedese.it\/it\/\",\"name\":\"Amaro Svedese\",\"description\":\"di Erboristeria Demetra\",\"potentialAction\":[{\"@type\":\"SearchAction\",\"target\":{\"@type\":\"EntryPoint\",\"urlTemplate\":\"https:\/\/www.amarosvedese.it\/it\/?s={search_term_string}\"},\"query-input\":{\"@type\":\"PropertyValueSpecification\",\"valueRequired\":true,\"valueName\":\"search_term_string\"}}],\"inLanguage\":\"it-IT\"}]}<\/script>\n<!-- \/ Yoast SEO plugin. -->","yoast_head_json":{"title":"GRAMIGNA RIZOMA TT ( AGROPYRON REPENS) - 100 gr.","robots":{"index":"index","follow":"follow","max-snippet":"max-snippet:-1","max-image-preview":"max-image-preview:large","max-video-preview":"max-video-preview:-1"},"canonical":"https:\/\/www.amarosvedese.it\/it\/prodotto\/gramigna-rizoma-taglio-tisana-agropyron-repens\/","og_locale":"it_IT","og_type":"article","og_title":"GRAMIGNA RIZOMA TT ( AGROPYRON REPENS) - 100 gr.","og_description":"Rizoma in taglio tisana di Gramigna (Agrophyrom repens) Il rizoma di Gramigna (Agropyron repens), comunemente noto come radice di Gramigna, \u00e8 una pianta erbacea con propriet\u00e0 di supporto per il benessere urinario. Utilizzato da secoli nella medicina popolare, il rizoma di Gramigna \u00e8 noto per...","og_url":"https:\/\/www.amarosvedese.it\/it\/prodotto\/gramigna-rizoma-taglio-tisana-agropyron-repens\/","og_site_name":"Amaro Svedese","article_modified_time":"2025-05-12T07:31:34+00:00","og_image":[{"width":350,"height":458,"url":"https:\/\/www.amarosvedese.it\/wp-content\/uploads\/sites\/3\/2023\/10\/products-00001716-4.jpg","type":"image\/jpeg"}],"twitter_card":"summary_large_image","twitter_misc":{"Tempo di lettura stimato":"1 minuto"},"schema":{"@context":"https:\/\/schema.org","@graph":[{"@type":"WebPage","@id":"https:\/\/www.amarosvedese.it\/it\/prodotto\/gramigna-rizoma-taglio-tisana-agropyron-repens\/","url":"https:\/\/www.amarosvedese.it\/it\/prodotto\/gramigna-rizoma-taglio-tisana-agropyron-repens\/","name":"GRAMIGNA RIZOMA TT ( AGROPYRON REPENS) - 100 gr.","isPartOf":{"@id":"https:\/\/www.amarosvedese.it\/it\/#website"},"primaryImageOfPage":{"@id":"https:\/\/www.amarosvedese.it\/it\/prodotto\/gramigna-rizoma-taglio-tisana-agropyron-repens\/#primaryimage"},"image":{"@id":"https:\/\/www.amarosvedese.it\/it\/prodotto\/gramigna-rizoma-taglio-tisana-agropyron-repens\/#primaryimage"},"thumbnailUrl":"https:\/\/www.amarosvedese.it\/wp-content\/uploads\/sites\/3\/2023\/10\/products-00001716-4.jpg","datePublished":"2008-05-09T08:45:22+00:00","dateModified":"2025-05-12T07:31:34+00:00","breadcrumb":{"@id":"https:\/\/www.amarosvedese.it\/it\/prodotto\/gramigna-rizoma-taglio-tisana-agropyron-repens\/#breadcrumb"},"inLanguage":"it-IT","potentialAction":[{"@type":"ReadAction","target":["https:\/\/www.amarosvedese.it\/it\/prodotto\/gramigna-rizoma-taglio-tisana-agropyron-repens\/"]}]},{"@type":"ImageObject","inLanguage":"it-IT","@id":"https:\/\/www.amarosvedese.it\/it\/prodotto\/gramigna-rizoma-taglio-tisana-agropyron-repens\/#primaryimage","url":"https:\/\/www.amarosvedese.it\/wp-content\/uploads\/sites\/3\/2023\/10\/products-00001716-4.jpg","contentUrl":"https:\/\/www.amarosvedese.it\/wp-content\/uploads\/sites\/3\/2023\/10\/products-00001716-4.jpg","width":350,"height":458,"caption":"CICORIA RADICE TT ( CICHORIUM INTYBUS) - 100 gr."},{"@type":"BreadcrumbList","@id":"https:\/\/www.amarosvedese.it\/it\/prodotto\/gramigna-rizoma-taglio-tisana-agropyron-repens\/#breadcrumb","itemListElement":[{"@type":"ListItem","position":1,"name":"Home","item":"https:\/\/www.amarosvedese.it\/it\/"},{"@type":"ListItem","position":2,"name":"Prodotti","item":"https:\/\/www.amarosvedese.it\/it\/shop\/"},{"@type":"ListItem","position":3,"name":"Gramigna rizoma taglio tisana (Agropyron repens)"}]},{"@type":"WebSite","@id":"https:\/\/www.amarosvedese.it\/it\/#website","url":"https:\/\/www.amarosvedese.it\/it\/","name":"Amaro Svedese","description":"di Erboristeria Demetra","potentialAction":[{"@type":"SearchAction","target":{"@type":"EntryPoint","urlTemplate":"https:\/\/www.amarosvedese.it\/it\/?s={search_term_string}"},"query-input":{"@type":"PropertyValueSpecification","valueRequired":true,"valueName":"search_term_string"}}],"inLanguage":"it-IT"}]}},"_links":{"self":[{"href":"https:\/\/www.amarosvedese.it\/it\/wp-json\/wp\/v2\/product\/3357","targetHints":{"allow":["GET"]}}],"collection":[{"href":"https:\/\/www.amarosvedese.it\/it\/wp-json\/wp\/v2\/product"}],"about":[{"href":"https:\/\/www.amarosvedese.it\/it\/wp-json\/wp\/v2\/types\/product"}],"replies":[{"embeddable":true,"href":"https:\/\/www.amarosvedese.it\/it\/wp-json\/wp\/v2\/comments?post=3357"}],"wp:featuredmedia":[{"embeddable":true,"href":"https:\/\/www.amarosvedese.it\/it\/wp-json\/wp\/v2\/media\/3335"}],"wp:attachment":[{"href":"https:\/\/www.amarosvedese.it\/it\/wp-json\/wp\/v2\/media?parent=3357"}],"wp:term":[{"taxonomy":"product_brand","embeddable":true,"href":"https:\/\/www.amarosvedese.it\/it\/wp-json\/wp\/v2\/product_brand?post=3357"},{"taxonomy":"product_cat","embeddable":true,"href":"https:\/\/www.amarosvedese.it\/it\/wp-json\/wp\/v2\/product_cat?post=3357"},{"taxonomy":"product_tag","embeddable":true,"href":"https:\/\/www.amarosvedese.it\/it\/wp-json\/wp\/v2\/product_tag?post=3357"},{"taxonomy":"giftcard-category","embeddable":true,"href":"https:\/\/www.amarosvedese.it\/it\/wp-json\/wp\/v2\/giftcard-category?post=3357"}],"curies":[{"name":"wp","href":"https:\/\/api.w.org\/{rel}","templated":true}]}}