{"id":3381,"date":"2008-05-09T12:45:10","date_gmt":"2008-05-09T10:45:10","guid":{"rendered":"https:\/\/www.amarosvedese.it\/prodotto\/ononide-radice-tt-ononis-spinosa-100-gr\/"},"modified":"2025-09-06T09:15:10","modified_gmt":"2025-09-06T07:15:10","slug":"ononide-radice-taglio-tisana-ononis-spinosa","status":"publish","type":"product","link":"https:\/\/www.amarosvedese.it\/it\/prodotto\/ononide-radice-taglio-tisana-ononis-spinosa\/","title":{"rendered":"Ononide radice taglio tisana (Ononis spinosa)"},"content":{"rendered":"<p><strong>Radice in taglio tisana di Ononide (Ononis spinosa)<\/strong><\/p>\n<p data-start=\"56\" data-end=\"294\">L&#8217;Ononide \u00e8 tradizionalmente utilizzata per il suo effetto di supporto alle vie urinarie e per le sue propriet\u00e0 diuretiche.<\/p>\n<p data-start=\"56\" data-end=\"294\">La radice \u00e8 nota anche per il suo potenziale nel favorire la digestione e per le sue propriet\u00e0 antinfiammatorie.<\/p>\n<p data-start=\"296\" data-end=\"503\" data-is-last-node=\"\" data-is-only-node=\"\">Per preparare una tisana, aggiungere 1-2 cucchiaini di radice in una tazza di acqua bollente, lasciare in infusione per 10-15 minuti, filtrare e bere.<\/p>\n<p data-start=\"296\" data-end=\"503\" data-is-last-node=\"\" data-is-only-node=\"\">\u00c8 consigliabile consumare la tisana 1-2 volte al giorno.<\/p>\n","protected":false},"excerpt":{"rendered":"<p>Radice in taglio tisana di Ononide (Ononis spinosa) L&#8217;Ononide \u00e8 tradizionalmente utilizzata per il suo effetto di supporto alle vie urinarie e per le sue propriet\u00e0 diuretiche. La radice \u00e8 nota anche per il suo potenziale nel favorire la digestione e per le sue propriet\u00e0&#8230;<\/p>\n","protected":false},"featured_media":100000050903,"comment_status":"closed","ping_status":"closed","template":"","meta":{"_acf_changed":false},"product_brand":[],"product_cat":[392],"product_tag":[162,430,431,65,432],"giftcard-category":[],"class_list":{"0":"post-3381","1":"product","2":"type-product","3":"status-publish","4":"has-post-thumbnail","6":"product_cat-erbe-o-p-q","7":"product_tag-gr-2","8":"product_tag-ononide","9":"product_tag-ononis","10":"product_tag-radice","11":"product_tag-spinosa","13":"first","14":"outofstock","15":"taxable","16":"shipping-taxable","17":"product-type-variable"},"acf":[],"yoast_head":"<!-- This site is optimized with the Yoast SEO plugin v24.9 - https:\/\/yoast.com\/wordpress\/plugins\/seo\/ -->\n<title>ONONIDE RADICE TT ( ONONIS SPINOSA ) - 100 gr.<\/title>\n<meta name=\"robots\" content=\"index, follow, max-snippet:-1, max-image-preview:large, max-video-preview:-1\" \/>\n<link rel=\"canonical\" href=\"https:\/\/www.amarosvedese.it\/it\/prodotto\/ononide-radice-taglio-tisana-ononis-spinosa\/\" \/>\n<meta property=\"og:locale\" content=\"it_IT\" \/>\n<meta property=\"og:type\" content=\"article\" \/>\n<meta property=\"og:title\" content=\"ONONIDE RADICE TT ( ONONIS SPINOSA ) - 100 gr.\" \/>\n<meta property=\"og:description\" content=\"Radice in taglio tisana di Ononide (Ononis spinosa) L&#8217;Ononide \u00e8 tradizionalmente utilizzata per il suo effetto di supporto alle vie urinarie e per le sue propriet\u00e0 diuretiche. La radice \u00e8 nota anche per il suo potenziale nel favorire la digestione e per le sue propriet\u00e0...\" \/>\n<meta property=\"og:url\" content=\"https:\/\/www.amarosvedese.it\/it\/prodotto\/ononide-radice-taglio-tisana-ononis-spinosa\/\" \/>\n<meta property=\"og:site_name\" content=\"Amaro Svedese\" \/>\n<meta property=\"article:modified_time\" content=\"2025-09-06T07:15:10+00:00\" \/>\n<meta property=\"og:image\" content=\"https:\/\/www.amarosvedese.it\/wp-content\/uploads\/sites\/3\/2020\/01\/products-00001716.jpg\" \/>\n\t<meta property=\"og:image:width\" content=\"350\" \/>\n\t<meta property=\"og:image:height\" content=\"458\" \/>\n\t<meta property=\"og:image:type\" content=\"image\/jpeg\" \/>\n<meta name=\"twitter:card\" content=\"summary_large_image\" \/>\n<meta name=\"twitter:label1\" content=\"Tempo di lettura stimato\" \/>\n\t<meta name=\"twitter:data1\" content=\"1 minuto\" \/>\n<script type=\"application\/ld+json\" class=\"yoast-schema-graph\">{\"@context\":\"https:\/\/schema.org\",\"@graph\":[{\"@type\":\"WebPage\",\"@id\":\"https:\/\/www.amarosvedese.it\/it\/prodotto\/ononide-radice-taglio-tisana-ononis-spinosa\/\",\"url\":\"https:\/\/www.amarosvedese.it\/it\/prodotto\/ononide-radice-taglio-tisana-ononis-spinosa\/\",\"name\":\"ONONIDE RADICE TT ( ONONIS SPINOSA ) - 100 gr.\",\"isPartOf\":{\"@id\":\"https:\/\/www.amarosvedese.it\/it\/#website\"},\"primaryImageOfPage\":{\"@id\":\"https:\/\/www.amarosvedese.it\/it\/prodotto\/ononide-radice-taglio-tisana-ononis-spinosa\/#primaryimage\"},\"image\":{\"@id\":\"https:\/\/www.amarosvedese.it\/it\/prodotto\/ononide-radice-taglio-tisana-ononis-spinosa\/#primaryimage\"},\"thumbnailUrl\":\"https:\/\/www.amarosvedese.it\/wp-content\/uploads\/2019\/01\/products-00001716.jpg\",\"datePublished\":\"2008-05-09T10:45:10+00:00\",\"dateModified\":\"2025-09-06T07:15:10+00:00\",\"breadcrumb\":{\"@id\":\"https:\/\/www.amarosvedese.it\/it\/prodotto\/ononide-radice-taglio-tisana-ononis-spinosa\/#breadcrumb\"},\"inLanguage\":\"it-IT\",\"potentialAction\":[{\"@type\":\"ReadAction\",\"target\":[\"https:\/\/www.amarosvedese.it\/it\/prodotto\/ononide-radice-taglio-tisana-ononis-spinosa\/\"]}]},{\"@type\":\"ImageObject\",\"inLanguage\":\"it-IT\",\"@id\":\"https:\/\/www.amarosvedese.it\/it\/prodotto\/ononide-radice-taglio-tisana-ononis-spinosa\/#primaryimage\",\"url\":\"https:\/\/www.amarosvedese.it\/wp-content\/uploads\/2019\/01\/products-00001716.jpg\",\"contentUrl\":\"https:\/\/www.amarosvedese.it\/wp-content\/uploads\/2019\/01\/products-00001716.jpg\"},{\"@type\":\"BreadcrumbList\",\"@id\":\"https:\/\/www.amarosvedese.it\/it\/prodotto\/ononide-radice-taglio-tisana-ononis-spinosa\/#breadcrumb\",\"itemListElement\":[{\"@type\":\"ListItem\",\"position\":1,\"name\":\"Home\",\"item\":\"https:\/\/www.amarosvedese.it\/it\/\"},{\"@type\":\"ListItem\",\"position\":2,\"name\":\"Prodotti\",\"item\":\"https:\/\/www.amarosvedese.it\/it\/shop\/\"},{\"@type\":\"ListItem\",\"position\":3,\"name\":\"Ononide radice taglio tisana (Ononis spinosa)\"}]},{\"@type\":\"WebSite\",\"@id\":\"https:\/\/www.amarosvedese.it\/it\/#website\",\"url\":\"https:\/\/www.amarosvedese.it\/it\/\",\"name\":\"Amaro Svedese\",\"description\":\"di Erboristeria Demetra\",\"potentialAction\":[{\"@type\":\"SearchAction\",\"target\":{\"@type\":\"EntryPoint\",\"urlTemplate\":\"https:\/\/www.amarosvedese.it\/it\/?s={search_term_string}\"},\"query-input\":{\"@type\":\"PropertyValueSpecification\",\"valueRequired\":true,\"valueName\":\"search_term_string\"}}],\"inLanguage\":\"it-IT\"}]}<\/script>\n<!-- \/ Yoast SEO plugin. -->","yoast_head_json":{"title":"ONONIDE RADICE TT ( ONONIS SPINOSA ) - 100 gr.","robots":{"index":"index","follow":"follow","max-snippet":"max-snippet:-1","max-image-preview":"max-image-preview:large","max-video-preview":"max-video-preview:-1"},"canonical":"https:\/\/www.amarosvedese.it\/it\/prodotto\/ononide-radice-taglio-tisana-ononis-spinosa\/","og_locale":"it_IT","og_type":"article","og_title":"ONONIDE RADICE TT ( ONONIS SPINOSA ) - 100 gr.","og_description":"Radice in taglio tisana di Ononide (Ononis spinosa) L&#8217;Ononide \u00e8 tradizionalmente utilizzata per il suo effetto di supporto alle vie urinarie e per le sue propriet\u00e0 diuretiche. La radice \u00e8 nota anche per il suo potenziale nel favorire la digestione e per le sue propriet\u00e0...","og_url":"https:\/\/www.amarosvedese.it\/it\/prodotto\/ononide-radice-taglio-tisana-ononis-spinosa\/","og_site_name":"Amaro Svedese","article_modified_time":"2025-09-06T07:15:10+00:00","og_image":[{"width":350,"height":458,"url":"https:\/\/www.amarosvedese.it\/wp-content\/uploads\/sites\/3\/2020\/01\/products-00001716.jpg","type":"image\/jpeg"}],"twitter_card":"summary_large_image","twitter_misc":{"Tempo di lettura stimato":"1 minuto"},"schema":{"@context":"https:\/\/schema.org","@graph":[{"@type":"WebPage","@id":"https:\/\/www.amarosvedese.it\/it\/prodotto\/ononide-radice-taglio-tisana-ononis-spinosa\/","url":"https:\/\/www.amarosvedese.it\/it\/prodotto\/ononide-radice-taglio-tisana-ononis-spinosa\/","name":"ONONIDE RADICE TT ( ONONIS SPINOSA ) - 100 gr.","isPartOf":{"@id":"https:\/\/www.amarosvedese.it\/it\/#website"},"primaryImageOfPage":{"@id":"https:\/\/www.amarosvedese.it\/it\/prodotto\/ononide-radice-taglio-tisana-ononis-spinosa\/#primaryimage"},"image":{"@id":"https:\/\/www.amarosvedese.it\/it\/prodotto\/ononide-radice-taglio-tisana-ononis-spinosa\/#primaryimage"},"thumbnailUrl":"https:\/\/www.amarosvedese.it\/wp-content\/uploads\/2019\/01\/products-00001716.jpg","datePublished":"2008-05-09T10:45:10+00:00","dateModified":"2025-09-06T07:15:10+00:00","breadcrumb":{"@id":"https:\/\/www.amarosvedese.it\/it\/prodotto\/ononide-radice-taglio-tisana-ononis-spinosa\/#breadcrumb"},"inLanguage":"it-IT","potentialAction":[{"@type":"ReadAction","target":["https:\/\/www.amarosvedese.it\/it\/prodotto\/ononide-radice-taglio-tisana-ononis-spinosa\/"]}]},{"@type":"ImageObject","inLanguage":"it-IT","@id":"https:\/\/www.amarosvedese.it\/it\/prodotto\/ononide-radice-taglio-tisana-ononis-spinosa\/#primaryimage","url":"https:\/\/www.amarosvedese.it\/wp-content\/uploads\/2019\/01\/products-00001716.jpg","contentUrl":"https:\/\/www.amarosvedese.it\/wp-content\/uploads\/2019\/01\/products-00001716.jpg"},{"@type":"BreadcrumbList","@id":"https:\/\/www.amarosvedese.it\/it\/prodotto\/ononide-radice-taglio-tisana-ononis-spinosa\/#breadcrumb","itemListElement":[{"@type":"ListItem","position":1,"name":"Home","item":"https:\/\/www.amarosvedese.it\/it\/"},{"@type":"ListItem","position":2,"name":"Prodotti","item":"https:\/\/www.amarosvedese.it\/it\/shop\/"},{"@type":"ListItem","position":3,"name":"Ononide radice taglio tisana (Ononis spinosa)"}]},{"@type":"WebSite","@id":"https:\/\/www.amarosvedese.it\/it\/#website","url":"https:\/\/www.amarosvedese.it\/it\/","name":"Amaro Svedese","description":"di Erboristeria Demetra","potentialAction":[{"@type":"SearchAction","target":{"@type":"EntryPoint","urlTemplate":"https:\/\/www.amarosvedese.it\/it\/?s={search_term_string}"},"query-input":{"@type":"PropertyValueSpecification","valueRequired":true,"valueName":"search_term_string"}}],"inLanguage":"it-IT"}]}},"_links":{"self":[{"href":"https:\/\/www.amarosvedese.it\/it\/wp-json\/wp\/v2\/product\/3381","targetHints":{"allow":["GET"]}}],"collection":[{"href":"https:\/\/www.amarosvedese.it\/it\/wp-json\/wp\/v2\/product"}],"about":[{"href":"https:\/\/www.amarosvedese.it\/it\/wp-json\/wp\/v2\/types\/product"}],"replies":[{"embeddable":true,"href":"https:\/\/www.amarosvedese.it\/it\/wp-json\/wp\/v2\/comments?post=3381"}],"wp:featuredmedia":[{"embeddable":true,"href":"https:\/\/www.amarosvedese.it\/it\/wp-json\/"}],"wp:attachment":[{"href":"https:\/\/www.amarosvedese.it\/it\/wp-json\/wp\/v2\/media?parent=3381"}],"wp:term":[{"taxonomy":"product_brand","embeddable":true,"href":"https:\/\/www.amarosvedese.it\/it\/wp-json\/wp\/v2\/product_brand?post=3381"},{"taxonomy":"product_cat","embeddable":true,"href":"https:\/\/www.amarosvedese.it\/it\/wp-json\/wp\/v2\/product_cat?post=3381"},{"taxonomy":"product_tag","embeddable":true,"href":"https:\/\/www.amarosvedese.it\/it\/wp-json\/wp\/v2\/product_tag?post=3381"},{"taxonomy":"giftcard-category","embeddable":true,"href":"https:\/\/www.amarosvedese.it\/it\/wp-json\/wp\/v2\/giftcard-category?post=3381"}],"curies":[{"name":"wp","href":"https:\/\/api.w.org\/{rel}","templated":true}]}}