{"id":3386,"date":"2008-05-09T12:45:10","date_gmt":"2008-05-09T10:45:10","guid":{"rendered":"https:\/\/www.amarosvedese.it\/prodotto\/pepe-nero-intero-piper-nigrum-100-gr\/"},"modified":"2025-05-12T09:31:27","modified_gmt":"2025-05-12T07:31:27","slug":"pepe-nero-grani-interi-piper-nigrum","status":"publish","type":"product","link":"https:\/\/www.amarosvedese.it\/it\/prodotto\/pepe-nero-grani-interi-piper-nigrum\/","title":{"rendered":"Pepe Nero grani interi (Piper nigrum)"},"content":{"rendered":"<p><strong>Grani interi di Pepe nero (Piper nigrum)<\/strong><\/p>\n<p data-start=\"43\" data-end=\"313\">Il pepe nero \u00e8 il condimento pi\u00f9 utilizzato a livello globale grazie al suo aroma pungente e saporito.<\/p>\n<p data-start=\"43\" data-end=\"313\">\u00c8 perfetto per insaporire una vasta gamma di piatti, come carni, zuppe, salse, verdure e piatti a base di riso.<\/p>\n<p data-start=\"43\" data-end=\"313\">Il pepe nero ha anche propriet\u00e0 digestive e stimolanti.<\/p>\n<p data-start=\"315\" data-end=\"499\" data-is-last-node=\"\" data-is-only-node=\"\"><strong>Modalit\u00e0 d&#8217;uso<\/strong><\/p>\n<p data-start=\"315\" data-end=\"499\" data-is-last-node=\"\" data-is-only-node=\"\">Utilizzare i grani interi nel macinapepe per sprigionare il massimo del suo aroma, o schiacciarli e aggiungerli direttamente durante la cottura o al momento di servire.<\/p>\n","protected":false},"excerpt":{"rendered":"<p>Grani interi di Pepe nero (Piper nigrum) Il pepe nero \u00e8 il condimento pi\u00f9 utilizzato a livello globale grazie al suo aroma pungente e saporito. \u00c8 perfetto per insaporire una vasta gamma di piatti, come carni, zuppe, salse, verdure e piatti a base di riso&#8230;.<\/p>\n","protected":false},"featured_media":655,"comment_status":"closed","ping_status":"closed","template":"","meta":{"_acf_changed":false},"product_brand":[],"product_cat":[392,68],"product_tag":[162,213,399,412,400,413],"giftcard-category":[],"class_list":{"0":"post-3386","1":"product","2":"type-product","3":"status-publish","4":"has-post-thumbnail","6":"product_cat-erbe-o-p-q","7":"product_cat-spezie-e-aromi-per-cucina","8":"product_tag-gr-2","9":"product_tag-intero","10":"product_tag-nero-2","11":"product_tag-nigrum","12":"product_tag-pepe-2","13":"product_tag-piper","15":"first","16":"instock","17":"sale","18":"taxable","19":"shipping-taxable","20":"purchasable","21":"product-type-variable","22":"has-default-attributes"},"acf":[],"yoast_head":"<!-- This site is optimized with the Yoast SEO plugin v24.9 - https:\/\/yoast.com\/wordpress\/plugins\/seo\/ -->\n<title>PEPE NERO INTERO ( PIPER NIGRUM) - 100 gr.<\/title>\n<meta name=\"robots\" content=\"index, follow, max-snippet:-1, max-image-preview:large, max-video-preview:-1\" \/>\n<link rel=\"canonical\" href=\"https:\/\/www.amarosvedese.it\/it\/prodotto\/pepe-nero-grani-interi-piper-nigrum\/\" \/>\n<meta property=\"og:locale\" content=\"it_IT\" \/>\n<meta property=\"og:type\" content=\"article\" \/>\n<meta property=\"og:title\" content=\"PEPE NERO INTERO ( PIPER NIGRUM) - 100 gr.\" \/>\n<meta property=\"og:description\" content=\"Grani interi di Pepe nero (Piper nigrum) Il pepe nero \u00e8 il condimento pi\u00f9 utilizzato a livello globale grazie al suo aroma pungente e saporito. \u00c8 perfetto per insaporire una vasta gamma di piatti, come carni, zuppe, salse, verdure e piatti a base di riso....\" \/>\n<meta property=\"og:url\" content=\"https:\/\/www.amarosvedese.it\/it\/prodotto\/pepe-nero-grani-interi-piper-nigrum\/\" \/>\n<meta property=\"og:site_name\" content=\"Amaro Svedese\" \/>\n<meta property=\"article:modified_time\" content=\"2025-05-12T07:31:27+00:00\" \/>\n<meta property=\"og:image\" content=\"https:\/\/www.amarosvedese.it\/wp-content\/uploads\/sites\/3\/2020\/01\/products-00001716.jpg\" \/>\n\t<meta property=\"og:image:width\" content=\"350\" \/>\n\t<meta property=\"og:image:height\" content=\"458\" \/>\n\t<meta property=\"og:image:type\" content=\"image\/jpeg\" \/>\n<meta name=\"twitter:card\" content=\"summary_large_image\" \/>\n<meta name=\"twitter:label1\" content=\"Tempo di lettura stimato\" \/>\n\t<meta name=\"twitter:data1\" content=\"1 minuto\" \/>\n<script type=\"application\/ld+json\" class=\"yoast-schema-graph\">{\"@context\":\"https:\/\/schema.org\",\"@graph\":[{\"@type\":\"WebPage\",\"@id\":\"https:\/\/www.amarosvedese.it\/it\/prodotto\/pepe-nero-grani-interi-piper-nigrum\/\",\"url\":\"https:\/\/www.amarosvedese.it\/it\/prodotto\/pepe-nero-grani-interi-piper-nigrum\/\",\"name\":\"PEPE NERO INTERO ( PIPER NIGRUM) - 100 gr.\",\"isPartOf\":{\"@id\":\"https:\/\/www.amarosvedese.it\/it\/#website\"},\"primaryImageOfPage\":{\"@id\":\"https:\/\/www.amarosvedese.it\/it\/prodotto\/pepe-nero-grani-interi-piper-nigrum\/#primaryimage\"},\"image\":{\"@id\":\"https:\/\/www.amarosvedese.it\/it\/prodotto\/pepe-nero-grani-interi-piper-nigrum\/#primaryimage\"},\"thumbnailUrl\":\"https:\/\/www.amarosvedese.it\/wp-content\/uploads\/sites\/3\/2020\/01\/products-00001716.jpg\",\"datePublished\":\"2008-05-09T10:45:10+00:00\",\"dateModified\":\"2025-05-12T07:31:27+00:00\",\"breadcrumb\":{\"@id\":\"https:\/\/www.amarosvedese.it\/it\/prodotto\/pepe-nero-grani-interi-piper-nigrum\/#breadcrumb\"},\"inLanguage\":\"it-IT\",\"potentialAction\":[{\"@type\":\"ReadAction\",\"target\":[\"https:\/\/www.amarosvedese.it\/it\/prodotto\/pepe-nero-grani-interi-piper-nigrum\/\"]}]},{\"@type\":\"ImageObject\",\"inLanguage\":\"it-IT\",\"@id\":\"https:\/\/www.amarosvedese.it\/it\/prodotto\/pepe-nero-grani-interi-piper-nigrum\/#primaryimage\",\"url\":\"https:\/\/www.amarosvedese.it\/wp-content\/uploads\/sites\/3\/2020\/01\/products-00001716.jpg\",\"contentUrl\":\"https:\/\/www.amarosvedese.it\/wp-content\/uploads\/sites\/3\/2020\/01\/products-00001716.jpg\",\"width\":350,\"height\":458,\"caption\":\"FRASSINO FOGLIE TT ( FRAXINUS EXCELSIOR)\"},{\"@type\":\"BreadcrumbList\",\"@id\":\"https:\/\/www.amarosvedese.it\/it\/prodotto\/pepe-nero-grani-interi-piper-nigrum\/#breadcrumb\",\"itemListElement\":[{\"@type\":\"ListItem\",\"position\":1,\"name\":\"Home\",\"item\":\"https:\/\/www.amarosvedese.it\/it\/\"},{\"@type\":\"ListItem\",\"position\":2,\"name\":\"Prodotti\",\"item\":\"https:\/\/www.amarosvedese.it\/it\/shop\/\"},{\"@type\":\"ListItem\",\"position\":3,\"name\":\"Pepe Nero grani interi (Piper nigrum)\"}]},{\"@type\":\"WebSite\",\"@id\":\"https:\/\/www.amarosvedese.it\/it\/#website\",\"url\":\"https:\/\/www.amarosvedese.it\/it\/\",\"name\":\"Amaro Svedese\",\"description\":\"di Erboristeria Demetra\",\"potentialAction\":[{\"@type\":\"SearchAction\",\"target\":{\"@type\":\"EntryPoint\",\"urlTemplate\":\"https:\/\/www.amarosvedese.it\/it\/?s={search_term_string}\"},\"query-input\":{\"@type\":\"PropertyValueSpecification\",\"valueRequired\":true,\"valueName\":\"search_term_string\"}}],\"inLanguage\":\"it-IT\"}]}<\/script>\n<!-- \/ Yoast SEO plugin. -->","yoast_head_json":{"title":"PEPE NERO INTERO ( PIPER NIGRUM) - 100 gr.","robots":{"index":"index","follow":"follow","max-snippet":"max-snippet:-1","max-image-preview":"max-image-preview:large","max-video-preview":"max-video-preview:-1"},"canonical":"https:\/\/www.amarosvedese.it\/it\/prodotto\/pepe-nero-grani-interi-piper-nigrum\/","og_locale":"it_IT","og_type":"article","og_title":"PEPE NERO INTERO ( PIPER NIGRUM) - 100 gr.","og_description":"Grani interi di Pepe nero (Piper nigrum) Il pepe nero \u00e8 il condimento pi\u00f9 utilizzato a livello globale grazie al suo aroma pungente e saporito. \u00c8 perfetto per insaporire una vasta gamma di piatti, come carni, zuppe, salse, verdure e piatti a base di riso....","og_url":"https:\/\/www.amarosvedese.it\/it\/prodotto\/pepe-nero-grani-interi-piper-nigrum\/","og_site_name":"Amaro Svedese","article_modified_time":"2025-05-12T07:31:27+00:00","og_image":[{"width":350,"height":458,"url":"https:\/\/www.amarosvedese.it\/wp-content\/uploads\/sites\/3\/2020\/01\/products-00001716.jpg","type":"image\/jpeg"}],"twitter_card":"summary_large_image","twitter_misc":{"Tempo di lettura stimato":"1 minuto"},"schema":{"@context":"https:\/\/schema.org","@graph":[{"@type":"WebPage","@id":"https:\/\/www.amarosvedese.it\/it\/prodotto\/pepe-nero-grani-interi-piper-nigrum\/","url":"https:\/\/www.amarosvedese.it\/it\/prodotto\/pepe-nero-grani-interi-piper-nigrum\/","name":"PEPE NERO INTERO ( PIPER NIGRUM) - 100 gr.","isPartOf":{"@id":"https:\/\/www.amarosvedese.it\/it\/#website"},"primaryImageOfPage":{"@id":"https:\/\/www.amarosvedese.it\/it\/prodotto\/pepe-nero-grani-interi-piper-nigrum\/#primaryimage"},"image":{"@id":"https:\/\/www.amarosvedese.it\/it\/prodotto\/pepe-nero-grani-interi-piper-nigrum\/#primaryimage"},"thumbnailUrl":"https:\/\/www.amarosvedese.it\/wp-content\/uploads\/sites\/3\/2020\/01\/products-00001716.jpg","datePublished":"2008-05-09T10:45:10+00:00","dateModified":"2025-05-12T07:31:27+00:00","breadcrumb":{"@id":"https:\/\/www.amarosvedese.it\/it\/prodotto\/pepe-nero-grani-interi-piper-nigrum\/#breadcrumb"},"inLanguage":"it-IT","potentialAction":[{"@type":"ReadAction","target":["https:\/\/www.amarosvedese.it\/it\/prodotto\/pepe-nero-grani-interi-piper-nigrum\/"]}]},{"@type":"ImageObject","inLanguage":"it-IT","@id":"https:\/\/www.amarosvedese.it\/it\/prodotto\/pepe-nero-grani-interi-piper-nigrum\/#primaryimage","url":"https:\/\/www.amarosvedese.it\/wp-content\/uploads\/sites\/3\/2020\/01\/products-00001716.jpg","contentUrl":"https:\/\/www.amarosvedese.it\/wp-content\/uploads\/sites\/3\/2020\/01\/products-00001716.jpg","width":350,"height":458,"caption":"FRASSINO FOGLIE TT ( FRAXINUS EXCELSIOR)"},{"@type":"BreadcrumbList","@id":"https:\/\/www.amarosvedese.it\/it\/prodotto\/pepe-nero-grani-interi-piper-nigrum\/#breadcrumb","itemListElement":[{"@type":"ListItem","position":1,"name":"Home","item":"https:\/\/www.amarosvedese.it\/it\/"},{"@type":"ListItem","position":2,"name":"Prodotti","item":"https:\/\/www.amarosvedese.it\/it\/shop\/"},{"@type":"ListItem","position":3,"name":"Pepe Nero grani interi (Piper nigrum)"}]},{"@type":"WebSite","@id":"https:\/\/www.amarosvedese.it\/it\/#website","url":"https:\/\/www.amarosvedese.it\/it\/","name":"Amaro Svedese","description":"di Erboristeria Demetra","potentialAction":[{"@type":"SearchAction","target":{"@type":"EntryPoint","urlTemplate":"https:\/\/www.amarosvedese.it\/it\/?s={search_term_string}"},"query-input":{"@type":"PropertyValueSpecification","valueRequired":true,"valueName":"search_term_string"}}],"inLanguage":"it-IT"}]}},"_links":{"self":[{"href":"https:\/\/www.amarosvedese.it\/it\/wp-json\/wp\/v2\/product\/3386","targetHints":{"allow":["GET"]}}],"collection":[{"href":"https:\/\/www.amarosvedese.it\/it\/wp-json\/wp\/v2\/product"}],"about":[{"href":"https:\/\/www.amarosvedese.it\/it\/wp-json\/wp\/v2\/types\/product"}],"replies":[{"embeddable":true,"href":"https:\/\/www.amarosvedese.it\/it\/wp-json\/wp\/v2\/comments?post=3386"}],"wp:featuredmedia":[{"embeddable":true,"href":"https:\/\/www.amarosvedese.it\/it\/wp-json\/wp\/v2\/media\/655"}],"wp:attachment":[{"href":"https:\/\/www.amarosvedese.it\/it\/wp-json\/wp\/v2\/media?parent=3386"}],"wp:term":[{"taxonomy":"product_brand","embeddable":true,"href":"https:\/\/www.amarosvedese.it\/it\/wp-json\/wp\/v2\/product_brand?post=3386"},{"taxonomy":"product_cat","embeddable":true,"href":"https:\/\/www.amarosvedese.it\/it\/wp-json\/wp\/v2\/product_cat?post=3386"},{"taxonomy":"product_tag","embeddable":true,"href":"https:\/\/www.amarosvedese.it\/it\/wp-json\/wp\/v2\/product_tag?post=3386"},{"taxonomy":"giftcard-category","embeddable":true,"href":"https:\/\/www.amarosvedese.it\/it\/wp-json\/wp\/v2\/giftcard-category?post=3386"}],"curies":[{"name":"wp","href":"https:\/\/api.w.org\/{rel}","templated":true}]}}