{"id":3388,"date":"2008-05-09T10:45:24","date_gmt":"2008-05-09T08:45:24","guid":{"rendered":"https:\/\/www.amarosvedese.it\/prodotto\/fucus-vesiculosus-quercia-marina-100-gr\/"},"modified":"2025-05-12T09:31:34","modified_gmt":"2025-05-12T07:31:34","slug":"fucus-vesiculosus-o-alga-bruna-o-quercia-marina","status":"publish","type":"product","link":"https:\/\/www.amarosvedese.it\/it\/prodotto\/fucus-vesiculosus-o-alga-bruna-o-quercia-marina\/","title":{"rendered":"Fucus vesiculosus o Alga Bruna o Quercia Marina"},"content":{"rendered":"<p><strong>Tallo in taglio tisana di Fucus (Fucus vesiculosus) chiamato anche Quercia Marina o Alga bruna o Fuco<\/strong><\/p>\n<p data-start=\"0\" data-end=\"432\">Il tallo in taglio tisana di Fucus (Fucus vesiculosus), conosciuto anche come Quercia Marina, Alga bruna o Fuco, \u00e8 una pianta marina ricca di iodio e minerali, ed \u00e8 utilizzata tradizionalmente per favorire il benessere del sistema metabolico e delle funzioni tiroidee.<\/p>\n<p data-start=\"0\" data-end=\"432\">Il Fucus \u00e8 noto per le sue propriet\u00e0 depurative e stimolanti, e pu\u00f2 essere utile in caso di sovrappeso o ritenzione idrica, poich\u00e9 agisce favorendo il metabolismo.<\/p>\n<p data-start=\"434\" data-end=\"838\" data-is-last-node=\"\" data-is-only-node=\"\"><strong>Modalit\u00e0 d&#8217;uso<\/strong><\/p>\n<p data-start=\"434\" data-end=\"838\" data-is-last-node=\"\" data-is-only-node=\"\">Si consiglia di preparare una tisana con il Fucus, utilizzando circa 1-2 cucchiaini di tallo per tazza d&#8217;acqua.<\/p>\n<p data-start=\"434\" data-end=\"838\" data-is-last-node=\"\" data-is-only-node=\"\">L&#8217;infusione va lasciata in ammollo per circa 5-10 minuti.<\/p>\n<p data-start=\"434\" data-end=\"838\" data-is-last-node=\"\" data-is-only-node=\"\">Si pu\u00f2 consumare 1-2 volte al giorno, preferibilmente lontano dai pasti.<\/p>\n<p data-start=\"434\" data-end=\"838\" data-is-last-node=\"\" data-is-only-node=\"\">\u00c8 importante non superare le dosi consigliate, in quanto l&#8217;elevato contenuto di iodio potrebbe causare effetti collaterali se assunto in eccesso.<\/p>\n","protected":false},"excerpt":{"rendered":"<p>Tallo in taglio tisana di Fucus (Fucus vesiculosus) chiamato anche Quercia Marina o Alga bruna o Fuco Il tallo in taglio tisana di Fucus (Fucus vesiculosus), conosciuto anche come Quercia Marina, Alga bruna o Fuco, \u00e8 una pianta marina ricca di iodio e minerali, ed&#8230;<\/p>\n","protected":false},"featured_media":655,"comment_status":"closed","ping_status":"closed","template":"","meta":{"_acf_changed":false},"product_brand":[],"product_cat":[392],"product_tag":[441,162,442,424,443,444],"giftcard-category":[],"class_list":{"0":"post-3388","1":"product","2":"type-product","3":"status-publish","4":"has-post-thumbnail","6":"product_cat-erbe-o-p-q","7":"product_tag-fucus","8":"product_tag-gr-2","9":"product_tag-marina","10":"product_tag-quercia","11":"product_tag-vesic","12":"product_tag-vesiculosus","14":"first","15":"instock","16":"sale","17":"taxable","18":"shipping-taxable","19":"purchasable","20":"product-type-variable","21":"has-default-attributes"},"acf":[],"yoast_head":"<!-- This site is optimized with the Yoast SEO plugin v24.9 - https:\/\/yoast.com\/wordpress\/plugins\/seo\/ -->\n<title>FUCUS VESICULOSUS - QUERCIA MARINA - 100 gr.<\/title>\n<meta name=\"robots\" content=\"index, follow, max-snippet:-1, max-image-preview:large, max-video-preview:-1\" \/>\n<link rel=\"canonical\" href=\"https:\/\/www.amarosvedese.it\/it\/prodotto\/fucus-vesiculosus-o-alga-bruna-o-quercia-marina\/\" \/>\n<meta property=\"og:locale\" content=\"it_IT\" \/>\n<meta property=\"og:type\" content=\"article\" \/>\n<meta property=\"og:title\" content=\"FUCUS VESICULOSUS - QUERCIA MARINA - 100 gr.\" \/>\n<meta property=\"og:description\" content=\"Tallo in taglio tisana di Fucus (Fucus vesiculosus) chiamato anche Quercia Marina o Alga bruna o Fuco Il tallo in taglio tisana di Fucus (Fucus vesiculosus), conosciuto anche come Quercia Marina, Alga bruna o Fuco, \u00e8 una pianta marina ricca di iodio e minerali, ed...\" \/>\n<meta property=\"og:url\" content=\"https:\/\/www.amarosvedese.it\/it\/prodotto\/fucus-vesiculosus-o-alga-bruna-o-quercia-marina\/\" \/>\n<meta property=\"og:site_name\" content=\"Amaro Svedese\" \/>\n<meta property=\"article:modified_time\" content=\"2025-05-12T07:31:34+00:00\" \/>\n<meta property=\"og:image\" content=\"https:\/\/www.amarosvedese.it\/wp-content\/uploads\/sites\/3\/2020\/01\/products-00001716.jpg\" \/>\n\t<meta property=\"og:image:width\" content=\"350\" \/>\n\t<meta property=\"og:image:height\" content=\"458\" \/>\n\t<meta property=\"og:image:type\" content=\"image\/jpeg\" \/>\n<meta name=\"twitter:card\" content=\"summary_large_image\" \/>\n<meta name=\"twitter:label1\" content=\"Tempo di lettura stimato\" \/>\n\t<meta name=\"twitter:data1\" content=\"1 minuto\" \/>\n<script type=\"application\/ld+json\" class=\"yoast-schema-graph\">{\"@context\":\"https:\/\/schema.org\",\"@graph\":[{\"@type\":\"WebPage\",\"@id\":\"https:\/\/www.amarosvedese.it\/it\/prodotto\/fucus-vesiculosus-o-alga-bruna-o-quercia-marina\/\",\"url\":\"https:\/\/www.amarosvedese.it\/it\/prodotto\/fucus-vesiculosus-o-alga-bruna-o-quercia-marina\/\",\"name\":\"FUCUS VESICULOSUS - QUERCIA MARINA - 100 gr.\",\"isPartOf\":{\"@id\":\"https:\/\/www.amarosvedese.it\/it\/#website\"},\"primaryImageOfPage\":{\"@id\":\"https:\/\/www.amarosvedese.it\/it\/prodotto\/fucus-vesiculosus-o-alga-bruna-o-quercia-marina\/#primaryimage\"},\"image\":{\"@id\":\"https:\/\/www.amarosvedese.it\/it\/prodotto\/fucus-vesiculosus-o-alga-bruna-o-quercia-marina\/#primaryimage\"},\"thumbnailUrl\":\"https:\/\/www.amarosvedese.it\/wp-content\/uploads\/sites\/3\/2020\/01\/products-00001716.jpg\",\"datePublished\":\"2008-05-09T08:45:24+00:00\",\"dateModified\":\"2025-05-12T07:31:34+00:00\",\"breadcrumb\":{\"@id\":\"https:\/\/www.amarosvedese.it\/it\/prodotto\/fucus-vesiculosus-o-alga-bruna-o-quercia-marina\/#breadcrumb\"},\"inLanguage\":\"it-IT\",\"potentialAction\":[{\"@type\":\"ReadAction\",\"target\":[\"https:\/\/www.amarosvedese.it\/it\/prodotto\/fucus-vesiculosus-o-alga-bruna-o-quercia-marina\/\"]}]},{\"@type\":\"ImageObject\",\"inLanguage\":\"it-IT\",\"@id\":\"https:\/\/www.amarosvedese.it\/it\/prodotto\/fucus-vesiculosus-o-alga-bruna-o-quercia-marina\/#primaryimage\",\"url\":\"https:\/\/www.amarosvedese.it\/wp-content\/uploads\/sites\/3\/2020\/01\/products-00001716.jpg\",\"contentUrl\":\"https:\/\/www.amarosvedese.it\/wp-content\/uploads\/sites\/3\/2020\/01\/products-00001716.jpg\",\"width\":350,\"height\":458,\"caption\":\"FRASSINO FOGLIE TT ( FRAXINUS EXCELSIOR)\"},{\"@type\":\"BreadcrumbList\",\"@id\":\"https:\/\/www.amarosvedese.it\/it\/prodotto\/fucus-vesiculosus-o-alga-bruna-o-quercia-marina\/#breadcrumb\",\"itemListElement\":[{\"@type\":\"ListItem\",\"position\":1,\"name\":\"Home\",\"item\":\"https:\/\/www.amarosvedese.it\/it\/\"},{\"@type\":\"ListItem\",\"position\":2,\"name\":\"Prodotti\",\"item\":\"https:\/\/www.amarosvedese.it\/it\/shop\/\"},{\"@type\":\"ListItem\",\"position\":3,\"name\":\"Fucus vesiculosus o Alga Bruna o Quercia Marina\"}]},{\"@type\":\"WebSite\",\"@id\":\"https:\/\/www.amarosvedese.it\/it\/#website\",\"url\":\"https:\/\/www.amarosvedese.it\/it\/\",\"name\":\"Amaro Svedese\",\"description\":\"di Erboristeria Demetra\",\"potentialAction\":[{\"@type\":\"SearchAction\",\"target\":{\"@type\":\"EntryPoint\",\"urlTemplate\":\"https:\/\/www.amarosvedese.it\/it\/?s={search_term_string}\"},\"query-input\":{\"@type\":\"PropertyValueSpecification\",\"valueRequired\":true,\"valueName\":\"search_term_string\"}}],\"inLanguage\":\"it-IT\"}]}<\/script>\n<!-- \/ Yoast SEO plugin. -->","yoast_head_json":{"title":"FUCUS VESICULOSUS - QUERCIA MARINA - 100 gr.","robots":{"index":"index","follow":"follow","max-snippet":"max-snippet:-1","max-image-preview":"max-image-preview:large","max-video-preview":"max-video-preview:-1"},"canonical":"https:\/\/www.amarosvedese.it\/it\/prodotto\/fucus-vesiculosus-o-alga-bruna-o-quercia-marina\/","og_locale":"it_IT","og_type":"article","og_title":"FUCUS VESICULOSUS - QUERCIA MARINA - 100 gr.","og_description":"Tallo in taglio tisana di Fucus (Fucus vesiculosus) chiamato anche Quercia Marina o Alga bruna o Fuco Il tallo in taglio tisana di Fucus (Fucus vesiculosus), conosciuto anche come Quercia Marina, Alga bruna o Fuco, \u00e8 una pianta marina ricca di iodio e minerali, ed...","og_url":"https:\/\/www.amarosvedese.it\/it\/prodotto\/fucus-vesiculosus-o-alga-bruna-o-quercia-marina\/","og_site_name":"Amaro Svedese","article_modified_time":"2025-05-12T07:31:34+00:00","og_image":[{"width":350,"height":458,"url":"https:\/\/www.amarosvedese.it\/wp-content\/uploads\/sites\/3\/2020\/01\/products-00001716.jpg","type":"image\/jpeg"}],"twitter_card":"summary_large_image","twitter_misc":{"Tempo di lettura stimato":"1 minuto"},"schema":{"@context":"https:\/\/schema.org","@graph":[{"@type":"WebPage","@id":"https:\/\/www.amarosvedese.it\/it\/prodotto\/fucus-vesiculosus-o-alga-bruna-o-quercia-marina\/","url":"https:\/\/www.amarosvedese.it\/it\/prodotto\/fucus-vesiculosus-o-alga-bruna-o-quercia-marina\/","name":"FUCUS VESICULOSUS - QUERCIA MARINA - 100 gr.","isPartOf":{"@id":"https:\/\/www.amarosvedese.it\/it\/#website"},"primaryImageOfPage":{"@id":"https:\/\/www.amarosvedese.it\/it\/prodotto\/fucus-vesiculosus-o-alga-bruna-o-quercia-marina\/#primaryimage"},"image":{"@id":"https:\/\/www.amarosvedese.it\/it\/prodotto\/fucus-vesiculosus-o-alga-bruna-o-quercia-marina\/#primaryimage"},"thumbnailUrl":"https:\/\/www.amarosvedese.it\/wp-content\/uploads\/sites\/3\/2020\/01\/products-00001716.jpg","datePublished":"2008-05-09T08:45:24+00:00","dateModified":"2025-05-12T07:31:34+00:00","breadcrumb":{"@id":"https:\/\/www.amarosvedese.it\/it\/prodotto\/fucus-vesiculosus-o-alga-bruna-o-quercia-marina\/#breadcrumb"},"inLanguage":"it-IT","potentialAction":[{"@type":"ReadAction","target":["https:\/\/www.amarosvedese.it\/it\/prodotto\/fucus-vesiculosus-o-alga-bruna-o-quercia-marina\/"]}]},{"@type":"ImageObject","inLanguage":"it-IT","@id":"https:\/\/www.amarosvedese.it\/it\/prodotto\/fucus-vesiculosus-o-alga-bruna-o-quercia-marina\/#primaryimage","url":"https:\/\/www.amarosvedese.it\/wp-content\/uploads\/sites\/3\/2020\/01\/products-00001716.jpg","contentUrl":"https:\/\/www.amarosvedese.it\/wp-content\/uploads\/sites\/3\/2020\/01\/products-00001716.jpg","width":350,"height":458,"caption":"FRASSINO FOGLIE TT ( FRAXINUS EXCELSIOR)"},{"@type":"BreadcrumbList","@id":"https:\/\/www.amarosvedese.it\/it\/prodotto\/fucus-vesiculosus-o-alga-bruna-o-quercia-marina\/#breadcrumb","itemListElement":[{"@type":"ListItem","position":1,"name":"Home","item":"https:\/\/www.amarosvedese.it\/it\/"},{"@type":"ListItem","position":2,"name":"Prodotti","item":"https:\/\/www.amarosvedese.it\/it\/shop\/"},{"@type":"ListItem","position":3,"name":"Fucus vesiculosus o Alga Bruna o Quercia Marina"}]},{"@type":"WebSite","@id":"https:\/\/www.amarosvedese.it\/it\/#website","url":"https:\/\/www.amarosvedese.it\/it\/","name":"Amaro Svedese","description":"di Erboristeria Demetra","potentialAction":[{"@type":"SearchAction","target":{"@type":"EntryPoint","urlTemplate":"https:\/\/www.amarosvedese.it\/it\/?s={search_term_string}"},"query-input":{"@type":"PropertyValueSpecification","valueRequired":true,"valueName":"search_term_string"}}],"inLanguage":"it-IT"}]}},"_links":{"self":[{"href":"https:\/\/www.amarosvedese.it\/it\/wp-json\/wp\/v2\/product\/3388","targetHints":{"allow":["GET"]}}],"collection":[{"href":"https:\/\/www.amarosvedese.it\/it\/wp-json\/wp\/v2\/product"}],"about":[{"href":"https:\/\/www.amarosvedese.it\/it\/wp-json\/wp\/v2\/types\/product"}],"replies":[{"embeddable":true,"href":"https:\/\/www.amarosvedese.it\/it\/wp-json\/wp\/v2\/comments?post=3388"}],"wp:featuredmedia":[{"embeddable":true,"href":"https:\/\/www.amarosvedese.it\/it\/wp-json\/wp\/v2\/media\/655"}],"wp:attachment":[{"href":"https:\/\/www.amarosvedese.it\/it\/wp-json\/wp\/v2\/media?parent=3388"}],"wp:term":[{"taxonomy":"product_brand","embeddable":true,"href":"https:\/\/www.amarosvedese.it\/it\/wp-json\/wp\/v2\/product_brand?post=3388"},{"taxonomy":"product_cat","embeddable":true,"href":"https:\/\/www.amarosvedese.it\/it\/wp-json\/wp\/v2\/product_cat?post=3388"},{"taxonomy":"product_tag","embeddable":true,"href":"https:\/\/www.amarosvedese.it\/it\/wp-json\/wp\/v2\/product_tag?post=3388"},{"taxonomy":"giftcard-category","embeddable":true,"href":"https:\/\/www.amarosvedese.it\/it\/wp-json\/wp\/v2\/giftcard-category?post=3388"}],"curies":[{"name":"wp","href":"https:\/\/api.w.org\/{rel}","templated":true}]}}