{"id":3608,"date":"2008-05-09T12:45:10","date_gmt":"2008-05-09T10:45:10","guid":{"rendered":"https:\/\/www.amarosvedese.it\/prodotto\/noce-moscata-myristica-fragrans-noci-intere\/"},"modified":"2025-05-12T09:31:27","modified_gmt":"2025-05-12T07:31:27","slug":"noce-moscata-myristica-fragrans-noci-intere","status":"publish","type":"product","link":"https:\/\/www.amarosvedese.it\/it\/prodotto\/noce-moscata-myristica-fragrans-noci-intere\/","title":{"rendered":"Noce moscata (Myristica fragrans) noci intere"},"content":{"rendered":"<p data-start=\"0\" data-end=\"51\"><strong>Noci intere di Noce Moscata (Myristica fragrans).<\/strong><\/p>\n<p data-start=\"53\" data-end=\"279\">La Noce Moscata \u00e8 il seme della pianta Myristica fragrans, appartenente alla famiglia delle Myristicaceae.<\/p>\n<p data-start=\"53\" data-end=\"279\">\u00c8 apprezzata per il suo aroma caldo, speziato e leggermente dolce, ampiamente utilizzato in cucina e in erboristeria.<\/p>\n<p data-start=\"281\" data-end=\"521\">Tradizionalmente, la Noce Moscata \u00e8 impiegata per favorire la digestione, stimolare l\u2019appetito e alleviare gonfiori intestinali.<\/p>\n<p data-start=\"281\" data-end=\"521\">Ha anche propriet\u00e0 rilassanti e pu\u00f2 essere utilizzata in piccole dosi per contrastare l\u2019insonnia o lo stress.<\/p>\n<p data-start=\"523\" data-end=\"719\">Si utilizza grattugiata in minime quantit\u00e0 per aromatizzare dolci, creme, salse, piatti di carne o verdure.<\/p>\n<p data-start=\"523\" data-end=\"719\">\u00c8 un ingrediente chiave della besciamella e di molte miscele di spezie, come il curry.<\/p>\n<p data-start=\"721\" data-end=\"945\" data-is-last-node=\"\" data-is-only-node=\"\">Per un infuso digestivo, si pu\u00f2 aggiungere un pizzico di Noce Moscata grattugiata a una tisana di finocchio o camomilla.<\/p>\n<p data-start=\"721\" data-end=\"945\" data-is-last-node=\"\" data-is-only-node=\"\">Tuttavia, \u00e8 importante non eccedere nelle dosi, poich\u00e9 un uso eccessivo pu\u00f2 avere effetti indesiderati.<\/p>\n","protected":false},"excerpt":{"rendered":"<p>Noci intere di Noce Moscata (Myristica fragrans). La Noce Moscata \u00e8 il seme della pianta Myristica fragrans, appartenente alla famiglia delle Myristicaceae. \u00c8 apprezzata per il suo aroma caldo, speziato e leggermente dolce, ampiamente utilizzato in cucina e in erboristeria. Tradizionalmente, la Noce Moscata \u00e8&#8230;<\/p>\n","protected":false},"featured_media":655,"comment_status":"closed","ping_status":"closed","template":"","meta":{"_acf_changed":false},"product_brand":[],"product_cat":[87,68],"product_tag":[455,162,456,457,458],"giftcard-category":[],"class_list":{"0":"post-3608","1":"product","2":"type-product","3":"status-publish","4":"has-post-thumbnail","6":"product_cat-erbe-m-n","7":"product_cat-spezie-e-aromi-per-cucina","8":"product_tag-fragrans","9":"product_tag-gr-2","10":"product_tag-moscata-2","11":"product_tag-myristica","12":"product_tag-noce-2","13":"pa_tipologia-erbe-sfuse","15":"first","16":"instock","17":"sale","18":"taxable","19":"shipping-taxable","20":"purchasable","21":"product-type-variable","22":"has-default-attributes"},"acf":[],"yoast_head":"<!-- This site is optimized with the Yoast SEO plugin v24.9 - https:\/\/yoast.com\/wordpress\/plugins\/seo\/ -->\n<title>Noce moscata (Myristica fragrans) noci intere - Amaro Svedese<\/title>\n<meta name=\"robots\" content=\"index, follow, max-snippet:-1, max-image-preview:large, max-video-preview:-1\" \/>\n<link rel=\"canonical\" href=\"https:\/\/www.amarosvedese.it\/it\/prodotto\/noce-moscata-myristica-fragrans-noci-intere\/\" \/>\n<meta property=\"og:locale\" content=\"it_IT\" \/>\n<meta property=\"og:type\" content=\"article\" \/>\n<meta property=\"og:title\" content=\"Noce moscata (Myristica fragrans) noci intere - Amaro Svedese\" \/>\n<meta property=\"og:description\" content=\"Noci intere di Noce Moscata (Myristica fragrans). La Noce Moscata \u00e8 il seme della pianta Myristica fragrans, appartenente alla famiglia delle Myristicaceae. \u00c8 apprezzata per il suo aroma caldo, speziato e leggermente dolce, ampiamente utilizzato in cucina e in erboristeria. Tradizionalmente, la Noce Moscata \u00e8...\" \/>\n<meta property=\"og:url\" content=\"https:\/\/www.amarosvedese.it\/it\/prodotto\/noce-moscata-myristica-fragrans-noci-intere\/\" \/>\n<meta property=\"og:site_name\" content=\"Amaro Svedese\" \/>\n<meta property=\"article:modified_time\" content=\"2025-05-12T07:31:27+00:00\" \/>\n<meta property=\"og:image\" content=\"https:\/\/www.amarosvedese.it\/wp-content\/uploads\/sites\/3\/2020\/01\/products-00001716.jpg\" \/>\n\t<meta property=\"og:image:width\" content=\"350\" \/>\n\t<meta property=\"og:image:height\" content=\"458\" \/>\n\t<meta property=\"og:image:type\" content=\"image\/jpeg\" \/>\n<meta name=\"twitter:card\" content=\"summary_large_image\" \/>\n<meta name=\"twitter:label1\" content=\"Tempo di lettura stimato\" \/>\n\t<meta name=\"twitter:data1\" content=\"1 minuto\" \/>\n<script type=\"application\/ld+json\" class=\"yoast-schema-graph\">{\"@context\":\"https:\/\/schema.org\",\"@graph\":[{\"@type\":\"WebPage\",\"@id\":\"https:\/\/www.amarosvedese.it\/it\/prodotto\/noce-moscata-myristica-fragrans-noci-intere\/\",\"url\":\"https:\/\/www.amarosvedese.it\/it\/prodotto\/noce-moscata-myristica-fragrans-noci-intere\/\",\"name\":\"Noce moscata (Myristica fragrans) noci intere - Amaro Svedese\",\"isPartOf\":{\"@id\":\"https:\/\/www.amarosvedese.it\/it\/#website\"},\"primaryImageOfPage\":{\"@id\":\"https:\/\/www.amarosvedese.it\/it\/prodotto\/noce-moscata-myristica-fragrans-noci-intere\/#primaryimage\"},\"image\":{\"@id\":\"https:\/\/www.amarosvedese.it\/it\/prodotto\/noce-moscata-myristica-fragrans-noci-intere\/#primaryimage\"},\"thumbnailUrl\":\"https:\/\/www.amarosvedese.it\/wp-content\/uploads\/sites\/3\/2020\/01\/products-00001716.jpg\",\"datePublished\":\"2008-05-09T10:45:10+00:00\",\"dateModified\":\"2025-05-12T07:31:27+00:00\",\"breadcrumb\":{\"@id\":\"https:\/\/www.amarosvedese.it\/it\/prodotto\/noce-moscata-myristica-fragrans-noci-intere\/#breadcrumb\"},\"inLanguage\":\"it-IT\",\"potentialAction\":[{\"@type\":\"ReadAction\",\"target\":[\"https:\/\/www.amarosvedese.it\/it\/prodotto\/noce-moscata-myristica-fragrans-noci-intere\/\"]}]},{\"@type\":\"ImageObject\",\"inLanguage\":\"it-IT\",\"@id\":\"https:\/\/www.amarosvedese.it\/it\/prodotto\/noce-moscata-myristica-fragrans-noci-intere\/#primaryimage\",\"url\":\"https:\/\/www.amarosvedese.it\/wp-content\/uploads\/sites\/3\/2020\/01\/products-00001716.jpg\",\"contentUrl\":\"https:\/\/www.amarosvedese.it\/wp-content\/uploads\/sites\/3\/2020\/01\/products-00001716.jpg\",\"width\":350,\"height\":458,\"caption\":\"FRASSINO FOGLIE TT ( FRAXINUS EXCELSIOR)\"},{\"@type\":\"BreadcrumbList\",\"@id\":\"https:\/\/www.amarosvedese.it\/it\/prodotto\/noce-moscata-myristica-fragrans-noci-intere\/#breadcrumb\",\"itemListElement\":[{\"@type\":\"ListItem\",\"position\":1,\"name\":\"Home\",\"item\":\"https:\/\/www.amarosvedese.it\/it\/\"},{\"@type\":\"ListItem\",\"position\":2,\"name\":\"Prodotti\",\"item\":\"https:\/\/www.amarosvedese.it\/it\/shop\/\"},{\"@type\":\"ListItem\",\"position\":3,\"name\":\"Noce moscata (Myristica fragrans) noci intere\"}]},{\"@type\":\"WebSite\",\"@id\":\"https:\/\/www.amarosvedese.it\/it\/#website\",\"url\":\"https:\/\/www.amarosvedese.it\/it\/\",\"name\":\"Amaro Svedese\",\"description\":\"di Erboristeria Demetra\",\"potentialAction\":[{\"@type\":\"SearchAction\",\"target\":{\"@type\":\"EntryPoint\",\"urlTemplate\":\"https:\/\/www.amarosvedese.it\/it\/?s={search_term_string}\"},\"query-input\":{\"@type\":\"PropertyValueSpecification\",\"valueRequired\":true,\"valueName\":\"search_term_string\"}}],\"inLanguage\":\"it-IT\"}]}<\/script>\n<!-- \/ Yoast SEO plugin. -->","yoast_head_json":{"title":"Noce moscata (Myristica fragrans) noci intere - Amaro Svedese","robots":{"index":"index","follow":"follow","max-snippet":"max-snippet:-1","max-image-preview":"max-image-preview:large","max-video-preview":"max-video-preview:-1"},"canonical":"https:\/\/www.amarosvedese.it\/it\/prodotto\/noce-moscata-myristica-fragrans-noci-intere\/","og_locale":"it_IT","og_type":"article","og_title":"Noce moscata (Myristica fragrans) noci intere - Amaro Svedese","og_description":"Noci intere di Noce Moscata (Myristica fragrans). La Noce Moscata \u00e8 il seme della pianta Myristica fragrans, appartenente alla famiglia delle Myristicaceae. \u00c8 apprezzata per il suo aroma caldo, speziato e leggermente dolce, ampiamente utilizzato in cucina e in erboristeria. Tradizionalmente, la Noce Moscata \u00e8...","og_url":"https:\/\/www.amarosvedese.it\/it\/prodotto\/noce-moscata-myristica-fragrans-noci-intere\/","og_site_name":"Amaro Svedese","article_modified_time":"2025-05-12T07:31:27+00:00","og_image":[{"width":350,"height":458,"url":"https:\/\/www.amarosvedese.it\/wp-content\/uploads\/sites\/3\/2020\/01\/products-00001716.jpg","type":"image\/jpeg"}],"twitter_card":"summary_large_image","twitter_misc":{"Tempo di lettura stimato":"1 minuto"},"schema":{"@context":"https:\/\/schema.org","@graph":[{"@type":"WebPage","@id":"https:\/\/www.amarosvedese.it\/it\/prodotto\/noce-moscata-myristica-fragrans-noci-intere\/","url":"https:\/\/www.amarosvedese.it\/it\/prodotto\/noce-moscata-myristica-fragrans-noci-intere\/","name":"Noce moscata (Myristica fragrans) noci intere - Amaro Svedese","isPartOf":{"@id":"https:\/\/www.amarosvedese.it\/it\/#website"},"primaryImageOfPage":{"@id":"https:\/\/www.amarosvedese.it\/it\/prodotto\/noce-moscata-myristica-fragrans-noci-intere\/#primaryimage"},"image":{"@id":"https:\/\/www.amarosvedese.it\/it\/prodotto\/noce-moscata-myristica-fragrans-noci-intere\/#primaryimage"},"thumbnailUrl":"https:\/\/www.amarosvedese.it\/wp-content\/uploads\/sites\/3\/2020\/01\/products-00001716.jpg","datePublished":"2008-05-09T10:45:10+00:00","dateModified":"2025-05-12T07:31:27+00:00","breadcrumb":{"@id":"https:\/\/www.amarosvedese.it\/it\/prodotto\/noce-moscata-myristica-fragrans-noci-intere\/#breadcrumb"},"inLanguage":"it-IT","potentialAction":[{"@type":"ReadAction","target":["https:\/\/www.amarosvedese.it\/it\/prodotto\/noce-moscata-myristica-fragrans-noci-intere\/"]}]},{"@type":"ImageObject","inLanguage":"it-IT","@id":"https:\/\/www.amarosvedese.it\/it\/prodotto\/noce-moscata-myristica-fragrans-noci-intere\/#primaryimage","url":"https:\/\/www.amarosvedese.it\/wp-content\/uploads\/sites\/3\/2020\/01\/products-00001716.jpg","contentUrl":"https:\/\/www.amarosvedese.it\/wp-content\/uploads\/sites\/3\/2020\/01\/products-00001716.jpg","width":350,"height":458,"caption":"FRASSINO FOGLIE TT ( FRAXINUS EXCELSIOR)"},{"@type":"BreadcrumbList","@id":"https:\/\/www.amarosvedese.it\/it\/prodotto\/noce-moscata-myristica-fragrans-noci-intere\/#breadcrumb","itemListElement":[{"@type":"ListItem","position":1,"name":"Home","item":"https:\/\/www.amarosvedese.it\/it\/"},{"@type":"ListItem","position":2,"name":"Prodotti","item":"https:\/\/www.amarosvedese.it\/it\/shop\/"},{"@type":"ListItem","position":3,"name":"Noce moscata (Myristica fragrans) noci intere"}]},{"@type":"WebSite","@id":"https:\/\/www.amarosvedese.it\/it\/#website","url":"https:\/\/www.amarosvedese.it\/it\/","name":"Amaro Svedese","description":"di Erboristeria Demetra","potentialAction":[{"@type":"SearchAction","target":{"@type":"EntryPoint","urlTemplate":"https:\/\/www.amarosvedese.it\/it\/?s={search_term_string}"},"query-input":{"@type":"PropertyValueSpecification","valueRequired":true,"valueName":"search_term_string"}}],"inLanguage":"it-IT"}]}},"_links":{"self":[{"href":"https:\/\/www.amarosvedese.it\/it\/wp-json\/wp\/v2\/product\/3608","targetHints":{"allow":["GET"]}}],"collection":[{"href":"https:\/\/www.amarosvedese.it\/it\/wp-json\/wp\/v2\/product"}],"about":[{"href":"https:\/\/www.amarosvedese.it\/it\/wp-json\/wp\/v2\/types\/product"}],"replies":[{"embeddable":true,"href":"https:\/\/www.amarosvedese.it\/it\/wp-json\/wp\/v2\/comments?post=3608"}],"wp:featuredmedia":[{"embeddable":true,"href":"https:\/\/www.amarosvedese.it\/it\/wp-json\/wp\/v2\/media\/655"}],"wp:attachment":[{"href":"https:\/\/www.amarosvedese.it\/it\/wp-json\/wp\/v2\/media?parent=3608"}],"wp:term":[{"taxonomy":"product_brand","embeddable":true,"href":"https:\/\/www.amarosvedese.it\/it\/wp-json\/wp\/v2\/product_brand?post=3608"},{"taxonomy":"product_cat","embeddable":true,"href":"https:\/\/www.amarosvedese.it\/it\/wp-json\/wp\/v2\/product_cat?post=3608"},{"taxonomy":"product_tag","embeddable":true,"href":"https:\/\/www.amarosvedese.it\/it\/wp-json\/wp\/v2\/product_tag?post=3608"},{"taxonomy":"giftcard-category","embeddable":true,"href":"https:\/\/www.amarosvedese.it\/it\/wp-json\/wp\/v2\/giftcard-category?post=3608"}],"curies":[{"name":"wp","href":"https:\/\/api.w.org\/{rel}","templated":true}]}}