{"id":3624,"date":"2014-04-04T11:16:58","date_gmt":"2014-04-04T09:16:58","guid":{"rendered":"https:\/\/www.amarosvedese.it\/prodotto\/maca-radice-macinata-polvere-lepidium-meyenii\/"},"modified":"2025-05-12T09:31:19","modified_gmt":"2025-05-12T07:31:19","slug":"maca-radice-macinata-polvere-lepidium-meyenii","status":"publish","type":"product","link":"https:\/\/www.amarosvedese.it\/it\/prodotto\/maca-radice-macinata-polvere-lepidium-meyenii\/","title":{"rendered":"Maca radice macinata polvere (Lepidium meyenii)"},"content":{"rendered":"<p data-start=\"0\" data-end=\"47\"><strong>Radice in polvere di Maca (Lepidium meyenii).<\/strong><\/p>\n<p data-start=\"49\" data-end=\"562\">La Maca, conosciuta anche come &#8220;ginseng peruviano&#8221;, \u00e8 una pianta originaria delle Ande, utilizzata da secoli per le sue propriet\u00e0 tonico-adattogene.<\/p>\n<p data-start=\"49\" data-end=\"562\">La radice \u00e8 ricca di <strong>aminoacidi, minerali e fitonutrienti<\/strong>, ed \u00e8 apprezzata per il supporto che offre alla resistenza fisica, al benessere mentale e alla vitalit\u00e0 generale.<\/p>\n<p data-start=\"49\" data-end=\"562\">Tradizionalmente impiegata come integratore naturale per sostenere energia e libido, la polvere di Maca \u00e8 spesso aggiunta a bevande, frullati o yogurt per un apporto nutrizionale quotidiano.<\/p>\n<p data-start=\"564\" data-end=\"996\" data-is-last-node=\"\"><strong data-start=\"564\" data-end=\"587\">Suggerimenti d&#8217;uso<\/strong><\/p>\n<p data-start=\"564\" data-end=\"996\" data-is-last-node=\"\">Si consiglia di assumere 1-3 cucchiaini (circa 3-5 grammi) al giorno, preferibilmente al mattino o nel primo pomeriggio per evitare interferenze con il riposo notturno.<\/p>\n<p data-start=\"564\" data-end=\"996\" data-is-last-node=\"\">Pu\u00f2 essere sciolta in acqua, succhi, frullati, latte vegetale o aggiunta a yogurt e porridge.<\/p>\n<p data-start=\"564\" data-end=\"996\" data-is-last-node=\"\">Per chi desidera utilizzarla come stimolante naturale, \u00e8 possibile abbinarla a cacao o cannella per un effetto energizzante ancora pi\u00f9 marcato.<\/p>\n","protected":false},"excerpt":{"rendered":"<p>Radice in polvere di Maca (Lepidium meyenii). La Maca, conosciuta anche come &#8220;ginseng peruviano&#8221;, \u00e8 una pianta originaria delle Ande, utilizzata da secoli per le sue propriet\u00e0 tonico-adattogene. La radice \u00e8 ricca di aminoacidi, minerali e fitonutrienti, ed \u00e8 apprezzata per il supporto che offre&#8230;<\/p>\n","protected":false},"featured_media":3335,"comment_status":"closed","ping_status":"closed","template":"","meta":{"_acf_changed":false},"product_brand":[],"product_cat":[87],"product_tag":[162,467,468,469,103,65],"giftcard-category":[],"class_list":{"0":"post-3624","1":"product","2":"type-product","3":"status-publish","4":"has-post-thumbnail","6":"product_cat-erbe-m-n","7":"product_tag-gr-2","8":"product_tag-lepidium","9":"product_tag-maca","10":"product_tag-meyenii","11":"product_tag-polvere","12":"product_tag-radice","14":"first","15":"instock","16":"sale","17":"taxable","18":"shipping-taxable","19":"purchasable","20":"product-type-variable","21":"has-default-attributes"},"acf":[],"yoast_head":"<!-- This site is optimized with the Yoast SEO plugin v24.9 - https:\/\/yoast.com\/wordpress\/plugins\/seo\/ -->\n<title>Maca radice macinata polvere (Lepidium meyenii) - Amaro Svedese<\/title>\n<meta name=\"robots\" content=\"index, follow, max-snippet:-1, max-image-preview:large, max-video-preview:-1\" \/>\n<link rel=\"canonical\" href=\"https:\/\/www.amarosvedese.it\/it\/prodotto\/maca-radice-macinata-polvere-lepidium-meyenii\/\" \/>\n<meta property=\"og:locale\" content=\"it_IT\" \/>\n<meta property=\"og:type\" content=\"article\" \/>\n<meta property=\"og:title\" content=\"Maca radice macinata polvere (Lepidium meyenii) - Amaro Svedese\" \/>\n<meta property=\"og:description\" content=\"Radice in polvere di Maca (Lepidium meyenii). La Maca, conosciuta anche come &#8220;ginseng peruviano&#8221;, \u00e8 una pianta originaria delle Ande, utilizzata da secoli per le sue propriet\u00e0 tonico-adattogene. La radice \u00e8 ricca di aminoacidi, minerali e fitonutrienti, ed \u00e8 apprezzata per il supporto che offre...\" \/>\n<meta property=\"og:url\" content=\"https:\/\/www.amarosvedese.it\/it\/prodotto\/maca-radice-macinata-polvere-lepidium-meyenii\/\" \/>\n<meta property=\"og:site_name\" content=\"Amaro Svedese\" \/>\n<meta property=\"article:modified_time\" content=\"2025-05-12T07:31:19+00:00\" \/>\n<meta property=\"og:image\" content=\"https:\/\/www.amarosvedese.it\/wp-content\/uploads\/sites\/3\/2023\/10\/products-00001716-4.jpg\" \/>\n\t<meta property=\"og:image:width\" content=\"350\" \/>\n\t<meta property=\"og:image:height\" content=\"458\" \/>\n\t<meta property=\"og:image:type\" content=\"image\/jpeg\" \/>\n<meta name=\"twitter:card\" content=\"summary_large_image\" \/>\n<meta name=\"twitter:label1\" content=\"Tempo di lettura stimato\" \/>\n\t<meta name=\"twitter:data1\" content=\"1 minuto\" \/>\n<script type=\"application\/ld+json\" class=\"yoast-schema-graph\">{\"@context\":\"https:\/\/schema.org\",\"@graph\":[{\"@type\":\"WebPage\",\"@id\":\"https:\/\/www.amarosvedese.it\/it\/prodotto\/maca-radice-macinata-polvere-lepidium-meyenii\/\",\"url\":\"https:\/\/www.amarosvedese.it\/it\/prodotto\/maca-radice-macinata-polvere-lepidium-meyenii\/\",\"name\":\"Maca radice macinata polvere (Lepidium meyenii) - Amaro Svedese\",\"isPartOf\":{\"@id\":\"https:\/\/www.amarosvedese.it\/it\/#website\"},\"primaryImageOfPage\":{\"@id\":\"https:\/\/www.amarosvedese.it\/it\/prodotto\/maca-radice-macinata-polvere-lepidium-meyenii\/#primaryimage\"},\"image\":{\"@id\":\"https:\/\/www.amarosvedese.it\/it\/prodotto\/maca-radice-macinata-polvere-lepidium-meyenii\/#primaryimage\"},\"thumbnailUrl\":\"https:\/\/www.amarosvedese.it\/wp-content\/uploads\/sites\/3\/2023\/10\/products-00001716-4.jpg\",\"datePublished\":\"2014-04-04T09:16:58+00:00\",\"dateModified\":\"2025-05-12T07:31:19+00:00\",\"breadcrumb\":{\"@id\":\"https:\/\/www.amarosvedese.it\/it\/prodotto\/maca-radice-macinata-polvere-lepidium-meyenii\/#breadcrumb\"},\"inLanguage\":\"it-IT\",\"potentialAction\":[{\"@type\":\"ReadAction\",\"target\":[\"https:\/\/www.amarosvedese.it\/it\/prodotto\/maca-radice-macinata-polvere-lepidium-meyenii\/\"]}]},{\"@type\":\"ImageObject\",\"inLanguage\":\"it-IT\",\"@id\":\"https:\/\/www.amarosvedese.it\/it\/prodotto\/maca-radice-macinata-polvere-lepidium-meyenii\/#primaryimage\",\"url\":\"https:\/\/www.amarosvedese.it\/wp-content\/uploads\/sites\/3\/2023\/10\/products-00001716-4.jpg\",\"contentUrl\":\"https:\/\/www.amarosvedese.it\/wp-content\/uploads\/sites\/3\/2023\/10\/products-00001716-4.jpg\",\"width\":350,\"height\":458,\"caption\":\"CICORIA RADICE TT ( CICHORIUM INTYBUS) - 100 gr.\"},{\"@type\":\"BreadcrumbList\",\"@id\":\"https:\/\/www.amarosvedese.it\/it\/prodotto\/maca-radice-macinata-polvere-lepidium-meyenii\/#breadcrumb\",\"itemListElement\":[{\"@type\":\"ListItem\",\"position\":1,\"name\":\"Home\",\"item\":\"https:\/\/www.amarosvedese.it\/it\/\"},{\"@type\":\"ListItem\",\"position\":2,\"name\":\"Prodotti\",\"item\":\"https:\/\/www.amarosvedese.it\/it\/shop\/\"},{\"@type\":\"ListItem\",\"position\":3,\"name\":\"Maca radice macinata polvere (Lepidium meyenii)\"}]},{\"@type\":\"WebSite\",\"@id\":\"https:\/\/www.amarosvedese.it\/it\/#website\",\"url\":\"https:\/\/www.amarosvedese.it\/it\/\",\"name\":\"Amaro Svedese\",\"description\":\"di Erboristeria Demetra\",\"potentialAction\":[{\"@type\":\"SearchAction\",\"target\":{\"@type\":\"EntryPoint\",\"urlTemplate\":\"https:\/\/www.amarosvedese.it\/it\/?s={search_term_string}\"},\"query-input\":{\"@type\":\"PropertyValueSpecification\",\"valueRequired\":true,\"valueName\":\"search_term_string\"}}],\"inLanguage\":\"it-IT\"}]}<\/script>\n<!-- \/ Yoast SEO plugin. -->","yoast_head_json":{"title":"Maca radice macinata polvere (Lepidium meyenii) - Amaro Svedese","robots":{"index":"index","follow":"follow","max-snippet":"max-snippet:-1","max-image-preview":"max-image-preview:large","max-video-preview":"max-video-preview:-1"},"canonical":"https:\/\/www.amarosvedese.it\/it\/prodotto\/maca-radice-macinata-polvere-lepidium-meyenii\/","og_locale":"it_IT","og_type":"article","og_title":"Maca radice macinata polvere (Lepidium meyenii) - Amaro Svedese","og_description":"Radice in polvere di Maca (Lepidium meyenii). La Maca, conosciuta anche come &#8220;ginseng peruviano&#8221;, \u00e8 una pianta originaria delle Ande, utilizzata da secoli per le sue propriet\u00e0 tonico-adattogene. La radice \u00e8 ricca di aminoacidi, minerali e fitonutrienti, ed \u00e8 apprezzata per il supporto che offre...","og_url":"https:\/\/www.amarosvedese.it\/it\/prodotto\/maca-radice-macinata-polvere-lepidium-meyenii\/","og_site_name":"Amaro Svedese","article_modified_time":"2025-05-12T07:31:19+00:00","og_image":[{"width":350,"height":458,"url":"https:\/\/www.amarosvedese.it\/wp-content\/uploads\/sites\/3\/2023\/10\/products-00001716-4.jpg","type":"image\/jpeg"}],"twitter_card":"summary_large_image","twitter_misc":{"Tempo di lettura stimato":"1 minuto"},"schema":{"@context":"https:\/\/schema.org","@graph":[{"@type":"WebPage","@id":"https:\/\/www.amarosvedese.it\/it\/prodotto\/maca-radice-macinata-polvere-lepidium-meyenii\/","url":"https:\/\/www.amarosvedese.it\/it\/prodotto\/maca-radice-macinata-polvere-lepidium-meyenii\/","name":"Maca radice macinata polvere (Lepidium meyenii) - Amaro Svedese","isPartOf":{"@id":"https:\/\/www.amarosvedese.it\/it\/#website"},"primaryImageOfPage":{"@id":"https:\/\/www.amarosvedese.it\/it\/prodotto\/maca-radice-macinata-polvere-lepidium-meyenii\/#primaryimage"},"image":{"@id":"https:\/\/www.amarosvedese.it\/it\/prodotto\/maca-radice-macinata-polvere-lepidium-meyenii\/#primaryimage"},"thumbnailUrl":"https:\/\/www.amarosvedese.it\/wp-content\/uploads\/sites\/3\/2023\/10\/products-00001716-4.jpg","datePublished":"2014-04-04T09:16:58+00:00","dateModified":"2025-05-12T07:31:19+00:00","breadcrumb":{"@id":"https:\/\/www.amarosvedese.it\/it\/prodotto\/maca-radice-macinata-polvere-lepidium-meyenii\/#breadcrumb"},"inLanguage":"it-IT","potentialAction":[{"@type":"ReadAction","target":["https:\/\/www.amarosvedese.it\/it\/prodotto\/maca-radice-macinata-polvere-lepidium-meyenii\/"]}]},{"@type":"ImageObject","inLanguage":"it-IT","@id":"https:\/\/www.amarosvedese.it\/it\/prodotto\/maca-radice-macinata-polvere-lepidium-meyenii\/#primaryimage","url":"https:\/\/www.amarosvedese.it\/wp-content\/uploads\/sites\/3\/2023\/10\/products-00001716-4.jpg","contentUrl":"https:\/\/www.amarosvedese.it\/wp-content\/uploads\/sites\/3\/2023\/10\/products-00001716-4.jpg","width":350,"height":458,"caption":"CICORIA RADICE TT ( CICHORIUM INTYBUS) - 100 gr."},{"@type":"BreadcrumbList","@id":"https:\/\/www.amarosvedese.it\/it\/prodotto\/maca-radice-macinata-polvere-lepidium-meyenii\/#breadcrumb","itemListElement":[{"@type":"ListItem","position":1,"name":"Home","item":"https:\/\/www.amarosvedese.it\/it\/"},{"@type":"ListItem","position":2,"name":"Prodotti","item":"https:\/\/www.amarosvedese.it\/it\/shop\/"},{"@type":"ListItem","position":3,"name":"Maca radice macinata polvere (Lepidium meyenii)"}]},{"@type":"WebSite","@id":"https:\/\/www.amarosvedese.it\/it\/#website","url":"https:\/\/www.amarosvedese.it\/it\/","name":"Amaro Svedese","description":"di Erboristeria Demetra","potentialAction":[{"@type":"SearchAction","target":{"@type":"EntryPoint","urlTemplate":"https:\/\/www.amarosvedese.it\/it\/?s={search_term_string}"},"query-input":{"@type":"PropertyValueSpecification","valueRequired":true,"valueName":"search_term_string"}}],"inLanguage":"it-IT"}]}},"_links":{"self":[{"href":"https:\/\/www.amarosvedese.it\/it\/wp-json\/wp\/v2\/product\/3624","targetHints":{"allow":["GET"]}}],"collection":[{"href":"https:\/\/www.amarosvedese.it\/it\/wp-json\/wp\/v2\/product"}],"about":[{"href":"https:\/\/www.amarosvedese.it\/it\/wp-json\/wp\/v2\/types\/product"}],"replies":[{"embeddable":true,"href":"https:\/\/www.amarosvedese.it\/it\/wp-json\/wp\/v2\/comments?post=3624"}],"wp:featuredmedia":[{"embeddable":true,"href":"https:\/\/www.amarosvedese.it\/it\/wp-json\/wp\/v2\/media\/3335"}],"wp:attachment":[{"href":"https:\/\/www.amarosvedese.it\/it\/wp-json\/wp\/v2\/media?parent=3624"}],"wp:term":[{"taxonomy":"product_brand","embeddable":true,"href":"https:\/\/www.amarosvedese.it\/it\/wp-json\/wp\/v2\/product_brand?post=3624"},{"taxonomy":"product_cat","embeddable":true,"href":"https:\/\/www.amarosvedese.it\/it\/wp-json\/wp\/v2\/product_cat?post=3624"},{"taxonomy":"product_tag","embeddable":true,"href":"https:\/\/www.amarosvedese.it\/it\/wp-json\/wp\/v2\/product_tag?post=3624"},{"taxonomy":"giftcard-category","embeddable":true,"href":"https:\/\/www.amarosvedese.it\/it\/wp-json\/wp\/v2\/giftcard-category?post=3624"}],"curies":[{"name":"wp","href":"https:\/\/api.w.org\/{rel}","templated":true}]}}