{"id":3777,"date":"2008-05-09T10:45:16","date_gmt":"2008-05-09T08:45:16","guid":{"rendered":"https:\/\/www.amarosvedese.it\/prodotto\/burro-di-karite-puro-vasetto-100ml-demetra\/"},"modified":"2025-05-12T09:31:37","modified_gmt":"2025-05-12T07:31:37","slug":"burro-di-karite-puro-viso-corpo-e-capelli-vasetto-100ml","status":"publish","type":"product","link":"https:\/\/www.amarosvedese.it\/it\/prodotto\/burro-di-karite-puro-viso-corpo-e-capelli-vasetto-100ml\/","title":{"rendered":"Burro di Karit\u00e8 puro Viso, Corpo e Capelli Vasetto 100ml"},"content":{"rendered":"<p><strong>Burro di Karit\u00e8 puro vasetto 100ml &#8211; Demetra<\/strong><\/p>\n<p>Per viso, corpo e capelli<\/p>\n<p>Il Karit\u00e8 (Butyrospermum parkii) \u00e8 un sontuoso ed elegante albero africano che produce noci simili alle nocciole, ricchissime in sostanze grasse.<\/p>\n<p>Queste, alla temperatura normale, condensano formando il tipico &#8220;Burro&#8221;.<\/p>\n<p>Il Burro di Karit\u00e8 esplica sulle pelle un&#8217; azione di stimolo nutrizionale.<\/p>\n<p>Da sempre utilizzato dalle donne africane come ingrediente segreto di bellezza, il burro di Karit\u00e9 sa ammorbidire e disciplinare anche i capelli pi\u00f9 \u201caridi\u201d, grazie alla sua incredibile forza nutriente; sa regalare alla pelle del corpo tanto nutrimento, con il suo straordinario potere emolliente e rigenerante; sa tonificare e distendere i tratti del viso, per merito delle sue riconosciute virt\u00f9 elasticizzanti.<\/p>\n<p><strong>Modo d&#8217;uso<\/strong><\/p>\n<p><strong>Viso e corpo<\/strong>: scaldare un poco di burro nella mano e applicarlo con un massaggio sulla zona desiderata.<\/p>\n<p><strong>Capelli<\/strong>: applicare come impacco sulle lunghezze prima dello shampoo.<\/p>\n","protected":false},"excerpt":{"rendered":"<p>Burro di Karit\u00e8 puro vasetto 100ml &#8211; Demetra Per viso, corpo e capelli Il Karit\u00e8 (Butyrospermum parkii) \u00e8 un sontuoso ed elegante albero africano che produce noci simili alle nocciole, ricchissime in sostanze grasse. Queste, alla temperatura normale, condensano formando il tipico &#8220;Burro&#8221;. Il Burro&#8230;<\/p>\n","protected":false},"featured_media":3775,"comment_status":"closed","ping_status":"closed","template":"","meta":{"_acf_changed":false},"product_brand":[],"product_cat":[151],"product_tag":[542,543,544,545],"giftcard-category":[],"class_list":{"0":"post-3777","1":"product","2":"type-product","3":"status-publish","4":"has-post-thumbnail","6":"product_cat-corpo","7":"product_tag-burro-2","8":"product_tag-demetra","9":"product_tag-karite","10":"product_tag-karite-39-en-4","11":"pa_linea-profumazione-demetra","12":"pa_tipologia-burro","14":"first","15":"instock","16":"sale","17":"taxable","18":"shipping-taxable","19":"purchasable","20":"product-type-simple"},"acf":[],"yoast_head":"<!-- This site is optimized with the Yoast SEO plugin v24.9 - https:\/\/yoast.com\/wordpress\/plugins\/seo\/ -->\n<title>Burro di Karit\u00e8 puro Viso, Corpo e Capelli Vasetto 100ml - Amaro Svedese<\/title>\n<meta name=\"description\" content=\"Il Burro di Karit\u00e8 esplica sulle pelle un&#039; azione di stimolo nutrizionale. Si utilizza su viso, corpo e capelli. Non contiene profumi\" \/>\n<meta name=\"robots\" content=\"index, follow, max-snippet:-1, max-image-preview:large, max-video-preview:-1\" \/>\n<link rel=\"canonical\" href=\"https:\/\/www.amarosvedese.it\/it\/prodotto\/burro-di-karite-puro-viso-corpo-e-capelli-vasetto-100ml\/\" \/>\n<meta property=\"og:locale\" content=\"it_IT\" \/>\n<meta property=\"og:type\" content=\"article\" \/>\n<meta property=\"og:title\" content=\"Burro di Karit\u00e8 puro Viso, Corpo e Capelli Vasetto 100ml - Amaro Svedese\" \/>\n<meta property=\"og:description\" content=\"Il Burro di Karit\u00e8 esplica sulle pelle un&#039; azione di stimolo nutrizionale. Si utilizza su viso, corpo e capelli. Non contiene profumi\" \/>\n<meta property=\"og:url\" content=\"https:\/\/www.amarosvedese.it\/it\/prodotto\/burro-di-karite-puro-viso-corpo-e-capelli-vasetto-100ml\/\" \/>\n<meta property=\"og:site_name\" content=\"Amaro Svedese\" \/>\n<meta property=\"article:modified_time\" content=\"2025-05-12T07:31:37+00:00\" \/>\n<meta property=\"og:image\" content=\"https:\/\/www.amarosvedese.it\/wp-content\/uploads\/sites\/3\/2024\/03\/products-00003303.jpg\" \/>\n\t<meta property=\"og:image:width\" content=\"400\" \/>\n\t<meta property=\"og:image:height\" content=\"396\" \/>\n\t<meta property=\"og:image:type\" content=\"image\/jpeg\" \/>\n<meta name=\"twitter:card\" content=\"summary_large_image\" \/>\n<meta name=\"twitter:label1\" content=\"Tempo di lettura stimato\" \/>\n\t<meta name=\"twitter:data1\" content=\"1 minuto\" \/>\n<script type=\"application\/ld+json\" class=\"yoast-schema-graph\">{\"@context\":\"https:\/\/schema.org\",\"@graph\":[{\"@type\":\"WebPage\",\"@id\":\"https:\/\/www.amarosvedese.it\/it\/prodotto\/burro-di-karite-puro-viso-corpo-e-capelli-vasetto-100ml\/\",\"url\":\"https:\/\/www.amarosvedese.it\/it\/prodotto\/burro-di-karite-puro-viso-corpo-e-capelli-vasetto-100ml\/\",\"name\":\"Burro di Karit\u00e8 puro Viso, Corpo e Capelli Vasetto 100ml - Amaro Svedese\",\"isPartOf\":{\"@id\":\"https:\/\/www.amarosvedese.it\/it\/#website\"},\"primaryImageOfPage\":{\"@id\":\"https:\/\/www.amarosvedese.it\/it\/prodotto\/burro-di-karite-puro-viso-corpo-e-capelli-vasetto-100ml\/#primaryimage\"},\"image\":{\"@id\":\"https:\/\/www.amarosvedese.it\/it\/prodotto\/burro-di-karite-puro-viso-corpo-e-capelli-vasetto-100ml\/#primaryimage\"},\"thumbnailUrl\":\"https:\/\/www.amarosvedese.it\/wp-content\/uploads\/sites\/3\/2024\/03\/products-00003303.jpg\",\"datePublished\":\"2008-05-09T08:45:16+00:00\",\"dateModified\":\"2025-05-12T07:31:37+00:00\",\"description\":\"Il Burro di Karit\u00e8 esplica sulle pelle un' azione di stimolo nutrizionale. Si utilizza su viso, corpo e capelli. Non contiene profumi\",\"breadcrumb\":{\"@id\":\"https:\/\/www.amarosvedese.it\/it\/prodotto\/burro-di-karite-puro-viso-corpo-e-capelli-vasetto-100ml\/#breadcrumb\"},\"inLanguage\":\"it-IT\",\"potentialAction\":[{\"@type\":\"ReadAction\",\"target\":[\"https:\/\/www.amarosvedese.it\/it\/prodotto\/burro-di-karite-puro-viso-corpo-e-capelli-vasetto-100ml\/\"]}]},{\"@type\":\"ImageObject\",\"inLanguage\":\"it-IT\",\"@id\":\"https:\/\/www.amarosvedese.it\/it\/prodotto\/burro-di-karite-puro-viso-corpo-e-capelli-vasetto-100ml\/#primaryimage\",\"url\":\"https:\/\/www.amarosvedese.it\/wp-content\/uploads\/sites\/3\/2024\/03\/products-00003303.jpg\",\"contentUrl\":\"https:\/\/www.amarosvedese.it\/wp-content\/uploads\/sites\/3\/2024\/03\/products-00003303.jpg\",\"width\":400,\"height\":396,\"caption\":\"BURRO DI KARITE' 100 ML - DEMETRA\"},{\"@type\":\"BreadcrumbList\",\"@id\":\"https:\/\/www.amarosvedese.it\/it\/prodotto\/burro-di-karite-puro-viso-corpo-e-capelli-vasetto-100ml\/#breadcrumb\",\"itemListElement\":[{\"@type\":\"ListItem\",\"position\":1,\"name\":\"Home\",\"item\":\"https:\/\/www.amarosvedese.it\/it\/\"},{\"@type\":\"ListItem\",\"position\":2,\"name\":\"Prodotti\",\"item\":\"https:\/\/www.amarosvedese.it\/it\/shop\/\"},{\"@type\":\"ListItem\",\"position\":3,\"name\":\"Burro di Karit\u00e8 puro Viso, Corpo e Capelli Vasetto 100ml\"}]},{\"@type\":\"WebSite\",\"@id\":\"https:\/\/www.amarosvedese.it\/it\/#website\",\"url\":\"https:\/\/www.amarosvedese.it\/it\/\",\"name\":\"Amaro Svedese\",\"description\":\"di Erboristeria Demetra\",\"potentialAction\":[{\"@type\":\"SearchAction\",\"target\":{\"@type\":\"EntryPoint\",\"urlTemplate\":\"https:\/\/www.amarosvedese.it\/it\/?s={search_term_string}\"},\"query-input\":{\"@type\":\"PropertyValueSpecification\",\"valueRequired\":true,\"valueName\":\"search_term_string\"}}],\"inLanguage\":\"it-IT\"}]}<\/script>\n<!-- \/ Yoast SEO plugin. -->","yoast_head_json":{"title":"Burro di Karit\u00e8 puro Viso, Corpo e Capelli Vasetto 100ml - Amaro Svedese","description":"Il Burro di Karit\u00e8 esplica sulle pelle un' azione di stimolo nutrizionale. Si utilizza su viso, corpo e capelli. Non contiene profumi","robots":{"index":"index","follow":"follow","max-snippet":"max-snippet:-1","max-image-preview":"max-image-preview:large","max-video-preview":"max-video-preview:-1"},"canonical":"https:\/\/www.amarosvedese.it\/it\/prodotto\/burro-di-karite-puro-viso-corpo-e-capelli-vasetto-100ml\/","og_locale":"it_IT","og_type":"article","og_title":"Burro di Karit\u00e8 puro Viso, Corpo e Capelli Vasetto 100ml - Amaro Svedese","og_description":"Il Burro di Karit\u00e8 esplica sulle pelle un' azione di stimolo nutrizionale. Si utilizza su viso, corpo e capelli. Non contiene profumi","og_url":"https:\/\/www.amarosvedese.it\/it\/prodotto\/burro-di-karite-puro-viso-corpo-e-capelli-vasetto-100ml\/","og_site_name":"Amaro Svedese","article_modified_time":"2025-05-12T07:31:37+00:00","og_image":[{"width":400,"height":396,"url":"https:\/\/www.amarosvedese.it\/wp-content\/uploads\/sites\/3\/2024\/03\/products-00003303.jpg","type":"image\/jpeg"}],"twitter_card":"summary_large_image","twitter_misc":{"Tempo di lettura stimato":"1 minuto"},"schema":{"@context":"https:\/\/schema.org","@graph":[{"@type":"WebPage","@id":"https:\/\/www.amarosvedese.it\/it\/prodotto\/burro-di-karite-puro-viso-corpo-e-capelli-vasetto-100ml\/","url":"https:\/\/www.amarosvedese.it\/it\/prodotto\/burro-di-karite-puro-viso-corpo-e-capelli-vasetto-100ml\/","name":"Burro di Karit\u00e8 puro Viso, Corpo e Capelli Vasetto 100ml - Amaro Svedese","isPartOf":{"@id":"https:\/\/www.amarosvedese.it\/it\/#website"},"primaryImageOfPage":{"@id":"https:\/\/www.amarosvedese.it\/it\/prodotto\/burro-di-karite-puro-viso-corpo-e-capelli-vasetto-100ml\/#primaryimage"},"image":{"@id":"https:\/\/www.amarosvedese.it\/it\/prodotto\/burro-di-karite-puro-viso-corpo-e-capelli-vasetto-100ml\/#primaryimage"},"thumbnailUrl":"https:\/\/www.amarosvedese.it\/wp-content\/uploads\/sites\/3\/2024\/03\/products-00003303.jpg","datePublished":"2008-05-09T08:45:16+00:00","dateModified":"2025-05-12T07:31:37+00:00","description":"Il Burro di Karit\u00e8 esplica sulle pelle un' azione di stimolo nutrizionale. Si utilizza su viso, corpo e capelli. Non contiene profumi","breadcrumb":{"@id":"https:\/\/www.amarosvedese.it\/it\/prodotto\/burro-di-karite-puro-viso-corpo-e-capelli-vasetto-100ml\/#breadcrumb"},"inLanguage":"it-IT","potentialAction":[{"@type":"ReadAction","target":["https:\/\/www.amarosvedese.it\/it\/prodotto\/burro-di-karite-puro-viso-corpo-e-capelli-vasetto-100ml\/"]}]},{"@type":"ImageObject","inLanguage":"it-IT","@id":"https:\/\/www.amarosvedese.it\/it\/prodotto\/burro-di-karite-puro-viso-corpo-e-capelli-vasetto-100ml\/#primaryimage","url":"https:\/\/www.amarosvedese.it\/wp-content\/uploads\/sites\/3\/2024\/03\/products-00003303.jpg","contentUrl":"https:\/\/www.amarosvedese.it\/wp-content\/uploads\/sites\/3\/2024\/03\/products-00003303.jpg","width":400,"height":396,"caption":"BURRO DI KARITE' 100 ML - DEMETRA"},{"@type":"BreadcrumbList","@id":"https:\/\/www.amarosvedese.it\/it\/prodotto\/burro-di-karite-puro-viso-corpo-e-capelli-vasetto-100ml\/#breadcrumb","itemListElement":[{"@type":"ListItem","position":1,"name":"Home","item":"https:\/\/www.amarosvedese.it\/it\/"},{"@type":"ListItem","position":2,"name":"Prodotti","item":"https:\/\/www.amarosvedese.it\/it\/shop\/"},{"@type":"ListItem","position":3,"name":"Burro di Karit\u00e8 puro Viso, Corpo e Capelli Vasetto 100ml"}]},{"@type":"WebSite","@id":"https:\/\/www.amarosvedese.it\/it\/#website","url":"https:\/\/www.amarosvedese.it\/it\/","name":"Amaro Svedese","description":"di Erboristeria Demetra","potentialAction":[{"@type":"SearchAction","target":{"@type":"EntryPoint","urlTemplate":"https:\/\/www.amarosvedese.it\/it\/?s={search_term_string}"},"query-input":{"@type":"PropertyValueSpecification","valueRequired":true,"valueName":"search_term_string"}}],"inLanguage":"it-IT"}]}},"_links":{"self":[{"href":"https:\/\/www.amarosvedese.it\/it\/wp-json\/wp\/v2\/product\/3777","targetHints":{"allow":["GET"]}}],"collection":[{"href":"https:\/\/www.amarosvedese.it\/it\/wp-json\/wp\/v2\/product"}],"about":[{"href":"https:\/\/www.amarosvedese.it\/it\/wp-json\/wp\/v2\/types\/product"}],"replies":[{"embeddable":true,"href":"https:\/\/www.amarosvedese.it\/it\/wp-json\/wp\/v2\/comments?post=3777"}],"wp:featuredmedia":[{"embeddable":true,"href":"https:\/\/www.amarosvedese.it\/it\/wp-json\/wp\/v2\/media\/3775"}],"wp:attachment":[{"href":"https:\/\/www.amarosvedese.it\/it\/wp-json\/wp\/v2\/media?parent=3777"}],"wp:term":[{"taxonomy":"product_brand","embeddable":true,"href":"https:\/\/www.amarosvedese.it\/it\/wp-json\/wp\/v2\/product_brand?post=3777"},{"taxonomy":"product_cat","embeddable":true,"href":"https:\/\/www.amarosvedese.it\/it\/wp-json\/wp\/v2\/product_cat?post=3777"},{"taxonomy":"product_tag","embeddable":true,"href":"https:\/\/www.amarosvedese.it\/it\/wp-json\/wp\/v2\/product_tag?post=3777"},{"taxonomy":"giftcard-category","embeddable":true,"href":"https:\/\/www.amarosvedese.it\/it\/wp-json\/wp\/v2\/giftcard-category?post=3777"}],"curies":[{"name":"wp","href":"https:\/\/api.w.org\/{rel}","templated":true}]}}