{"id":3780,"date":"2008-05-09T10:45:03","date_gmt":"2008-05-09T08:45:03","guid":{"rendered":"https:\/\/www.amarosvedese.it\/prodotto\/crema-al-tea-tree-oil-o-melaleuca-50ml\/"},"modified":"2025-05-12T09:31:40","modified_gmt":"2025-05-12T07:31:40","slug":"crema-al-tea-tree-oil-sillievo-e-benessere-per-la-pelle","status":"publish","type":"product","link":"https:\/\/www.amarosvedese.it\/it\/prodotto\/crema-al-tea-tree-oil-sillievo-e-benessere-per-la-pelle\/","title":{"rendered":"Crema al Tea Tree Oil sillievo e benessere per la pelle"},"content":{"rendered":"<p><strong>Crema al Tea Tree Oil o Melaleuca 50ml<\/strong><\/p>\n<p>Il Tea Tree Oil\u00a0pi\u00f9 comunemente chiamato Albero del T\u00e8 (Melaleuca alternifolia), \u00e8 una sostanza ricavata da una meravigliosa pianta australiana che la natura ci offre per aumentare le naturali difese della pelle.<\/p>\n<p>Le caratteristiche di questa pianta infatti \u00e8 di contenere un olio essenziale con ampio potere antisettico.<\/p>\n<p>La Crema al Tea Tree Oil \u00e8 un prodotto cosmetico ideato per offrire un effetto purificante e lenitivo sulla pelle.<\/p>\n<p>Questa emulsione, a rapido assorbimento, sfrutta le tradizionali propriet\u00e0 erboristiche dell\u2019estratto di tea tree oil, noto per le sue capacit\u00e0 purificanti e antimicrobiche.<\/p>\n<p>La Crema al Tea Tree Oil \u00e8 particolarmente indicata per alleviare <strong>fastidi cutanei<\/strong> e per pelle incline a <strong>pruriti e alterazioni<\/strong>, anche di natura microbica, contribuendo a prevenirne la ricomparsa e garantendo una sensazione di <strong>sollievo e benessere<\/strong>.<\/p>\n<p><strong>Modo d&#8217;uso<\/strong><\/p>\n<p>Applicare 1-2 volte al giorno sulle zone da trattare, massaggiando fino a completo assorbimento.<\/p>\n<p>Non usare su cute lesa o irritata.<\/p>\n","protected":false},"excerpt":{"rendered":"<p>Crema al Tea Tree Oil o Melaleuca 50ml Il Tea Tree Oil\u00a0pi\u00f9 comunemente chiamato Albero del T\u00e8 (Melaleuca alternifolia), \u00e8 una sostanza ricavata da una meravigliosa pianta australiana che la natura ci offre per aumentare le naturali difese della pelle. Le caratteristiche di questa pianta&#8230;<\/p>\n","protected":false},"featured_media":3778,"comment_status":"closed","ping_status":"closed","template":"","meta":{"_acf_changed":false},"product_brand":[],"product_cat":[151,491],"product_tag":[180,547,548,549],"giftcard-category":[],"class_list":{"0":"post-3780","1":"product","2":"type-product","3":"status-publish","4":"has-post-thumbnail","6":"product_cat-corpo","7":"product_cat-tea-tree","8":"product_tag-crema-2","9":"product_tag-melaleuca","10":"product_tag-tea","11":"product_tag-tree","13":"first","14":"instock","15":"sale","16":"taxable","17":"shipping-taxable","18":"purchasable","19":"product-type-simple"},"acf":[],"yoast_head":"<!-- This site is optimized with the Yoast SEO plugin v24.9 - https:\/\/yoast.com\/wordpress\/plugins\/seo\/ -->\n<title>Crema al Tea Tree Oil sillievo e benessere per la pelle - Amaro Svedese<\/title>\n<meta name=\"description\" content=\"Il Tea Tree Oil \u00e8 una sostanza ricavata da una meravigliosa pianta australiana che la natura ci offre per aumentare le naturali difese della pelle.\" \/>\n<meta name=\"robots\" content=\"index, follow, max-snippet:-1, max-image-preview:large, max-video-preview:-1\" \/>\n<link rel=\"canonical\" href=\"https:\/\/www.amarosvedese.it\/it\/prodotto\/crema-al-tea-tree-oil-sillievo-e-benessere-per-la-pelle\/\" \/>\n<meta property=\"og:locale\" content=\"it_IT\" \/>\n<meta property=\"og:type\" content=\"article\" \/>\n<meta property=\"og:title\" content=\"Crema al Tea Tree Oil sillievo e benessere per la pelle - Amaro Svedese\" \/>\n<meta property=\"og:description\" content=\"Il Tea Tree Oil \u00e8 una sostanza ricavata da una meravigliosa pianta australiana che la natura ci offre per aumentare le naturali difese della pelle.\" \/>\n<meta property=\"og:url\" content=\"https:\/\/www.amarosvedese.it\/it\/prodotto\/crema-al-tea-tree-oil-sillievo-e-benessere-per-la-pelle\/\" \/>\n<meta property=\"og:site_name\" content=\"Amaro Svedese\" \/>\n<meta property=\"article:modified_time\" content=\"2025-05-12T07:31:40+00:00\" \/>\n<meta property=\"og:image\" content=\"https:\/\/www.amarosvedese.it\/wp-content\/uploads\/sites\/3\/2024\/03\/products-00001554.jpg\" \/>\n\t<meta property=\"og:image:width\" content=\"400\" \/>\n\t<meta property=\"og:image:height\" content=\"390\" \/>\n\t<meta property=\"og:image:type\" content=\"image\/jpeg\" \/>\n<meta name=\"twitter:card\" content=\"summary_large_image\" \/>\n<meta name=\"twitter:label1\" content=\"Tempo di lettura stimato\" \/>\n\t<meta name=\"twitter:data1\" content=\"1 minuto\" \/>\n<script type=\"application\/ld+json\" class=\"yoast-schema-graph\">{\"@context\":\"https:\/\/schema.org\",\"@graph\":[{\"@type\":\"WebPage\",\"@id\":\"https:\/\/www.amarosvedese.it\/it\/prodotto\/crema-al-tea-tree-oil-sillievo-e-benessere-per-la-pelle\/\",\"url\":\"https:\/\/www.amarosvedese.it\/it\/prodotto\/crema-al-tea-tree-oil-sillievo-e-benessere-per-la-pelle\/\",\"name\":\"Crema al Tea Tree Oil sillievo e benessere per la pelle - Amaro Svedese\",\"isPartOf\":{\"@id\":\"https:\/\/www.amarosvedese.it\/it\/#website\"},\"primaryImageOfPage\":{\"@id\":\"https:\/\/www.amarosvedese.it\/it\/prodotto\/crema-al-tea-tree-oil-sillievo-e-benessere-per-la-pelle\/#primaryimage\"},\"image\":{\"@id\":\"https:\/\/www.amarosvedese.it\/it\/prodotto\/crema-al-tea-tree-oil-sillievo-e-benessere-per-la-pelle\/#primaryimage\"},\"thumbnailUrl\":\"https:\/\/www.amarosvedese.it\/wp-content\/uploads\/sites\/3\/2024\/03\/products-00001554.jpg\",\"datePublished\":\"2008-05-09T08:45:03+00:00\",\"dateModified\":\"2025-05-12T07:31:40+00:00\",\"description\":\"Il Tea Tree Oil \u00e8 una sostanza ricavata da una meravigliosa pianta australiana che la natura ci offre per aumentare le naturali difese della pelle.\",\"breadcrumb\":{\"@id\":\"https:\/\/www.amarosvedese.it\/it\/prodotto\/crema-al-tea-tree-oil-sillievo-e-benessere-per-la-pelle\/#breadcrumb\"},\"inLanguage\":\"it-IT\",\"potentialAction\":[{\"@type\":\"ReadAction\",\"target\":[\"https:\/\/www.amarosvedese.it\/it\/prodotto\/crema-al-tea-tree-oil-sillievo-e-benessere-per-la-pelle\/\"]}]},{\"@type\":\"ImageObject\",\"inLanguage\":\"it-IT\",\"@id\":\"https:\/\/www.amarosvedese.it\/it\/prodotto\/crema-al-tea-tree-oil-sillievo-e-benessere-per-la-pelle\/#primaryimage\",\"url\":\"https:\/\/www.amarosvedese.it\/wp-content\/uploads\/sites\/3\/2024\/03\/products-00001554.jpg\",\"contentUrl\":\"https:\/\/www.amarosvedese.it\/wp-content\/uploads\/sites\/3\/2024\/03\/products-00001554.jpg\",\"width\":400,\"height\":390,\"caption\":\"CREMA AL TEA TREE MELALEUCA ML 50\"},{\"@type\":\"BreadcrumbList\",\"@id\":\"https:\/\/www.amarosvedese.it\/it\/prodotto\/crema-al-tea-tree-oil-sillievo-e-benessere-per-la-pelle\/#breadcrumb\",\"itemListElement\":[{\"@type\":\"ListItem\",\"position\":1,\"name\":\"Home\",\"item\":\"https:\/\/www.amarosvedese.it\/it\/\"},{\"@type\":\"ListItem\",\"position\":2,\"name\":\"Prodotti\",\"item\":\"https:\/\/www.amarosvedese.it\/it\/shop\/\"},{\"@type\":\"ListItem\",\"position\":3,\"name\":\"Crema al Tea Tree Oil sillievo e benessere per la pelle\"}]},{\"@type\":\"WebSite\",\"@id\":\"https:\/\/www.amarosvedese.it\/it\/#website\",\"url\":\"https:\/\/www.amarosvedese.it\/it\/\",\"name\":\"Amaro Svedese\",\"description\":\"di Erboristeria Demetra\",\"potentialAction\":[{\"@type\":\"SearchAction\",\"target\":{\"@type\":\"EntryPoint\",\"urlTemplate\":\"https:\/\/www.amarosvedese.it\/it\/?s={search_term_string}\"},\"query-input\":{\"@type\":\"PropertyValueSpecification\",\"valueRequired\":true,\"valueName\":\"search_term_string\"}}],\"inLanguage\":\"it-IT\"}]}<\/script>\n<!-- \/ Yoast SEO plugin. -->","yoast_head_json":{"title":"Crema al Tea Tree Oil sillievo e benessere per la pelle - Amaro Svedese","description":"Il Tea Tree Oil \u00e8 una sostanza ricavata da una meravigliosa pianta australiana che la natura ci offre per aumentare le naturali difese della pelle.","robots":{"index":"index","follow":"follow","max-snippet":"max-snippet:-1","max-image-preview":"max-image-preview:large","max-video-preview":"max-video-preview:-1"},"canonical":"https:\/\/www.amarosvedese.it\/it\/prodotto\/crema-al-tea-tree-oil-sillievo-e-benessere-per-la-pelle\/","og_locale":"it_IT","og_type":"article","og_title":"Crema al Tea Tree Oil sillievo e benessere per la pelle - Amaro Svedese","og_description":"Il Tea Tree Oil \u00e8 una sostanza ricavata da una meravigliosa pianta australiana che la natura ci offre per aumentare le naturali difese della pelle.","og_url":"https:\/\/www.amarosvedese.it\/it\/prodotto\/crema-al-tea-tree-oil-sillievo-e-benessere-per-la-pelle\/","og_site_name":"Amaro Svedese","article_modified_time":"2025-05-12T07:31:40+00:00","og_image":[{"width":400,"height":390,"url":"https:\/\/www.amarosvedese.it\/wp-content\/uploads\/sites\/3\/2024\/03\/products-00001554.jpg","type":"image\/jpeg"}],"twitter_card":"summary_large_image","twitter_misc":{"Tempo di lettura stimato":"1 minuto"},"schema":{"@context":"https:\/\/schema.org","@graph":[{"@type":"WebPage","@id":"https:\/\/www.amarosvedese.it\/it\/prodotto\/crema-al-tea-tree-oil-sillievo-e-benessere-per-la-pelle\/","url":"https:\/\/www.amarosvedese.it\/it\/prodotto\/crema-al-tea-tree-oil-sillievo-e-benessere-per-la-pelle\/","name":"Crema al Tea Tree Oil sillievo e benessere per la pelle - Amaro Svedese","isPartOf":{"@id":"https:\/\/www.amarosvedese.it\/it\/#website"},"primaryImageOfPage":{"@id":"https:\/\/www.amarosvedese.it\/it\/prodotto\/crema-al-tea-tree-oil-sillievo-e-benessere-per-la-pelle\/#primaryimage"},"image":{"@id":"https:\/\/www.amarosvedese.it\/it\/prodotto\/crema-al-tea-tree-oil-sillievo-e-benessere-per-la-pelle\/#primaryimage"},"thumbnailUrl":"https:\/\/www.amarosvedese.it\/wp-content\/uploads\/sites\/3\/2024\/03\/products-00001554.jpg","datePublished":"2008-05-09T08:45:03+00:00","dateModified":"2025-05-12T07:31:40+00:00","description":"Il Tea Tree Oil \u00e8 una sostanza ricavata da una meravigliosa pianta australiana che la natura ci offre per aumentare le naturali difese della pelle.","breadcrumb":{"@id":"https:\/\/www.amarosvedese.it\/it\/prodotto\/crema-al-tea-tree-oil-sillievo-e-benessere-per-la-pelle\/#breadcrumb"},"inLanguage":"it-IT","potentialAction":[{"@type":"ReadAction","target":["https:\/\/www.amarosvedese.it\/it\/prodotto\/crema-al-tea-tree-oil-sillievo-e-benessere-per-la-pelle\/"]}]},{"@type":"ImageObject","inLanguage":"it-IT","@id":"https:\/\/www.amarosvedese.it\/it\/prodotto\/crema-al-tea-tree-oil-sillievo-e-benessere-per-la-pelle\/#primaryimage","url":"https:\/\/www.amarosvedese.it\/wp-content\/uploads\/sites\/3\/2024\/03\/products-00001554.jpg","contentUrl":"https:\/\/www.amarosvedese.it\/wp-content\/uploads\/sites\/3\/2024\/03\/products-00001554.jpg","width":400,"height":390,"caption":"CREMA AL TEA TREE MELALEUCA ML 50"},{"@type":"BreadcrumbList","@id":"https:\/\/www.amarosvedese.it\/it\/prodotto\/crema-al-tea-tree-oil-sillievo-e-benessere-per-la-pelle\/#breadcrumb","itemListElement":[{"@type":"ListItem","position":1,"name":"Home","item":"https:\/\/www.amarosvedese.it\/it\/"},{"@type":"ListItem","position":2,"name":"Prodotti","item":"https:\/\/www.amarosvedese.it\/it\/shop\/"},{"@type":"ListItem","position":3,"name":"Crema al Tea Tree Oil sillievo e benessere per la pelle"}]},{"@type":"WebSite","@id":"https:\/\/www.amarosvedese.it\/it\/#website","url":"https:\/\/www.amarosvedese.it\/it\/","name":"Amaro Svedese","description":"di Erboristeria Demetra","potentialAction":[{"@type":"SearchAction","target":{"@type":"EntryPoint","urlTemplate":"https:\/\/www.amarosvedese.it\/it\/?s={search_term_string}"},"query-input":{"@type":"PropertyValueSpecification","valueRequired":true,"valueName":"search_term_string"}}],"inLanguage":"it-IT"}]}},"_links":{"self":[{"href":"https:\/\/www.amarosvedese.it\/it\/wp-json\/wp\/v2\/product\/3780","targetHints":{"allow":["GET"]}}],"collection":[{"href":"https:\/\/www.amarosvedese.it\/it\/wp-json\/wp\/v2\/product"}],"about":[{"href":"https:\/\/www.amarosvedese.it\/it\/wp-json\/wp\/v2\/types\/product"}],"replies":[{"embeddable":true,"href":"https:\/\/www.amarosvedese.it\/it\/wp-json\/wp\/v2\/comments?post=3780"}],"wp:featuredmedia":[{"embeddable":true,"href":"https:\/\/www.amarosvedese.it\/it\/wp-json\/wp\/v2\/media\/3778"}],"wp:attachment":[{"href":"https:\/\/www.amarosvedese.it\/it\/wp-json\/wp\/v2\/media?parent=3780"}],"wp:term":[{"taxonomy":"product_brand","embeddable":true,"href":"https:\/\/www.amarosvedese.it\/it\/wp-json\/wp\/v2\/product_brand?post=3780"},{"taxonomy":"product_cat","embeddable":true,"href":"https:\/\/www.amarosvedese.it\/it\/wp-json\/wp\/v2\/product_cat?post=3780"},{"taxonomy":"product_tag","embeddable":true,"href":"https:\/\/www.amarosvedese.it\/it\/wp-json\/wp\/v2\/product_tag?post=3780"},{"taxonomy":"giftcard-category","embeddable":true,"href":"https:\/\/www.amarosvedese.it\/it\/wp-json\/wp\/v2\/giftcard-category?post=3780"}],"curies":[{"name":"wp","href":"https:\/\/api.w.org\/{rel}","templated":true}]}}