{"id":3789,"date":"2008-05-09T10:45:16","date_gmt":"2008-05-09T08:45:16","guid":{"rendered":"https:\/\/www.amarosvedese.it\/prodotto\/crema-fluida-idratante-per-il-corpo-alle-proteine-della-seta-200ml-in-flacone\/"},"modified":"2025-05-12T09:31:37","modified_gmt":"2025-05-12T07:31:37","slug":"crema-fluida-idratante-per-il-corpo-alle-proteine-della-seta-200ml-in-flacone","status":"publish","type":"product","link":"https:\/\/www.amarosvedese.it\/it\/prodotto\/crema-fluida-idratante-per-il-corpo-alle-proteine-della-seta-200ml-in-flacone\/","title":{"rendered":"Crema fluida idratante per il corpo alle proteine della Seta 200ml in flacone"},"content":{"rendered":"<p><strong>Crema fluida idratante per il corpo alle proteine della Seta<\/strong><\/p>\n<p>Questa morbida emulsione trasmette alla pelle una combinazione di elementi idratanti, emollienti ed elasticizzanti.<\/p>\n<p>Ideale dopo il bagno, grazie alla presenza delle proteine idrolizzate della Seta, Ginseng, Jojoba e Germe di Grano questa emulsione \u00e8 molto pi\u00f9 che un efficace trattamento di idratazione, \u00e8 anche una crema elasticizzante.<\/p>\n<p><strong>Mantenendo l&#8217;elasticit\u00e0 del tessuto, permette una valida prevenzione alla formazione delle smagliature.<\/strong><\/p>\n<p>Usata regolarmente permette di ottenere una pelle idratata, setosa, profumata.<\/p>\n<p><strong>Modo d&#8217;uso<\/strong><br \/>\nDopo il bagno o la doccia, applicare sul corpo con leggero massaggio il prodotto: l\u2019epidermide si riscoprir\u00e0 subito pi\u00f9 tonica e fresca.<\/p>\n<p>Flacone da 200ml<\/p>\n","protected":false},"excerpt":{"rendered":"<p>Crema fluida idratante per il corpo alle proteine della Seta Questa morbida emulsione trasmette alla pelle una combinazione di elementi idratanti, emollienti ed elasticizzanti. Ideale dopo il bagno, grazie alla presenza delle proteine idrolizzate della Seta, Ginseng, Jojoba e Germe di Grano questa emulsione \u00e8&#8230;<\/p>\n","protected":false},"featured_media":3787,"comment_status":"closed","ping_status":"closed","template":"","meta":{"_acf_changed":false},"product_brand":[],"product_cat":[151],"product_tag":[54,559,180,543,560],"giftcard-category":[],"class_list":{"0":"post-3789","1":"product","2":"type-product","3":"status-publish","4":"has-post-thumbnail","6":"product_cat-corpo","7":"product_tag-alla","8":"product_tag-corpo","9":"product_tag-crema-2","10":"product_tag-demetra","11":"product_tag-seta","12":"pa_linea-profumazione-demetra","13":"pa_tipologia-crema-per-il-corpo-profumata","15":"first","16":"instock","17":"sale","18":"purchasable","19":"product-type-simple"},"acf":[],"yoast_head":"<!-- This site is optimized with the Yoast SEO plugin v24.9 - https:\/\/yoast.com\/wordpress\/plugins\/seo\/ -->\n<title>Crema fluida idratante per il corpo alle proteine della Seta 200ml in flacone - Amaro Svedese<\/title>\n<meta name=\"description\" content=\"Elasticizzante, ideale dopo il bagno, grazie alla presenza delle proteine idrolizzate della Seta, questa emulsione \u00e8 un efficace trattamento di idratazione\" \/>\n<meta name=\"robots\" content=\"index, follow, max-snippet:-1, max-image-preview:large, max-video-preview:-1\" \/>\n<link rel=\"canonical\" href=\"https:\/\/www.amarosvedese.it\/it\/prodotto\/crema-fluida-idratante-per-il-corpo-alle-proteine-della-seta-200ml-in-flacone\/\" \/>\n<meta property=\"og:locale\" content=\"it_IT\" \/>\n<meta property=\"og:type\" content=\"article\" \/>\n<meta property=\"og:title\" content=\"Crema fluida idratante per il corpo alle proteine della Seta 200ml in flacone - Amaro Svedese\" \/>\n<meta property=\"og:description\" content=\"Elasticizzante, ideale dopo il bagno, grazie alla presenza delle proteine idrolizzate della Seta, questa emulsione \u00e8 un efficace trattamento di idratazione\" \/>\n<meta property=\"og:url\" content=\"https:\/\/www.amarosvedese.it\/it\/prodotto\/crema-fluida-idratante-per-il-corpo-alle-proteine-della-seta-200ml-in-flacone\/\" \/>\n<meta property=\"og:site_name\" content=\"Amaro Svedese\" \/>\n<meta property=\"article:modified_time\" content=\"2025-05-12T07:31:37+00:00\" \/>\n<meta property=\"og:image\" content=\"https:\/\/www.amarosvedese.it\/wp-content\/uploads\/sites\/3\/2024\/03\/products-00003305.jpg\" \/>\n\t<meta property=\"og:image:width\" content=\"300\" \/>\n\t<meta property=\"og:image:height\" content=\"649\" \/>\n\t<meta property=\"og:image:type\" content=\"image\/jpeg\" \/>\n<meta name=\"twitter:card\" content=\"summary_large_image\" \/>\n<meta name=\"twitter:label1\" content=\"Tempo di lettura stimato\" \/>\n\t<meta name=\"twitter:data1\" content=\"1 minuto\" \/>\n<script type=\"application\/ld+json\" class=\"yoast-schema-graph\">{\"@context\":\"https:\/\/schema.org\",\"@graph\":[{\"@type\":\"WebPage\",\"@id\":\"https:\/\/www.amarosvedese.it\/it\/prodotto\/crema-fluida-idratante-per-il-corpo-alle-proteine-della-seta-200ml-in-flacone\/\",\"url\":\"https:\/\/www.amarosvedese.it\/it\/prodotto\/crema-fluida-idratante-per-il-corpo-alle-proteine-della-seta-200ml-in-flacone\/\",\"name\":\"Crema fluida idratante per il corpo alle proteine della Seta 200ml in flacone - Amaro Svedese\",\"isPartOf\":{\"@id\":\"https:\/\/www.amarosvedese.it\/it\/#website\"},\"primaryImageOfPage\":{\"@id\":\"https:\/\/www.amarosvedese.it\/it\/prodotto\/crema-fluida-idratante-per-il-corpo-alle-proteine-della-seta-200ml-in-flacone\/#primaryimage\"},\"image\":{\"@id\":\"https:\/\/www.amarosvedese.it\/it\/prodotto\/crema-fluida-idratante-per-il-corpo-alle-proteine-della-seta-200ml-in-flacone\/#primaryimage\"},\"thumbnailUrl\":\"https:\/\/www.amarosvedese.it\/wp-content\/uploads\/sites\/3\/2024\/03\/products-00003305.jpg\",\"datePublished\":\"2008-05-09T08:45:16+00:00\",\"dateModified\":\"2025-05-12T07:31:37+00:00\",\"description\":\"Elasticizzante, ideale dopo il bagno, grazie alla presenza delle proteine idrolizzate della Seta, questa emulsione \u00e8 un efficace trattamento di idratazione\",\"breadcrumb\":{\"@id\":\"https:\/\/www.amarosvedese.it\/it\/prodotto\/crema-fluida-idratante-per-il-corpo-alle-proteine-della-seta-200ml-in-flacone\/#breadcrumb\"},\"inLanguage\":\"it-IT\",\"potentialAction\":[{\"@type\":\"ReadAction\",\"target\":[\"https:\/\/www.amarosvedese.it\/it\/prodotto\/crema-fluida-idratante-per-il-corpo-alle-proteine-della-seta-200ml-in-flacone\/\"]}]},{\"@type\":\"ImageObject\",\"inLanguage\":\"it-IT\",\"@id\":\"https:\/\/www.amarosvedese.it\/it\/prodotto\/crema-fluida-idratante-per-il-corpo-alle-proteine-della-seta-200ml-in-flacone\/#primaryimage\",\"url\":\"https:\/\/www.amarosvedese.it\/wp-content\/uploads\/sites\/3\/2024\/03\/products-00003305.jpg\",\"contentUrl\":\"https:\/\/www.amarosvedese.it\/wp-content\/uploads\/sites\/3\/2024\/03\/products-00003305.jpg\",\"width\":300,\"height\":649,\"caption\":\"CREMA CORPO ALLA SETA -200 ML DEMETRA\"},{\"@type\":\"BreadcrumbList\",\"@id\":\"https:\/\/www.amarosvedese.it\/it\/prodotto\/crema-fluida-idratante-per-il-corpo-alle-proteine-della-seta-200ml-in-flacone\/#breadcrumb\",\"itemListElement\":[{\"@type\":\"ListItem\",\"position\":1,\"name\":\"Home\",\"item\":\"https:\/\/www.amarosvedese.it\/it\/\"},{\"@type\":\"ListItem\",\"position\":2,\"name\":\"Prodotti\",\"item\":\"https:\/\/www.amarosvedese.it\/it\/shop\/\"},{\"@type\":\"ListItem\",\"position\":3,\"name\":\"Crema fluida idratante per il corpo alle proteine della Seta 200ml in flacone\"}]},{\"@type\":\"WebSite\",\"@id\":\"https:\/\/www.amarosvedese.it\/it\/#website\",\"url\":\"https:\/\/www.amarosvedese.it\/it\/\",\"name\":\"Amaro Svedese\",\"description\":\"di Erboristeria Demetra\",\"potentialAction\":[{\"@type\":\"SearchAction\",\"target\":{\"@type\":\"EntryPoint\",\"urlTemplate\":\"https:\/\/www.amarosvedese.it\/it\/?s={search_term_string}\"},\"query-input\":{\"@type\":\"PropertyValueSpecification\",\"valueRequired\":true,\"valueName\":\"search_term_string\"}}],\"inLanguage\":\"it-IT\"}]}<\/script>\n<!-- \/ Yoast SEO plugin. -->","yoast_head_json":{"title":"Crema fluida idratante per il corpo alle proteine della Seta 200ml in flacone - Amaro Svedese","description":"Elasticizzante, ideale dopo il bagno, grazie alla presenza delle proteine idrolizzate della Seta, questa emulsione \u00e8 un efficace trattamento di idratazione","robots":{"index":"index","follow":"follow","max-snippet":"max-snippet:-1","max-image-preview":"max-image-preview:large","max-video-preview":"max-video-preview:-1"},"canonical":"https:\/\/www.amarosvedese.it\/it\/prodotto\/crema-fluida-idratante-per-il-corpo-alle-proteine-della-seta-200ml-in-flacone\/","og_locale":"it_IT","og_type":"article","og_title":"Crema fluida idratante per il corpo alle proteine della Seta 200ml in flacone - Amaro Svedese","og_description":"Elasticizzante, ideale dopo il bagno, grazie alla presenza delle proteine idrolizzate della Seta, questa emulsione \u00e8 un efficace trattamento di idratazione","og_url":"https:\/\/www.amarosvedese.it\/it\/prodotto\/crema-fluida-idratante-per-il-corpo-alle-proteine-della-seta-200ml-in-flacone\/","og_site_name":"Amaro Svedese","article_modified_time":"2025-05-12T07:31:37+00:00","og_image":[{"width":300,"height":649,"url":"https:\/\/www.amarosvedese.it\/wp-content\/uploads\/sites\/3\/2024\/03\/products-00003305.jpg","type":"image\/jpeg"}],"twitter_card":"summary_large_image","twitter_misc":{"Tempo di lettura stimato":"1 minuto"},"schema":{"@context":"https:\/\/schema.org","@graph":[{"@type":"WebPage","@id":"https:\/\/www.amarosvedese.it\/it\/prodotto\/crema-fluida-idratante-per-il-corpo-alle-proteine-della-seta-200ml-in-flacone\/","url":"https:\/\/www.amarosvedese.it\/it\/prodotto\/crema-fluida-idratante-per-il-corpo-alle-proteine-della-seta-200ml-in-flacone\/","name":"Crema fluida idratante per il corpo alle proteine della Seta 200ml in flacone - Amaro Svedese","isPartOf":{"@id":"https:\/\/www.amarosvedese.it\/it\/#website"},"primaryImageOfPage":{"@id":"https:\/\/www.amarosvedese.it\/it\/prodotto\/crema-fluida-idratante-per-il-corpo-alle-proteine-della-seta-200ml-in-flacone\/#primaryimage"},"image":{"@id":"https:\/\/www.amarosvedese.it\/it\/prodotto\/crema-fluida-idratante-per-il-corpo-alle-proteine-della-seta-200ml-in-flacone\/#primaryimage"},"thumbnailUrl":"https:\/\/www.amarosvedese.it\/wp-content\/uploads\/sites\/3\/2024\/03\/products-00003305.jpg","datePublished":"2008-05-09T08:45:16+00:00","dateModified":"2025-05-12T07:31:37+00:00","description":"Elasticizzante, ideale dopo il bagno, grazie alla presenza delle proteine idrolizzate della Seta, questa emulsione \u00e8 un efficace trattamento di idratazione","breadcrumb":{"@id":"https:\/\/www.amarosvedese.it\/it\/prodotto\/crema-fluida-idratante-per-il-corpo-alle-proteine-della-seta-200ml-in-flacone\/#breadcrumb"},"inLanguage":"it-IT","potentialAction":[{"@type":"ReadAction","target":["https:\/\/www.amarosvedese.it\/it\/prodotto\/crema-fluida-idratante-per-il-corpo-alle-proteine-della-seta-200ml-in-flacone\/"]}]},{"@type":"ImageObject","inLanguage":"it-IT","@id":"https:\/\/www.amarosvedese.it\/it\/prodotto\/crema-fluida-idratante-per-il-corpo-alle-proteine-della-seta-200ml-in-flacone\/#primaryimage","url":"https:\/\/www.amarosvedese.it\/wp-content\/uploads\/sites\/3\/2024\/03\/products-00003305.jpg","contentUrl":"https:\/\/www.amarosvedese.it\/wp-content\/uploads\/sites\/3\/2024\/03\/products-00003305.jpg","width":300,"height":649,"caption":"CREMA CORPO ALLA SETA -200 ML DEMETRA"},{"@type":"BreadcrumbList","@id":"https:\/\/www.amarosvedese.it\/it\/prodotto\/crema-fluida-idratante-per-il-corpo-alle-proteine-della-seta-200ml-in-flacone\/#breadcrumb","itemListElement":[{"@type":"ListItem","position":1,"name":"Home","item":"https:\/\/www.amarosvedese.it\/it\/"},{"@type":"ListItem","position":2,"name":"Prodotti","item":"https:\/\/www.amarosvedese.it\/it\/shop\/"},{"@type":"ListItem","position":3,"name":"Crema fluida idratante per il corpo alle proteine della Seta 200ml in flacone"}]},{"@type":"WebSite","@id":"https:\/\/www.amarosvedese.it\/it\/#website","url":"https:\/\/www.amarosvedese.it\/it\/","name":"Amaro Svedese","description":"di Erboristeria Demetra","potentialAction":[{"@type":"SearchAction","target":{"@type":"EntryPoint","urlTemplate":"https:\/\/www.amarosvedese.it\/it\/?s={search_term_string}"},"query-input":{"@type":"PropertyValueSpecification","valueRequired":true,"valueName":"search_term_string"}}],"inLanguage":"it-IT"}]}},"_links":{"self":[{"href":"https:\/\/www.amarosvedese.it\/it\/wp-json\/wp\/v2\/product\/3789","targetHints":{"allow":["GET"]}}],"collection":[{"href":"https:\/\/www.amarosvedese.it\/it\/wp-json\/wp\/v2\/product"}],"about":[{"href":"https:\/\/www.amarosvedese.it\/it\/wp-json\/wp\/v2\/types\/product"}],"replies":[{"embeddable":true,"href":"https:\/\/www.amarosvedese.it\/it\/wp-json\/wp\/v2\/comments?post=3789"}],"wp:featuredmedia":[{"embeddable":true,"href":"https:\/\/www.amarosvedese.it\/it\/wp-json\/wp\/v2\/media\/3787"}],"wp:attachment":[{"href":"https:\/\/www.amarosvedese.it\/it\/wp-json\/wp\/v2\/media?parent=3789"}],"wp:term":[{"taxonomy":"product_brand","embeddable":true,"href":"https:\/\/www.amarosvedese.it\/it\/wp-json\/wp\/v2\/product_brand?post=3789"},{"taxonomy":"product_cat","embeddable":true,"href":"https:\/\/www.amarosvedese.it\/it\/wp-json\/wp\/v2\/product_cat?post=3789"},{"taxonomy":"product_tag","embeddable":true,"href":"https:\/\/www.amarosvedese.it\/it\/wp-json\/wp\/v2\/product_tag?post=3789"},{"taxonomy":"giftcard-category","embeddable":true,"href":"https:\/\/www.amarosvedese.it\/it\/wp-json\/wp\/v2\/giftcard-category?post=3789"}],"curies":[{"name":"wp","href":"https:\/\/api.w.org\/{rel}","templated":true}]}}