{"id":4037,"date":"2008-05-09T12:45:11","date_gmt":"2008-05-09T10:45:11","guid":{"rendered":"https:\/\/www.amarosvedese.it\/prodotto\/timo-serpillo-sommita-thymus-serpyllum\/"},"modified":"2025-05-12T09:31:25","modified_gmt":"2025-05-12T07:31:25","slug":"timo-serpillo-sommita-thymus-serpyllum","status":"publish","type":"product","link":"https:\/\/www.amarosvedese.it\/it\/prodotto\/timo-serpillo-sommita-thymus-serpyllum\/","title":{"rendered":"Timo serpillo sommit\u00e0 (Thymus Serpyllum)"},"content":{"rendered":"<p><strong>Parte aerea di Timo serpillo (Thymus serpyllum)<\/strong><\/p>\n<p data-start=\"54\" data-end=\"495\">Il Timo serpillo \u00e8 una pianta aromatica dalle propriet\u00e0 benefiche per le vie respiratorie e il sistema digestivo.<\/p>\n<p data-start=\"54\" data-end=\"495\">Ricco di oli essenziali, \u00e8 tradizionalmente utilizzato per favorire la fluidit\u00e0 delle secrezioni bronchiali e sostenere il benessere della gola.<\/p>\n<p data-start=\"54\" data-end=\"495\">Inoltre, aiuta la digestione e contribuisce a ridurre la sensazione di gonfiore addominale.<\/p>\n<p data-start=\"54\" data-end=\"495\">Il suo aroma intenso lo rende un&#8217;ottima scelta per tisane dal sapore deciso e balsamico.<\/p>\n<p data-start=\"497\" data-end=\"718\" data-is-last-node=\"\" data-is-only-node=\"\"><strong data-start=\"497\" data-end=\"515\">Modalit\u00e0 d\u2019uso<\/strong><\/p>\n<p data-start=\"497\" data-end=\"718\" data-is-last-node=\"\" data-is-only-node=\"\">Preparare un\u2019infusione con 1-2 cucchiaini di parte aerea in una tazza di acqua calda, lasciando in infusione per 5-10 minuti prima di filtrare.<\/p>\n<p data-start=\"497\" data-end=\"718\" data-is-last-node=\"\" data-is-only-node=\"\">Se ne consiglia l\u2019assunzione fino a 3 volte al giorno.<\/p>\n","protected":false},"excerpt":{"rendered":"<p>Parte aerea di Timo serpillo (Thymus serpyllum) Il Timo serpillo \u00e8 una pianta aromatica dalle propriet\u00e0 benefiche per le vie respiratorie e il sistema digestivo. Ricco di oli essenziali, \u00e8 tradizionalmente utilizzato per favorire la fluidit\u00e0 delle secrezioni bronchiali e sostenere il benessere della gola&#8230;.<\/p>\n","protected":false},"featured_media":655,"comment_status":"closed","ping_status":"closed","template":"","meta":{"_acf_changed":false},"product_brand":[],"product_cat":[67,68],"product_tag":[198,162,680,681,677,678],"giftcard-category":[],"class_list":{"0":"post-4037","1":"product","2":"type-product","3":"status-publish","4":"has-post-thumbnail","6":"product_cat-erbe-t-u-v-z","7":"product_cat-spezie-e-aromi-per-cucina","8":"product_tag-foglie-2","9":"product_tag-gr-2","10":"product_tag-serpillo","11":"product_tag-serpyllum","12":"product_tag-thymus","13":"product_tag-timo-2","15":"first","16":"instock","17":"sale","18":"taxable","19":"shipping-taxable","20":"product-type-variable","21":"has-default-attributes"},"acf":[],"yoast_head":"<!-- This site is optimized with the Yoast SEO plugin v24.9 - https:\/\/yoast.com\/wordpress\/plugins\/seo\/ -->\n<title>Timo serpillo sommit\u00e0 (Thymus Serpyllum) - Amaro Svedese<\/title>\n<meta name=\"description\" content=\"Il Timo serpillo \u00e8 una pianta aromatica dalle propriet\u00e0 benefiche per le vie respiratorie e il sistema digestivo.\" \/>\n<meta name=\"robots\" content=\"index, follow, max-snippet:-1, max-image-preview:large, max-video-preview:-1\" \/>\n<link rel=\"canonical\" href=\"https:\/\/www.amarosvedese.it\/it\/prodotto\/timo-serpillo-sommita-thymus-serpyllum\/\" \/>\n<meta property=\"og:locale\" content=\"it_IT\" \/>\n<meta property=\"og:type\" content=\"article\" \/>\n<meta property=\"og:title\" content=\"Timo serpillo sommit\u00e0 (Thymus Serpyllum) - Amaro Svedese\" \/>\n<meta property=\"og:description\" content=\"Il Timo serpillo \u00e8 una pianta aromatica dalle propriet\u00e0 benefiche per le vie respiratorie e il sistema digestivo.\" \/>\n<meta property=\"og:url\" content=\"https:\/\/www.amarosvedese.it\/it\/prodotto\/timo-serpillo-sommita-thymus-serpyllum\/\" \/>\n<meta property=\"og:site_name\" content=\"Amaro Svedese\" \/>\n<meta property=\"article:modified_time\" content=\"2025-05-12T07:31:25+00:00\" \/>\n<meta property=\"og:image\" content=\"https:\/\/www.amarosvedese.it\/wp-content\/uploads\/sites\/3\/2020\/01\/products-00001716.jpg\" \/>\n\t<meta property=\"og:image:width\" content=\"350\" \/>\n\t<meta property=\"og:image:height\" content=\"458\" \/>\n\t<meta property=\"og:image:type\" content=\"image\/jpeg\" \/>\n<meta name=\"twitter:card\" content=\"summary_large_image\" \/>\n<meta name=\"twitter:label1\" content=\"Tempo di lettura stimato\" \/>\n\t<meta name=\"twitter:data1\" content=\"1 minuto\" \/>\n<script type=\"application\/ld+json\" class=\"yoast-schema-graph\">{\"@context\":\"https:\/\/schema.org\",\"@graph\":[{\"@type\":\"WebPage\",\"@id\":\"https:\/\/www.amarosvedese.it\/it\/prodotto\/timo-serpillo-sommita-thymus-serpyllum\/\",\"url\":\"https:\/\/www.amarosvedese.it\/it\/prodotto\/timo-serpillo-sommita-thymus-serpyllum\/\",\"name\":\"Timo serpillo sommit\u00e0 (Thymus Serpyllum) - Amaro Svedese\",\"isPartOf\":{\"@id\":\"https:\/\/www.amarosvedese.it\/it\/#website\"},\"primaryImageOfPage\":{\"@id\":\"https:\/\/www.amarosvedese.it\/it\/prodotto\/timo-serpillo-sommita-thymus-serpyllum\/#primaryimage\"},\"image\":{\"@id\":\"https:\/\/www.amarosvedese.it\/it\/prodotto\/timo-serpillo-sommita-thymus-serpyllum\/#primaryimage\"},\"thumbnailUrl\":\"https:\/\/www.amarosvedese.it\/wp-content\/uploads\/sites\/3\/2020\/01\/products-00001716.jpg\",\"datePublished\":\"2008-05-09T10:45:11+00:00\",\"dateModified\":\"2025-05-12T07:31:25+00:00\",\"description\":\"Il Timo serpillo \u00e8 una pianta aromatica dalle propriet\u00e0 benefiche per le vie respiratorie e il sistema digestivo.\",\"breadcrumb\":{\"@id\":\"https:\/\/www.amarosvedese.it\/it\/prodotto\/timo-serpillo-sommita-thymus-serpyllum\/#breadcrumb\"},\"inLanguage\":\"it-IT\",\"potentialAction\":[{\"@type\":\"ReadAction\",\"target\":[\"https:\/\/www.amarosvedese.it\/it\/prodotto\/timo-serpillo-sommita-thymus-serpyllum\/\"]}]},{\"@type\":\"ImageObject\",\"inLanguage\":\"it-IT\",\"@id\":\"https:\/\/www.amarosvedese.it\/it\/prodotto\/timo-serpillo-sommita-thymus-serpyllum\/#primaryimage\",\"url\":\"https:\/\/www.amarosvedese.it\/wp-content\/uploads\/sites\/3\/2020\/01\/products-00001716.jpg\",\"contentUrl\":\"https:\/\/www.amarosvedese.it\/wp-content\/uploads\/sites\/3\/2020\/01\/products-00001716.jpg\",\"width\":350,\"height\":458,\"caption\":\"FRASSINO FOGLIE TT ( FRAXINUS EXCELSIOR)\"},{\"@type\":\"BreadcrumbList\",\"@id\":\"https:\/\/www.amarosvedese.it\/it\/prodotto\/timo-serpillo-sommita-thymus-serpyllum\/#breadcrumb\",\"itemListElement\":[{\"@type\":\"ListItem\",\"position\":1,\"name\":\"Home\",\"item\":\"https:\/\/www.amarosvedese.it\/it\/\"},{\"@type\":\"ListItem\",\"position\":2,\"name\":\"Prodotti\",\"item\":\"https:\/\/www.amarosvedese.it\/it\/shop\/\"},{\"@type\":\"ListItem\",\"position\":3,\"name\":\"Timo serpillo sommit\u00e0 (Thymus Serpyllum)\"}]},{\"@type\":\"WebSite\",\"@id\":\"https:\/\/www.amarosvedese.it\/it\/#website\",\"url\":\"https:\/\/www.amarosvedese.it\/it\/\",\"name\":\"Amaro Svedese\",\"description\":\"di Erboristeria Demetra\",\"potentialAction\":[{\"@type\":\"SearchAction\",\"target\":{\"@type\":\"EntryPoint\",\"urlTemplate\":\"https:\/\/www.amarosvedese.it\/it\/?s={search_term_string}\"},\"query-input\":{\"@type\":\"PropertyValueSpecification\",\"valueRequired\":true,\"valueName\":\"search_term_string\"}}],\"inLanguage\":\"it-IT\"}]}<\/script>\n<!-- \/ Yoast SEO plugin. -->","yoast_head_json":{"title":"Timo serpillo sommit\u00e0 (Thymus Serpyllum) - Amaro Svedese","description":"Il Timo serpillo \u00e8 una pianta aromatica dalle propriet\u00e0 benefiche per le vie respiratorie e il sistema digestivo.","robots":{"index":"index","follow":"follow","max-snippet":"max-snippet:-1","max-image-preview":"max-image-preview:large","max-video-preview":"max-video-preview:-1"},"canonical":"https:\/\/www.amarosvedese.it\/it\/prodotto\/timo-serpillo-sommita-thymus-serpyllum\/","og_locale":"it_IT","og_type":"article","og_title":"Timo serpillo sommit\u00e0 (Thymus Serpyllum) - Amaro Svedese","og_description":"Il Timo serpillo \u00e8 una pianta aromatica dalle propriet\u00e0 benefiche per le vie respiratorie e il sistema digestivo.","og_url":"https:\/\/www.amarosvedese.it\/it\/prodotto\/timo-serpillo-sommita-thymus-serpyllum\/","og_site_name":"Amaro Svedese","article_modified_time":"2025-05-12T07:31:25+00:00","og_image":[{"width":350,"height":458,"url":"https:\/\/www.amarosvedese.it\/wp-content\/uploads\/sites\/3\/2020\/01\/products-00001716.jpg","type":"image\/jpeg"}],"twitter_card":"summary_large_image","twitter_misc":{"Tempo di lettura stimato":"1 minuto"},"schema":{"@context":"https:\/\/schema.org","@graph":[{"@type":"WebPage","@id":"https:\/\/www.amarosvedese.it\/it\/prodotto\/timo-serpillo-sommita-thymus-serpyllum\/","url":"https:\/\/www.amarosvedese.it\/it\/prodotto\/timo-serpillo-sommita-thymus-serpyllum\/","name":"Timo serpillo sommit\u00e0 (Thymus Serpyllum) - Amaro Svedese","isPartOf":{"@id":"https:\/\/www.amarosvedese.it\/it\/#website"},"primaryImageOfPage":{"@id":"https:\/\/www.amarosvedese.it\/it\/prodotto\/timo-serpillo-sommita-thymus-serpyllum\/#primaryimage"},"image":{"@id":"https:\/\/www.amarosvedese.it\/it\/prodotto\/timo-serpillo-sommita-thymus-serpyllum\/#primaryimage"},"thumbnailUrl":"https:\/\/www.amarosvedese.it\/wp-content\/uploads\/sites\/3\/2020\/01\/products-00001716.jpg","datePublished":"2008-05-09T10:45:11+00:00","dateModified":"2025-05-12T07:31:25+00:00","description":"Il Timo serpillo \u00e8 una pianta aromatica dalle propriet\u00e0 benefiche per le vie respiratorie e il sistema digestivo.","breadcrumb":{"@id":"https:\/\/www.amarosvedese.it\/it\/prodotto\/timo-serpillo-sommita-thymus-serpyllum\/#breadcrumb"},"inLanguage":"it-IT","potentialAction":[{"@type":"ReadAction","target":["https:\/\/www.amarosvedese.it\/it\/prodotto\/timo-serpillo-sommita-thymus-serpyllum\/"]}]},{"@type":"ImageObject","inLanguage":"it-IT","@id":"https:\/\/www.amarosvedese.it\/it\/prodotto\/timo-serpillo-sommita-thymus-serpyllum\/#primaryimage","url":"https:\/\/www.amarosvedese.it\/wp-content\/uploads\/sites\/3\/2020\/01\/products-00001716.jpg","contentUrl":"https:\/\/www.amarosvedese.it\/wp-content\/uploads\/sites\/3\/2020\/01\/products-00001716.jpg","width":350,"height":458,"caption":"FRASSINO FOGLIE TT ( FRAXINUS EXCELSIOR)"},{"@type":"BreadcrumbList","@id":"https:\/\/www.amarosvedese.it\/it\/prodotto\/timo-serpillo-sommita-thymus-serpyllum\/#breadcrumb","itemListElement":[{"@type":"ListItem","position":1,"name":"Home","item":"https:\/\/www.amarosvedese.it\/it\/"},{"@type":"ListItem","position":2,"name":"Prodotti","item":"https:\/\/www.amarosvedese.it\/it\/shop\/"},{"@type":"ListItem","position":3,"name":"Timo serpillo sommit\u00e0 (Thymus Serpyllum)"}]},{"@type":"WebSite","@id":"https:\/\/www.amarosvedese.it\/it\/#website","url":"https:\/\/www.amarosvedese.it\/it\/","name":"Amaro Svedese","description":"di Erboristeria Demetra","potentialAction":[{"@type":"SearchAction","target":{"@type":"EntryPoint","urlTemplate":"https:\/\/www.amarosvedese.it\/it\/?s={search_term_string}"},"query-input":{"@type":"PropertyValueSpecification","valueRequired":true,"valueName":"search_term_string"}}],"inLanguage":"it-IT"}]}},"_links":{"self":[{"href":"https:\/\/www.amarosvedese.it\/it\/wp-json\/wp\/v2\/product\/4037","targetHints":{"allow":["GET"]}}],"collection":[{"href":"https:\/\/www.amarosvedese.it\/it\/wp-json\/wp\/v2\/product"}],"about":[{"href":"https:\/\/www.amarosvedese.it\/it\/wp-json\/wp\/v2\/types\/product"}],"replies":[{"embeddable":true,"href":"https:\/\/www.amarosvedese.it\/it\/wp-json\/wp\/v2\/comments?post=4037"}],"wp:featuredmedia":[{"embeddable":true,"href":"https:\/\/www.amarosvedese.it\/it\/wp-json\/wp\/v2\/media\/655"}],"wp:attachment":[{"href":"https:\/\/www.amarosvedese.it\/it\/wp-json\/wp\/v2\/media?parent=4037"}],"wp:term":[{"taxonomy":"product_brand","embeddable":true,"href":"https:\/\/www.amarosvedese.it\/it\/wp-json\/wp\/v2\/product_brand?post=4037"},{"taxonomy":"product_cat","embeddable":true,"href":"https:\/\/www.amarosvedese.it\/it\/wp-json\/wp\/v2\/product_cat?post=4037"},{"taxonomy":"product_tag","embeddable":true,"href":"https:\/\/www.amarosvedese.it\/it\/wp-json\/wp\/v2\/product_tag?post=4037"},{"taxonomy":"giftcard-category","embeddable":true,"href":"https:\/\/www.amarosvedese.it\/it\/wp-json\/wp\/v2\/giftcard-category?post=4037"}],"curies":[{"name":"wp","href":"https:\/\/api.w.org\/{rel}","templated":true}]}}