{"id":4059,"date":"2019-02-05T19:28:55","date_gmt":"2019-02-05T18:28:55","guid":{"rendered":"https:\/\/www.amarosvedese.it\/prodotto\/zenzero-rizoma-taglio-tisana-zingiber-officinale\/"},"modified":"2025-11-12T09:33:11","modified_gmt":"2025-11-12T08:33:11","slug":"zenzero-rizoma-taglio-tisana-zingiber-officinale","status":"publish","type":"product","link":"https:\/\/www.amarosvedese.it\/it\/prodotto\/zenzero-rizoma-taglio-tisana-zingiber-officinale\/","title":{"rendered":"Zenzero Rizoma taglio tisana (Zingiber officinale)"},"content":{"rendered":"<p data-start=\"0\" data-end=\"124\"><strong>Rizoma, comunemente chiamato radice, in taglio tisana di Zenzero (<em data-start=\"66\" data-end=\"87\">Zingiber officinale<\/em>), chiamato anche Zinzero o Ginger<\/strong><\/p>\n<p data-start=\"126\" data-end=\"600\">Lo Zenzero \u00e8 una radice dalle numerose propriet\u00e0 benefiche, particolarmente conosciuta per le sue capacit\u00e0 di stimolare la digestione, contrastare la nausea e migliorare la circolazione sanguigna.<\/p>\n<p data-start=\"126\" data-end=\"600\">Ha anche effetti antinfiammatori e riscaldanti, rendendolo ideale per contrastare il raffreddore e favorire il benessere generale.<\/p>\n<p data-start=\"126\" data-end=\"600\">Il suo sapore piccante e aromatico lo rende perfetto per preparazioni di tisane, sia come base che come aggiunta in combinazione con altre erbe.<\/p>\n<p data-start=\"602\" data-end=\"863\" data-is-last-node=\"\" data-is-only-node=\"\"><strong data-start=\"602\" data-end=\"620\">Modalit\u00e0 d\u2019uso<\/strong><\/p>\n<p data-start=\"602\" data-end=\"863\" data-is-last-node=\"\" data-is-only-node=\"\">Preparare un\u2019infusione con 1-2 cucchiaini di radice in una tazza di acqua calda, lasciando in infusione per 5-10 minuti prima di filtrare.<\/p>\n<p data-start=\"602\" data-end=\"863\" data-is-last-node=\"\" data-is-only-node=\"\">Se ne consiglia l\u2019assunzione 1-2 volte al giorno, per favorire la digestione e il benessere generale.<\/p>\n","protected":false},"excerpt":{"rendered":"<p>Rizoma, comunemente chiamato radice, in taglio tisana di Zenzero (Zingiber officinale), chiamato anche Zinzero o Ginger Lo Zenzero \u00e8 una radice dalle numerose propriet\u00e0 benefiche, particolarmente conosciuta per le sue capacit\u00e0 di stimolare la digestione, contrastare la nausea e migliorare la circolazione sanguigna. Ha anche&#8230;<\/p>\n","protected":false},"featured_media":655,"comment_status":"closed","ping_status":"closed","template":"","meta":{"_acf_changed":false},"product_brand":[],"product_cat":[67,68],"product_tag":[162,206,103,175,217,218,683,684],"giftcard-category":[],"class_list":{"0":"post-4059","1":"product","2":"type-product","3":"status-publish","4":"has-post-thumbnail","6":"product_cat-erbe-t-u-v-z","7":"product_cat-spezie-e-aromi-per-cucina","8":"product_tag-gr-2","9":"product_tag-off","10":"product_tag-polvere","11":"product_tag-rizoma","12":"product_tag-taglio","13":"product_tag-tisana","14":"product_tag-zenzero","15":"product_tag-zingiber","17":"first","18":"instock","19":"sale","20":"taxable","21":"shipping-taxable","22":"purchasable","23":"product-type-variable"},"acf":[],"yoast_head":"<!-- This site is optimized with the Yoast SEO plugin v24.9 - https:\/\/yoast.com\/wordpress\/plugins\/seo\/ -->\n<title>Zenzero Rizoma taglio tisana (Zingiber officinale) - Amaro Svedese<\/title>\n<meta name=\"description\" content=\"Lo Zenzero \u00e8 particolarmente conosciuto per le sue capacit\u00e0 di stimolare la digestione, contrastare la nausea e migliorare la circolazione sanguigna.\" \/>\n<meta name=\"robots\" content=\"index, follow, max-snippet:-1, max-image-preview:large, max-video-preview:-1\" \/>\n<link rel=\"canonical\" href=\"https:\/\/www.amarosvedese.it\/it\/prodotto\/zenzero-rizoma-taglio-tisana-zingiber-officinale\/\" \/>\n<meta property=\"og:locale\" content=\"it_IT\" \/>\n<meta property=\"og:type\" content=\"article\" \/>\n<meta property=\"og:title\" content=\"Zenzero Rizoma taglio tisana (Zingiber officinale) - Amaro Svedese\" \/>\n<meta property=\"og:description\" content=\"Lo Zenzero \u00e8 particolarmente conosciuto per le sue capacit\u00e0 di stimolare la digestione, contrastare la nausea e migliorare la circolazione sanguigna.\" \/>\n<meta property=\"og:url\" content=\"https:\/\/www.amarosvedese.it\/it\/prodotto\/zenzero-rizoma-taglio-tisana-zingiber-officinale\/\" \/>\n<meta property=\"og:site_name\" content=\"Amaro Svedese\" \/>\n<meta property=\"article:modified_time\" content=\"2025-11-12T08:33:11+00:00\" \/>\n<meta property=\"og:image\" content=\"https:\/\/www.amarosvedese.it\/wp-content\/uploads\/sites\/3\/2020\/01\/products-00001716.jpg\" \/>\n\t<meta property=\"og:image:width\" content=\"350\" \/>\n\t<meta property=\"og:image:height\" content=\"458\" \/>\n\t<meta property=\"og:image:type\" content=\"image\/jpeg\" \/>\n<meta name=\"twitter:card\" content=\"summary_large_image\" \/>\n<meta name=\"twitter:label1\" content=\"Tempo di lettura stimato\" \/>\n\t<meta name=\"twitter:data1\" content=\"1 minuto\" \/>\n<script type=\"application\/ld+json\" class=\"yoast-schema-graph\">{\"@context\":\"https:\/\/schema.org\",\"@graph\":[{\"@type\":\"WebPage\",\"@id\":\"https:\/\/www.amarosvedese.it\/it\/prodotto\/zenzero-rizoma-taglio-tisana-zingiber-officinale\/\",\"url\":\"https:\/\/www.amarosvedese.it\/it\/prodotto\/zenzero-rizoma-taglio-tisana-zingiber-officinale\/\",\"name\":\"Zenzero Rizoma taglio tisana (Zingiber officinale) - Amaro Svedese\",\"isPartOf\":{\"@id\":\"https:\/\/www.amarosvedese.it\/it\/#website\"},\"primaryImageOfPage\":{\"@id\":\"https:\/\/www.amarosvedese.it\/it\/prodotto\/zenzero-rizoma-taglio-tisana-zingiber-officinale\/#primaryimage\"},\"image\":{\"@id\":\"https:\/\/www.amarosvedese.it\/it\/prodotto\/zenzero-rizoma-taglio-tisana-zingiber-officinale\/#primaryimage\"},\"thumbnailUrl\":\"https:\/\/www.amarosvedese.it\/wp-content\/uploads\/sites\/3\/2020\/01\/products-00001716.jpg\",\"datePublished\":\"2019-02-05T18:28:55+00:00\",\"dateModified\":\"2025-11-12T08:33:11+00:00\",\"description\":\"Lo Zenzero \u00e8 particolarmente conosciuto per le sue capacit\u00e0 di stimolare la digestione, contrastare la nausea e migliorare la circolazione sanguigna.\",\"breadcrumb\":{\"@id\":\"https:\/\/www.amarosvedese.it\/it\/prodotto\/zenzero-rizoma-taglio-tisana-zingiber-officinale\/#breadcrumb\"},\"inLanguage\":\"it-IT\",\"potentialAction\":[{\"@type\":\"ReadAction\",\"target\":[\"https:\/\/www.amarosvedese.it\/it\/prodotto\/zenzero-rizoma-taglio-tisana-zingiber-officinale\/\"]}]},{\"@type\":\"ImageObject\",\"inLanguage\":\"it-IT\",\"@id\":\"https:\/\/www.amarosvedese.it\/it\/prodotto\/zenzero-rizoma-taglio-tisana-zingiber-officinale\/#primaryimage\",\"url\":\"https:\/\/www.amarosvedese.it\/wp-content\/uploads\/sites\/3\/2020\/01\/products-00001716.jpg\",\"contentUrl\":\"https:\/\/www.amarosvedese.it\/wp-content\/uploads\/sites\/3\/2020\/01\/products-00001716.jpg\",\"width\":350,\"height\":458,\"caption\":\"FRASSINO FOGLIE TT ( FRAXINUS EXCELSIOR)\"},{\"@type\":\"BreadcrumbList\",\"@id\":\"https:\/\/www.amarosvedese.it\/it\/prodotto\/zenzero-rizoma-taglio-tisana-zingiber-officinale\/#breadcrumb\",\"itemListElement\":[{\"@type\":\"ListItem\",\"position\":1,\"name\":\"Home\",\"item\":\"https:\/\/www.amarosvedese.it\/it\/\"},{\"@type\":\"ListItem\",\"position\":2,\"name\":\"Prodotti\",\"item\":\"https:\/\/www.amarosvedese.it\/it\/shop\/\"},{\"@type\":\"ListItem\",\"position\":3,\"name\":\"Zenzero Rizoma taglio tisana (Zingiber officinale)\"}]},{\"@type\":\"WebSite\",\"@id\":\"https:\/\/www.amarosvedese.it\/it\/#website\",\"url\":\"https:\/\/www.amarosvedese.it\/it\/\",\"name\":\"Amaro Svedese\",\"description\":\"di Erboristeria Demetra\",\"potentialAction\":[{\"@type\":\"SearchAction\",\"target\":{\"@type\":\"EntryPoint\",\"urlTemplate\":\"https:\/\/www.amarosvedese.it\/it\/?s={search_term_string}\"},\"query-input\":{\"@type\":\"PropertyValueSpecification\",\"valueRequired\":true,\"valueName\":\"search_term_string\"}}],\"inLanguage\":\"it-IT\"}]}<\/script>\n<!-- \/ Yoast SEO plugin. -->","yoast_head_json":{"title":"Zenzero Rizoma taglio tisana (Zingiber officinale) - Amaro Svedese","description":"Lo Zenzero \u00e8 particolarmente conosciuto per le sue capacit\u00e0 di stimolare la digestione, contrastare la nausea e migliorare la circolazione sanguigna.","robots":{"index":"index","follow":"follow","max-snippet":"max-snippet:-1","max-image-preview":"max-image-preview:large","max-video-preview":"max-video-preview:-1"},"canonical":"https:\/\/www.amarosvedese.it\/it\/prodotto\/zenzero-rizoma-taglio-tisana-zingiber-officinale\/","og_locale":"it_IT","og_type":"article","og_title":"Zenzero Rizoma taglio tisana (Zingiber officinale) - Amaro Svedese","og_description":"Lo Zenzero \u00e8 particolarmente conosciuto per le sue capacit\u00e0 di stimolare la digestione, contrastare la nausea e migliorare la circolazione sanguigna.","og_url":"https:\/\/www.amarosvedese.it\/it\/prodotto\/zenzero-rizoma-taglio-tisana-zingiber-officinale\/","og_site_name":"Amaro Svedese","article_modified_time":"2025-11-12T08:33:11+00:00","og_image":[{"width":350,"height":458,"url":"https:\/\/www.amarosvedese.it\/wp-content\/uploads\/sites\/3\/2020\/01\/products-00001716.jpg","type":"image\/jpeg"}],"twitter_card":"summary_large_image","twitter_misc":{"Tempo di lettura stimato":"1 minuto"},"schema":{"@context":"https:\/\/schema.org","@graph":[{"@type":"WebPage","@id":"https:\/\/www.amarosvedese.it\/it\/prodotto\/zenzero-rizoma-taglio-tisana-zingiber-officinale\/","url":"https:\/\/www.amarosvedese.it\/it\/prodotto\/zenzero-rizoma-taglio-tisana-zingiber-officinale\/","name":"Zenzero Rizoma taglio tisana (Zingiber officinale) - Amaro Svedese","isPartOf":{"@id":"https:\/\/www.amarosvedese.it\/it\/#website"},"primaryImageOfPage":{"@id":"https:\/\/www.amarosvedese.it\/it\/prodotto\/zenzero-rizoma-taglio-tisana-zingiber-officinale\/#primaryimage"},"image":{"@id":"https:\/\/www.amarosvedese.it\/it\/prodotto\/zenzero-rizoma-taglio-tisana-zingiber-officinale\/#primaryimage"},"thumbnailUrl":"https:\/\/www.amarosvedese.it\/wp-content\/uploads\/sites\/3\/2020\/01\/products-00001716.jpg","datePublished":"2019-02-05T18:28:55+00:00","dateModified":"2025-11-12T08:33:11+00:00","description":"Lo Zenzero \u00e8 particolarmente conosciuto per le sue capacit\u00e0 di stimolare la digestione, contrastare la nausea e migliorare la circolazione sanguigna.","breadcrumb":{"@id":"https:\/\/www.amarosvedese.it\/it\/prodotto\/zenzero-rizoma-taglio-tisana-zingiber-officinale\/#breadcrumb"},"inLanguage":"it-IT","potentialAction":[{"@type":"ReadAction","target":["https:\/\/www.amarosvedese.it\/it\/prodotto\/zenzero-rizoma-taglio-tisana-zingiber-officinale\/"]}]},{"@type":"ImageObject","inLanguage":"it-IT","@id":"https:\/\/www.amarosvedese.it\/it\/prodotto\/zenzero-rizoma-taglio-tisana-zingiber-officinale\/#primaryimage","url":"https:\/\/www.amarosvedese.it\/wp-content\/uploads\/sites\/3\/2020\/01\/products-00001716.jpg","contentUrl":"https:\/\/www.amarosvedese.it\/wp-content\/uploads\/sites\/3\/2020\/01\/products-00001716.jpg","width":350,"height":458,"caption":"FRASSINO FOGLIE TT ( FRAXINUS EXCELSIOR)"},{"@type":"BreadcrumbList","@id":"https:\/\/www.amarosvedese.it\/it\/prodotto\/zenzero-rizoma-taglio-tisana-zingiber-officinale\/#breadcrumb","itemListElement":[{"@type":"ListItem","position":1,"name":"Home","item":"https:\/\/www.amarosvedese.it\/it\/"},{"@type":"ListItem","position":2,"name":"Prodotti","item":"https:\/\/www.amarosvedese.it\/it\/shop\/"},{"@type":"ListItem","position":3,"name":"Zenzero Rizoma taglio tisana (Zingiber officinale)"}]},{"@type":"WebSite","@id":"https:\/\/www.amarosvedese.it\/it\/#website","url":"https:\/\/www.amarosvedese.it\/it\/","name":"Amaro Svedese","description":"di Erboristeria Demetra","potentialAction":[{"@type":"SearchAction","target":{"@type":"EntryPoint","urlTemplate":"https:\/\/www.amarosvedese.it\/it\/?s={search_term_string}"},"query-input":{"@type":"PropertyValueSpecification","valueRequired":true,"valueName":"search_term_string"}}],"inLanguage":"it-IT"}]}},"_links":{"self":[{"href":"https:\/\/www.amarosvedese.it\/it\/wp-json\/wp\/v2\/product\/4059","targetHints":{"allow":["GET"]}}],"collection":[{"href":"https:\/\/www.amarosvedese.it\/it\/wp-json\/wp\/v2\/product"}],"about":[{"href":"https:\/\/www.amarosvedese.it\/it\/wp-json\/wp\/v2\/types\/product"}],"replies":[{"embeddable":true,"href":"https:\/\/www.amarosvedese.it\/it\/wp-json\/wp\/v2\/comments?post=4059"}],"wp:featuredmedia":[{"embeddable":true,"href":"https:\/\/www.amarosvedese.it\/it\/wp-json\/wp\/v2\/media\/655"}],"wp:attachment":[{"href":"https:\/\/www.amarosvedese.it\/it\/wp-json\/wp\/v2\/media?parent=4059"}],"wp:term":[{"taxonomy":"product_brand","embeddable":true,"href":"https:\/\/www.amarosvedese.it\/it\/wp-json\/wp\/v2\/product_brand?post=4059"},{"taxonomy":"product_cat","embeddable":true,"href":"https:\/\/www.amarosvedese.it\/it\/wp-json\/wp\/v2\/product_cat?post=4059"},{"taxonomy":"product_tag","embeddable":true,"href":"https:\/\/www.amarosvedese.it\/it\/wp-json\/wp\/v2\/product_tag?post=4059"},{"taxonomy":"giftcard-category","embeddable":true,"href":"https:\/\/www.amarosvedese.it\/it\/wp-json\/wp\/v2\/giftcard-category?post=4059"}],"curies":[{"name":"wp","href":"https:\/\/api.w.org\/{rel}","templated":true}]}}