{"id":4075,"date":"2025-03-07T12:33:19","date_gmt":"2025-03-07T11:33:19","guid":{"rendered":"https:\/\/www.amarosvedese.it\/prodotto\/astragalo-radice-astragalus-membranaceus-radice-tagliata-per-tisana\/"},"modified":"2025-05-12T09:31:16","modified_gmt":"2025-05-12T07:31:16","slug":"astragalo-radice-astragalus-membranaceus-radice-tagliata-per-tisana","status":"publish","type":"product","link":"https:\/\/www.amarosvedese.it\/it\/prodotto\/astragalo-radice-astragalus-membranaceus-radice-tagliata-per-tisana\/","title":{"rendered":"Astragalo radice (Astragalus membranaceus) radice tagliata per tisana"},"content":{"rendered":"<p><strong>Agnocasto (Vitex agnus-castus) Frutti Tagliati per Tisana<\/strong><\/p>\n<p>La radice di Astragalo (Astragalus membranaceus) \u00e8 conosciuta per le sue propriet\u00e0 toniche e immunostimolanti.<\/p>\n<p>Tradizionalmente utilizzata nella medicina orientale, \u00e8 apprezzata per il supporto alle difese naturali dell\u2019organismo, il benessere delle vie respiratorie e il recupero fisico nei periodi di stanchezza e stress.<\/p>\n<p><strong>Modalit\u00e0 d\u2019uso<\/strong><\/p>\n<p>Per preparare la tisana, utilizzare circa 1 cucchiaio di radice di Astragalo per ogni tazza d\u2019acqua.<\/p>\n<p>Far bollire l\u2019acqua, spegnere e aggiungere la radice. Lasciare riposare per 10-15 minuti.<\/p>\n<p>Filtrare e bere fino a due volte al giorno.<\/p>\n<p>Per un effetto pi\u00f9 marcato, si consiglia l\u2019uso continuativo per alcune settimane.<\/p>\n<p>&nbsp;<\/p>\n","protected":false},"excerpt":{"rendered":"<p>Agnocasto (Vitex agnus-castus) Frutti Tagliati per Tisana La radice di Astragalo (Astragalus membranaceus) \u00e8 conosciuta per le sue propriet\u00e0 toniche e immunostimolanti. Tradizionalmente utilizzata nella medicina orientale, \u00e8 apprezzata per il supporto alle difese naturali dell\u2019organismo, il benessere delle vie respiratorie e il recupero fisico&#8230;<\/p>\n","protected":false},"featured_media":661,"comment_status":"closed","ping_status":"closed","template":"","meta":{"_acf_changed":false},"product_brand":[],"product_cat":[59],"product_tag":[],"giftcard-category":[],"class_list":{"0":"post-4075","1":"product","2":"type-product","3":"status-publish","4":"has-post-thumbnail","6":"product_cat-erbe-a","8":"first","9":"instock","10":"sale","11":"taxable","12":"shipping-taxable","13":"product-type-variable","14":"has-default-attributes"},"acf":[],"yoast_head":"<!-- This site is optimized with the Yoast SEO plugin v24.9 - https:\/\/yoast.com\/wordpress\/plugins\/seo\/ -->\n<title>Astragalo radice (Astragalus membranaceus) radice tagliata per tisana - Amaro Svedese<\/title>\n<meta name=\"description\" content=\"Tradizionalmente utilizzata nella medicina orientale, \u00e8 apprezzata per il supporto alle difese naturali dell\u2019organismo e al benessere delle vie respiratorie\" \/>\n<meta name=\"robots\" content=\"index, follow, max-snippet:-1, max-image-preview:large, max-video-preview:-1\" \/>\n<link rel=\"canonical\" href=\"https:\/\/www.amarosvedese.it\/it\/prodotto\/astragalo-radice-astragalus-membranaceus-radice-tagliata-per-tisana\/\" \/>\n<meta property=\"og:locale\" content=\"it_IT\" \/>\n<meta property=\"og:type\" content=\"article\" \/>\n<meta property=\"og:title\" content=\"Astragalo radice (Astragalus membranaceus) radice tagliata per tisana - Amaro Svedese\" \/>\n<meta property=\"og:description\" content=\"Tradizionalmente utilizzata nella medicina orientale, \u00e8 apprezzata per il supporto alle difese naturali dell\u2019organismo e al benessere delle vie respiratorie\" \/>\n<meta property=\"og:url\" content=\"https:\/\/www.amarosvedese.it\/it\/prodotto\/astragalo-radice-astragalus-membranaceus-radice-tagliata-per-tisana\/\" \/>\n<meta property=\"og:site_name\" content=\"Amaro Svedese\" \/>\n<meta property=\"article:modified_time\" content=\"2025-05-12T07:31:16+00:00\" \/>\n<meta property=\"og:image\" content=\"https:\/\/www.amarosvedese.it\/wp-content\/uploads\/sites\/3\/2020\/01\/products-00003297.jpg\" \/>\n\t<meta property=\"og:image:width\" content=\"600\" \/>\n\t<meta property=\"og:image:height\" content=\"600\" \/>\n\t<meta property=\"og:image:type\" content=\"image\/jpeg\" \/>\n<meta name=\"twitter:card\" content=\"summary_large_image\" \/>\n<meta name=\"twitter:label1\" content=\"Tempo di lettura stimato\" \/>\n\t<meta name=\"twitter:data1\" content=\"1 minuto\" \/>\n<script type=\"application\/ld+json\" class=\"yoast-schema-graph\">{\"@context\":\"https:\/\/schema.org\",\"@graph\":[{\"@type\":\"WebPage\",\"@id\":\"https:\/\/www.amarosvedese.it\/it\/prodotto\/astragalo-radice-astragalus-membranaceus-radice-tagliata-per-tisana\/\",\"url\":\"https:\/\/www.amarosvedese.it\/it\/prodotto\/astragalo-radice-astragalus-membranaceus-radice-tagliata-per-tisana\/\",\"name\":\"Astragalo radice (Astragalus membranaceus) radice tagliata per tisana - Amaro Svedese\",\"isPartOf\":{\"@id\":\"https:\/\/www.amarosvedese.it\/it\/#website\"},\"primaryImageOfPage\":{\"@id\":\"https:\/\/www.amarosvedese.it\/it\/prodotto\/astragalo-radice-astragalus-membranaceus-radice-tagliata-per-tisana\/#primaryimage\"},\"image\":{\"@id\":\"https:\/\/www.amarosvedese.it\/it\/prodotto\/astragalo-radice-astragalus-membranaceus-radice-tagliata-per-tisana\/#primaryimage\"},\"thumbnailUrl\":\"https:\/\/www.amarosvedese.it\/wp-content\/uploads\/sites\/3\/2020\/01\/products-00003297.jpg\",\"datePublished\":\"2025-03-07T11:33:19+00:00\",\"dateModified\":\"2025-05-12T07:31:16+00:00\",\"description\":\"Tradizionalmente utilizzata nella medicina orientale, \u00e8 apprezzata per il supporto alle difese naturali dell\u2019organismo e al benessere delle vie respiratorie\",\"breadcrumb\":{\"@id\":\"https:\/\/www.amarosvedese.it\/it\/prodotto\/astragalo-radice-astragalus-membranaceus-radice-tagliata-per-tisana\/#breadcrumb\"},\"inLanguage\":\"it-IT\",\"potentialAction\":[{\"@type\":\"ReadAction\",\"target\":[\"https:\/\/www.amarosvedese.it\/it\/prodotto\/astragalo-radice-astragalus-membranaceus-radice-tagliata-per-tisana\/\"]}]},{\"@type\":\"ImageObject\",\"inLanguage\":\"it-IT\",\"@id\":\"https:\/\/www.amarosvedese.it\/it\/prodotto\/astragalo-radice-astragalus-membranaceus-radice-tagliata-per-tisana\/#primaryimage\",\"url\":\"https:\/\/www.amarosvedese.it\/wp-content\/uploads\/sites\/3\/2020\/01\/products-00003297.jpg\",\"contentUrl\":\"https:\/\/www.amarosvedese.it\/wp-content\/uploads\/sites\/3\/2020\/01\/products-00003297.jpg\",\"width\":600,\"height\":600,\"caption\":\"Zafferano purissimo confezione 10gr per ristoratori ...e non\"},{\"@type\":\"BreadcrumbList\",\"@id\":\"https:\/\/www.amarosvedese.it\/it\/prodotto\/astragalo-radice-astragalus-membranaceus-radice-tagliata-per-tisana\/#breadcrumb\",\"itemListElement\":[{\"@type\":\"ListItem\",\"position\":1,\"name\":\"Home\",\"item\":\"https:\/\/www.amarosvedese.it\/it\/\"},{\"@type\":\"ListItem\",\"position\":2,\"name\":\"Prodotti\",\"item\":\"https:\/\/www.amarosvedese.it\/it\/shop\/\"},{\"@type\":\"ListItem\",\"position\":3,\"name\":\"Astragalo radice (Astragalus membranaceus) radice tagliata per tisana\"}]},{\"@type\":\"WebSite\",\"@id\":\"https:\/\/www.amarosvedese.it\/it\/#website\",\"url\":\"https:\/\/www.amarosvedese.it\/it\/\",\"name\":\"Amaro Svedese\",\"description\":\"di Erboristeria Demetra\",\"potentialAction\":[{\"@type\":\"SearchAction\",\"target\":{\"@type\":\"EntryPoint\",\"urlTemplate\":\"https:\/\/www.amarosvedese.it\/it\/?s={search_term_string}\"},\"query-input\":{\"@type\":\"PropertyValueSpecification\",\"valueRequired\":true,\"valueName\":\"search_term_string\"}}],\"inLanguage\":\"it-IT\"}]}<\/script>\n<!-- \/ Yoast SEO plugin. -->","yoast_head_json":{"title":"Astragalo radice (Astragalus membranaceus) radice tagliata per tisana - Amaro Svedese","description":"Tradizionalmente utilizzata nella medicina orientale, \u00e8 apprezzata per il supporto alle difese naturali dell\u2019organismo e al benessere delle vie respiratorie","robots":{"index":"index","follow":"follow","max-snippet":"max-snippet:-1","max-image-preview":"max-image-preview:large","max-video-preview":"max-video-preview:-1"},"canonical":"https:\/\/www.amarosvedese.it\/it\/prodotto\/astragalo-radice-astragalus-membranaceus-radice-tagliata-per-tisana\/","og_locale":"it_IT","og_type":"article","og_title":"Astragalo radice (Astragalus membranaceus) radice tagliata per tisana - Amaro Svedese","og_description":"Tradizionalmente utilizzata nella medicina orientale, \u00e8 apprezzata per il supporto alle difese naturali dell\u2019organismo e al benessere delle vie respiratorie","og_url":"https:\/\/www.amarosvedese.it\/it\/prodotto\/astragalo-radice-astragalus-membranaceus-radice-tagliata-per-tisana\/","og_site_name":"Amaro Svedese","article_modified_time":"2025-05-12T07:31:16+00:00","og_image":[{"width":600,"height":600,"url":"https:\/\/www.amarosvedese.it\/wp-content\/uploads\/sites\/3\/2020\/01\/products-00003297.jpg","type":"image\/jpeg"}],"twitter_card":"summary_large_image","twitter_misc":{"Tempo di lettura stimato":"1 minuto"},"schema":{"@context":"https:\/\/schema.org","@graph":[{"@type":"WebPage","@id":"https:\/\/www.amarosvedese.it\/it\/prodotto\/astragalo-radice-astragalus-membranaceus-radice-tagliata-per-tisana\/","url":"https:\/\/www.amarosvedese.it\/it\/prodotto\/astragalo-radice-astragalus-membranaceus-radice-tagliata-per-tisana\/","name":"Astragalo radice (Astragalus membranaceus) radice tagliata per tisana - Amaro Svedese","isPartOf":{"@id":"https:\/\/www.amarosvedese.it\/it\/#website"},"primaryImageOfPage":{"@id":"https:\/\/www.amarosvedese.it\/it\/prodotto\/astragalo-radice-astragalus-membranaceus-radice-tagliata-per-tisana\/#primaryimage"},"image":{"@id":"https:\/\/www.amarosvedese.it\/it\/prodotto\/astragalo-radice-astragalus-membranaceus-radice-tagliata-per-tisana\/#primaryimage"},"thumbnailUrl":"https:\/\/www.amarosvedese.it\/wp-content\/uploads\/sites\/3\/2020\/01\/products-00003297.jpg","datePublished":"2025-03-07T11:33:19+00:00","dateModified":"2025-05-12T07:31:16+00:00","description":"Tradizionalmente utilizzata nella medicina orientale, \u00e8 apprezzata per il supporto alle difese naturali dell\u2019organismo e al benessere delle vie respiratorie","breadcrumb":{"@id":"https:\/\/www.amarosvedese.it\/it\/prodotto\/astragalo-radice-astragalus-membranaceus-radice-tagliata-per-tisana\/#breadcrumb"},"inLanguage":"it-IT","potentialAction":[{"@type":"ReadAction","target":["https:\/\/www.amarosvedese.it\/it\/prodotto\/astragalo-radice-astragalus-membranaceus-radice-tagliata-per-tisana\/"]}]},{"@type":"ImageObject","inLanguage":"it-IT","@id":"https:\/\/www.amarosvedese.it\/it\/prodotto\/astragalo-radice-astragalus-membranaceus-radice-tagliata-per-tisana\/#primaryimage","url":"https:\/\/www.amarosvedese.it\/wp-content\/uploads\/sites\/3\/2020\/01\/products-00003297.jpg","contentUrl":"https:\/\/www.amarosvedese.it\/wp-content\/uploads\/sites\/3\/2020\/01\/products-00003297.jpg","width":600,"height":600,"caption":"Zafferano purissimo confezione 10gr per ristoratori ...e non"},{"@type":"BreadcrumbList","@id":"https:\/\/www.amarosvedese.it\/it\/prodotto\/astragalo-radice-astragalus-membranaceus-radice-tagliata-per-tisana\/#breadcrumb","itemListElement":[{"@type":"ListItem","position":1,"name":"Home","item":"https:\/\/www.amarosvedese.it\/it\/"},{"@type":"ListItem","position":2,"name":"Prodotti","item":"https:\/\/www.amarosvedese.it\/it\/shop\/"},{"@type":"ListItem","position":3,"name":"Astragalo radice (Astragalus membranaceus) radice tagliata per tisana"}]},{"@type":"WebSite","@id":"https:\/\/www.amarosvedese.it\/it\/#website","url":"https:\/\/www.amarosvedese.it\/it\/","name":"Amaro Svedese","description":"di Erboristeria Demetra","potentialAction":[{"@type":"SearchAction","target":{"@type":"EntryPoint","urlTemplate":"https:\/\/www.amarosvedese.it\/it\/?s={search_term_string}"},"query-input":{"@type":"PropertyValueSpecification","valueRequired":true,"valueName":"search_term_string"}}],"inLanguage":"it-IT"}]}},"_links":{"self":[{"href":"https:\/\/www.amarosvedese.it\/it\/wp-json\/wp\/v2\/product\/4075","targetHints":{"allow":["GET"]}}],"collection":[{"href":"https:\/\/www.amarosvedese.it\/it\/wp-json\/wp\/v2\/product"}],"about":[{"href":"https:\/\/www.amarosvedese.it\/it\/wp-json\/wp\/v2\/types\/product"}],"replies":[{"embeddable":true,"href":"https:\/\/www.amarosvedese.it\/it\/wp-json\/wp\/v2\/comments?post=4075"}],"wp:featuredmedia":[{"embeddable":true,"href":"https:\/\/www.amarosvedese.it\/it\/wp-json\/wp\/v2\/media\/661"}],"wp:attachment":[{"href":"https:\/\/www.amarosvedese.it\/it\/wp-json\/wp\/v2\/media?parent=4075"}],"wp:term":[{"taxonomy":"product_brand","embeddable":true,"href":"https:\/\/www.amarosvedese.it\/it\/wp-json\/wp\/v2\/product_brand?post=4075"},{"taxonomy":"product_cat","embeddable":true,"href":"https:\/\/www.amarosvedese.it\/it\/wp-json\/wp\/v2\/product_cat?post=4075"},{"taxonomy":"product_tag","embeddable":true,"href":"https:\/\/www.amarosvedese.it\/it\/wp-json\/wp\/v2\/product_tag?post=4075"},{"taxonomy":"giftcard-category","embeddable":true,"href":"https:\/\/www.amarosvedese.it\/it\/wp-json\/wp\/v2\/giftcard-category?post=4075"}],"curies":[{"name":"wp","href":"https:\/\/api.w.org\/{rel}","templated":true}]}}