{"id":671,"date":"2008-05-09T12:45:10","date_gmt":"2008-05-09T10:45:10","guid":{"rendered":"https:\/\/www.amarosvedese.it\/prodotto\/manna-cannuli-fraxinus-ornus-100-gr\/"},"modified":"2025-05-12T09:31:29","modified_gmt":"2025-05-12T07:31:29","slug":"cannuli-interi-di-manna-ottenuti-da-incisione-della-scorza-del-fraxinus-ornus","status":"publish","type":"product","link":"https:\/\/www.amarosvedese.it\/it\/prodotto\/cannuli-interi-di-manna-ottenuti-da-incisione-della-scorza-del-fraxinus-ornus\/","title":{"rendered":"Cannuli interi di Manna ottenuti da incisione della scorza del Fraxinus ornus."},"content":{"rendered":"<p><strong>Cannuli interi di Manna ottenuti da incisione della scorza del Fraxinus ornus.<\/strong><\/p>\n<p>La Manna intera, ottenuta dalla linfa del Fraxinus ornus attraverso un\u2019accurata incisione della corteccia, \u00e8 un prodotto completamente naturale, noto per le sue propriet\u00e0 lassative e per il suo effetto benefico sul benessere digestivo.<\/p>\n<p>La linfa, una volta raccolta, viene lasciata solidificare in cannuli che conservano intatte tutte le caratteristiche originali della manna.<\/p>\n<p>Ideale per chi cerca un rimedio naturale per favorire la regolarit\u00e0 intestinale, la Manna \u00e8 anche utilizzata in molteplici preparazioni erboristiche e cosmetiche, apprezzata per la sua purezza e qualit\u00e0.<\/p>\n<div class=\"flex max-w-full flex-col flex-grow\">\n<div class=\"min-h-8 text-message flex w-full flex-col items-end gap-2 whitespace-normal break-words text-start [.text-message+&amp;]:mt-5\" dir=\"auto\" data-message-author-role=\"assistant\" data-message-id=\"b2e115a1-1da9-4c1d-9bb2-e2178de12e42\" data-message-model-slug=\"gpt-4o-mini\">\n<div class=\"flex w-full flex-col gap-1 empty:hidden first:pt-[3px]\">\n<div class=\"markdown prose w-full break-words dark:prose-invert light\">\n<p data-start=\"633\" data-end=\"926\" data-is-last-node=\"\" data-is-only-node=\"\"><strong data-start=\"633\" data-end=\"652\">Modalit\u00e0 d&#8217;uso<\/strong><\/p>\n<p data-start=\"633\" data-end=\"926\" data-is-last-node=\"\" data-is-only-node=\"\">La Manna intera pu\u00f2 essere sciolta in acqua calda o assunta direttamente, a piccole dosi, come rimedio per la stitichezza occasionale o come supporto per il benessere digestivo.<\/p>\n<\/div>\n<\/div>\n<\/div>\n<\/div>\n","protected":false},"excerpt":{"rendered":"<p>Cannuli interi di Manna ottenuti da incisione della scorza del Fraxinus ornus. La Manna intera, ottenuta dalla linfa del Fraxinus ornus attraverso un\u2019accurata incisione della corteccia, \u00e8 un prodotto completamente naturale, noto per le sue propriet\u00e0 lassative e per il suo effetto benefico sul benessere&#8230;<\/p>\n","protected":false},"featured_media":655,"comment_status":"closed","ping_status":"closed","template":"","meta":{"_acf_changed":false},"product_brand":[],"product_cat":[87],"product_tag":[88,89,162,90,91],"giftcard-category":[],"class_list":{"0":"post-671","1":"product","2":"type-product","3":"status-publish","4":"has-post-thumbnail","6":"product_cat-erbe-m-n","7":"product_tag-cannuli","8":"product_tag-fraxinus","9":"product_tag-gr-2","10":"product_tag-manna","11":"product_tag-ornus","12":"pa_sku-92","13":"pa_tipologia-erbe-sfuse","15":"first","16":"instock","17":"sale","18":"taxable","19":"shipping-taxable","20":"purchasable","21":"product-type-variable","22":"has-default-attributes"},"acf":[],"yoast_head":"<!-- This site is optimized with the Yoast SEO plugin v24.9 - https:\/\/yoast.com\/wordpress\/plugins\/seo\/ -->\n<title>MANNA CANNULI (FRAXINUS ORNUS) - 100 gr.<\/title>\n<meta name=\"robots\" content=\"index, follow, max-snippet:-1, max-image-preview:large, max-video-preview:-1\" \/>\n<link rel=\"canonical\" href=\"https:\/\/www.amarosvedese.it\/it\/prodotto\/cannuli-interi-di-manna-ottenuti-da-incisione-della-scorza-del-fraxinus-ornus\/\" \/>\n<meta property=\"og:locale\" content=\"it_IT\" \/>\n<meta property=\"og:type\" content=\"article\" \/>\n<meta property=\"og:title\" content=\"MANNA CANNULI (FRAXINUS ORNUS) - 100 gr.\" \/>\n<meta property=\"og:description\" content=\"Cannuli interi di Manna ottenuti da incisione della scorza del Fraxinus ornus. La Manna intera, ottenuta dalla linfa del Fraxinus ornus attraverso un\u2019accurata incisione della corteccia, \u00e8 un prodotto completamente naturale, noto per le sue propriet\u00e0 lassative e per il suo effetto benefico sul benessere...\" \/>\n<meta property=\"og:url\" content=\"https:\/\/www.amarosvedese.it\/it\/prodotto\/cannuli-interi-di-manna-ottenuti-da-incisione-della-scorza-del-fraxinus-ornus\/\" \/>\n<meta property=\"og:site_name\" content=\"Amaro Svedese\" \/>\n<meta property=\"article:modified_time\" content=\"2025-05-12T07:31:29+00:00\" \/>\n<meta property=\"og:image\" content=\"https:\/\/www.amarosvedese.it\/wp-content\/uploads\/sites\/3\/2020\/01\/products-00001716.jpg\" \/>\n\t<meta property=\"og:image:width\" content=\"350\" \/>\n\t<meta property=\"og:image:height\" content=\"458\" \/>\n\t<meta property=\"og:image:type\" content=\"image\/jpeg\" \/>\n<meta name=\"twitter:card\" content=\"summary_large_image\" \/>\n<meta name=\"twitter:label1\" content=\"Tempo di lettura stimato\" \/>\n\t<meta name=\"twitter:data1\" content=\"1 minuto\" \/>\n<script type=\"application\/ld+json\" class=\"yoast-schema-graph\">{\"@context\":\"https:\/\/schema.org\",\"@graph\":[{\"@type\":\"WebPage\",\"@id\":\"https:\/\/www.amarosvedese.it\/it\/prodotto\/cannuli-interi-di-manna-ottenuti-da-incisione-della-scorza-del-fraxinus-ornus\/\",\"url\":\"https:\/\/www.amarosvedese.it\/it\/prodotto\/cannuli-interi-di-manna-ottenuti-da-incisione-della-scorza-del-fraxinus-ornus\/\",\"name\":\"MANNA CANNULI (FRAXINUS ORNUS) - 100 gr.\",\"isPartOf\":{\"@id\":\"https:\/\/www.amarosvedese.it\/it\/#website\"},\"primaryImageOfPage\":{\"@id\":\"https:\/\/www.amarosvedese.it\/it\/prodotto\/cannuli-interi-di-manna-ottenuti-da-incisione-della-scorza-del-fraxinus-ornus\/#primaryimage\"},\"image\":{\"@id\":\"https:\/\/www.amarosvedese.it\/it\/prodotto\/cannuli-interi-di-manna-ottenuti-da-incisione-della-scorza-del-fraxinus-ornus\/#primaryimage\"},\"thumbnailUrl\":\"https:\/\/www.amarosvedese.it\/wp-content\/uploads\/sites\/3\/2020\/01\/products-00001716.jpg\",\"datePublished\":\"2008-05-09T10:45:10+00:00\",\"dateModified\":\"2025-05-12T07:31:29+00:00\",\"breadcrumb\":{\"@id\":\"https:\/\/www.amarosvedese.it\/it\/prodotto\/cannuli-interi-di-manna-ottenuti-da-incisione-della-scorza-del-fraxinus-ornus\/#breadcrumb\"},\"inLanguage\":\"it-IT\",\"potentialAction\":[{\"@type\":\"ReadAction\",\"target\":[\"https:\/\/www.amarosvedese.it\/it\/prodotto\/cannuli-interi-di-manna-ottenuti-da-incisione-della-scorza-del-fraxinus-ornus\/\"]}]},{\"@type\":\"ImageObject\",\"inLanguage\":\"it-IT\",\"@id\":\"https:\/\/www.amarosvedese.it\/it\/prodotto\/cannuli-interi-di-manna-ottenuti-da-incisione-della-scorza-del-fraxinus-ornus\/#primaryimage\",\"url\":\"https:\/\/www.amarosvedese.it\/wp-content\/uploads\/sites\/3\/2020\/01\/products-00001716.jpg\",\"contentUrl\":\"https:\/\/www.amarosvedese.it\/wp-content\/uploads\/sites\/3\/2020\/01\/products-00001716.jpg\",\"width\":350,\"height\":458,\"caption\":\"FRASSINO FOGLIE TT ( FRAXINUS EXCELSIOR)\"},{\"@type\":\"BreadcrumbList\",\"@id\":\"https:\/\/www.amarosvedese.it\/it\/prodotto\/cannuli-interi-di-manna-ottenuti-da-incisione-della-scorza-del-fraxinus-ornus\/#breadcrumb\",\"itemListElement\":[{\"@type\":\"ListItem\",\"position\":1,\"name\":\"Home\",\"item\":\"https:\/\/www.amarosvedese.it\/it\/\"},{\"@type\":\"ListItem\",\"position\":2,\"name\":\"Prodotti\",\"item\":\"https:\/\/www.amarosvedese.it\/it\/shop\/\"},{\"@type\":\"ListItem\",\"position\":3,\"name\":\"Cannuli interi di Manna ottenuti da incisione della scorza del Fraxinus ornus.\"}]},{\"@type\":\"WebSite\",\"@id\":\"https:\/\/www.amarosvedese.it\/it\/#website\",\"url\":\"https:\/\/www.amarosvedese.it\/it\/\",\"name\":\"Amaro Svedese\",\"description\":\"di Erboristeria Demetra\",\"potentialAction\":[{\"@type\":\"SearchAction\",\"target\":{\"@type\":\"EntryPoint\",\"urlTemplate\":\"https:\/\/www.amarosvedese.it\/it\/?s={search_term_string}\"},\"query-input\":{\"@type\":\"PropertyValueSpecification\",\"valueRequired\":true,\"valueName\":\"search_term_string\"}}],\"inLanguage\":\"it-IT\"}]}<\/script>\n<!-- \/ Yoast SEO plugin. -->","yoast_head_json":{"title":"MANNA CANNULI (FRAXINUS ORNUS) - 100 gr.","robots":{"index":"index","follow":"follow","max-snippet":"max-snippet:-1","max-image-preview":"max-image-preview:large","max-video-preview":"max-video-preview:-1"},"canonical":"https:\/\/www.amarosvedese.it\/it\/prodotto\/cannuli-interi-di-manna-ottenuti-da-incisione-della-scorza-del-fraxinus-ornus\/","og_locale":"it_IT","og_type":"article","og_title":"MANNA CANNULI (FRAXINUS ORNUS) - 100 gr.","og_description":"Cannuli interi di Manna ottenuti da incisione della scorza del Fraxinus ornus. La Manna intera, ottenuta dalla linfa del Fraxinus ornus attraverso un\u2019accurata incisione della corteccia, \u00e8 un prodotto completamente naturale, noto per le sue propriet\u00e0 lassative e per il suo effetto benefico sul benessere...","og_url":"https:\/\/www.amarosvedese.it\/it\/prodotto\/cannuli-interi-di-manna-ottenuti-da-incisione-della-scorza-del-fraxinus-ornus\/","og_site_name":"Amaro Svedese","article_modified_time":"2025-05-12T07:31:29+00:00","og_image":[{"width":350,"height":458,"url":"https:\/\/www.amarosvedese.it\/wp-content\/uploads\/sites\/3\/2020\/01\/products-00001716.jpg","type":"image\/jpeg"}],"twitter_card":"summary_large_image","twitter_misc":{"Tempo di lettura stimato":"1 minuto"},"schema":{"@context":"https:\/\/schema.org","@graph":[{"@type":"WebPage","@id":"https:\/\/www.amarosvedese.it\/it\/prodotto\/cannuli-interi-di-manna-ottenuti-da-incisione-della-scorza-del-fraxinus-ornus\/","url":"https:\/\/www.amarosvedese.it\/it\/prodotto\/cannuli-interi-di-manna-ottenuti-da-incisione-della-scorza-del-fraxinus-ornus\/","name":"MANNA CANNULI (FRAXINUS ORNUS) - 100 gr.","isPartOf":{"@id":"https:\/\/www.amarosvedese.it\/it\/#website"},"primaryImageOfPage":{"@id":"https:\/\/www.amarosvedese.it\/it\/prodotto\/cannuli-interi-di-manna-ottenuti-da-incisione-della-scorza-del-fraxinus-ornus\/#primaryimage"},"image":{"@id":"https:\/\/www.amarosvedese.it\/it\/prodotto\/cannuli-interi-di-manna-ottenuti-da-incisione-della-scorza-del-fraxinus-ornus\/#primaryimage"},"thumbnailUrl":"https:\/\/www.amarosvedese.it\/wp-content\/uploads\/sites\/3\/2020\/01\/products-00001716.jpg","datePublished":"2008-05-09T10:45:10+00:00","dateModified":"2025-05-12T07:31:29+00:00","breadcrumb":{"@id":"https:\/\/www.amarosvedese.it\/it\/prodotto\/cannuli-interi-di-manna-ottenuti-da-incisione-della-scorza-del-fraxinus-ornus\/#breadcrumb"},"inLanguage":"it-IT","potentialAction":[{"@type":"ReadAction","target":["https:\/\/www.amarosvedese.it\/it\/prodotto\/cannuli-interi-di-manna-ottenuti-da-incisione-della-scorza-del-fraxinus-ornus\/"]}]},{"@type":"ImageObject","inLanguage":"it-IT","@id":"https:\/\/www.amarosvedese.it\/it\/prodotto\/cannuli-interi-di-manna-ottenuti-da-incisione-della-scorza-del-fraxinus-ornus\/#primaryimage","url":"https:\/\/www.amarosvedese.it\/wp-content\/uploads\/sites\/3\/2020\/01\/products-00001716.jpg","contentUrl":"https:\/\/www.amarosvedese.it\/wp-content\/uploads\/sites\/3\/2020\/01\/products-00001716.jpg","width":350,"height":458,"caption":"FRASSINO FOGLIE TT ( FRAXINUS EXCELSIOR)"},{"@type":"BreadcrumbList","@id":"https:\/\/www.amarosvedese.it\/it\/prodotto\/cannuli-interi-di-manna-ottenuti-da-incisione-della-scorza-del-fraxinus-ornus\/#breadcrumb","itemListElement":[{"@type":"ListItem","position":1,"name":"Home","item":"https:\/\/www.amarosvedese.it\/it\/"},{"@type":"ListItem","position":2,"name":"Prodotti","item":"https:\/\/www.amarosvedese.it\/it\/shop\/"},{"@type":"ListItem","position":3,"name":"Cannuli interi di Manna ottenuti da incisione della scorza del Fraxinus ornus."}]},{"@type":"WebSite","@id":"https:\/\/www.amarosvedese.it\/it\/#website","url":"https:\/\/www.amarosvedese.it\/it\/","name":"Amaro Svedese","description":"di Erboristeria Demetra","potentialAction":[{"@type":"SearchAction","target":{"@type":"EntryPoint","urlTemplate":"https:\/\/www.amarosvedese.it\/it\/?s={search_term_string}"},"query-input":{"@type":"PropertyValueSpecification","valueRequired":true,"valueName":"search_term_string"}}],"inLanguage":"it-IT"}]}},"_links":{"self":[{"href":"https:\/\/www.amarosvedese.it\/it\/wp-json\/wp\/v2\/product\/671","targetHints":{"allow":["GET"]}}],"collection":[{"href":"https:\/\/www.amarosvedese.it\/it\/wp-json\/wp\/v2\/product"}],"about":[{"href":"https:\/\/www.amarosvedese.it\/it\/wp-json\/wp\/v2\/types\/product"}],"replies":[{"embeddable":true,"href":"https:\/\/www.amarosvedese.it\/it\/wp-json\/wp\/v2\/comments?post=671"}],"wp:featuredmedia":[{"embeddable":true,"href":"https:\/\/www.amarosvedese.it\/it\/wp-json\/wp\/v2\/media\/655"}],"wp:attachment":[{"href":"https:\/\/www.amarosvedese.it\/it\/wp-json\/wp\/v2\/media?parent=671"}],"wp:term":[{"taxonomy":"product_brand","embeddable":true,"href":"https:\/\/www.amarosvedese.it\/it\/wp-json\/wp\/v2\/product_brand?post=671"},{"taxonomy":"product_cat","embeddable":true,"href":"https:\/\/www.amarosvedese.it\/it\/wp-json\/wp\/v2\/product_cat?post=671"},{"taxonomy":"product_tag","embeddable":true,"href":"https:\/\/www.amarosvedese.it\/it\/wp-json\/wp\/v2\/product_tag?post=671"},{"taxonomy":"giftcard-category","embeddable":true,"href":"https:\/\/www.amarosvedese.it\/it\/wp-json\/wp\/v2\/giftcard-category?post=671"}],"curies":[{"name":"wp","href":"https:\/\/api.w.org\/{rel}","templated":true}]}}