{"id":672,"date":"2008-05-09T10:45:22","date_gmt":"2008-05-09T08:45:22","guid":{"rendered":"https:\/\/www.amarosvedese.it\/prodotto\/rabarbaro-cinese-tt-rheum-palmatum-100gr\/"},"modified":"2025-05-12T09:31:35","modified_gmt":"2025-05-12T07:31:35","slug":"rabarbaro-cinese-radice-taglio-tisana-rheum-palmatum","status":"publish","type":"product","link":"https:\/\/www.amarosvedese.it\/it\/prodotto\/rabarbaro-cinese-radice-taglio-tisana-rheum-palmatum\/","title":{"rendered":"Rabarbaro cinese radice taglio tisana (Rheum palmatum)"},"content":{"rendered":"<p><strong>Radice in taglio tisana di Rabarbaro cinese (Rheum palmatum)<\/strong><\/p>\n<p data-start=\"51\" data-end=\"538\">La radice di Rabarbaro cinese (Rheum palmatum) \u00e8 una pianta dalle propriet\u00e0 lassative e depurative, tradizionalmente utilizzata per favorire la regolarit\u00e0 intestinale e migliorare la digestione.<\/p>\n<p data-start=\"51\" data-end=\"538\">\u00c8 anche ampiamente utilizzato nella tradizione liquoristica nella preparazione di amari e digestivi.<\/p>\n<p data-start=\"51\" data-end=\"538\">Ricca di antrachinoni, composti naturali che stimolano il movimento intestinale, la radice di Rabarbaro cinese \u00e8 spesso impiegata per trattare la stitichezza e favorire l\u2019eliminazione delle tossine.<\/p>\n<p data-start=\"51\" data-end=\"538\">La sua azione \u00e8 efficace, ma delicata, per stimolare l&#8217;intestino senza causare irritazioni.<\/p>\n<p data-start=\"540\" data-end=\"973\">Inoltre, la radice di Rabarbaro cinese \u00e8 conosciuta per le sue propriet\u00e0 depurative, che supportano il fegato e le vie biliari, contribuendo a disintossicare l\u2019organismo.<\/p>\n<p data-start=\"540\" data-end=\"973\">\u00c8 anche un valido rimedio per migliorare la circolazione sanguigna e alleviare gonfiori e infiammazioni.<\/p>\n<p data-start=\"540\" data-end=\"973\">L\u2019infuso di radice di Rabarbaro cinese offre quindi un aiuto naturale per il benessere generale e per il supporto delle funzioni digestive ed eliminatorie.<\/p>\n<p data-start=\"975\" data-end=\"1315\" data-is-last-node=\"\" data-is-only-node=\"\"><strong data-start=\"975\" data-end=\"993\">Modalit\u00e0 d\u2019uso<\/strong><\/p>\n<p data-start=\"975\" data-end=\"1315\" data-is-last-node=\"\" data-is-only-node=\"\">Aggiungere un cucchiaino di radice di Rabarbaro cinese in una tazza di acqua bollente e lasciare in infusione per 5-10 minuti.<\/p>\n<p data-start=\"975\" data-end=\"1315\" data-is-last-node=\"\" data-is-only-node=\"\">Filtrare e bere preferibilmente la sera, per favorire la regolarit\u00e0 intestinale.<\/p>\n<p data-start=\"975\" data-end=\"1315\" data-is-last-node=\"\" data-is-only-node=\"\">\u00c8 consigliato non superare le dosi raccomandate e fare un uso moderato per evitare effetti lassativi eccessivi.<\/p>\n","protected":false},"excerpt":{"rendered":"<p>Radice in taglio tisana di Rabarbaro cinese (Rheum palmatum) La radice di Rabarbaro cinese (Rheum palmatum) \u00e8 una pianta dalle propriet\u00e0 lassative e depurative, tradizionalmente utilizzata per favorire la regolarit\u00e0 intestinale e migliorare la digestione. \u00c8 anche ampiamente utilizzato nella tradizione liquoristica nella preparazione di&#8230;<\/p>\n","protected":false},"featured_media":655,"comment_status":"closed","ping_status":"closed","template":"","meta":{"_acf_changed":false},"product_brand":[],"product_cat":[93],"product_tag":[94,162,95,96,97],"giftcard-category":[],"class_list":{"0":"post-672","1":"product","2":"type-product","3":"status-publish","4":"has-post-thumbnail","6":"product_cat-erbe-r-s","7":"product_tag-cinese","8":"product_tag-gr-2","9":"product_tag-palmatum","10":"product_tag-rabarbaro","11":"product_tag-rheum","12":"pa_sku-98","14":"first","15":"instock","16":"sale","17":"taxable","18":"shipping-taxable","19":"purchasable","20":"product-type-variable","21":"has-default-attributes"},"acf":[],"yoast_head":"<!-- This site is optimized with the Yoast SEO plugin v24.9 - https:\/\/yoast.com\/wordpress\/plugins\/seo\/ -->\n<title>RABARBARO CINESE TT ( RHEUM PALMATUM) - 100 gr.<\/title>\n<meta name=\"robots\" content=\"index, follow, max-snippet:-1, max-image-preview:large, max-video-preview:-1\" \/>\n<link rel=\"canonical\" href=\"https:\/\/www.amarosvedese.it\/it\/prodotto\/rabarbaro-cinese-radice-taglio-tisana-rheum-palmatum\/\" \/>\n<meta property=\"og:locale\" content=\"it_IT\" \/>\n<meta property=\"og:type\" content=\"article\" \/>\n<meta property=\"og:title\" content=\"RABARBARO CINESE TT ( RHEUM PALMATUM) - 100 gr.\" \/>\n<meta property=\"og:description\" content=\"Radice in taglio tisana di Rabarbaro cinese (Rheum palmatum) La radice di Rabarbaro cinese (Rheum palmatum) \u00e8 una pianta dalle propriet\u00e0 lassative e depurative, tradizionalmente utilizzata per favorire la regolarit\u00e0 intestinale e migliorare la digestione. \u00c8 anche ampiamente utilizzato nella tradizione liquoristica nella preparazione di...\" \/>\n<meta property=\"og:url\" content=\"https:\/\/www.amarosvedese.it\/it\/prodotto\/rabarbaro-cinese-radice-taglio-tisana-rheum-palmatum\/\" \/>\n<meta property=\"og:site_name\" content=\"Amaro Svedese\" \/>\n<meta property=\"article:modified_time\" content=\"2025-05-12T07:31:35+00:00\" \/>\n<meta property=\"og:image\" content=\"https:\/\/www.amarosvedese.it\/wp-content\/uploads\/sites\/3\/2020\/01\/products-00001716.jpg\" \/>\n\t<meta property=\"og:image:width\" content=\"350\" \/>\n\t<meta property=\"og:image:height\" content=\"458\" \/>\n\t<meta property=\"og:image:type\" content=\"image\/jpeg\" \/>\n<meta name=\"twitter:card\" content=\"summary_large_image\" \/>\n<meta name=\"twitter:label1\" content=\"Tempo di lettura stimato\" \/>\n\t<meta name=\"twitter:data1\" content=\"1 minuto\" \/>\n<script type=\"application\/ld+json\" class=\"yoast-schema-graph\">{\"@context\":\"https:\/\/schema.org\",\"@graph\":[{\"@type\":\"WebPage\",\"@id\":\"https:\/\/www.amarosvedese.it\/it\/prodotto\/rabarbaro-cinese-radice-taglio-tisana-rheum-palmatum\/\",\"url\":\"https:\/\/www.amarosvedese.it\/it\/prodotto\/rabarbaro-cinese-radice-taglio-tisana-rheum-palmatum\/\",\"name\":\"RABARBARO CINESE TT ( RHEUM PALMATUM) - 100 gr.\",\"isPartOf\":{\"@id\":\"https:\/\/www.amarosvedese.it\/it\/#website\"},\"primaryImageOfPage\":{\"@id\":\"https:\/\/www.amarosvedese.it\/it\/prodotto\/rabarbaro-cinese-radice-taglio-tisana-rheum-palmatum\/#primaryimage\"},\"image\":{\"@id\":\"https:\/\/www.amarosvedese.it\/it\/prodotto\/rabarbaro-cinese-radice-taglio-tisana-rheum-palmatum\/#primaryimage\"},\"thumbnailUrl\":\"https:\/\/www.amarosvedese.it\/wp-content\/uploads\/sites\/3\/2020\/01\/products-00001716.jpg\",\"datePublished\":\"2008-05-09T08:45:22+00:00\",\"dateModified\":\"2025-05-12T07:31:35+00:00\",\"breadcrumb\":{\"@id\":\"https:\/\/www.amarosvedese.it\/it\/prodotto\/rabarbaro-cinese-radice-taglio-tisana-rheum-palmatum\/#breadcrumb\"},\"inLanguage\":\"it-IT\",\"potentialAction\":[{\"@type\":\"ReadAction\",\"target\":[\"https:\/\/www.amarosvedese.it\/it\/prodotto\/rabarbaro-cinese-radice-taglio-tisana-rheum-palmatum\/\"]}]},{\"@type\":\"ImageObject\",\"inLanguage\":\"it-IT\",\"@id\":\"https:\/\/www.amarosvedese.it\/it\/prodotto\/rabarbaro-cinese-radice-taglio-tisana-rheum-palmatum\/#primaryimage\",\"url\":\"https:\/\/www.amarosvedese.it\/wp-content\/uploads\/sites\/3\/2020\/01\/products-00001716.jpg\",\"contentUrl\":\"https:\/\/www.amarosvedese.it\/wp-content\/uploads\/sites\/3\/2020\/01\/products-00001716.jpg\",\"width\":350,\"height\":458,\"caption\":\"FRASSINO FOGLIE TT ( FRAXINUS EXCELSIOR)\"},{\"@type\":\"BreadcrumbList\",\"@id\":\"https:\/\/www.amarosvedese.it\/it\/prodotto\/rabarbaro-cinese-radice-taglio-tisana-rheum-palmatum\/#breadcrumb\",\"itemListElement\":[{\"@type\":\"ListItem\",\"position\":1,\"name\":\"Home\",\"item\":\"https:\/\/www.amarosvedese.it\/it\/\"},{\"@type\":\"ListItem\",\"position\":2,\"name\":\"Prodotti\",\"item\":\"https:\/\/www.amarosvedese.it\/it\/shop\/\"},{\"@type\":\"ListItem\",\"position\":3,\"name\":\"Rabarbaro cinese radice taglio tisana (Rheum palmatum)\"}]},{\"@type\":\"WebSite\",\"@id\":\"https:\/\/www.amarosvedese.it\/it\/#website\",\"url\":\"https:\/\/www.amarosvedese.it\/it\/\",\"name\":\"Amaro Svedese\",\"description\":\"di Erboristeria Demetra\",\"potentialAction\":[{\"@type\":\"SearchAction\",\"target\":{\"@type\":\"EntryPoint\",\"urlTemplate\":\"https:\/\/www.amarosvedese.it\/it\/?s={search_term_string}\"},\"query-input\":{\"@type\":\"PropertyValueSpecification\",\"valueRequired\":true,\"valueName\":\"search_term_string\"}}],\"inLanguage\":\"it-IT\"}]}<\/script>\n<!-- \/ Yoast SEO plugin. -->","yoast_head_json":{"title":"RABARBARO CINESE TT ( RHEUM PALMATUM) - 100 gr.","robots":{"index":"index","follow":"follow","max-snippet":"max-snippet:-1","max-image-preview":"max-image-preview:large","max-video-preview":"max-video-preview:-1"},"canonical":"https:\/\/www.amarosvedese.it\/it\/prodotto\/rabarbaro-cinese-radice-taglio-tisana-rheum-palmatum\/","og_locale":"it_IT","og_type":"article","og_title":"RABARBARO CINESE TT ( RHEUM PALMATUM) - 100 gr.","og_description":"Radice in taglio tisana di Rabarbaro cinese (Rheum palmatum) La radice di Rabarbaro cinese (Rheum palmatum) \u00e8 una pianta dalle propriet\u00e0 lassative e depurative, tradizionalmente utilizzata per favorire la regolarit\u00e0 intestinale e migliorare la digestione. \u00c8 anche ampiamente utilizzato nella tradizione liquoristica nella preparazione di...","og_url":"https:\/\/www.amarosvedese.it\/it\/prodotto\/rabarbaro-cinese-radice-taglio-tisana-rheum-palmatum\/","og_site_name":"Amaro Svedese","article_modified_time":"2025-05-12T07:31:35+00:00","og_image":[{"width":350,"height":458,"url":"https:\/\/www.amarosvedese.it\/wp-content\/uploads\/sites\/3\/2020\/01\/products-00001716.jpg","type":"image\/jpeg"}],"twitter_card":"summary_large_image","twitter_misc":{"Tempo di lettura stimato":"1 minuto"},"schema":{"@context":"https:\/\/schema.org","@graph":[{"@type":"WebPage","@id":"https:\/\/www.amarosvedese.it\/it\/prodotto\/rabarbaro-cinese-radice-taglio-tisana-rheum-palmatum\/","url":"https:\/\/www.amarosvedese.it\/it\/prodotto\/rabarbaro-cinese-radice-taglio-tisana-rheum-palmatum\/","name":"RABARBARO CINESE TT ( RHEUM PALMATUM) - 100 gr.","isPartOf":{"@id":"https:\/\/www.amarosvedese.it\/it\/#website"},"primaryImageOfPage":{"@id":"https:\/\/www.amarosvedese.it\/it\/prodotto\/rabarbaro-cinese-radice-taglio-tisana-rheum-palmatum\/#primaryimage"},"image":{"@id":"https:\/\/www.amarosvedese.it\/it\/prodotto\/rabarbaro-cinese-radice-taglio-tisana-rheum-palmatum\/#primaryimage"},"thumbnailUrl":"https:\/\/www.amarosvedese.it\/wp-content\/uploads\/sites\/3\/2020\/01\/products-00001716.jpg","datePublished":"2008-05-09T08:45:22+00:00","dateModified":"2025-05-12T07:31:35+00:00","breadcrumb":{"@id":"https:\/\/www.amarosvedese.it\/it\/prodotto\/rabarbaro-cinese-radice-taglio-tisana-rheum-palmatum\/#breadcrumb"},"inLanguage":"it-IT","potentialAction":[{"@type":"ReadAction","target":["https:\/\/www.amarosvedese.it\/it\/prodotto\/rabarbaro-cinese-radice-taglio-tisana-rheum-palmatum\/"]}]},{"@type":"ImageObject","inLanguage":"it-IT","@id":"https:\/\/www.amarosvedese.it\/it\/prodotto\/rabarbaro-cinese-radice-taglio-tisana-rheum-palmatum\/#primaryimage","url":"https:\/\/www.amarosvedese.it\/wp-content\/uploads\/sites\/3\/2020\/01\/products-00001716.jpg","contentUrl":"https:\/\/www.amarosvedese.it\/wp-content\/uploads\/sites\/3\/2020\/01\/products-00001716.jpg","width":350,"height":458,"caption":"FRASSINO FOGLIE TT ( FRAXINUS EXCELSIOR)"},{"@type":"BreadcrumbList","@id":"https:\/\/www.amarosvedese.it\/it\/prodotto\/rabarbaro-cinese-radice-taglio-tisana-rheum-palmatum\/#breadcrumb","itemListElement":[{"@type":"ListItem","position":1,"name":"Home","item":"https:\/\/www.amarosvedese.it\/it\/"},{"@type":"ListItem","position":2,"name":"Prodotti","item":"https:\/\/www.amarosvedese.it\/it\/shop\/"},{"@type":"ListItem","position":3,"name":"Rabarbaro cinese radice taglio tisana (Rheum palmatum)"}]},{"@type":"WebSite","@id":"https:\/\/www.amarosvedese.it\/it\/#website","url":"https:\/\/www.amarosvedese.it\/it\/","name":"Amaro Svedese","description":"di Erboristeria Demetra","potentialAction":[{"@type":"SearchAction","target":{"@type":"EntryPoint","urlTemplate":"https:\/\/www.amarosvedese.it\/it\/?s={search_term_string}"},"query-input":{"@type":"PropertyValueSpecification","valueRequired":true,"valueName":"search_term_string"}}],"inLanguage":"it-IT"}]}},"_links":{"self":[{"href":"https:\/\/www.amarosvedese.it\/it\/wp-json\/wp\/v2\/product\/672","targetHints":{"allow":["GET"]}}],"collection":[{"href":"https:\/\/www.amarosvedese.it\/it\/wp-json\/wp\/v2\/product"}],"about":[{"href":"https:\/\/www.amarosvedese.it\/it\/wp-json\/wp\/v2\/types\/product"}],"replies":[{"embeddable":true,"href":"https:\/\/www.amarosvedese.it\/it\/wp-json\/wp\/v2\/comments?post=672"}],"wp:featuredmedia":[{"embeddable":true,"href":"https:\/\/www.amarosvedese.it\/it\/wp-json\/wp\/v2\/media\/655"}],"wp:attachment":[{"href":"https:\/\/www.amarosvedese.it\/it\/wp-json\/wp\/v2\/media?parent=672"}],"wp:term":[{"taxonomy":"product_brand","embeddable":true,"href":"https:\/\/www.amarosvedese.it\/it\/wp-json\/wp\/v2\/product_brand?post=672"},{"taxonomy":"product_cat","embeddable":true,"href":"https:\/\/www.amarosvedese.it\/it\/wp-json\/wp\/v2\/product_cat?post=672"},{"taxonomy":"product_tag","embeddable":true,"href":"https:\/\/www.amarosvedese.it\/it\/wp-json\/wp\/v2\/product_tag?post=672"},{"taxonomy":"giftcard-category","embeddable":true,"href":"https:\/\/www.amarosvedese.it\/it\/wp-json\/wp\/v2\/giftcard-category?post=672"}],"curies":[{"name":"wp","href":"https:\/\/api.w.org\/{rel}","templated":true}]}}