{"id":683,"date":"2008-05-09T12:45:11","date_gmt":"2008-05-09T10:45:11","guid":{"rendered":"https:\/\/www.amarosvedese.it\/prodotto\/teriaca-veneta-100gr\/"},"modified":"2025-05-12T09:31:25","modified_gmt":"2025-05-12T07:31:25","slug":"teriaca-veneta-o-triaca-polvere","status":"publish","type":"product","link":"https:\/\/www.amarosvedese.it\/it\/prodotto\/teriaca-veneta-o-triaca-polvere\/","title":{"rendered":"Teriaca veneta ingrediente delle Erbe Svedesi, gocce Svedesi o Amaro Svedese"},"content":{"rendered":"<p><strong>Teriaca veneta chiamata anche TRIACA, ingrediente indispensabile anche per la famosa ricetta delle Erbe Svedesi <a href=\"https:\/\/www.erboristerie.com\/it\/categoria-prodotto\/per-tipologia\/amaro-svedese\/\">(Vedi qui i nostri articoli Amaro Svedese)<\/a><\/strong><\/p>\n<p data-start=\"31\" data-end=\"607\">La Teriaca Veneta, anche conosciuta come Triaca, \u00e8 una miscela tradizionale di erbe, radici e resine, utilizzata da secoli nella medicina popolare per le sue propriet\u00e0 di supporto al sistema immunitario e come rimedio per diverse affezioni.<\/p>\n<p data-start=\"31\" data-end=\"607\">\u00c8 considerata un ingrediente fondamentale per la preparazione delle celebri Erbe Svedesi, un rimedio noto per le sue virt\u00f9 depurative e rigeneranti.<\/p>\n<p data-start=\"31\" data-end=\"607\">La Teriaca Veneta combina una vasta variet\u00e0 di piante aromatiche e medicinali, ognuna con specifiche propriet\u00e0 terapeutiche che lavorano in sinergia per sostenere il benessere generale dell&#8217;organismo.<\/p>\n<p data-start=\"609\" data-end=\"1223\">Tra gli ingredienti principali troviamo radici di <em data-start=\"659\" data-end=\"675\">Acorus calamus<\/em>, <em data-start=\"677\" data-end=\"697\">Glycyrrhiza glabra<\/em> (liquirizia), <em data-start=\"712\" data-end=\"728\">Rheum palmatum<\/em>(rabarbaro), e <em data-start=\"744\" data-end=\"759\">Curcuma longa<\/em> (curcuma), noti per le loro azioni digestive, depurative e antinfiammatorie.<\/p>\n<p data-start=\"609\" data-end=\"1223\">La presenza di <em data-start=\"852\" data-end=\"868\">Allium sativum<\/em> (aglio), <em data-start=\"878\" data-end=\"895\">Mentha piperita<\/em> (menta piperita) e <em data-start=\"915\" data-end=\"934\">Pimpinella anisum<\/em> (anice) conferisce propriet\u00e0 carminative e antispasmodiche, mentre altre erbe come <em data-start=\"1018\" data-end=\"1040\">Artemisia absinthium<\/em> (assenzio), <em data-start=\"1053\" data-end=\"1073\">Foeniculum vulgare<\/em> (finocchio), <em data-start=\"1087\" data-end=\"1104\">Thymus vulgaris<\/em> (timo) e <em data-start=\"1114\" data-end=\"1138\">Lavandula angustifolia<\/em> (lavanda) sono note per le loro capacit\u00e0 antinfiammatorie, rilassanti e digestive.<\/p>\n<p data-start=\"1225\" data-end=\"1491\">La combinazione di queste erbe e radici crea un rimedio naturale completo, utilizzato non solo per migliorare la digestione e il metabolismo, ma anche per rafforzare le difese naturali dell\u2019organismo, sostenere la circolazione e favorire il benessere psico-fisico.<\/p>\n<p data-start=\"1493\" data-end=\"1961\" data-is-last-node=\"\" data-is-only-node=\"\"><strong data-start=\"1493\" data-end=\"1511\">Modalit\u00e0 d\u2019uso<\/strong><\/p>\n<p data-start=\"1493\" data-end=\"1961\" data-is-last-node=\"\" data-is-only-node=\"\">Sebbene la Teriaca Veneta venga utilizzata prevalentemente per la preparazione liquoristica, nulla vieta di poterla utilizzare anche per preparare degli infusi.<\/p>\n<p data-start=\"1493\" data-end=\"1961\" data-is-last-node=\"\" data-is-only-node=\"\">Per preparare l&#8217;infuso di Teriaca Veneta, aggiungere un cucchiaino della miscela in una tazza di acqua bollente e lasciare in infusione per 10-15 minuti.<\/p>\n<p data-start=\"1493\" data-end=\"1961\" data-is-last-node=\"\" data-is-only-node=\"\">Essendo una polvere, non si pu\u00f2 filtrare se non con una apposita carta filtro sottile. Quindi si consiglia di lasciare depositare il fondo alcuni minuti e poi bere preferibilmente due volte al giorno, in particolare per supportare la digestione, il benessere del sistema immunitario e come tonico generale.<\/p>\n<p data-start=\"1493\" data-end=\"1961\" data-is-last-node=\"\" data-is-only-node=\"\">Poich\u00e9 la Teriaca Veneta \u00e8 una miscela potente, si consiglia di utilizzarla con moderazione e di consultare un esperto per un uso prolungato.<\/p>\n<p><strong>Ingredienti<\/strong><\/p>\n<p>Acorus calamus radice, Glycyrrhiza glabra radice, Sesamum indicum semi, Allium sativum bulbi, Pimpinella anisum semi, Artemisia absinthium sommit\u00e0, Ocumum basilicu foglie, Centaurium erithraea sommit\u00e0, Coriandrum sativum semi, Foeniculum vulgare frutti, Juniperus communis bacche, Hypericum perforatum sommit\u00e0 fiorita, Lavandula angustifolia fiori, melissa officinalis sommit\u00e0, mentha piperita sommit\u00e0, origanum vulgare foglie, Rheum palmatum rizoma, Curcuma zedoaria radice, Zingiber officinale rizoma, Illicium verum frutti, curcuma longa radice, Syzygium aromaticum chiodi, Laurus nobilis foglie, gentiana lutea radice, Cymbopogon schoenanthus foglie, Myristica fragrans noci, Piper nigrum (pepe nero) grani, Petroselinum crispum semi, Thymus vulgaris foglie, Valeriana officinalis radice, Allium schoenoprasum erba, Salvia officinalis foglie, Angelica archangelica radice Silvestre, Arctium lappa radice, Elettaria cardamomum semi, Daucus carota semi, Allium cepa bulbi, Myristica fragrans scorze, Piper nigrum (pepe bianco) grani, Pimento officinalis grani, Rosa centifolia petali, Cinnamomum zeylanicum cannoli.<\/p>\n","protected":false},"excerpt":{"rendered":"<p>Teriaca veneta chiamata anche TRIACA, ingrediente indispensabile anche per la famosa ricetta delle Erbe Svedesi (Vedi qui i nostri articoli Amaro Svedese) La Teriaca Veneta, anche conosciuta come Triaca, \u00e8 una miscela tradizionale di erbe, radici e resine, utilizzata da secoli nella medicina popolare per&#8230;<\/p>\n","protected":false},"featured_media":655,"comment_status":"closed","ping_status":"closed","template":"","meta":{"_acf_changed":false},"product_brand":[],"product_cat":[140,67],"product_tag":[162,126,127],"giftcard-category":[],"class_list":{"0":"post-683","1":"product","2":"type-product","3":"status-publish","4":"has-post-thumbnail","6":"product_cat-amaro-svedese-per-tipologia","7":"product_cat-erbe-t-u-v-z","8":"product_tag-gr-2","9":"product_tag-teriaca","10":"product_tag-veneta","11":"pa_sku-128","13":"first","14":"instock","15":"sale","16":"taxable","17":"shipping-taxable","18":"purchasable","19":"product-type-variable","20":"has-default-attributes"},"acf":[],"yoast_head":"<!-- This site is optimized with the Yoast SEO plugin v24.9 - https:\/\/yoast.com\/wordpress\/plugins\/seo\/ -->\n<title>TERIACA VENETA - 100 gr.<\/title>\n<meta name=\"robots\" content=\"index, follow, max-snippet:-1, max-image-preview:large, max-video-preview:-1\" \/>\n<link rel=\"canonical\" href=\"https:\/\/www.amarosvedese.it\/it\/prodotto\/teriaca-veneta-o-triaca-polvere\/\" \/>\n<meta property=\"og:locale\" content=\"it_IT\" \/>\n<meta property=\"og:type\" content=\"article\" \/>\n<meta property=\"og:title\" content=\"TERIACA VENETA - 100 gr.\" \/>\n<meta property=\"og:description\" content=\"Teriaca veneta chiamata anche TRIACA, ingrediente indispensabile anche per la famosa ricetta delle Erbe Svedesi (Vedi qui i nostri articoli Amaro Svedese) La Teriaca Veneta, anche conosciuta come Triaca, \u00e8 una miscela tradizionale di erbe, radici e resine, utilizzata da secoli nella medicina popolare per...\" \/>\n<meta property=\"og:url\" content=\"https:\/\/www.amarosvedese.it\/it\/prodotto\/teriaca-veneta-o-triaca-polvere\/\" \/>\n<meta property=\"og:site_name\" content=\"Amaro Svedese\" \/>\n<meta property=\"article:modified_time\" content=\"2025-05-12T07:31:25+00:00\" \/>\n<meta property=\"og:image\" content=\"https:\/\/www.amarosvedese.it\/wp-content\/uploads\/sites\/3\/2020\/01\/products-00001716.jpg\" \/>\n\t<meta property=\"og:image:width\" content=\"350\" \/>\n\t<meta property=\"og:image:height\" content=\"458\" \/>\n\t<meta property=\"og:image:type\" content=\"image\/jpeg\" \/>\n<meta name=\"twitter:card\" content=\"summary_large_image\" \/>\n<meta name=\"twitter:label1\" content=\"Tempo di lettura stimato\" \/>\n\t<meta name=\"twitter:data1\" content=\"2 minuti\" \/>\n<script type=\"application\/ld+json\" class=\"yoast-schema-graph\">{\"@context\":\"https:\/\/schema.org\",\"@graph\":[{\"@type\":\"WebPage\",\"@id\":\"https:\/\/www.amarosvedese.it\/it\/prodotto\/teriaca-veneta-o-triaca-polvere\/\",\"url\":\"https:\/\/www.amarosvedese.it\/it\/prodotto\/teriaca-veneta-o-triaca-polvere\/\",\"name\":\"TERIACA VENETA - 100 gr.\",\"isPartOf\":{\"@id\":\"https:\/\/www.amarosvedese.it\/it\/#website\"},\"primaryImageOfPage\":{\"@id\":\"https:\/\/www.amarosvedese.it\/it\/prodotto\/teriaca-veneta-o-triaca-polvere\/#primaryimage\"},\"image\":{\"@id\":\"https:\/\/www.amarosvedese.it\/it\/prodotto\/teriaca-veneta-o-triaca-polvere\/#primaryimage\"},\"thumbnailUrl\":\"https:\/\/www.amarosvedese.it\/wp-content\/uploads\/sites\/3\/2020\/01\/products-00001716.jpg\",\"datePublished\":\"2008-05-09T10:45:11+00:00\",\"dateModified\":\"2025-05-12T07:31:25+00:00\",\"breadcrumb\":{\"@id\":\"https:\/\/www.amarosvedese.it\/it\/prodotto\/teriaca-veneta-o-triaca-polvere\/#breadcrumb\"},\"inLanguage\":\"it-IT\",\"potentialAction\":[{\"@type\":\"ReadAction\",\"target\":[\"https:\/\/www.amarosvedese.it\/it\/prodotto\/teriaca-veneta-o-triaca-polvere\/\"]}]},{\"@type\":\"ImageObject\",\"inLanguage\":\"it-IT\",\"@id\":\"https:\/\/www.amarosvedese.it\/it\/prodotto\/teriaca-veneta-o-triaca-polvere\/#primaryimage\",\"url\":\"https:\/\/www.amarosvedese.it\/wp-content\/uploads\/sites\/3\/2020\/01\/products-00001716.jpg\",\"contentUrl\":\"https:\/\/www.amarosvedese.it\/wp-content\/uploads\/sites\/3\/2020\/01\/products-00001716.jpg\",\"width\":350,\"height\":458,\"caption\":\"FRASSINO FOGLIE TT ( FRAXINUS EXCELSIOR)\"},{\"@type\":\"BreadcrumbList\",\"@id\":\"https:\/\/www.amarosvedese.it\/it\/prodotto\/teriaca-veneta-o-triaca-polvere\/#breadcrumb\",\"itemListElement\":[{\"@type\":\"ListItem\",\"position\":1,\"name\":\"Home\",\"item\":\"https:\/\/www.amarosvedese.it\/it\/\"},{\"@type\":\"ListItem\",\"position\":2,\"name\":\"Prodotti\",\"item\":\"https:\/\/www.amarosvedese.it\/it\/shop\/\"},{\"@type\":\"ListItem\",\"position\":3,\"name\":\"Teriaca veneta ingrediente delle Erbe Svedesi, gocce Svedesi o Amaro Svedese\"}]},{\"@type\":\"WebSite\",\"@id\":\"https:\/\/www.amarosvedese.it\/it\/#website\",\"url\":\"https:\/\/www.amarosvedese.it\/it\/\",\"name\":\"Amaro Svedese\",\"description\":\"di Erboristeria Demetra\",\"potentialAction\":[{\"@type\":\"SearchAction\",\"target\":{\"@type\":\"EntryPoint\",\"urlTemplate\":\"https:\/\/www.amarosvedese.it\/it\/?s={search_term_string}\"},\"query-input\":{\"@type\":\"PropertyValueSpecification\",\"valueRequired\":true,\"valueName\":\"search_term_string\"}}],\"inLanguage\":\"it-IT\"}]}<\/script>\n<!-- \/ Yoast SEO plugin. -->","yoast_head_json":{"title":"TERIACA VENETA - 100 gr.","robots":{"index":"index","follow":"follow","max-snippet":"max-snippet:-1","max-image-preview":"max-image-preview:large","max-video-preview":"max-video-preview:-1"},"canonical":"https:\/\/www.amarosvedese.it\/it\/prodotto\/teriaca-veneta-o-triaca-polvere\/","og_locale":"it_IT","og_type":"article","og_title":"TERIACA VENETA - 100 gr.","og_description":"Teriaca veneta chiamata anche TRIACA, ingrediente indispensabile anche per la famosa ricetta delle Erbe Svedesi (Vedi qui i nostri articoli Amaro Svedese) La Teriaca Veneta, anche conosciuta come Triaca, \u00e8 una miscela tradizionale di erbe, radici e resine, utilizzata da secoli nella medicina popolare per...","og_url":"https:\/\/www.amarosvedese.it\/it\/prodotto\/teriaca-veneta-o-triaca-polvere\/","og_site_name":"Amaro Svedese","article_modified_time":"2025-05-12T07:31:25+00:00","og_image":[{"width":350,"height":458,"url":"https:\/\/www.amarosvedese.it\/wp-content\/uploads\/sites\/3\/2020\/01\/products-00001716.jpg","type":"image\/jpeg"}],"twitter_card":"summary_large_image","twitter_misc":{"Tempo di lettura stimato":"2 minuti"},"schema":{"@context":"https:\/\/schema.org","@graph":[{"@type":"WebPage","@id":"https:\/\/www.amarosvedese.it\/it\/prodotto\/teriaca-veneta-o-triaca-polvere\/","url":"https:\/\/www.amarosvedese.it\/it\/prodotto\/teriaca-veneta-o-triaca-polvere\/","name":"TERIACA VENETA - 100 gr.","isPartOf":{"@id":"https:\/\/www.amarosvedese.it\/it\/#website"},"primaryImageOfPage":{"@id":"https:\/\/www.amarosvedese.it\/it\/prodotto\/teriaca-veneta-o-triaca-polvere\/#primaryimage"},"image":{"@id":"https:\/\/www.amarosvedese.it\/it\/prodotto\/teriaca-veneta-o-triaca-polvere\/#primaryimage"},"thumbnailUrl":"https:\/\/www.amarosvedese.it\/wp-content\/uploads\/sites\/3\/2020\/01\/products-00001716.jpg","datePublished":"2008-05-09T10:45:11+00:00","dateModified":"2025-05-12T07:31:25+00:00","breadcrumb":{"@id":"https:\/\/www.amarosvedese.it\/it\/prodotto\/teriaca-veneta-o-triaca-polvere\/#breadcrumb"},"inLanguage":"it-IT","potentialAction":[{"@type":"ReadAction","target":["https:\/\/www.amarosvedese.it\/it\/prodotto\/teriaca-veneta-o-triaca-polvere\/"]}]},{"@type":"ImageObject","inLanguage":"it-IT","@id":"https:\/\/www.amarosvedese.it\/it\/prodotto\/teriaca-veneta-o-triaca-polvere\/#primaryimage","url":"https:\/\/www.amarosvedese.it\/wp-content\/uploads\/sites\/3\/2020\/01\/products-00001716.jpg","contentUrl":"https:\/\/www.amarosvedese.it\/wp-content\/uploads\/sites\/3\/2020\/01\/products-00001716.jpg","width":350,"height":458,"caption":"FRASSINO FOGLIE TT ( FRAXINUS EXCELSIOR)"},{"@type":"BreadcrumbList","@id":"https:\/\/www.amarosvedese.it\/it\/prodotto\/teriaca-veneta-o-triaca-polvere\/#breadcrumb","itemListElement":[{"@type":"ListItem","position":1,"name":"Home","item":"https:\/\/www.amarosvedese.it\/it\/"},{"@type":"ListItem","position":2,"name":"Prodotti","item":"https:\/\/www.amarosvedese.it\/it\/shop\/"},{"@type":"ListItem","position":3,"name":"Teriaca veneta ingrediente delle Erbe Svedesi, gocce Svedesi o Amaro Svedese"}]},{"@type":"WebSite","@id":"https:\/\/www.amarosvedese.it\/it\/#website","url":"https:\/\/www.amarosvedese.it\/it\/","name":"Amaro Svedese","description":"di Erboristeria Demetra","potentialAction":[{"@type":"SearchAction","target":{"@type":"EntryPoint","urlTemplate":"https:\/\/www.amarosvedese.it\/it\/?s={search_term_string}"},"query-input":{"@type":"PropertyValueSpecification","valueRequired":true,"valueName":"search_term_string"}}],"inLanguage":"it-IT"}]}},"_links":{"self":[{"href":"https:\/\/www.amarosvedese.it\/it\/wp-json\/wp\/v2\/product\/683","targetHints":{"allow":["GET"]}}],"collection":[{"href":"https:\/\/www.amarosvedese.it\/it\/wp-json\/wp\/v2\/product"}],"about":[{"href":"https:\/\/www.amarosvedese.it\/it\/wp-json\/wp\/v2\/types\/product"}],"replies":[{"embeddable":true,"href":"https:\/\/www.amarosvedese.it\/it\/wp-json\/wp\/v2\/comments?post=683"}],"wp:featuredmedia":[{"embeddable":true,"href":"https:\/\/www.amarosvedese.it\/it\/wp-json\/wp\/v2\/media\/655"}],"wp:attachment":[{"href":"https:\/\/www.amarosvedese.it\/it\/wp-json\/wp\/v2\/media?parent=683"}],"wp:term":[{"taxonomy":"product_brand","embeddable":true,"href":"https:\/\/www.amarosvedese.it\/it\/wp-json\/wp\/v2\/product_brand?post=683"},{"taxonomy":"product_cat","embeddable":true,"href":"https:\/\/www.amarosvedese.it\/it\/wp-json\/wp\/v2\/product_cat?post=683"},{"taxonomy":"product_tag","embeddable":true,"href":"https:\/\/www.amarosvedese.it\/it\/wp-json\/wp\/v2\/product_tag?post=683"},{"taxonomy":"giftcard-category","embeddable":true,"href":"https:\/\/www.amarosvedese.it\/it\/wp-json\/wp\/v2\/giftcard-category?post=683"}],"curies":[{"name":"wp","href":"https:\/\/api.w.org\/{rel}","templated":true}]}}